{"id":4651,"date":"2025-04-23T11:27:31","date_gmt":"2025-04-23T08:27:31","guid":{"rendered":"https:\/\/klasikdusunceokulu.com\/?page_id=4651"},"modified":"2025-06-11T12:04:17","modified_gmt":"2025-06-11T09:04:17","slug":"cuneyt-kaya-farabi-tahsilus-saada","status":"publish","type":"page","link":"https:\/\/klasikdusunceokulu.com\/index.php\/cuneyt-kaya-farabi-tahsilus-saada\/","title":{"rendered":"C\u00dcNEYT KAYA: F\u00c2R\u00c2B\u00ce, TAHS\u00ceLU&#8217;S SA&#8217;\u00c2DA"},"content":{"rendered":"<p><a href=\"https:\/\/klasikdusunceokulu.com\/index.php\/cuneyt-kaya-farabi-tahsilus-saada-1-seminer-ozeti\/\"><strong><span style=\"color: #3b5163;\">C\u00dcNEYT KAYA: F\u00c2R\u00c2B\u00ce, TAHS\u00ceLU&#8217;S SA&#8217;\u00c2DA 1. SEM\u0130NER \u00d6ZET\u0130<\/span><\/strong><\/a><\/p>\n<p><a href=\"https:\/\/klasikdusunceokulu.com\/index.php\/cuneyt-kaya-farabi-tahsilus-saada-2-seminer-ozeti\/\"><strong><span style=\"color: #3b5163;\">C\u00dcNEYT KAYA: F\u00c2R\u00c2B\u00ce, TAHS\u00ceLU&#8217;S SA&#8217;\u00c2DA 2. SEM\u0130NER \u00d6ZET\u0130<\/span><\/strong><\/a><\/p>\n","protected":false},"excerpt":{"rendered":"<p>C\u00dcNEYT KAYA: F\u00c2R\u00c2B\u00ce, TAHS\u00ceLU&#8217;S SA&#8217;\u00c2DA 1. SEM\u0130NER \u00d6ZET\u0130 C\u00dcNEYT KAYA: [&hellip;]<\/p>\n","protected":false},"author":1,"featured_media":0,"parent":0,"menu_order":0,"comment_status":"closed","ping_status":"closed","template":"","meta":{"footnotes":""},"class_list":["post-4651","page","type-page","status-publish","hentry"],"jetpack_sharing_enabled":true,"_links":{"self":[{"href":"https:\/\/klasikdusunceokulu.com\/index.php\/wp-json\/wp\/v2\/pages\/4651","targetHints":{"allow":["GET"]}}],"collection":[{"href":"https:\/\/klasikdusunceokulu.com\/index.php\/wp-json\/wp\/v2\/pages"}],"about":[{"href":"https:\/\/klasikdusunceokulu.com\/index.php\/wp-json\/wp\/v2\/types\/page"}],"author":[{"embeddable":true,"href":"https:\/\/klasikdusunceokulu.com\/index.php\/wp-json\/wp\/v2\/users\/1"}],"replies":[{"embeddable":true,"href":"https:\/\/klasikdusunceokulu.com\/index.php\/wp-json\/wp\/v2\/comments?post=4651"}],"version-history":[{"count":3,"href":"https:\/\/klasikdusunceokulu.com\/index.php\/wp-json\/wp\/v2\/pages\/4651\/revisions"}],"predecessor-version":[{"id":6116,"href":"https:\/\/klasikdusunceokulu.com\/index.php\/wp-json\/wp\/v2\/pages\/4651\/revisions\/6116"}],"wp:attachment":[{"href":"https:\/\/klasikdusunceokulu.com\/index.php\/wp-json\/wp\/v2\/media?parent=4651"}],"curies":[{"name":"wp","href":"https:\/\/api.w.org\/{rel}","templated":true}]}}