{"id":4653,"date":"2025-04-23T11:28:34","date_gmt":"2025-04-23T08:28:34","guid":{"rendered":"https:\/\/klasikdusunceokulu.com\/?page_id=4653"},"modified":"2025-06-11T12:07:39","modified_gmt":"2025-06-11T09:07:39","slug":"cuneyt-kaya-farabi-ihsaul-ulum","status":"publish","type":"page","link":"https:\/\/klasikdusunceokulu.com\/index.php\/cuneyt-kaya-farabi-ihsaul-ulum\/","title":{"rendered":"C\u00dcNEYT KAYA: F\u00c2R\u00c2B\u00ce, \u0130HS\u00c2\u00dc\u2019L-UL\u00dbM"},"content":{"rendered":"<p><a href=\"https:\/\/klasikdusunceokulu.com\/index.php\/cuneyt-kaya-farabi-ihsaul-ulum-1-seminer-ozeti\/\"><span style=\"color: #3b5163;\"><strong>C\u00dcNEYT KAYA: F\u00c2R\u00c2B\u00ce, \u0130HS\u00c2\u00dc\u2019L-UL\u00dbM 1. SEM\u0130NER \u00d6ZET\u0130<\/strong><\/span><\/a><\/p>\n<p><a href=\"https:\/\/klasikdusunceokulu.com\/index.php\/cuneyt-kaya-farabi-ihsaul-ulum-2-seminer-ozeti\/\"><span style=\"color: #3b5163;\"><strong>C\u00dcNEYT KAYA: F\u00c2R\u00c2B\u00ce, \u0130HS\u00c2\u00dc\u2019L-UL\u00dbM 2. SEM\u0130NER \u00d6ZET\u0130<\/strong><\/span><\/a><\/p>\n<p><a href=\"https:\/\/klasikdusunceokulu.com\/index.php\/cuneyt-kaya-farabi-ihsaul-ulum-3-seminer-ozeti\/\"><span style=\"color: #3b5163;\"><strong>C\u00dcNEYT KAYA: F\u00c2R\u00c2B\u00ce, \u0130HS\u00c2\u00dc\u2019L-UL\u00dbM 3. SEM\u0130NER \u00d6ZET\u0130<\/strong><\/span><\/a><\/p>\n<p>&nbsp;<\/p>\n","protected":false},"excerpt":{"rendered":"<p>C\u00dcNEYT KAYA: F\u00c2R\u00c2B\u00ce, \u0130HS\u00c2\u00dc\u2019L-UL\u00dbM 1. SEM\u0130NER \u00d6ZET\u0130 C\u00dcNEYT KAYA: F\u00c2R\u00c2B\u00ce, [&hellip;]<\/p>\n","protected":false},"author":1,"featured_media":0,"parent":0,"menu_order":0,"comment_status":"closed","ping_status":"closed","template":"","meta":{"footnotes":""},"class_list":["post-4653","page","type-page","status-publish","hentry"],"jetpack_sharing_enabled":true,"_links":{"self":[{"href":"https:\/\/klasikdusunceokulu.com\/index.php\/wp-json\/wp\/v2\/pages\/4653","targetHints":{"allow":["GET"]}}],"collection":[{"href":"https:\/\/klasikdusunceokulu.com\/index.php\/wp-json\/wp\/v2\/pages"}],"about":[{"href":"https:\/\/klasikdusunceokulu.com\/index.php\/wp-json\/wp\/v2\/types\/page"}],"author":[{"embeddable":true,"href":"https:\/\/klasikdusunceokulu.com\/index.php\/wp-json\/wp\/v2\/users\/1"}],"replies":[{"embeddable":true,"href":"https:\/\/klasikdusunceokulu.com\/index.php\/wp-json\/wp\/v2\/comments?post=4653"}],"version-history":[{"count":3,"href":"https:\/\/klasikdusunceokulu.com\/index.php\/wp-json\/wp\/v2\/pages\/4653\/revisions"}],"predecessor-version":[{"id":6124,"href":"https:\/\/klasikdusunceokulu.com\/index.php\/wp-json\/wp\/v2\/pages\/4653\/revisions\/6124"}],"wp:attachment":[{"href":"https:\/\/klasikdusunceokulu.com\/index.php\/wp-json\/wp\/v2\/media?parent=4653"}],"curies":[{"name":"wp","href":"https:\/\/api.w.org\/{rel}","templated":true}]}}