{"id":4655,"date":"2025-04-23T11:30:04","date_gmt":"2025-04-23T08:30:04","guid":{"rendered":"https:\/\/klasikdusunceokulu.com\/?page_id=4655"},"modified":"2025-06-11T12:15:07","modified_gmt":"2025-06-11T09:15:07","slug":"cuneyt-kaya-gazzali-makasidul-felasife","status":"publish","type":"page","link":"https:\/\/klasikdusunceokulu.com\/index.php\/cuneyt-kaya-gazzali-makasidul-felasife\/","title":{"rendered":"C\u00dcNEYT KAYA: GAZZ\u00c2L\u00ce, MAK\u00c2SID\u00dc\u2019L-FEL\u00c2S\u0130FE"},"content":{"rendered":"<p><a href=\"https:\/\/klasikdusunceokulu.com\/index.php\/cuneyt-kaya-gazzali-makasidul-felasife-1-seminer-ozeti\/\"><span style=\"color: #3b5163;\"><strong>C\u00dcNEYT KAYA: GAZZ\u00c2L\u00ce, MAK\u00c2SID\u00dc\u2019L-FEL\u00c2S\u0130FE 1. SEM\u0130NER \u00d6ZET\u0130<\/strong><\/span><\/a><\/p>\n<p><a href=\"https:\/\/klasikdusunceokulu.com\/index.php\/cuneyt-kaya-gazzali-makasidul-felasife-2-seminer-ozeti\/\"><span style=\"color: #3b5163;\"><strong>C\u00dcNEYT KAYA: GAZZ\u00c2L\u00ce, MAK\u00c2SID\u00dc\u2019L-FEL\u00c2S\u0130FE 2. SEM\u0130NER \u00d6ZET\u0130<\/strong><\/span><\/a><\/p>\n<p><a href=\"https:\/\/klasikdusunceokulu.com\/index.php\/cuneyt-kaya-gazzali-makasidul-felasife-3-seminer-ozeti\/\"><span style=\"color: #3b5163;\"><strong>C\u00dcNEYT KAYA: GAZZ\u00c2L\u00ce, MAK\u00c2SID\u00dc\u2019L-FEL\u00c2S\u0130FE 3. SEM\u0130NER \u00d6ZET\u0130<\/strong><\/span><\/a><\/p>\n<p><a href=\"https:\/\/klasikdusunceokulu.com\/index.php\/cuneyt-kaya-gazzali-makasidul-felasife-4-seminer-ozeti\/\"><span style=\"color: #3b5163;\"><strong>C\u00dcNEYT KAYA: GAZZ\u00c2L\u00ce, MAK\u00c2SID\u00dc\u2019L-FEL\u00c2S\u0130FE 4. SEM\u0130NER \u00d6ZET\u0130<\/strong><\/span><\/a><\/p>\n<p><a href=\"https:\/\/klasikdusunceokulu.com\/index.php\/cuneyt-kaya-gazzali-makasidul-felasife-5-seminer-ozeti\/\"><span style=\"color: #3b5163;\"><strong>C\u00dcNEYT KAYA: GAZZ\u00c2L\u00ce, MAK\u00c2SID\u00dc\u2019L-FEL\u00c2S\u0130FE 5. SEM\u0130NER \u00d6ZET\u0130<\/strong><\/span><\/a><\/p>\n<p><a href=\"https:\/\/klasikdusunceokulu.com\/index.php\/cuneyt-kaya-gazzali-makasidul-felasife-6-seminer-ozeti\/\"><span style=\"color: #3b5163;\"><strong>C\u00dcNEYT KAYA: GAZZ\u00c2L\u00ce, MAK\u00c2SID\u00dc\u2019L-FEL\u00c2S\u0130FE 6. SEM\u0130NER \u00d6ZET\u0130<\/strong><\/span><\/a><\/p>\n<p><a href=\"https:\/\/klasikdusunceokulu.com\/index.php\/cuneyt-kaya-gazzali-makasidul-felasife-7-seminer-ozeti\/\"><span style=\"color: #3b5163;\"><strong>C\u00dcNEYT KAYA: GAZZ\u00c2L\u00ce, MAK\u00c2SID\u00dc\u2019L-FEL\u00c2S\u0130FE 7. SEM\u0130NER \u00d6ZET\u0130<\/strong><\/span><\/a><\/p>\n","protected":false},"excerpt":{"rendered":"<p>C\u00dcNEYT KAYA: GAZZ\u00c2L\u00ce, MAK\u00c2SID\u00dc\u2019L-FEL\u00c2S\u0130FE 1. SEM\u0130NER \u00d6ZET\u0130 C\u00dcNEYT KAYA: GAZZ\u00c2L\u00ce, [&hellip;]<\/p>\n","protected":false},"author":1,"featured_media":0,"parent":0,"menu_order":0,"comment_status":"closed","ping_status":"closed","template":"","meta":{"footnotes":""},"class_list":["post-4655","page","type-page","status-publish","hentry"],"jetpack_sharing_enabled":true,"_links":{"self":[{"href":"https:\/\/klasikdusunceokulu.com\/index.php\/wp-json\/wp\/v2\/pages\/4655","targetHints":{"allow":["GET"]}}],"collection":[{"href":"https:\/\/klasikdusunceokulu.com\/index.php\/wp-json\/wp\/v2\/pages"}],"about":[{"href":"https:\/\/klasikdusunceokulu.com\/index.php\/wp-json\/wp\/v2\/types\/page"}],"author":[{"embeddable":true,"href":"https:\/\/klasikdusunceokulu.com\/index.php\/wp-json\/wp\/v2\/users\/1"}],"replies":[{"embeddable":true,"href":"https:\/\/klasikdusunceokulu.com\/index.php\/wp-json\/wp\/v2\/comments?post=4655"}],"version-history":[{"count":3,"href":"https:\/\/klasikdusunceokulu.com\/index.php\/wp-json\/wp\/v2\/pages\/4655\/revisions"}],"predecessor-version":[{"id":6143,"href":"https:\/\/klasikdusunceokulu.com\/index.php\/wp-json\/wp\/v2\/pages\/4655\/revisions\/6143"}],"wp:attachment":[{"href":"https:\/\/klasikdusunceokulu.com\/index.php\/wp-json\/wp\/v2\/media?parent=4655"}],"curies":[{"name":"wp","href":"https:\/\/api.w.org\/{rel}","templated":true}]}}