{"id":4657,"date":"2025-04-23T11:31:50","date_gmt":"2025-04-23T08:31:50","guid":{"rendered":"https:\/\/klasikdusunceokulu.com\/?page_id=4657"},"modified":"2025-06-11T12:21:52","modified_gmt":"2025-06-11T09:21:52","slug":"cuneyt-kaya-katip-celebi-kesfuz-zunun","status":"publish","type":"page","link":"https:\/\/klasikdusunceokulu.com\/index.php\/cuneyt-kaya-katip-celebi-kesfuz-zunun\/","title":{"rendered":"C\u00dcNEYT KAYA: K\u00c2T\u0130P \u00c7ELEB\u0130, KE\u015eF\u00dc\u2019Z-Z\u00dcN\u00dbN"},"content":{"rendered":"<p><a href=\"https:\/\/klasikdusunceokulu.com\/index.php\/cuneyt-kaya-katip-celebi-kesfuz-zunun-1-seminer-ozeti\/\"><span style=\"color: #3b5163;\"><strong>C\u00dcNEYT KAYA: K\u00c2T\u0130P \u00c7ELEB\u0130, KE\u015eF\u00dc\u2019Z-Z\u00dcN\u00dbN 1. SEM\u0130NER \u00d6ZET\u0130<\/strong><\/span><\/a><\/p>\n<p><a href=\"https:\/\/klasikdusunceokulu.com\/index.php\/cuneyt-kaya-katip-celebi-kesfuz-zunun-2-seminer-ozeti\/\"><span style=\"color: #3b5163;\"><strong>C\u00dcNEYT KAYA: K\u00c2T\u0130P \u00c7ELEB\u0130, KE\u015eF\u00dc\u2019Z-Z\u00dcN\u00dbN 2. SEM\u0130NER \u00d6ZET\u0130<\/strong><\/span><\/a><\/p>\n<p><a href=\"https:\/\/klasikdusunceokulu.com\/index.php\/cuneyt-kaya-katip-celebi-kesfuz-zunun-3-seminer-ozeti\/\"><span style=\"color: #3b5163;\"><strong>C\u00dcNEYT KAYA: K\u00c2T\u0130P \u00c7ELEB\u0130, KE\u015eF\u00dc\u2019Z-Z\u00dcN\u00dbN 3. SEM\u0130NER \u00d6ZET\u0130<\/strong><\/span><\/a><\/p>\n<p>&nbsp;<\/p>\n","protected":false},"excerpt":{"rendered":"<p>C\u00dcNEYT KAYA: K\u00c2T\u0130P \u00c7ELEB\u0130, KE\u015eF\u00dc\u2019Z-Z\u00dcN\u00dbN 1. SEM\u0130NER \u00d6ZET\u0130 C\u00dcNEYT KAYA: [&hellip;]<\/p>\n","protected":false},"author":1,"featured_media":0,"parent":0,"menu_order":0,"comment_status":"closed","ping_status":"closed","template":"","meta":{"footnotes":""},"class_list":["post-4657","page","type-page","status-publish","hentry"],"jetpack_sharing_enabled":true,"_links":{"self":[{"href":"https:\/\/klasikdusunceokulu.com\/index.php\/wp-json\/wp\/v2\/pages\/4657","targetHints":{"allow":["GET"]}}],"collection":[{"href":"https:\/\/klasikdusunceokulu.com\/index.php\/wp-json\/wp\/v2\/pages"}],"about":[{"href":"https:\/\/klasikdusunceokulu.com\/index.php\/wp-json\/wp\/v2\/types\/page"}],"author":[{"embeddable":true,"href":"https:\/\/klasikdusunceokulu.com\/index.php\/wp-json\/wp\/v2\/users\/1"}],"replies":[{"embeddable":true,"href":"https:\/\/klasikdusunceokulu.com\/index.php\/wp-json\/wp\/v2\/comments?post=4657"}],"version-history":[{"count":3,"href":"https:\/\/klasikdusunceokulu.com\/index.php\/wp-json\/wp\/v2\/pages\/4657\/revisions"}],"predecessor-version":[{"id":6151,"href":"https:\/\/klasikdusunceokulu.com\/index.php\/wp-json\/wp\/v2\/pages\/4657\/revisions\/6151"}],"wp:attachment":[{"href":"https:\/\/klasikdusunceokulu.com\/index.php\/wp-json\/wp\/v2\/media?parent=4657"}],"curies":[{"name":"wp","href":"https:\/\/api.w.org\/{rel}","templated":true}]}}