{"id":4661,"date":"2025-04-23T11:33:03","date_gmt":"2025-04-23T08:33:03","guid":{"rendered":"https:\/\/klasikdusunceokulu.com\/?page_id=4661"},"modified":"2025-06-11T12:29:13","modified_gmt":"2025-06-11T09:29:13","slug":"ekrem-demirli-haris-el-muhasibi-mekasib","status":"publish","type":"page","link":"https:\/\/klasikdusunceokulu.com\/index.php\/ekrem-demirli-haris-el-muhasibi-mekasib\/","title":{"rendered":"EKREM DEM\u0130RL\u0130: H\u00c2R\u0130S el-MUH\u00c2S\u0130B\u00ce, MEKAS\u0130B"},"content":{"rendered":"<p><a href=\"https:\/\/klasikdusunceokulu.com\/index.php\/ekrem-demirli-haris-el-muhasibi-mekasib-1-seminer-ozeti\/\"><span style=\"color: #3b5163;\"><strong>EKREM DEM\u0130RL\u0130: H\u00c2R\u0130S el-MUH\u00c2S\u0130B\u00ce, MEKAS\u0130B 1. SEM\u0130NER \u00d6ZET\u0130<\/strong><\/span><\/a><\/p>\n","protected":false},"excerpt":{"rendered":"<p>EKREM DEM\u0130RL\u0130: H\u00c2R\u0130S el-MUH\u00c2S\u0130B\u00ce, MEKAS\u0130B 1. SEM\u0130NER \u00d6ZET\u0130<\/p>\n","protected":false},"author":1,"featured_media":0,"parent":0,"menu_order":0,"comment_status":"closed","ping_status":"closed","template":"","meta":{"footnotes":""},"class_list":["post-4661","page","type-page","status-publish","hentry"],"jetpack_sharing_enabled":true,"_links":{"self":[{"href":"https:\/\/klasikdusunceokulu.com\/index.php\/wp-json\/wp\/v2\/pages\/4661","targetHints":{"allow":["GET"]}}],"collection":[{"href":"https:\/\/klasikdusunceokulu.com\/index.php\/wp-json\/wp\/v2\/pages"}],"about":[{"href":"https:\/\/klasikdusunceokulu.com\/index.php\/wp-json\/wp\/v2\/types\/page"}],"author":[{"embeddable":true,"href":"https:\/\/klasikdusunceokulu.com\/index.php\/wp-json\/wp\/v2\/users\/1"}],"replies":[{"embeddable":true,"href":"https:\/\/klasikdusunceokulu.com\/index.php\/wp-json\/wp\/v2\/comments?post=4661"}],"version-history":[{"count":5,"href":"https:\/\/klasikdusunceokulu.com\/index.php\/wp-json\/wp\/v2\/pages\/4661\/revisions"}],"predecessor-version":[{"id":6160,"href":"https:\/\/klasikdusunceokulu.com\/index.php\/wp-json\/wp\/v2\/pages\/4661\/revisions\/6160"}],"wp:attachment":[{"href":"https:\/\/klasikdusunceokulu.com\/index.php\/wp-json\/wp\/v2\/media?parent=4661"}],"curies":[{"name":"wp","href":"https:\/\/api.w.org\/{rel}","templated":true}]}}