{"id":4665,"date":"2025-04-23T11:33:37","date_gmt":"2025-04-23T08:33:37","guid":{"rendered":"https:\/\/klasikdusunceokulu.com\/?page_id=4665"},"modified":"2025-06-11T12:32:37","modified_gmt":"2025-06-11T09:32:37","slug":"ercan-alkan-haris-el-muhasibi-mekasib","status":"publish","type":"page","link":"https:\/\/klasikdusunceokulu.com\/index.php\/ercan-alkan-haris-el-muhasibi-mekasib\/","title":{"rendered":"ERCAN ALKAN: H\u00c2R\u0130S el-MUH\u00c2S\u0130B\u00ce, MEKAS\u0130B"},"content":{"rendered":"<p><a href=\"https:\/\/klasikdusunceokulu.com\/index.php\/ercan-alkan-haris-el-muhasibi-mekasib-2-seminer-ozeti\/\"><span style=\"color: #3b5163;\"><strong>ERCAN ALKAN: H\u00c2R\u0130S el-MUH\u00c2S\u0130B\u00ce, MEKAS\u0130B 2. SEM\u0130NER \u00d6ZET\u0130<\/strong><\/span><\/a><\/p>\n<p><a href=\"https:\/\/klasikdusunceokulu.com\/index.php\/ercan-alkan-haris-el-muhasibi-mekasib-3-seminer-ozeti\/\"><span style=\"color: #3b5163;\"><strong>ERCAN ALKAN: H\u00c2R\u0130S el-MUH\u00c2S\u0130B\u00ce, MEKAS\u0130B 3. SEM\u0130NER \u00d6ZET\u0130<\/strong><\/span><\/a><\/p>\n","protected":false},"excerpt":{"rendered":"<p>ERCAN ALKAN: H\u00c2R\u0130S el-MUH\u00c2S\u0130B\u00ce, MEKAS\u0130B 2. SEM\u0130NER \u00d6ZET\u0130 ERCAN ALKAN: [&hellip;]<\/p>\n","protected":false},"author":1,"featured_media":0,"parent":0,"menu_order":0,"comment_status":"closed","ping_status":"closed","template":"","meta":{"footnotes":""},"class_list":["post-4665","page","type-page","status-publish","hentry"],"jetpack_sharing_enabled":true,"_links":{"self":[{"href":"https:\/\/klasikdusunceokulu.com\/index.php\/wp-json\/wp\/v2\/pages\/4665","targetHints":{"allow":["GET"]}}],"collection":[{"href":"https:\/\/klasikdusunceokulu.com\/index.php\/wp-json\/wp\/v2\/pages"}],"about":[{"href":"https:\/\/klasikdusunceokulu.com\/index.php\/wp-json\/wp\/v2\/types\/page"}],"author":[{"embeddable":true,"href":"https:\/\/klasikdusunceokulu.com\/index.php\/wp-json\/wp\/v2\/users\/1"}],"replies":[{"embeddable":true,"href":"https:\/\/klasikdusunceokulu.com\/index.php\/wp-json\/wp\/v2\/comments?post=4665"}],"version-history":[{"count":5,"href":"https:\/\/klasikdusunceokulu.com\/index.php\/wp-json\/wp\/v2\/pages\/4665\/revisions"}],"predecessor-version":[{"id":6167,"href":"https:\/\/klasikdusunceokulu.com\/index.php\/wp-json\/wp\/v2\/pages\/4665\/revisions\/6167"}],"wp:attachment":[{"href":"https:\/\/klasikdusunceokulu.com\/index.php\/wp-json\/wp\/v2\/media?parent=4665"}],"curies":[{"name":"wp","href":"https:\/\/api.w.org\/{rel}","templated":true}]}}