{"id":4671,"date":"2025-04-23T11:43:09","date_gmt":"2025-04-23T08:43:09","guid":{"rendered":"https:\/\/klasikdusunceokulu.com\/?page_id=4671"},"modified":"2025-06-11T12:39:16","modified_gmt":"2025-06-11T09:39:16","slug":"ekrem-demirli-haris-el-muhasibi-el-akl","status":"publish","type":"page","link":"https:\/\/klasikdusunceokulu.com\/index.php\/ekrem-demirli-haris-el-muhasibi-el-akl\/","title":{"rendered":"EKREM DEM\u0130RL\u0130: H\u00c2R\u0130S el-MUH\u00c2S\u0130B\u00ce, el-AKL"},"content":{"rendered":"<p><a href=\"https:\/\/klasikdusunceokulu.com\/index.php\/ekrem-demirli-haris-el-muhasibi-el-akl-1-seminer-ozeti\/\"><span style=\"color: #3b5163;\"><strong>EKREM DEM\u0130RL\u0130: H\u00c2R\u0130S el-MUH\u00c2S\u0130B\u00ce, el-AKL 1. SEM\u0130NER \u00d6ZET\u0130<\/strong><\/span><\/a><\/p>\n<p><a href=\"https:\/\/klasikdusunceokulu.com\/index.php\/ekrem-demirli-haris-el-muhasibi-el-akl-2-seminer-ozeti\/\"><span style=\"color: #3b5163;\"><strong>EKREM DEM\u0130RL\u0130: H\u00c2R\u0130S el-MUH\u00c2S\u0130B\u00ce, el-AKL 2. SEM\u0130NER \u00d6ZET\u0130<\/strong><\/span><\/a><\/p>\n<p><a href=\"https:\/\/klasikdusunceokulu.com\/index.php\/ekrem-demirli-haris-el-muhasibi-el-akl-3-seminer-ozeti\/\"><span style=\"color: #3b5163;\"><strong>EKREM DEM\u0130RL\u0130: H\u00c2R\u0130S el-MUH\u00c2S\u0130B\u00ce, el-AKL 3. SEM\u0130NER \u00d6ZET\u0130<\/strong><\/span><\/a><\/p>\n","protected":false},"excerpt":{"rendered":"<p>EKREM DEM\u0130RL\u0130: H\u00c2R\u0130S el-MUH\u00c2S\u0130B\u00ce, el-AKL 1. SEM\u0130NER \u00d6ZET\u0130 EKREM DEM\u0130RL\u0130: [&hellip;]<\/p>\n","protected":false},"author":1,"featured_media":0,"parent":0,"menu_order":0,"comment_status":"closed","ping_status":"closed","template":"","meta":{"footnotes":""},"class_list":["post-4671","page","type-page","status-publish","hentry"],"jetpack_sharing_enabled":true,"_links":{"self":[{"href":"https:\/\/klasikdusunceokulu.com\/index.php\/wp-json\/wp\/v2\/pages\/4671","targetHints":{"allow":["GET"]}}],"collection":[{"href":"https:\/\/klasikdusunceokulu.com\/index.php\/wp-json\/wp\/v2\/pages"}],"about":[{"href":"https:\/\/klasikdusunceokulu.com\/index.php\/wp-json\/wp\/v2\/types\/page"}],"author":[{"embeddable":true,"href":"https:\/\/klasikdusunceokulu.com\/index.php\/wp-json\/wp\/v2\/users\/1"}],"replies":[{"embeddable":true,"href":"https:\/\/klasikdusunceokulu.com\/index.php\/wp-json\/wp\/v2\/comments?post=4671"}],"version-history":[{"count":3,"href":"https:\/\/klasikdusunceokulu.com\/index.php\/wp-json\/wp\/v2\/pages\/4671\/revisions"}],"predecessor-version":[{"id":6182,"href":"https:\/\/klasikdusunceokulu.com\/index.php\/wp-json\/wp\/v2\/pages\/4671\/revisions\/6182"}],"wp:attachment":[{"href":"https:\/\/klasikdusunceokulu.com\/index.php\/wp-json\/wp\/v2\/media?parent=4671"}],"curies":[{"name":"wp","href":"https:\/\/api.w.org\/{rel}","templated":true}]}}