{"id":4677,"date":"2025-04-23T11:46:55","date_gmt":"2025-04-23T08:46:55","guid":{"rendered":"https:\/\/klasikdusunceokulu.com\/?page_id=4677"},"modified":"2025-06-21T15:07:51","modified_gmt":"2025-06-21T12:07:51","slug":"ekrem-demirli-haris-el-muhasibi-el-fehmul-kuran","status":"publish","type":"page","link":"https:\/\/klasikdusunceokulu.com\/index.php\/ekrem-demirli-haris-el-muhasibi-el-fehmul-kuran\/","title":{"rendered":"EKREM DEM\u0130RL\u0130: H\u00c2R\u0130S el-MUH\u00c2S\u0130B\u00ce, el-FEHM\u00dc&#8217;L KUR&#8217;AN"},"content":{"rendered":"<p><a href=\"https:\/\/klasikdusunceokulu.com\/index.php\/ekrem-demirli-haris-el-muhasibi-el-fehmul-kuran-1-seminer-ozeti\/\"><span style=\"color: #3b5163;\"><strong>EKREM DEM\u0130RL\u0130: H\u00c2R\u0130S el-MUH\u00c2S\u0130B\u00ce, el-FEHM\u00dc&#8217;L KUR&#8217;AN 1.SEM\u0130NER \u00d6ZET\u0130<\/strong><\/span><\/a><\/p>\n<p><a href=\"https:\/\/klasikdusunceokulu.com\/index.php\/ekrem-demirli-haris-el-muhasibi-el-fehmul-kuran-2-seminer-ozeti\/\"><span style=\"color: #3b5163;\"><strong>EKREM DEM\u0130RL\u0130: H\u00c2R\u0130S el-MUH\u00c2S\u0130B\u00ce, el-FEHM\u00dc&#8217;L KUR&#8217;AN 2.SEM\u0130NER \u00d6ZET\u0130<\/strong><\/span><\/a><\/p>\n<p><a href=\"https:\/\/klasikdusunceokulu.com\/index.php\/ekrem-demirli-haris-el-muhasibi-el-fehmul-kuran-3-seminer-ozeti\/\"><span style=\"color: #3b5163;\"><strong>EKREM DEM\u0130RL\u0130: H\u00c2R\u0130S el-MUH\u00c2S\u0130B\u00ce, el-FEHM\u00dc&#8217;L KUR&#8217;AN 3.SEM\u0130NER \u00d6ZET\u0130<\/strong><\/span><\/a><\/p>\n<p><a href=\"https:\/\/klasikdusunceokulu.com\/index.php\/ekrem-demirli-haris-el-muhasibi-el-fehmul-kuran-4-seminer-ozeti\/\"><span style=\"color: #3b5163;\"><strong>EKREM DEM\u0130RL\u0130: H\u00c2R\u0130S el-MUH\u00c2S\u0130B\u00ce, el-FEHM\u00dc&#8217;L KUR&#8217;AN 4.SEM\u0130NER \u00d6ZET\u0130<\/strong><\/span><\/a><\/p>\n","protected":false},"excerpt":{"rendered":"<p>EKREM DEM\u0130RL\u0130: H\u00c2R\u0130S el-MUH\u00c2S\u0130B\u00ce, el-FEHM\u00dc&#8217;L KUR&#8217;AN 1.SEM\u0130NER \u00d6ZET\u0130 EKREM DEM\u0130RL\u0130: [&hellip;]<\/p>\n","protected":false},"author":1,"featured_media":0,"parent":0,"menu_order":0,"comment_status":"closed","ping_status":"closed","template":"","meta":{"footnotes":""},"class_list":["post-4677","page","type-page","status-publish","hentry"],"jetpack_sharing_enabled":true,"_links":{"self":[{"href":"https:\/\/klasikdusunceokulu.com\/index.php\/wp-json\/wp\/v2\/pages\/4677","targetHints":{"allow":["GET"]}}],"collection":[{"href":"https:\/\/klasikdusunceokulu.com\/index.php\/wp-json\/wp\/v2\/pages"}],"about":[{"href":"https:\/\/klasikdusunceokulu.com\/index.php\/wp-json\/wp\/v2\/types\/page"}],"author":[{"embeddable":true,"href":"https:\/\/klasikdusunceokulu.com\/index.php\/wp-json\/wp\/v2\/users\/1"}],"replies":[{"embeddable":true,"href":"https:\/\/klasikdusunceokulu.com\/index.php\/wp-json\/wp\/v2\/comments?post=4677"}],"version-history":[{"count":3,"href":"https:\/\/klasikdusunceokulu.com\/index.php\/wp-json\/wp\/v2\/pages\/4677\/revisions"}],"predecessor-version":[{"id":6295,"href":"https:\/\/klasikdusunceokulu.com\/index.php\/wp-json\/wp\/v2\/pages\/4677\/revisions\/6295"}],"wp:attachment":[{"href":"https:\/\/klasikdusunceokulu.com\/index.php\/wp-json\/wp\/v2\/media?parent=4677"}],"curies":[{"name":"wp","href":"https:\/\/api.w.org\/{rel}","templated":true}]}}