{"id":4679,"date":"2025-04-23T11:48:22","date_gmt":"2025-04-23T08:48:22","guid":{"rendered":"https:\/\/klasikdusunceokulu.com\/?page_id=4679"},"modified":"2025-06-21T15:28:14","modified_gmt":"2025-06-21T12:28:14","slug":"ekrem-demirli-cuneyd-i-bagdadi-resail-i-cuneyd","status":"publish","type":"page","link":"https:\/\/klasikdusunceokulu.com\/index.php\/ekrem-demirli-cuneyd-i-bagdadi-resail-i-cuneyd\/","title":{"rendered":"EKREM DEM\u0130RL\u0130: C\u00dcNEYD-\u0130 BA\u011eD\u00c2D\u00ce, RES\u00c2\u0130L-\u0130 C\u00dcNEYD"},"content":{"rendered":"<p><a href=\"https:\/\/klasikdusunceokulu.com\/index.php\/ekrem-demirli-cuneyd-i-bagdadi-resail-i-cuneyd-1-seminer-ozeti\/\"><span style=\"color: #3b5163;\"><strong>EKREM DEM\u0130RL\u0130: C\u00dcNEYD-\u0130 BA\u011eD\u00c2D\u00ce, RES\u00c2\u0130L-\u0130 C\u00dcNEYD 1. SEM\u0130NER \u00d6ZET\u0130<\/strong><\/span><\/a><\/p>\n<p><a href=\"https:\/\/klasikdusunceokulu.com\/index.php\/ekrem-demirli-cuneyd-i-bagdadi-resail-i-cuneyd-2-seminer-ozeti\/\"><span style=\"color: #3b5163;\"><strong>EKREM DEM\u0130RL\u0130: C\u00dcNEYD-\u0130 BA\u011eD\u00c2D\u00ce, RES\u00c2\u0130L-\u0130 C\u00dcNEYD 2. SEM\u0130NER \u00d6ZET\u0130<\/strong><\/span><\/a><\/p>\n<p><a href=\"https:\/\/klasikdusunceokulu.com\/index.php\/ekrem-demirli-cuneyd-i-bagdadi-resail-i-cuneyd-3-seminer-ozeti\/\"><span style=\"color: #3b5163;\"><strong>EKREM DEM\u0130RL\u0130: C\u00dcNEYD-\u0130 BA\u011eD\u00c2D\u00ce, RES\u00c2\u0130L-\u0130 C\u00dcNEYD 3. SEM\u0130NER \u00d6ZET\u0130<\/strong><\/span><\/a><\/p>\n<p><a href=\"https:\/\/klasikdusunceokulu.com\/index.php\/ekrem-demirli-cuneyd-i-bagdadi-resail-i-cuneyd-4-seminer-ozeti\/\"><span style=\"color: #3b5163;\"><strong>EKREM DEM\u0130RL\u0130: C\u00dcNEYD-\u0130 BA\u011eD\u00c2D\u00ce, RES\u00c2\u0130L-\u0130 C\u00dcNEYD 4. SEM\u0130NER \u00d6ZET\u0130<\/strong><\/span><\/a><\/p>\n<p><a href=\"https:\/\/klasikdusunceokulu.com\/index.php\/ekrem-demirli-cuneyd-i-bagdadi-resail-i-cuneyd-5-seminer-ozeti\/\"><span style=\"color: #3b5163;\"><strong>EKREM DEM\u0130RL\u0130: C\u00dcNEYD-\u0130 BA\u011eD\u00c2D\u00ce, RES\u00c2\u0130L-\u0130 C\u00dcNEYD 5. SEM\u0130NER \u00d6ZET\u0130<\/strong><\/span><\/a><\/p>\n<p><a href=\"https:\/\/klasikdusunceokulu.com\/index.php\/ekrem-demirli-cuneyd-i-bagdadi-resail-i-cuneyd-6-seminer-ozeti\/\"><span style=\"color: #3b5163;\"><strong>EKREM DEM\u0130RL\u0130: C\u00dcNEYD-\u0130 BA\u011eD\u00c2D\u00ce, RES\u00c2\u0130L-\u0130 C\u00dcNEYD 6. SEM\u0130NER \u00d6ZET\u0130<\/strong><\/span><\/a><\/p>\n<p><a href=\"https:\/\/klasikdusunceokulu.com\/index.php\/ekrem-demirli-cuneyd-i-bagdadi-resail-i-cuneyd-7-seminer-ozeti\/\"><span style=\"color: #3b5163;\"><strong>EKREM DEM\u0130RL\u0130: C\u00dcNEYD-\u0130 BA\u011eD\u00c2D\u00ce, RES\u00c2\u0130L-\u0130 C\u00dcNEYD 7. SEM\u0130NER \u00d6ZET\u0130<\/strong><\/span><\/a><\/p>\n<p><a href=\"https:\/\/klasikdusunceokulu.com\/index.php\/ekrem-demirli-cuneyd-i-bagdadi-resail-i-cuneyd-8-seminer-ozeti\/\"><span style=\"color: #3b5163;\"><strong>EKREM DEM\u0130RL\u0130: C\u00dcNEYD-\u0130 BA\u011eD\u00c2D\u00ce, RES\u00c2\u0130L-\u0130 C\u00dcNEYD 8. SEM\u0130NER \u00d6ZET\u0130<\/strong><\/span><\/a><\/p>\n<p><a href=\"https:\/\/klasikdusunceokulu.com\/index.php\/ekrem-demirli-cuneyd-i-bagdadi-resail-i-cuneyd-9-seminer-ozeti\/\"><span style=\"color: #3b5163;\"><strong>EKREM DEM\u0130RL\u0130: C\u00dcNEYD-\u0130 BA\u011eD\u00c2D\u00ce, RES\u00c2\u0130L-\u0130 C\u00dcNEYD 9. SEM\u0130NER \u00d6ZET\u0130<\/strong><\/span><\/a><\/p>\n<p><a href=\"https:\/\/klasikdusunceokulu.com\/index.php\/ekrem-demirli-cuneyd-i-bagdadi-resail-i-cuneyd-10-seminer-ozeti\/\"><span style=\"color: #3b5163;\"><strong>EKREM DEM\u0130RL\u0130: C\u00dcNEYD-\u0130 BA\u011eD\u00c2D\u00ce, RES\u00c2\u0130L-\u0130 C\u00dcNEYD 10. SEM\u0130NER \u00d6ZET\u0130<\/strong><\/span><\/a><\/p>\n<p><a href=\"https:\/\/klasikdusunceokulu.com\/index.php\/ekrem-demirli-cuneyd-i-bagdadi-resail-i-cuneyd-11-seminer-ozeti\/\"><span style=\"color: #3b5163;\"><strong>EKREM DEM\u0130RL\u0130: C\u00dcNEYD-\u0130 BA\u011eD\u00c2D\u00ce, RES\u00c2\u0130L-\u0130 C\u00dcNEYD 11. SEM\u0130NER \u00d6ZET\u0130<\/strong><\/span><\/a><\/p>\n","protected":false},"excerpt":{"rendered":"<p>EKREM DEM\u0130RL\u0130: C\u00dcNEYD-\u0130 BA\u011eD\u00c2D\u00ce, RES\u00c2\u0130L-\u0130 C\u00dcNEYD 1. SEM\u0130NER \u00d6ZET\u0130 EKREM [&hellip;]<\/p>\n","protected":false},"author":1,"featured_media":0,"parent":0,"menu_order":0,"comment_status":"closed","ping_status":"closed","template":"","meta":{"footnotes":""},"class_list":["post-4679","page","type-page","status-publish","hentry"],"jetpack_sharing_enabled":true,"_links":{"self":[{"href":"https:\/\/klasikdusunceokulu.com\/index.php\/wp-json\/wp\/v2\/pages\/4679","targetHints":{"allow":["GET"]}}],"collection":[{"href":"https:\/\/klasikdusunceokulu.com\/index.php\/wp-json\/wp\/v2\/pages"}],"about":[{"href":"https:\/\/klasikdusunceokulu.com\/index.php\/wp-json\/wp\/v2\/types\/page"}],"author":[{"embeddable":true,"href":"https:\/\/klasikdusunceokulu.com\/index.php\/wp-json\/wp\/v2\/users\/1"}],"replies":[{"embeddable":true,"href":"https:\/\/klasikdusunceokulu.com\/index.php\/wp-json\/wp\/v2\/comments?post=4679"}],"version-history":[{"count":3,"href":"https:\/\/klasikdusunceokulu.com\/index.php\/wp-json\/wp\/v2\/pages\/4679\/revisions"}],"predecessor-version":[{"id":6320,"href":"https:\/\/klasikdusunceokulu.com\/index.php\/wp-json\/wp\/v2\/pages\/4679\/revisions\/6320"}],"wp:attachment":[{"href":"https:\/\/klasikdusunceokulu.com\/index.php\/wp-json\/wp\/v2\/media?parent=4679"}],"curies":[{"name":"wp","href":"https:\/\/api.w.org\/{rel}","templated":true}]}}