{"id":4683,"date":"2025-04-23T11:49:47","date_gmt":"2025-04-23T08:49:47","guid":{"rendered":"https:\/\/klasikdusunceokulu.com\/?page_id=4683"},"modified":"2025-06-21T16:45:21","modified_gmt":"2025-06-21T13:45:21","slug":"ekrem-demirli-serrac-luma","status":"publish","type":"page","link":"https:\/\/klasikdusunceokulu.com\/index.php\/ekrem-demirli-serrac-luma\/","title":{"rendered":"EKREM DEM\u0130RL\u0130: SERRAC, L\u00dcMA"},"content":{"rendered":"<p><a href=\"https:\/\/klasikdusunceokulu.com\/index.php\/ekrem-demirli-serrac-luma-1-seminer-ozeti\/\"><span style=\"color: #3b5163;\"><strong>EKREM DEM\u0130RL\u0130: SERRAC, L\u00dcMA 1.SEM\u0130NER \u00d6ZET\u0130<\/strong><\/span><\/a><\/p>\n<p><a href=\"https:\/\/klasikdusunceokulu.com\/index.php\/ekrem-demirli-serrac-luma-2-seminer-ozeti\/\"><span style=\"color: #3b5163;\"><strong>EKREM DEM\u0130RL\u0130: SERRAC, L\u00dcMA 2.SEM\u0130NER \u00d6ZET\u0130<\/strong><\/span><\/a><\/p>\n<p><a href=\"https:\/\/klasikdusunceokulu.com\/index.php\/ekrem-demirli-serrac-luma-3-seminer-ozeti\/\"><span style=\"color: #3b5163;\"><strong>EKREM DEM\u0130RL\u0130: SERRAC, L\u00dcMA 3.SEM\u0130NER \u00d6ZET\u0130<\/strong><\/span><\/a><\/p>\n<p><a href=\"https:\/\/klasikdusunceokulu.com\/index.php\/ekrem-demirli-serrac-luma-4-seminer-ozeti\/\"><span style=\"color: #3b5163;\"><strong>EKREM DEM\u0130RL\u0130: SERRAC, L\u00dcMA 4.SEM\u0130NER \u00d6ZET\u0130<\/strong><\/span><\/a><\/p>\n<p><a href=\"https:\/\/klasikdusunceokulu.com\/index.php\/ekrem-demirli-serrac-luma-5-seminer-ozeti\/\"><span style=\"color: #3b5163;\"><strong>EKREM DEM\u0130RL\u0130: SERRAC, L\u00dcMA 5.SEM\u0130NER \u00d6ZET\u0130<\/strong><\/span><\/a><\/p>\n<p><a href=\"https:\/\/klasikdusunceokulu.com\/index.php\/ekrem-demirli-serrac-luma-6-seminer-ozeti\/\"><span style=\"color: #3b5163;\"><strong>EKREM DEM\u0130RL\u0130: SERRAC, L\u00dcMA 6.SEM\u0130NER \u00d6ZET\u0130<\/strong><\/span><\/a><\/p>\n<p><a href=\"https:\/\/klasikdusunceokulu.com\/index.php\/ekrem-demirli-serrac-luma-7-seminer-ozeti\/\"><span style=\"color: #3b5163;\"><strong>EKREM DEM\u0130RL\u0130: SERRAC, L\u00dcMA 7.SEM\u0130NER \u00d6ZET\u0130<\/strong><\/span><\/a><\/p>\n<p><a href=\"https:\/\/klasikdusunceokulu.com\/index.php\/ekrem-demirli-serrac-luma-8-seminer-ozeti\/\"><span style=\"color: #3b5163;\"><strong>EKREM DEM\u0130RL\u0130: SERRAC, L\u00dcMA 8.SEM\u0130NER \u00d6ZET\u0130<\/strong><\/span><\/a><\/p>\n<p>&nbsp;<\/p>\n","protected":false},"excerpt":{"rendered":"<p>EKREM DEM\u0130RL\u0130: SERRAC, L\u00dcMA 1.SEM\u0130NER \u00d6ZET\u0130 EKREM DEM\u0130RL\u0130: SERRAC, L\u00dcMA [&hellip;]<\/p>\n","protected":false},"author":1,"featured_media":0,"parent":0,"menu_order":0,"comment_status":"closed","ping_status":"closed","template":"","meta":{"footnotes":""},"class_list":["post-4683","page","type-page","status-publish","hentry"],"jetpack_sharing_enabled":true,"_links":{"self":[{"href":"https:\/\/klasikdusunceokulu.com\/index.php\/wp-json\/wp\/v2\/pages\/4683","targetHints":{"allow":["GET"]}}],"collection":[{"href":"https:\/\/klasikdusunceokulu.com\/index.php\/wp-json\/wp\/v2\/pages"}],"about":[{"href":"https:\/\/klasikdusunceokulu.com\/index.php\/wp-json\/wp\/v2\/types\/page"}],"author":[{"embeddable":true,"href":"https:\/\/klasikdusunceokulu.com\/index.php\/wp-json\/wp\/v2\/users\/1"}],"replies":[{"embeddable":true,"href":"https:\/\/klasikdusunceokulu.com\/index.php\/wp-json\/wp\/v2\/comments?post=4683"}],"version-history":[{"count":3,"href":"https:\/\/klasikdusunceokulu.com\/index.php\/wp-json\/wp\/v2\/pages\/4683\/revisions"}],"predecessor-version":[{"id":6348,"href":"https:\/\/klasikdusunceokulu.com\/index.php\/wp-json\/wp\/v2\/pages\/4683\/revisions\/6348"}],"wp:attachment":[{"href":"https:\/\/klasikdusunceokulu.com\/index.php\/wp-json\/wp\/v2\/media?parent=4683"}],"curies":[{"name":"wp","href":"https:\/\/api.w.org\/{rel}","templated":true}]}}