{"id":4710,"date":"2025-04-23T12:42:59","date_gmt":"2025-04-23T09:42:59","guid":{"rendered":"https:\/\/klasikdusunceokulu.com\/?page_id=4710"},"modified":"2025-04-23T12:42:59","modified_gmt":"2025-04-23T09:42:59","slug":"irfan-ince-cessas-el-fusul-fil-usul-3-seminer-ozeti","status":"publish","type":"page","link":"https:\/\/klasikdusunceokulu.com\/index.php\/irfan-ince-cessas-el-fusul-fil-usul-3-seminer-ozeti\/","title":{"rendered":"\u0130RFAN \u0130NCE: CESS\u00c2S, el-FUS\u00dbl F\u0130&#8217;L-US\u00dbL 3.SEM\u0130NER \u00d6ZET\u0130"},"content":{"rendered":"<p><strong>\u0130RFAN \u0130NCE: CESS\u00c2S, el-FUS\u00dbl F\u0130&#8217;L-US\u00dbL 3.SEM\u0130NER \u00d6ZET\u0130<\/strong><\/p>\n<p><strong>Ana Temalar:<\/strong><\/p>\n<ol>\n<li><strong> Umumun Kat\u2019ili\u011fi ve Hanef\u00ee Us\u00fbl\u00fcnde Temellendirme<\/strong><br \/>\nBu ders, Hanef\u00ee us\u00fbl\u00fcn\u00fcn temel ta\u015f\u0131 olan \u201cumum laf\u0131zlar\u0131n kat\u2019\u00ee delalet ta\u015f\u0131d\u0131\u011f\u0131\u201d ilkesine odaklanmaktad\u0131r. Cess\u00e2s, bu ilkeyi hem dilsel hem de sahab\u00ee uygulamalar\u0131yla temellendirir. Baz\u0131 Hanef\u00ee \u00e2limlerin bu g\u00f6r\u00fc\u015fe muhalif olmas\u0131 ise, mezhep i\u00e7i \u00e7e\u015fitlili\u011fi ve bu ilkenin mutlak bir \u00f6nc\u00fcl olmad\u0131\u011f\u0131n\u0131 g\u00f6stermektedir. Ebu Hanife\u2019nin do\u011frudan bu ifadeleri kullanmasa da g\u00f6r\u00fc\u015flerinin bu ilkeye dayal\u0131 olarak a\u00e7\u0131klanabilece\u011fi savunulur.<\/li>\n<li><strong> Tahsis ve Delaletin Niteli\u011fi<\/strong><br \/>\nTahsis kavram\u0131 kapsaml\u0131 bi\u00e7imde i\u015flenir. Genel bir lafz\u0131n s\u0131n\u0131rland\u0131r\u0131labilmesi i\u00e7in, s\u0131n\u0131rland\u0131r\u0131c\u0131 delilin de ayn\u0131 seviyede kat\u2019\u00ee olmas\u0131 gerekti\u011fi vurgulan\u0131r. Kur\u2019an\u2019daki umum\u00ee ifadeler ancak m\u00fctevatir s\u00fcnnet veya a\u00e7\u0131k ayetle tahsis edilebilir; k\u0131yas veya ah\u00e2d haber bu i\u015flevi g\u00f6remez. Tahsis edilen lafz\u0131n geri kalan k\u0131sm\u0131 h\u00e2l\u00e2 anlam ta\u015f\u0131r; bu k\u0131s\u0131m mecaz de\u011fil, anlam\u0131 sabit k\u0131s\u0131md\u0131r. Bu yakla\u015f\u0131m, lafz\u0131n b\u00fct\u00fcnl\u00fc\u011f\u00fcn\u00fc korumay\u0131 hedefler.<\/li>\n<li><strong> Umumun S\u0131n\u0131rlanmas\u0131: Tahsis mi, Belirli Niteleme mi?<\/strong><br \/>\nLafz\u0131n kendi i\u00e7inde s\u0131n\u0131rlay\u0131c\u0131 nitelikler ta\u015f\u0131y\u0131p ta\u015f\u0131mad\u0131\u011f\u0131na g\u00f6re yap\u0131lan ayr\u0131mda, lafz\u0131n tamamland\u0131ktan sonra gelen ifadelerin tahsis; lafz\u0131n par\u00e7as\u0131 olan nitelemelerin ise zaten \u00f6zel anlamda geldi\u011fi savunulur. \u201cEl-mu\u2019min\u00fc\u2019l-kaviyy\u00fc ahabb\u00fc ilallah\u201d \u00f6rne\u011fiyle, ba\u015ftan \u00f6zel anlamla gelen laf\u0131zlar\u0131n tahsis edilemeyece\u011fi a\u00e7\u0131klan\u0131r. B\u00f6ylece lafz\u0131n delalet kuvvetinin zay\u0131flat\u0131lmas\u0131n\u0131n \u00f6n\u00fcne ge\u00e7ilmi\u015f olur.<\/li>\n<li><strong> Mefh\u00fbmu Muh\u00e2lefet ve \u015e\u00e2ri\u2019in Hitab\u0131ndaki Fayda \u0130lkesi<\/strong><br \/>\nBir lafz\u0131n belirli bir vasfa ba\u011fl\u0131 olarak h\u00fck\u00fcm bildirmesi, o vasf\u0131n bulunmad\u0131\u011f\u0131 durumda z\u0131dd\u0131 h\u00fckm\u00fcn ge\u00e7erli olaca\u011f\u0131 anlam\u0131na gelir mi sorusu ele al\u0131n\u0131r. Cess\u00e2s\u2019a g\u00f6re bu t\u00fcr \u00e7\u0131kar\u0131mlar dil a\u00e7\u0131s\u0131ndan me\u015fru de\u011fildir \u00e7\u00fcnk\u00fc laf\u0131z o anlama gelmek i\u00e7in vazedilmemi\u015ftir. Bununla birlikte, lafz\u0131n zikredilme amac\u0131 ba\u015fka bir anlam sa\u011fl\u0131yorsa (\u00f6rne\u011fin i\u00e7tihada te\u015fvik), bu fayda da yeterli gerek\u00e7e say\u0131l\u0131r. Bu noktada Cess\u00e2s, dilcilerin g\u00f6r\u00fc\u015flerinin s\u0131n\u0131rl\u0131 oldu\u011funu ve mana \u00fcretiminde ba\u011flay\u0131c\u0131 olmad\u0131\u011f\u0131n\u0131 vurgular.<\/li>\n<li><strong> Del\u00eel\u00fc\u2019l-Hit\u00e2b ve Fahv\u00e2\u2019l-Hit\u00e2b Ayr\u0131m\u0131<\/strong><br \/>\nCess\u00e2s, del\u00eel\u00fc\u2019l-hit\u00e2b\u0131 ikiye ay\u0131r\u0131r: birincisi m\u00fccmel laf\u0131zlar\u0131n a\u00e7\u0131klanaca\u011f\u0131na dair dolayl\u0131 y\u00f6nlendirme, ikincisi ise fahv\u00e2\u2019l-hit\u00e2b olarak bilinen anlam\u0131n do\u011frudan de\u011fil, mant\u0131ksal \u00e7\u0131kar\u0131mla anla\u015f\u0131lmas\u0131d\u0131r. \u201cOnlara \u00fcf bile deme\u201d ifadesinden d\u00f6vmenin de haram oldu\u011funu \u00e7\u0131karmak bu ba\u011flamda de\u011ferlendirilir. Ancak bu t\u00fcr \u00e7\u0131kar\u0131mlar\u0131n lafz\u0131n asli anlam\u0131na zarar vermemesi ve delilin g\u00fcc\u00fcn\u00fc zedelememesi gerekir.<\/li>\n<\/ol>\n<p><strong>Sonu\u00e7:<\/strong><br \/>\nBu seminer, Hanef\u00ee us\u00fbl\u00fcn\u00fcn laf\u0131z merkezli yap\u0131s\u0131n\u0131, tahsis ilkelerini ve mefh\u00fbmu muh\u00e2lefet tart\u0131\u015fmalar\u0131n\u0131 Cess\u00e2s\u2019\u0131n bak\u0131\u015f\u0131yla ayr\u0131nt\u0131l\u0131 bi\u00e7imde i\u015fler. Cess\u00e2s, laf\u0131z-anlam ili\u015fkisini hem akl\u00ee hem dilsel temellerle kurarken, \u015f\u00e2ri\u2019in beyanlar\u0131n\u0131n her zaman bir fayda i\u00e7erdi\u011fi ilkesini merkeze al\u0131r. Gelecek derslerde bu ilkelerin f\u0131kh\u00ee sonu\u00e7lara yans\u0131mas\u0131 daha a\u00e7\u0131k bi\u00e7imde tart\u0131\u015f\u0131lacakt\u0131r.<\/p>\n<p><strong>Main Themes:<\/strong><\/p>\n<ol>\n<li><strong> The Definitiveness of General Expressions in <\/strong><strong>\u1e24anaf\u012b Legal Theory<\/strong><br \/>\nThis seminar focuses on the foundational \u1e24anaf\u012b principle that general terms (<em>\u02bfum\u016bm<\/em>) carry definitive meaning. Cess\u00e2s justifies this through both linguistic reasoning and the practices of the Companions. Although not all \u1e24anaf\u012b scholars agree, the dominant view supports the idea that unless restricted, general terms entail legal certainty. Even if Ab\u016b \u1e24an\u012bfa didn\u2019t use the term explicitly, his rulings align with this interpretive framework.<\/li>\n<li><strong> Specification and the Nature of Legal Indication<\/strong><br \/>\nCess\u00e2s emphasizes that for a general expression to be specified (<em>takhs\u012b\u1e63<\/em>), the specifying evidence must be equally definitive. Thus, only <em>mutaw\u0101tir<\/em> reports or clear Qur\u2019anic verses can restrict general expressions. Analogical reasoning (<em>qiy\u0101s<\/em>) or solitary reports (<em>\u0101<\/em><em>\u1e25\u0101d<\/em>) are insufficient. Importantly, after specification, the remainder of the general expression still carries its full legal meaning, not as metaphor but as preserved textual significance.<\/li>\n<li><strong> Limiting General Expressions: Specification or Intrinsic Qualification?<\/strong><br \/>\nThe seminar differentiates between external specification and intrinsic limitation. If a qualifying phrase is embedded within the original expression, it is not considered <em>takhs\u012b\u1e63<\/em>. For example, \u201cThe strong believer is more beloved to God\u201d is already a specific expression and not subject to restriction. This protects the integrity and force of general statements.<\/li>\n<li><strong> Implication Through Contrast (<em>Mafh\u016bm al-Mukh\u0101lafah<\/em>) and Legal Utility<\/strong><br \/>\nA major theme is whether a ruling attached to a specific attribute implies the opposite ruling in its absence. Cess\u00e2s contends that such implications are not linguistically binding, as the phrase wasn\u2019t coined to convey that opposite meaning. However, if the expression serves a beneficial purpose\u2014like encouraging ijtih\u0101d\u2014it may be retained. Cess\u00e2s highlights that language scholars\u2019 views are not absolute in determining legal meaning.<\/li>\n<li><strong> Del\u012bl al-Khi<\/strong><strong>\u1e6d\u0101b vs. Fahw\u0101 al-Khi<\/strong><strong>\u1e6d\u0101b<\/strong><br \/>\nCess\u00e2s classifies Del\u012bl al-Khi\u1e6d\u0101b into two forms: (1) indirect implications clarifying ambiguous terms (<em>mujmal<\/em>), and (2) Fahw\u0101 al-Khi\u1e6d\u0101b, meaning logically derived rulings not directly stated. An example is deriving the prohibition of hitting from the verse \u201cDo not even say \u2018ugh\u2019 to them.\u201d Still, Cess\u00e2s insists that such inferences must not override the core meaning or weaken the strength of the original textual evidence.<\/li>\n<\/ol>\n<p><strong>Conclusion:<\/strong><br \/>\nThis seminar explores how Cess\u00e2s articulates a textual, rational, and purposeful approach to interpreting divine language. His theory protects the structural clarity of general expressions, critiques overreliance on implied opposites, and places the utility of revelation at the center of legal interpretation. Future sessions will explore how these principles impact concrete legal rulings.<\/p>\n<p>&nbsp;<\/p>\n<p>&nbsp;<\/p>\n<p>&nbsp;<\/p>\n","protected":false},"excerpt":{"rendered":"<p>\u0130RFAN \u0130NCE: CESS\u00c2S, el-FUS\u00dbl F\u0130&#8217;L-US\u00dbL 3.SEM\u0130NER \u00d6ZET\u0130 Ana Temalar: Umumun [&hellip;]<\/p>\n","protected":false},"author":1,"featured_media":0,"parent":0,"menu_order":0,"comment_status":"closed","ping_status":"closed","template":"","meta":{"footnotes":""},"class_list":["post-4710","page","type-page","status-publish","hentry"],"jetpack_sharing_enabled":true,"_links":{"self":[{"href":"https:\/\/klasikdusunceokulu.com\/index.php\/wp-json\/wp\/v2\/pages\/4710","targetHints":{"allow":["GET"]}}],"collection":[{"href":"https:\/\/klasikdusunceokulu.com\/index.php\/wp-json\/wp\/v2\/pages"}],"about":[{"href":"https:\/\/klasikdusunceokulu.com\/index.php\/wp-json\/wp\/v2\/types\/page"}],"author":[{"embeddable":true,"href":"https:\/\/klasikdusunceokulu.com\/index.php\/wp-json\/wp\/v2\/users\/1"}],"replies":[{"embeddable":true,"href":"https:\/\/klasikdusunceokulu.com\/index.php\/wp-json\/wp\/v2\/comments?post=4710"}],"version-history":[{"count":1,"href":"https:\/\/klasikdusunceokulu.com\/index.php\/wp-json\/wp\/v2\/pages\/4710\/revisions"}],"predecessor-version":[{"id":4711,"href":"https:\/\/klasikdusunceokulu.com\/index.php\/wp-json\/wp\/v2\/pages\/4710\/revisions\/4711"}],"wp:attachment":[{"href":"https:\/\/klasikdusunceokulu.com\/index.php\/wp-json\/wp\/v2\/media?parent=4710"}],"curies":[{"name":"wp","href":"https:\/\/api.w.org\/{rel}","templated":true}]}}