{"id":4712,"date":"2025-04-23T12:45:10","date_gmt":"2025-04-23T09:45:10","guid":{"rendered":"https:\/\/klasikdusunceokulu.com\/?page_id=4712"},"modified":"2025-04-23T12:45:10","modified_gmt":"2025-04-23T09:45:10","slug":"irfan-ince-cessas-el-fusul-fil-usul-4-seminer-ozeti","status":"publish","type":"page","link":"https:\/\/klasikdusunceokulu.com\/index.php\/irfan-ince-cessas-el-fusul-fil-usul-4-seminer-ozeti\/","title":{"rendered":"\u0130RFAN \u0130NCE: CESS\u00c2S, el-FUS\u00dbl F\u0130&#8217;L-US\u00dbL 4. SEM\u0130NER \u00d6ZET\u0130"},"content":{"rendered":"<p><strong>\u0130RFAN \u0130NCE: CESS\u00c2S, el-FUS\u00dbl F\u0130&#8217;L-US\u00dbL 4. SEM\u0130NER \u00d6ZET\u0130<\/strong><\/p>\n<p><strong>Ana Temalar:<\/strong><\/p>\n<ol>\n<li><strong> M\u00fccmel Laf\u0131zlar ve Asgar\u00ee Uygulanabilirlik Kriteri<\/strong><br \/>\nDersin temel konusu, m\u00fccmel laf\u0131zlar\u0131n tan\u0131m\u0131 ve uygulama bi\u00e7imidir. Cess\u00e2s, m\u00fccmel lafz\u0131 ikiye ay\u0131r\u0131r: anlam\u0131 hi\u00e7 anla\u015f\u0131lamayan ve hi\u00e7bir \u015fekilde uygulanamayan (\u00f6rnek: \u201chak\u201d lafz\u0131), ve asgar\u00ee d\u00fczeyde anlam ifade eden ama daha fazlas\u0131n\u0131n kast edilip edilmedi\u011fi belirsiz olan. Cess\u00e2s\u2019a g\u00f6re bir laf\u0131zla asgar\u00ee bir i\u015flem yap\u0131labiliyorsa, laf\u0131z m\u00fccmellikten kurtulmu\u015f say\u0131l\u0131r; ancak fazlal\u0131k i\u00e7in a\u00e7\u0131klamaya ihtiya\u00e7 varsa, bu k\u0131s\u0131m h\u00e2l\u00e2 m\u00fccmeldir. B\u00f6ylelikle a\u00e7\u0131klama geldi\u011finde bu, yeni bir h\u00fck\u00fcm de\u011fil, lafz\u0131n a\u00e7\u0131klanmas\u0131 olarak kabul edilir.<\/li>\n<li><strong> Lafz\u0131n Del\u00e2let Etti\u011fi Asgari ve Azami Anlamlar Aras\u0131ndaki Ay\u0131r\u0131m<\/strong><br \/>\nCess\u00e2s, \u201cadamlar\u201d gibi \u00e7o\u011ful ifadelerle ilgili \u00f6rnekler vererek, lafz\u0131n ifade etti\u011fi asgar\u00ee anlam\u0131n (\u00f6rne\u011fin \u201c\u00fc\u00e7 adam\u201d) yerine getirilmesiyle y\u00fck\u00fcml\u00fcl\u00fc\u011f\u00fcn tamamland\u0131\u011f\u0131n\u0131, ancak fazlas\u0131n\u0131n m\u00fccmellik te\u015fkil etti\u011fini savunur. Bu anlay\u0131\u015f, f\u0131k\u0131h uygulamalar\u0131nda m\u00fckellefin belirsizlik durumunda minimum d\u00fczeyi esas almas\u0131n\u0131 sa\u011flar. B\u00f6ylece lafz\u0131n geni\u015f anlam d\u00fcnyas\u0131nda karine olmadan \u00e7o\u011ful yorumlara ba\u015fvurulmaz.<\/li>\n<li><strong> Lafz\u0131n Zahir\u00ee Anlam\u0131na Dayal\u0131 F\u0131kh\u00ee Uygulamalar ve Tart\u0131\u015fmalar<\/strong><br \/>\nCess\u00e2s, Hanef\u00ee mezhebine ait baz\u0131 f\u0131kh\u00ee \u00f6rnekleri tart\u0131\u015farak m\u00fccmel laf\u0131zlar\u0131n pratikte nas\u0131l de\u011ferlendirildi\u011fini ortaya koyar. \u00d6rne\u011fin \u201ce\u015fimi bo\u015fa\u201d ifadesiyle tek bir bo\u015faman\u0131n murat edildi\u011fi, ancak \u00fc\u00e7 bo\u015famaya da ihtimal oldu\u011fu ve a\u00e7\u0131klama ile bu ihtimalin netle\u015ftirilebilece\u011fi ifade edilir. Bu durumda, a\u00e7\u0131klama geldikten sonra yap\u0131lan i\u015flem \u201cnesih\u201d de\u011fil, lafz\u0131n beyan\u0131 kabul edilir.<\/li>\n<li><strong> Sebebe Dayal\u0131 Beyanlar ve Umum Laf\u0131zlar\u0131n Yorumu<\/strong><br \/>\n\u201cEl-ibretu bi-\u02bfum\u016bmi\u2019l-lafz l\u00e2 bi-\u1e2bu\u1e63\u016b\u1e63i\u2019s-sebeb\u201d ilkesi \u00e7er\u00e7evesinde, lafz\u0131n genel anlam\u0131n\u0131n sebebe ba\u011fl\u0131 olarak s\u0131n\u0131rland\u0131r\u0131lamayaca\u011f\u0131 savunulur. Sebebin \u00f6zel olmas\u0131, lafz\u0131n t\u00fcm zamanlara y\u00f6nelik kapsay\u0131c\u0131l\u0131\u011f\u0131n\u0131 bozmaz. Ancak \u00e7ok nadir durumlarda, Hz. Peygamber\u2019in baz\u0131 s\u00f6zlerinin \u00f6zel ba\u011flamlarla s\u0131n\u0131rl\u0131 oldu\u011fu kabul edilir. \u00d6rne\u011fin, \u201csu temizdir, onu hi\u00e7bir \u015fey necis yapmaz\u201d hadisi ba\u011flam\u0131yla anla\u015f\u0131lmal\u0131; aksi takdirde genel bir temizleyici h\u00fck\u00fcm do\u011furur ki bu da f\u0131kh\u00ee dengeleri sarsar.<\/li>\n<li><strong> Del\u00eel-i Hit\u00e2b, Fahv\u00e2\u2019l-Hit\u00e2b ve Mecaz\u00ee Delaletlerde Yorum S\u0131n\u0131r\u0131<\/strong><br \/>\nCess\u00e2s, lafz\u0131n mecaz\u00ee delaleti ve \u201cters anlam\u201d \u00fcretme gibi y\u00f6ntemleri, ancak lafz\u0131n asgar\u00ee anlam\u0131 sabitse ve geni\u015fletici karine varsa me\u015fru kabul eder. Bu anlay\u0131\u015f, Hanef\u00ee gelene\u011fin laf\u0131z-merkezli tutumuyla \u00f6rt\u00fc\u015f\u00fcr. Sorulara verilen cevaplar da lafz\u0131n anlam\u0131n\u0131 daraltmaz, ancak cevab\u0131n soruyu kapsamas\u0131 durumunda bir kay\u0131tlay\u0131c\u0131 etki do\u011furabilir.<\/li>\n<\/ol>\n<p><strong>Sonu\u00e7:<\/strong><br \/>\nBu seminer, Cess\u00e2s\u2019\u0131n laf\u0131z merkezli us\u00fbl yakla\u015f\u0131m\u0131n\u0131n m\u00fccmellik, tahsis, sebep ve beyan ili\u015fkileri \u00fczerinden detayland\u0131r\u0131ld\u0131\u011f\u0131 teorik bir yap\u0131 sunar. Hanef\u00ee mezhebinin, lafz\u0131n asgar\u00ee anlam\u0131 \u00fczerinden y\u00fck\u00fcml\u00fcl\u00fck in\u015fas\u0131, mecaz ve sebebe ba\u011fl\u0131 anlam s\u0131n\u0131rlamalar\u0131na ihtiyatl\u0131 yakla\u015f\u0131m\u0131 a\u00e7\u0131k bi\u00e7imde ortaya konur. Takip eden derslerde bu teorik ilkelerin daha fazla \u00f6rnekle desteklenmesi hedeflenmektedir.<\/p>\n<p><strong>Main Themes:<\/strong><\/p>\n<ol>\n<li><strong> Types of Ambiguous Expressions and Minimum Applicability Principle<\/strong><br \/>\nThe seminar opens with Cess\u00e2s\u2019s classification of <em>mujmal<\/em> (ambiguous) expressions into two categories: those that are completely unintelligible, and those that convey a minimum meaning, yet whose full scope remains unclear. If an expression allows for basic practical implementation, it is no longer considered <em>mujmal<\/em> in that respect. However, any extension beyond that core meaning requires clarification (<em>bay\u0101n<\/em>), which does not count as a new ruling but rather as an explanatory supplement.<\/li>\n<li><strong> Minimum vs. Maximum Meaning in Legal Interpretation<\/strong><br \/>\nCess\u00e2s provides examples involving plural terms like \u201cmen\u201d or \u201cpeople,\u201d arguing that legal responsibility is fulfilled by complying with the minimum understood quantity (e.g., \u201cthree men\u201d), unless further specification is provided. This principle serves to reduce ambiguity in practical legal application and helps prevent overly broad interpretations in the absence of contextual indicators (qar\u0101\u02bein).<\/li>\n<li>Practical Legal Cases and Literal Interpretation<br \/>\nThe seminar explores how <em>mujmal<\/em> expressions function in practical rulings. For instance, the phrase \u201cdivorce my wife\u201d could imply one or three divorces. Cess\u00e2s explains that in such cases, only one is presumed unless clarification follows, which then counts as <em>bay\u0101n<\/em>, not abrogation (<em>naskh<\/em>). This demonstrates how the Hanef\u012b school maintains textual consistency through minimum interpretive thresholds.<\/li>\n<li><strong> Cause-Based Context and General Legal Language<\/strong><br \/>\nThe principle \u201c<em>al-<\/em><em>\u02bfibrah bi-<\/em><em>\u02bfum<\/em><em>\u016bm al-laf<\/em><em>\u1e93 l\u0101 bi-khu\u1e63\u016b\u1e63 al-sabab<\/em>\u201d is reaffirmed, meaning that the generality of a legal term is not limited by the specific reason of revelation. However, Cess\u00e2s allows for exceptions in rare cases where the Prophet\u2019s words clearly targeted a specific event. For example, the hadith \u201cWater is pure and nothing defiles it\u201d should be understood contextually, or it may produce overly broad rulings about purity that contradict other legal principles.<\/li>\n<li><strong> <em>Dal\u012bl al-Khi<\/em><\/strong><strong><em>\u1e6d\u0101b<\/em>, <em>Fahw\u0101 al-Khi<\/em><\/strong><strong><em>\u1e6d\u0101b<\/em>, and Interpretive Boundaries<\/strong><br \/>\nCess\u00e2s evaluates cases of metaphorical meaning and implied rulings cautiously. Reverse meaning inference (<em>mafh\u016bm al-mukh\u0101lafah<\/em>) is only acceptable when the core literal meaning is already established. Responses to specific questions from the Prophet also do not automatically restrict the ruling unless the question inherently limits the scope. The Hanef\u012b approach thus prioritizes the stability of the text over speculative extensions.<\/li>\n<\/ol>\n<p><strong>Conclusion:<\/strong><br \/>\nThis seminar offers a detailed view of how the Hanef\u012b legal methodology treats ambiguity, clarification, causality, and metaphorical inference. Cess\u00e2s emphasizes that legal obligations must arise from expressions that convey clear minimum meanings, while any broader applications must be supported by textual or contextual indicators. This reinforces the Hanef\u012b school\u2019s commitment to a disciplined, language-based approach to legal interpretation, which will be further developed in the upcoming sessions through additional examples and applications.<\/p>\n<p>&nbsp;<\/p>\n","protected":false},"excerpt":{"rendered":"<p>\u0130RFAN \u0130NCE: CESS\u00c2S, el-FUS\u00dbl F\u0130&#8217;L-US\u00dbL 4. SEM\u0130NER \u00d6ZET\u0130 Ana Temalar: [&hellip;]<\/p>\n","protected":false},"author":1,"featured_media":0,"parent":0,"menu_order":0,"comment_status":"closed","ping_status":"closed","template":"","meta":{"footnotes":""},"class_list":["post-4712","page","type-page","status-publish","hentry"],"jetpack_sharing_enabled":true,"_links":{"self":[{"href":"https:\/\/klasikdusunceokulu.com\/index.php\/wp-json\/wp\/v2\/pages\/4712","targetHints":{"allow":["GET"]}}],"collection":[{"href":"https:\/\/klasikdusunceokulu.com\/index.php\/wp-json\/wp\/v2\/pages"}],"about":[{"href":"https:\/\/klasikdusunceokulu.com\/index.php\/wp-json\/wp\/v2\/types\/page"}],"author":[{"embeddable":true,"href":"https:\/\/klasikdusunceokulu.com\/index.php\/wp-json\/wp\/v2\/users\/1"}],"replies":[{"embeddable":true,"href":"https:\/\/klasikdusunceokulu.com\/index.php\/wp-json\/wp\/v2\/comments?post=4712"}],"version-history":[{"count":1,"href":"https:\/\/klasikdusunceokulu.com\/index.php\/wp-json\/wp\/v2\/pages\/4712\/revisions"}],"predecessor-version":[{"id":4713,"href":"https:\/\/klasikdusunceokulu.com\/index.php\/wp-json\/wp\/v2\/pages\/4712\/revisions\/4713"}],"wp:attachment":[{"href":"https:\/\/klasikdusunceokulu.com\/index.php\/wp-json\/wp\/v2\/media?parent=4712"}],"curies":[{"name":"wp","href":"https:\/\/api.w.org\/{rel}","templated":true}]}}