{"id":4734,"date":"2025-04-23T20:40:21","date_gmt":"2025-04-23T17:40:21","guid":{"rendered":"https:\/\/klasikdusunceokulu.com\/?page_id=4734"},"modified":"2025-04-23T20:40:21","modified_gmt":"2025-04-23T17:40:21","slug":"aliye-kovanlikayadescartes-okumalarimeditasyonlar-5-seminer-ozeti","status":"publish","type":"page","link":"https:\/\/klasikdusunceokulu.com\/index.php\/aliye-kovanlikayadescartes-okumalarimeditasyonlar-5-seminer-ozeti\/","title":{"rendered":"AL\u0130YE KOVANLIKAYA,DESCARTES OKUMALARI:MED\u0130TASYONLAR 5. SEM\u0130NER \u00d6ZET\u0130"},"content":{"rendered":"<p><strong>AL\u0130YE KOVANLIKAYA,DESCARTES OKUMALARI:MED\u0130TASYONLAR 5. SEM\u0130NER \u00d6ZET\u0130<\/strong><\/p>\n<ol>\n<li><strong> Seminerin Amac\u0131 ve \u0130\u00e7eri\u011fi<\/strong><br \/>\nBe\u015finci seminer, ikinci meditasyondaki ben bilinci tart\u0131\u015fmalar\u0131na dair son bir a\u00e7\u0131mlamayla ba\u015flay\u0131p \u00fc\u00e7\u00fcnc\u00fc meditasyonun yakla\u015f\u0131k ilk yar\u0131s\u0131n\u0131 ele almaktad\u0131r. \u00d6zellikle bilincin do\u011fas\u0131, a\u00e7\u0131k-se\u00e7ik idrak kriteri ve idealar\u0131n s\u0131n\u0131fland\u0131r\u0131lmas\u0131 \u00fczerinden Tanr\u0131\u2019n\u0131n varl\u0131\u011f\u0131na dair akli temellerin haz\u0131rlan\u0131\u015f\u0131 hedeflenmektedir. Descartes\u2019in bilginin kesinli\u011fiyle ilgili kriterleri, idealar\u0131n ontolojik stat\u00fcs\u00fc ve temsili ger\u00e7eklik d\u00fczeyi gibi kavramlar detayland\u0131r\u0131larak Tanr\u0131\u2019n\u0131n varl\u0131\u011f\u0131na dair kan\u0131tlamaya zemin olu\u015fturulmaktad\u0131r.<\/li>\n<li><strong> Ana Temalar ve Ba\u015fl\u0131klar<\/strong><\/li>\n<\/ol>\n<ol>\n<li><strong>\u0130ki T\u00fcr Ben Bilinci: Do\u011frudan ve Refakat\u00e7i<\/strong><br \/>\nDescartes\u2019te birincisi do\u011frudan benin fark\u0131ndal\u0131\u011f\u0131, ikincisi ise ba\u015fka bir \u015feyi bilme arac\u0131l\u0131\u011f\u0131yla benin fark\u0131na varma anlam\u0131ndaki refakat\u00e7i bilin\u00e7tir. Bu ayr\u0131m, \u00f6zellikle Kant\u2019la birlikte d\u00fc\u015f\u00fcnce tarihinin \u00f6nemli bilin\u00e7 kuramlar\u0131n\u0131n temelini olu\u015fturur.<\/li>\n<li><strong>A\u00e7\u0131k ve Se\u00e7ik \u0130drak Kriteri<\/strong><br \/>\n\u201cD\u00fc\u015f\u00fcn\u00fcyorum, \u00f6yleyse var\u0131m\u201d ifadesi Descartes\u2019in a\u00e7\u0131k ve se\u00e7ik idrak olarak adland\u0131rd\u0131\u011f\u0131 kesin bilginin \u00f6rne\u011fidir. Ancak Descartes, bu idrakin genel bir bilgi \u00f6l\u00e7\u00fct\u00fc olup olamayaca\u011f\u0131n\u0131 tart\u0131\u015f\u0131r. His ve tahayy\u00fcl gibi alanlarda da a\u00e7\u0131k-se\u00e7ik idrak deneyimleri ya\u015fansa da, bu alg\u0131lar\u0131n i\u00e7erik do\u011frulu\u011funu garanti etmedi\u011fini belirtir.<\/li>\n<li><strong>Tanr\u0131\u2019n\u0131n Varl\u0131\u011f\u0131n\u0131n Bilginin Ko\u015fulu Olmas\u0131<\/strong><br \/>\nMatematiksel bilgilerin bile hakiki olabilmesi i\u00e7in Tanr\u0131\u2019n\u0131n varl\u0131\u011f\u0131na ve aldat\u0131c\u0131 olmamas\u0131na ihtiya\u00e7 duyuldu\u011fu savunulur. Bu nedenle Tanr\u0131\u2019n\u0131n varl\u0131\u011f\u0131na dair soru\u015fturma, bilginin t\u00fcm alanlar\u0131n\u0131 temellendirecek nitelikte g\u00f6r\u00fcl\u00fcr.<\/li>\n<li><strong>D\u00fc\u015f\u00fcncelerin S\u0131n\u0131fland\u0131r\u0131lmas\u0131 ve \u0130dealar<\/strong><br \/>\nDescartes d\u00fc\u015f\u00fcnceleri idealar, tutkular (affectiones) ve yarg\u0131lar (judicia) olarak \u00fc\u00e7e ay\u0131r\u0131r. Bu s\u0131n\u0131flama, bilin\u00e7 i\u00e7eri\u011fi hakk\u0131nda yap\u0131lan ilk sistemli ayr\u0131mlardan biridir. \u0130dealar da do\u011fu\u015ftan gelenler, d\u0131\u015f kaynakl\u0131 olanlar ve hayal \u00fcr\u00fcn\u00fc olanlar \u015feklinde \u00fc\u00e7l\u00fc bir tasnife tabi tutulur.<\/li>\n<li><strong>Objektif ve Formal Ger\u00e7eklik Ayr\u0131m\u0131<\/strong><br \/>\nBir idean\u0131n temsil etti\u011fi i\u00e7erik (objektif ger\u00e7eklik), idean\u0131n kendisi (formal ger\u00e7eklik) ile ayr\u0131l\u0131r. \u00d6zellikle Tanr\u0131 ideas\u0131n\u0131n i\u00e7erdi\u011fi m\u00fckemmellik derecesi, onun kayna\u011f\u0131n\u0131n yaln\u0131zca insan olamayaca\u011f\u0131n\u0131 g\u00f6steren bir arg\u00fcman olarak kullan\u0131l\u0131r. Bu ayr\u0131m, Tanr\u0131\u2019n\u0131n varl\u0131\u011f\u0131n\u0131 kan\u0131tlama s\u00fcrecinde temel bir ilkedir.<\/li>\n<li><strong>Do\u011fal I\u015f\u0131k (Lumen Naturale) ve Ak\u0131l<\/strong><br \/>\nDescartes\u2019e g\u00f6re do\u011fal \u0131\u015f\u0131k, akl\u0131n yan\u0131lmaz bir kayna\u011f\u0131d\u0131r. Bu \u0131\u015f\u0131k sayesinde bir \u015feyin nedeni, etkisinden en az onun kadar ger\u00e7eklik ta\u015f\u0131mal\u0131d\u0131r ilkesi elde edilir. Bu ilke, Tanr\u0131 ispat\u0131n\u0131n rasyonel zeminini olu\u015fturur.<\/li>\n<\/ol>\n<ol start=\"3\">\n<li><strong> Sonu\u00e7<\/strong><br \/>\nBu seminer, Descartes\u2019in epistemolojik temel aray\u0131\u015f\u0131nda \u00fc\u00e7\u00fcnc\u00fc meditasyona haz\u0131rl\u0131k mahiyetindeki kavramsal ayr\u0131mlar\u0131 ve s\u0131n\u0131flamalar\u0131 derinle\u015ftirir. Tanr\u0131\u2019n\u0131n varl\u0131\u011f\u0131n\u0131n bilginin g\u00fcvenilirli\u011fi a\u00e7\u0131s\u0131ndan zorunlulu\u011fu vurgulanarak idealar \u00fczerinden yap\u0131lan analizlerde temsil edilen i\u00e7eri\u011fin fiili nedeninin yaln\u0131zca insan olamayaca\u011f\u0131 sonucuna yakla\u015f\u0131l\u0131r. Bir sonraki seminerde Tanr\u0131\u2019n\u0131n varl\u0131\u011f\u0131na dair a\u00e7\u0131k arg\u00fcmantasyon ba\u015flayacakt\u0131r.<\/li>\n<\/ol>\n<p>&nbsp;<\/p>\n<ol>\n<li><strong> Purpose and Content of the Seminar<\/strong><br \/>\nThis seminar begins with a final elaboration on the notion of self-awareness in the second meditation and continues through the first half of the third meditation. The session focuses on the nature of consciousness, the criterion of clear and distinct perception, and the classification of ideas, ultimately preparing the ground for Descartes\u2019 argument for the existence of God. Central to this discussion are Descartes\u2019 efforts to ground certain knowledge, the ontological status of ideas, and the concept of objective reality as a representation of being.<\/li>\n<li><strong> Main Themes and Topics<\/strong><\/li>\n<\/ol>\n<ol>\n<li><strong>Two Modes of Self-Consciousness: Immediate and Accompanied<\/strong><br \/>\nDescartes distinguishes between an immediate awareness of the self and a mediated one that arises through knowing something else. This \u201caccompanying consciousness\u201d anticipates later developments in Kant\u2019s transcendental philosophy and the evolution of modern theories of consciousness.<\/li>\n<li><strong>The Criterion of Clear and Distinct Perception<\/strong><br \/>\nThe phrase \u201cI think, therefore I am\u201d is treated as the model of clear and distinct knowledge. Descartes explores whether this kind of perception can serve as a general criterion of truth. Although similar clarity can appear in imagination and sensation, it does not ensure the truth of the perceived content.<\/li>\n<li><strong>The Necessity of God for Knowledge<\/strong><br \/>\nEven mathematical truths require the existence of a non-deceptive God to be considered certain. Descartes posits that without establishing God\u2019s existence, nothing outside the self can be known with absolute certainty.<\/li>\n<li><strong>Classification of Thoughts and Ideas<\/strong><br \/>\nThoughts are divided into three types: ideas, volitions or emotions, and judgments. Ideas themselves are further classified as innate, adventitious (coming from outside), or factitious (produced by the imagination). This early taxonomy of mental content lays the groundwork for later discussions of the structure of consciousness.<\/li>\n<li><strong>Objective and Formal Reality<\/strong><br \/>\nDescartes differentiates between the representative content of an idea (objective reality) and its existence as an idea (formal reality). The idea of God contains a level of objective reality that, Descartes argues, cannot originate from a finite human being, thus requiring a more perfect source.<\/li>\n<li><strong>Natural Light and Rational Evidence<\/strong><br \/>\nThe \u201cnatural light\u201d of reason is infallible, and it reveals that an effect must derive its reality from a cause containing at least as much reality. This foundational principle is essential for constructing a rational proof for the existence of God.<\/li>\n<\/ol>\n<ol start=\"3\">\n<li><strong> Conclusion<\/strong><br \/>\nIn this seminar, Descartes\u2019 epistemological project advances through a series of conceptual distinctions that set the stage for the proof of God\u2019s existence. The analysis of ideas and their content suggests that some representations cannot originate within the finite self alone. The next seminar will begin the actual formulation of the argument for God&#8217;s existence using the conceptual tools established here.<\/li>\n<\/ol>\n<p>&nbsp;<\/p>\n","protected":false},"excerpt":{"rendered":"<p>AL\u0130YE KOVANLIKAYA,DESCARTES OKUMALARI:MED\u0130TASYONLAR 5. SEM\u0130NER \u00d6ZET\u0130 Seminerin Amac\u0131 ve \u0130\u00e7eri\u011fi [&hellip;]<\/p>\n","protected":false},"author":1,"featured_media":0,"parent":0,"menu_order":0,"comment_status":"closed","ping_status":"closed","template":"","meta":{"footnotes":""},"class_list":["post-4734","page","type-page","status-publish","hentry"],"jetpack_sharing_enabled":true,"_links":{"self":[{"href":"https:\/\/klasikdusunceokulu.com\/index.php\/wp-json\/wp\/v2\/pages\/4734","targetHints":{"allow":["GET"]}}],"collection":[{"href":"https:\/\/klasikdusunceokulu.com\/index.php\/wp-json\/wp\/v2\/pages"}],"about":[{"href":"https:\/\/klasikdusunceokulu.com\/index.php\/wp-json\/wp\/v2\/types\/page"}],"author":[{"embeddable":true,"href":"https:\/\/klasikdusunceokulu.com\/index.php\/wp-json\/wp\/v2\/users\/1"}],"replies":[{"embeddable":true,"href":"https:\/\/klasikdusunceokulu.com\/index.php\/wp-json\/wp\/v2\/comments?post=4734"}],"version-history":[{"count":1,"href":"https:\/\/klasikdusunceokulu.com\/index.php\/wp-json\/wp\/v2\/pages\/4734\/revisions"}],"predecessor-version":[{"id":4735,"href":"https:\/\/klasikdusunceokulu.com\/index.php\/wp-json\/wp\/v2\/pages\/4734\/revisions\/4735"}],"wp:attachment":[{"href":"https:\/\/klasikdusunceokulu.com\/index.php\/wp-json\/wp\/v2\/media?parent=4734"}],"curies":[{"name":"wp","href":"https:\/\/api.w.org\/{rel}","templated":true}]}}