{"id":4742,"date":"2025-04-23T20:47:49","date_gmt":"2025-04-23T17:47:49","guid":{"rendered":"https:\/\/klasikdusunceokulu.com\/?page_id=4742"},"modified":"2025-04-23T20:47:49","modified_gmt":"2025-04-23T17:47:49","slug":"aliye-kovanlikayadescartes-okumalarimeditasyonlar-9-seminer-ozeti","status":"publish","type":"page","link":"https:\/\/klasikdusunceokulu.com\/index.php\/aliye-kovanlikayadescartes-okumalarimeditasyonlar-9-seminer-ozeti\/","title":{"rendered":"AL\u0130YE KOVANLIKAYA,DESCARTES OKUMALARI:MED\u0130TASYONLAR 9. SEM\u0130NER \u00d6ZET\u0130"},"content":{"rendered":"<ol>\n<li><strong> Seminerin Amac\u0131 ve \u0130\u00e7eri\u011fi<\/strong><br \/>\nBu seminer, Descartes\u2019\u0131n <em>Alt\u0131nc\u0131 Meditasyonu<\/em>nu ele alarak Meditasyonlar dizisinin son halkas\u0131n\u0131 olu\u015fturur. Ama\u00e7, zihnin cismani d\u00fcnyayla ili\u015fkisini, d\u0131\u015f d\u00fcnyan\u0131n varl\u0131\u011f\u0131na dair ispat\u0131 ve zihnin cisme ba\u011fl\u0131l\u0131\u011f\u0131 sorununu tart\u0131\u015fmakt\u0131r. Descartes, d\u00fc\u015f\u00fcncenin saf bir faaliyet olarak varl\u0131\u011f\u0131 bilmesini cismin bilgisiyle kar\u015f\u0131la\u015ft\u0131r\u0131r; tahayy\u00fcl, his, hat\u0131rlama ve yan\u0131lma gibi zihin kipleri \u00fczerinden beden-zihin ili\u015fkisini mekanik ve metafizik boyutlar\u0131yla \u00e7\u00f6z\u00fcmlemeye \u00e7al\u0131\u015f\u0131r. \u00d6zellikle d\u0131\u015f d\u00fcnyan\u0131n varl\u0131\u011f\u0131na dair ontolojik ve epistemolojik temellendirme, seminerin omurgas\u0131n\u0131 olu\u015fturur.<\/li>\n<li><strong> Ana Temalar ve Ba\u015fl\u0131klar<\/strong><\/li>\n<\/ol>\n<ol>\n<li><strong>Zihin ile Cisim Aras\u0131ndaki Fark ve Ba\u011fl\u0131l\u0131k<\/strong><br \/>\nZihin saf ve b\u00f6l\u00fcnmez bir cevherken, cisim uzaml\u0131 ve b\u00f6l\u00fcnebilir bir yap\u0131ya sahiptir. Descartes, zihnin kendisini saf idrakle bilebilece\u011fini, tahayy\u00fcl ve hissin ise zihnin zorunlu modlar\u0131 olmad\u0131\u011f\u0131n\u0131 belirtir. Ancak zihin, bu kiplerle birlikte cisme ba\u011fl\u0131 olarak i\u015fler; bu ba\u011f, mekanik de\u011fil ontolojik bir birlikteliktir.<\/li>\n<li><strong>Hayal G\u00fcc\u00fc ve Bilginin Do\u011fas\u0131<\/strong><br \/>\nHayal g\u00fcc\u00fc, zihinle cismani ger\u00e7eklik aras\u0131nda bir k\u00f6pr\u00fc i\u015flevi g\u00f6r\u00fcr. Saf idrakten farkl\u0131 olarak tahayy\u00fcl, uzama ve \u015fekle ihtiya\u00e7 duyar. Bu da hayal g\u00fcc\u00fcn\u00fcn yaln\u0131zca cismani olanla ilgili \u00e7al\u0131\u015fabilece\u011fini g\u00f6sterir. Bu ba\u011flamda, zihnin bir cisme ba\u011fl\u0131 olmas\u0131 g\u00fc\u00e7l\u00fc bir varsay\u0131ma d\u00f6n\u00fc\u015f\u00fcr.<\/li>\n<li><strong>D\u0131\u015f D\u00fcnya \u0130spat\u0131 ve Tanr\u0131\u2019n\u0131n Aldatmama Niteli\u011fi<\/strong><br \/>\nZihnin duyular arac\u0131l\u0131\u011f\u0131yla edindi\u011fi idealar\u0131n kayna\u011f\u0131 ya Tanr\u0131 ya da cisimlerdir. Tanr\u0131 aldat\u0131c\u0131 olmad\u0131\u011f\u0131na g\u00f6re, bu idealar\u0131n kayna\u011f\u0131 cisimlerdir. B\u00f6ylece d\u0131\u015f d\u00fcnya Descartes taraf\u0131ndan ispatlanm\u0131\u015f olur. D\u0131\u015f d\u00fcnyadaki cisimler, zihinde do\u011fan idealar\u0131n formal nedenidir.<\/li>\n<li><strong>Zihin-Beden Birli\u011fi ve Hissin \u0130\u015flevi<\/strong><br \/>\nZihinle beden aras\u0131nda kay\u0131k\u00e7\u0131-gemi ili\u015fkisi de\u011fil, \u00e7ok daha derin bir birliktelik vard\u0131r. Zihin, bedenin hazlar\u0131n\u0131 ve ac\u0131lar\u0131n\u0131 do\u011frudan hisseder. Bu durum, zihin ve bedenin ontolojik farkl\u0131l\u0131klar\u0131na ra\u011fmen fonksiyonel bir birlik i\u00e7inde var olduklar\u0131n\u0131 g\u00f6sterir.<\/li>\n<li><strong>Do\u011fa \u00d6\u011fretisi ve Yan\u0131lg\u0131lar<\/strong><br \/>\nDo\u011fa, hazdan ka\u00e7ma ve ac\u0131dan uzakla\u015fma e\u011filimini zihin-beden birlikteli\u011fini korumak i\u00e7in \u00f6\u011fretir. Ancak bu \u00f6\u011freti her zaman do\u011fru sonu\u00e7 vermez. Hisler, her zaman g\u00fcvenilir bilgi vermez; bu nedenle idrak, haf\u0131za ve duyular aras\u0131 denetimle do\u011frulama yap\u0131lmal\u0131d\u0131r.<\/li>\n<li><strong>Epifiz Bezi ve Mekanik Temsil<\/strong><br \/>\nZihin, bedenin yaln\u0131zca beyin i\u00e7indeki k\u00fc\u00e7\u00fck bir noktas\u0131 (epifiz) arac\u0131l\u0131\u011f\u0131yla ba\u011flant\u0131 kurar. Sinir sistemi bir t\u00fcr kukla mekanizmas\u0131 gibi \u00e7al\u0131\u015f\u0131r. Ayn\u0131 beyin hareketi farkl\u0131 kaynaklardan gelebilir, bu da zihin-beden ili\u015fkisinde hata pay\u0131n\u0131 a\u00e7\u0131klar (\u00f6rne\u011fin hayalet uzuvlar).<\/li>\n<li><strong>Yan\u0131lg\u0131lar\u0131n Kayna\u011f\u0131 ve \u0130drakin Rehberli\u011fi<\/strong><br \/>\nYan\u0131lg\u0131lar, do\u011frudan \u00f6zel bir yan\u0131lma yetisinden de\u011fil, do\u011fru kullan\u0131lamayan genel yetilerden kaynaklan\u0131r. Hisler tek ba\u015f\u0131na yan\u0131lt\u0131c\u0131 olabilir; ancak haf\u0131za, duyular aras\u0131 k\u0131yaslama ve saf idrak yoluyla bu yan\u0131lg\u0131lar d\u00fczeltilir.<\/li>\n<\/ol>\n<ol start=\"3\">\n<li><strong> Sonu\u00e7<\/strong><br \/>\nDokuzuncu seminer, t\u00fcm meditasyonlar\u0131n felsefi ba\u011flam\u0131n\u0131 toparlayarak d\u0131\u015f d\u00fcnyan\u0131n varl\u0131\u011f\u0131n\u0131, zihin-beden ili\u015fkisini ve bilginin g\u00fcvenli\u011fini temellendirir. Descartes\u2019e g\u00f6re, t\u00fcm \u015f\u00fcphe hipotezleri art\u0131k sadece g\u00fcl\u00fcn\u00e7tir; zihin do\u011frudan kendini bilebilir, d\u0131\u015f d\u00fcnyay\u0131 temsili idealarla anlayabilir, ve Tanr\u0131\u2019n\u0131n aldatmayan do\u011fas\u0131 sayesinde hakikate ula\u015f\u0131labilir. B\u00f6ylece Descartes\u2019in sisteminde bilgi, varl\u0131k ve Tanr\u0131 aras\u0131nda kurulan \u00fc\u00e7l\u00fc yap\u0131 tamamlanm\u0131\u015f olur.<\/li>\n<\/ol>\n<p>&nbsp;<\/p>\n<ol>\n<li><strong> Purpose and Content of the Seminar<\/strong><br \/>\nThis final seminar focuses on the <em>Sixth Meditation<\/em>, concluding the Descartes series with a comprehensive exploration of the relationship between the mind and the corporeal world. The primary objective is to investigate the existence of external bodies, the nature of imagination and sensation, and the ontological basis of mind-body unity. Descartes distinguishes between pure intellection and imagination, addresses the reliability of sensory knowledge, and constructs a proof for the existence of the external world grounded in God&#8217;s veracity. The seminar also elaborates on the mechanisms of error and the functionality of the senses within the composite nature of the human being.<\/li>\n<li><strong> Main Themes and Topics<\/strong><\/li>\n<\/ol>\n<ol start=\"3\">\n<li><strong>Distinction and Connection Between Mind and Body<\/strong><br \/>\nThe mind is an indivisible, thinking substance, while the body is extended and divisible. Though they differ in nature, Descartes affirms a strong ontological connection. Imagination and sensation are not essential to the mind, yet they operate as its modes when the mind is joined with the body.<\/li>\n<li><strong>Imagination and Its Epistemic Role<\/strong><br \/>\nImagination requires extension and shape, linking it inherently to corporeal entities. While the mind can grasp mathematical essences without visualization, imagination is tied to the presence of a body, implying a probable union between mind and a physical organ.<\/li>\n<li><strong>Proof of the External World and God\u2019s Veracity<\/strong><br \/>\nSensory ideas must originate from either God, external bodies, or something superior. Since God does not deceive, and these ideas present themselves involuntarily, they must come from actual material substances. This forms Descartes\u2019 proof for the existence of the external world.<\/li>\n<li><strong>Mind-Body Union and the Nature of Sensation<\/strong><br \/>\nThe human mind is not related to the body like a pilot to a ship, but rather deeply intertwined. Sensations like hunger or pain are not just perceptions but deeply affective experiences indicating the intimate nature of the union between body and soul.<\/li>\n<li><strong>Natural Teachings and Sources of Error<\/strong><br \/>\nNature teaches the mind to seek pleasure and avoid pain, preserving the integrity of the mind-body composite. However, this guidance can be faulty\u2014illness, for example, may cause harmful desires. The reliability of natural instincts must be checked by memory, reason, and other senses.<\/li>\n<li><strong>Epiphysis and Mechanical Model of Sensation<\/strong><br \/>\nDescartes posits that the mind connects to a specific part of the brain\u2014the pineal gland. Bodily sensations are transferred mechanically, and misplacement of stimuli can cause phantom sensations. This model explains errors such as phantom limb pain through the mechanics of nervous transmission.<\/li>\n<li><strong>Sources of Error and the Role of the Intellect<\/strong><br \/>\nError does not stem from a special faculty but from misuse of general faculties. Sensory deception is corrected by cross-checking with memory, rational judgment, and sensory comparison. Pure intellect, when used correctly, helps restore the path to truth even when sensations fail.<\/li>\n<li><strong> Conclusion<\/strong><br \/>\nThis final seminar synthesizes the central metaphysical and epistemological claims of Descartes\u2019 <em>Meditations<\/em>. The existence of external bodies is proven through the coherence of sensory ideas and the non-deceptive nature of God. The mind-body union is shown to be both intimate and functional, with error stemming from misinterpretation rather than faulty faculties. Descartes\u2019 philosophical system is thus completed, having overcome radical doubt and established the foundations of knowledge, being, and divine reliability.<\/li>\n<\/ol>\n","protected":false},"excerpt":{"rendered":"<p>Seminerin Amac\u0131 ve \u0130\u00e7eri\u011fi Bu seminer, Descartes\u2019\u0131n Alt\u0131nc\u0131 Meditasyonunu ele [&hellip;]<\/p>\n","protected":false},"author":1,"featured_media":0,"parent":0,"menu_order":0,"comment_status":"closed","ping_status":"closed","template":"","meta":{"footnotes":""},"class_list":["post-4742","page","type-page","status-publish","hentry"],"jetpack_sharing_enabled":true,"_links":{"self":[{"href":"https:\/\/klasikdusunceokulu.com\/index.php\/wp-json\/wp\/v2\/pages\/4742","targetHints":{"allow":["GET"]}}],"collection":[{"href":"https:\/\/klasikdusunceokulu.com\/index.php\/wp-json\/wp\/v2\/pages"}],"about":[{"href":"https:\/\/klasikdusunceokulu.com\/index.php\/wp-json\/wp\/v2\/types\/page"}],"author":[{"embeddable":true,"href":"https:\/\/klasikdusunceokulu.com\/index.php\/wp-json\/wp\/v2\/users\/1"}],"replies":[{"embeddable":true,"href":"https:\/\/klasikdusunceokulu.com\/index.php\/wp-json\/wp\/v2\/comments?post=4742"}],"version-history":[{"count":1,"href":"https:\/\/klasikdusunceokulu.com\/index.php\/wp-json\/wp\/v2\/pages\/4742\/revisions"}],"predecessor-version":[{"id":4743,"href":"https:\/\/klasikdusunceokulu.com\/index.php\/wp-json\/wp\/v2\/pages\/4742\/revisions\/4743"}],"wp:attachment":[{"href":"https:\/\/klasikdusunceokulu.com\/index.php\/wp-json\/wp\/v2\/media?parent=4742"}],"curies":[{"name":"wp","href":"https:\/\/api.w.org\/{rel}","templated":true}]}}