{"id":4757,"date":"2025-04-23T21:38:46","date_gmt":"2025-04-23T18:38:46","guid":{"rendered":"https:\/\/klasikdusunceokulu.com\/?page_id=4757"},"modified":"2025-04-23T21:38:46","modified_gmt":"2025-04-23T18:38:46","slug":"oguz-haslakogluplaton-devlet-6-seminer-ozeti","status":"publish","type":"page","link":"https:\/\/klasikdusunceokulu.com\/index.php\/oguz-haslakogluplaton-devlet-6-seminer-ozeti\/","title":{"rendered":"O\u011eUZ HA\u015eLAKO\u011eLU:PLATON, DEVLET 6. SEM\u0130NER \u00d6ZET\u0130"},"content":{"rendered":"<p><strong>O\u011eUZ HA\u015eLAKO\u011eLU:PLATON, DEVLET 6. SEM\u0130NER \u00d6ZET\u0130<\/strong><\/p>\n<ol>\n<li><strong>Seminerin Amac\u0131 ve \u0130\u00e7eri\u011fi<\/strong><br \/>\nAlt\u0131nc\u0131 seminer, Platon\u2019un <em>Philebos<\/em> diyalo\u011funa odaklanarak haz ve ac\u0131 meselesi \u00fczerinden hem etik hem ontolojik hem de epistemolojik bir a\u00e7\u0131l\u0131m sunar. Ha\u015flako\u011flu, <em>Philebos<\/em>\u2019un yaln\u0131zca hazza indirgenemeyecek bir ya\u015fam tasavvurunu tart\u0131\u015ft\u0131\u011f\u0131n\u0131, ayn\u0131 zamanda Platon&#8217;un temel felsefi kavramlar\u0131n\u0131 (eidos, genos, hen\u2013polla, peras\u2013apeiron, logos, systema) sahneye koyarak d\u00fc\u015f\u00fcncenin tasnif edici i\u015fleyi\u015fini g\u00f6sterdi\u011fini vurgular. Hazlar\u0131n ve ac\u0131lar\u0131n s\u0131n\u0131rs\u0131z yap\u0131s\u0131 ile d\u00fc\u015f\u00fcncenin s\u0131n\u0131rlay\u0131c\u0131 y\u00f6n\u00fc aras\u0131ndaki gerilim, seminerin merkezinde yer al\u0131r.<\/li>\n<li><strong> Ana Temalar ve Ba\u015fl\u0131klar<\/strong><\/li>\n<\/ol>\n<ol>\n<li><strong>Haz\u2013Ac\u0131 Problemi ve Ya\u015fam\u0131n Niteli\u011fi<\/strong><br \/>\n<em>Philebos<\/em>\u2019un temel sorusu \u201cNas\u0131l bir hayat ger\u00e7ekten mutluluk getirir?\u201ddir. Ha\u015flako\u011flu, bu sorunun y\u00fczeysel hazc\u0131 yorumlardan \u00f6teye ge\u00e7erek, haz ve ac\u0131n\u0131n \u00f6l\u00e7\u00fclemez do\u011fas\u0131n\u0131, s\u0131n\u0131rs\u0131zl\u0131\u011f\u0131n\u0131 ve ruhun (ps\u00fckhe) yap\u0131sal katmanlar\u0131yla ili\u015fkisini a\u00e7\u0131\u011fa \u00e7\u0131kard\u0131\u011f\u0131n\u0131 savunur.<\/li>\n<li><strong>Eidos\u2013Genos\u2013Logos \u00dc\u00e7geni ve Diyalektik Y\u00f6ntem<\/strong><br \/>\nDiyalektik y\u00f6ntemin Platon\u2019daki bi\u00e7imi, sinagoge (birle\u015ftirme) ve diairesis (ay\u0131rma) ilkelerine dayan\u0131r. Eidos ve Genos\u2019un Aristoteles\u2019teki t\u00fcr\u2013cins modelinin aksine, Platon\u2019da noetik ve diyanoetik d\u00fczeyler aras\u0131nda kuruldu\u011fu belirtilir. Eidos, varl\u0131\u011f\u0131n birli\u011fini temsil ederken, genos yap\u0131land\u0131r\u0131c\u0131 i\u015flev g\u00f6r\u00fcr.<\/li>\n<li><strong>Bir\u2013\u00c7ok (Hen\u2013Polla) ve S\u0131n\u0131rs\u0131zl\u0131k\u2013S\u0131n\u0131r (Apeiron\u2013Peras)<\/strong><br \/>\nHaz\u2013ac\u0131 ili\u015fkisi, Platon\u2019un ontolojik \u00e7er\u00e7evesinde hen-polla ve peras\u2013apeiron kar\u015f\u0131tl\u0131klar\u0131 \u00fczerinden tart\u0131\u015f\u0131l\u0131r. Bu kar\u015f\u0131tl\u0131klar, Parmenides diyalo\u011fundaki b\u00fct\u00fcn-par\u00e7a ili\u015fkisiyle birlikte a\u00e7\u0131klan\u0131r. Her t\u00fcr bilgi, bu ayr\u0131mlar\u0131n fark edilmesi ve sistematize edilmesiyle m\u00fcmk\u00fcnd\u00fcr.<\/li>\n<li><strong>Say\u0131n\u0131n Kurucu Rol\u00fc ve Bilgi Yap\u0131s\u0131<\/strong><br \/>\nPlaton\u2019un bilgi anlay\u0131\u015f\u0131, nicelik (posa) ve nitelik (poios) fark\u0131yla tan\u0131mlan\u0131r. Ha\u015flako\u011flu, Galileo\u2019nun \u201cevrenin dili matematiktir\u201d ifadesini <em>Philebos<\/em>\u2019ta yank\u0131layan bir pasaj\u0131 analiz ederek, say\u0131 arac\u0131l\u0131\u011f\u0131yla kavranmayan hi\u00e7bir s\u0131n\u0131rs\u0131zl\u0131\u011f\u0131n bilgelik do\u011furmayaca\u011f\u0131n\u0131 vurgular.<\/li>\n<li><strong>Ses, Oran ve Geometrik G\u00fczellik<\/strong><br \/>\nSesin s\u0131n\u0131rs\u0131z bir t\u00f6z olmas\u0131 ama ancak say\u0131yla (ve logosla) kavranabilir hale geli\u015fi, Platon\u2019un estetik, dil ve bilgi anlay\u0131\u015f\u0131 ba\u011flam\u0131nda i\u015flenir. Geometrik formlar\u0131n (\u00fc\u00e7gen, kare vb.) bizatihi g\u00fczel olarak d\u00fc\u015f\u00fcn\u00fclmesi, \u0130slam sanat\u0131 (\u00f6zellikle mukarnas yap\u0131lar\u0131) ve Bat\u0131 estetik tarihine dair kar\u015f\u0131la\u015ft\u0131rmalarla a\u00e7\u0131mlan\u0131r.<\/li>\n<\/ol>\n<ol start=\"3\">\n<li><strong> Sonu\u00e7<\/strong><br \/>\nSeminer, Platon\u2019un <em>Philebos<\/em> diyalo\u011funun y\u00fczeydeki ahlaki tart\u0131\u015fmalar\u0131n \u00f6tesine ge\u00e7erek, \u00e7ok derin ontolojik ve epistemolojik meseleleri i\u015fledi\u011fini ortaya koyar. Haz ve ac\u0131 sadece psikolojik de\u011fil, kavramsal olarak yap\u0131land\u0131r\u0131lm\u0131\u015f alanlard\u0131r. Ha\u015flako\u011flu, bu kavramlar\u0131 disiplinleraras\u0131 bi\u00e7imde; matematik, estetik, fizik ve metafizik ba\u011flamlar\u0131nda okuyarak Platon felsefesinin \u00e7a\u011fda\u015f anlamland\u0131rmalara nas\u0131l a\u00e7\u0131labilece\u011fini \u00f6rneklendirir.<\/li>\n<\/ol>\n<p>&nbsp;<\/p>\n<ol>\n<li><strong> Purpose and Content of the Seminar<\/strong><br \/>\nThis sixth seminar focuses on Plato\u2019s <em>Philebus<\/em> dialogue, offering a multi-layered investigation into the nature of pleasure and pain, not only from an ethical standpoint but also from ontological and epistemological perspectives. Ha\u015flako\u011flu emphasizes that <em>Philebus<\/em> does not simply propose a life of pleasure, but stages core Platonic concepts\u2014such as <em>eidos<\/em>, <em>genos<\/em>, <em>hen\u2013polla<\/em>, <em>peras\u2013apeiron<\/em>, <em>logos<\/em>, and <em>systema<\/em>\u2014to reveal how thought operates by structuring and delimiting experience. The tension between the boundlessness of sensations and the limiting power of reason lies at the heart of the discussion.<\/li>\n<li><strong> Main Themes and Topics<\/strong><\/li>\n<\/ol>\n<ol>\n<li><strong>The Pleasure\u2013Pain Problem and the Nature of a Good Life<\/strong><br \/>\nAt the center of <em>Philebus<\/em> is the question: \u201cWhat kind of life truly brings happiness?\u201d Ha\u015flako\u011flu argues that this is not a superficial hedonistic inquiry. Instead, the dialogue reveals how pleasure and pain are ontologically unlimited phenomena, intimately connected to the layered structure of the soul (<em>psuch\u0113<\/em>).<\/li>\n<li><strong>The Eidos\u2013Genos\u2013Logos Triad and Dialectical Method<\/strong><br \/>\nPlato\u2019s dialectic is grounded in <em>sinagoge<\/em> (collection) and <em>diairesis<\/em> (division). Unlike the Aristotelian genus-species framework, Plato situates <em>eidos<\/em> and <em>genos<\/em> across noetic and dianoetic levels. While <em>eidos<\/em> signifies unity, <em>genos<\/em> plays a formative role within philosophical cognition.<\/li>\n<li><strong>One\u2013Many (Hen\u2013Polla) and Limit\u2013Unlimited (Peras\u2013Apeiron)<\/strong><br \/>\nThe pleasure-pain relation is analyzed within Plato\u2019s ontological dichotomies: one\u2013many and limit\u2013unlimited. These structural contrasts are further contextualized through the <em>Parmenides<\/em> dialogue. All forms of knowledge depend on the recognition and organization of these foundational distinctions.<\/li>\n<li><strong>The Foundational Role of Number in Knowledge<\/strong><br \/>\nPlato\u2019s understanding of knowledge is built upon the distinction between <em>posa<\/em> (quantity) and <em>poios<\/em> (quality). Ha\u015flako\u011flu draws on a passage in <em>Philebus<\/em> that anticipates Galileo\u2019s claim that \u201cthe language of the universe is mathematical,\u201d arguing that without the intervention of number, no form of boundlessness can become intelligible.<\/li>\n<li><strong>Sound, Ratio, and Geometric Beauty<\/strong><br \/>\nSound, though infinite in nature, becomes knowable only through numerical proportion and <em>logos<\/em>. This principle is examined in light of Plato\u2019s aesthetics, language, and epistemology. Geometrical figures\u2014such as triangles and squares\u2014are understood as inherently beautiful. Ha\u015flako\u011flu also draws parallels with Islamic art (notably <em>muqarnas<\/em> structures) and Western aesthetic history.<\/li>\n<\/ol>\n<ol start=\"3\">\n<li><strong> Conclusion<\/strong><br \/>\nThis seminar reveals that <em>Philebus<\/em>, far from being a simple moral treatise on pleasure, unfolds deep ontological and epistemological insights. Pleasure and pain are not merely psychological states but conceptually structured domains. Ha\u015flako\u011flu demonstrates how Plato\u2019s thought can be interpreted across disciplines\u2014from mathematics to aesthetics, physics to metaphysics\u2014offering rich openings for contemporary philosophical engagement.<\/li>\n<\/ol>\n<p>&nbsp;<\/p>\n<p>&nbsp;<\/p>\n","protected":false},"excerpt":{"rendered":"<p>O\u011eUZ HA\u015eLAKO\u011eLU:PLATON, DEVLET 6. SEM\u0130NER \u00d6ZET\u0130 Seminerin Amac\u0131 ve \u0130\u00e7eri\u011fi [&hellip;]<\/p>\n","protected":false},"author":1,"featured_media":0,"parent":0,"menu_order":0,"comment_status":"closed","ping_status":"closed","template":"","meta":{"footnotes":""},"class_list":["post-4757","page","type-page","status-publish","hentry"],"jetpack_sharing_enabled":true,"_links":{"self":[{"href":"https:\/\/klasikdusunceokulu.com\/index.php\/wp-json\/wp\/v2\/pages\/4757","targetHints":{"allow":["GET"]}}],"collection":[{"href":"https:\/\/klasikdusunceokulu.com\/index.php\/wp-json\/wp\/v2\/pages"}],"about":[{"href":"https:\/\/klasikdusunceokulu.com\/index.php\/wp-json\/wp\/v2\/types\/page"}],"author":[{"embeddable":true,"href":"https:\/\/klasikdusunceokulu.com\/index.php\/wp-json\/wp\/v2\/users\/1"}],"replies":[{"embeddable":true,"href":"https:\/\/klasikdusunceokulu.com\/index.php\/wp-json\/wp\/v2\/comments?post=4757"}],"version-history":[{"count":1,"href":"https:\/\/klasikdusunceokulu.com\/index.php\/wp-json\/wp\/v2\/pages\/4757\/revisions"}],"predecessor-version":[{"id":4758,"href":"https:\/\/klasikdusunceokulu.com\/index.php\/wp-json\/wp\/v2\/pages\/4757\/revisions\/4758"}],"wp:attachment":[{"href":"https:\/\/klasikdusunceokulu.com\/index.php\/wp-json\/wp\/v2\/media?parent=4757"}],"curies":[{"name":"wp","href":"https:\/\/api.w.org\/{rel}","templated":true}]}}