{"id":4802,"date":"2025-04-24T00:15:56","date_gmt":"2025-04-23T21:15:56","guid":{"rendered":"https:\/\/klasikdusunceokulu.com\/?page_id=4802"},"modified":"2025-04-24T00:15:56","modified_gmt":"2025-04-23T21:15:56","slug":"oguz-haslakogluplaton-devlet-28-seminer-ozeti","status":"publish","type":"page","link":"https:\/\/klasikdusunceokulu.com\/index.php\/oguz-haslakogluplaton-devlet-28-seminer-ozeti\/","title":{"rendered":"O\u011eUZ HA\u015eLAKO\u011eLU:PLATON, DEVLET 28. SEM\u0130NER \u00d6ZET\u0130"},"content":{"rendered":"<p><strong>O\u011eUZ HA\u015eLAKO\u011eLU:PLATON, DEVLET 28. SEM\u0130NER \u00d6ZET\u0130<\/strong><\/p>\n<ol>\n<li><strong>Seminerin Amac\u0131 ve \u0130\u00e7eri\u011fi<\/strong><br \/>\nBu seminerde Platon\u2019un <em>Sofist<\/em> diyalo\u011fu \u00fczerinden sofistin kimli\u011fi, sim\u00fclasyon sanat\u0131, hakikat ile g\u00f6r\u00fcn\u00fc\u015f aras\u0131ndaki ayr\u0131m ve bu ba\u011flamda varl\u0131k-yokluk sorunu tart\u0131\u015f\u0131l\u0131r. Ha\u015flako\u011flu, Parmenides&#8217;in &#8220;varl\u0131k\u2013yokluk&#8221; dikotomisini merkeze alarak Platon&#8217;un bu ayr\u0131m\u0131 nas\u0131l d\u00f6n\u00fc\u015ft\u00fcrd\u00fc\u011f\u00fcn\u00fc g\u00f6sterir. Sofistin sahte hakikati nas\u0131l kurgulad\u0131\u011f\u0131, \u00f6\u011frencisini nas\u0131l d\u00f6n\u00fc\u015ft\u00fcrd\u00fc\u011f\u00fc ve logosun nas\u0131l mitosa indirgenebilece\u011fi temalar\u0131 \u00fczerinden, Platon\u2019un ontolojisi ve epistemolojisi yeniden yorumlan\u0131r.<\/li>\n<li><strong> Ana Temalar ve Ba\u015fl\u0131klar<\/strong><\/li>\n<\/ol>\n<ol>\n<li><strong>Sofistin Tan\u0131m\u0131 ve Y\u00f6ntem Ele\u015ftirisi<\/strong><br \/>\nSofist, hakikate de\u011fil g\u00f6r\u00fcn\u00fc\u015fe y\u00f6nelen bir fig\u00fcrd\u00fcr. Bilgi \u00fcretmez; bilgiye benzer g\u00f6r\u00fcng\u00fcler \u00fcretir. Platon\u2019a g\u00f6re sofist, ger\u00e7ek bilginin taklidini sunarak gen\u00e7leri aldat\u0131r. Onun y\u00f6ntemi, elenkus gibi g\u00f6r\u00fcnse de hakikati ortaya \u00e7\u0131karmaz; amac\u0131 ay\u0131rt edilmeden y\u00f6ntemi ay\u0131rt edilemez.<\/li>\n<li><strong>Ps\u00fcke, D\u00f6n\u00fc\u015f\u00fcm ve Eylem<\/strong><br \/>\nPs\u00fcke Platon\u2019da merkez\u00eedir; felsefe, ps\u00fckenin d\u00f6n\u00fc\u015f\u00fcm\u00fcd\u00fcr. D\u00f6n\u00fc\u015f\u00fcm yaln\u0131z zihinsel de\u011fil, eylemsel bir harekettir (<em>eksodus<\/em>). Hakikate y\u00f6neli\u015fin ger\u00e7ekle\u015fmesi i\u00e7in ps\u00fckenin cesaret, hikmet, iffet gibi erdemlere kavu\u015fmas\u0131 ve bunlar\u0131 davran\u0131\u015fa d\u00f6kmesi gerekir.<\/li>\n<li><strong>Doxa ve D\u00fc\u015f\u00fcncenin S\u0131n\u0131rlar\u0131<\/strong><br \/>\nDoxa, g\u00f6r\u00fcn\u00fc\u015fle s\u0131n\u0131rl\u0131 olan bilgidir. Platon\u2019da d\u00fc\u015f\u00fcnme yaln\u0131z var olana y\u00f6neliktir; yoklu\u011fu d\u00fc\u015f\u00fcnmek m\u00fcmk\u00fcn de\u011fildir. Sofistin en b\u00fcy\u00fck ill\u00fczyonu, yoklu\u011fu var gibi g\u00f6sterebilmesidir.<\/li>\n<li><strong>Eidolon, Eykon, Fantazma: G\u00f6r\u00fcnt\u00fclerin Ontolojisi<\/strong><br \/>\nPlaton, g\u00f6r\u00fcn\u00fc\u015f\u00fc ikiye ay\u0131r\u0131r: <em>eykastik\u0113<\/em> (modeline sad\u0131k g\u00f6r\u00fcnt\u00fc) ve <em>fantastik\u0113<\/em> (modelden ba\u011f\u0131ms\u0131z hayal). Her ikisi de <em>eidolon<\/em> olarak kabul edilir. Bu ayr\u0131m, sofistin sahte g\u00f6r\u00fcn\u00fc \u00fcretme bi\u00e7imini \u00e7\u00f6z\u00fcmlemek i\u00e7in temeldir.<\/li>\n<li><strong>Logos, Mitos ve Sim\u00fclasyon<\/strong><br \/>\nSofist, logosu mitosa d\u00f6n\u00fc\u015ft\u00fcr\u00fcr. Hakikati ifade eden s\u00f6ylem, sofistin elinde sihirli, b\u00fcy\u00fcleyici bir taklit arac\u0131na d\u00f6n\u00fc\u015f\u00fcr. Bu d\u00f6n\u00fc\u015f\u00fcm sofistin bilgi iddias\u0131n\u0131n i\u00e7eri\u011fini bo\u015falt\u0131r.<\/li>\n<li><strong>Parmenides ve Varl\u0131k\u2013Yokluk Tart\u0131\u015fmas\u0131<\/strong><br \/>\nPlaton, Parmenides\u2019in \u201cya vard\u0131r ya yoktur\u201d ilkesine kar\u015f\u0131, doxan\u0131n varl\u0131k ile yokluk aras\u0131ndaki \u00fc\u00e7\u00fcnc\u00fc bir yol olabilece\u011fini \u00f6nerir. Bu \u00fc\u00e7\u00fcnc\u00fc yol, Platon\u2019un metafizi\u011finin temelini olu\u015fturur; sofistin varl\u0131\u011f\u0131n\u0131 da burada temellendirir.<\/li>\n<li><strong>Epistemolojik Kriz ve Yanl\u0131\u015f Bilgi<\/strong><br \/>\nSofistin sanat\u0131, yanl\u0131\u015f kan\u0131lar \u00fcretir. Bu yanl\u0131\u015fl\u0131k, var olmayan\u0131 var gibi d\u00fc\u015f\u00fcnmekten kaynaklan\u0131r. Doxa bu anlamda hakikatin \u00e7arp\u0131t\u0131lmas\u0131d\u0131r; epistemolojik krizin k\u00f6k\u00fcnde sofistin eylemi yatar.<\/li>\n<\/ol>\n<ol start=\"3\">\n<li><strong> Sonu\u00e7<\/strong><br \/>\nBu seminer, Platon\u2019un <em>Sofist<\/em> diyalo\u011fu arac\u0131l\u0131\u011f\u0131yla, hakikatle temas\u0131 olmayan bilgi formlar\u0131n\u0131n, sim\u00fclasyon ve taklidin, \u00f6zellikle sofistik retori\u011fin felsefi a\u00e7\u0131dan nas\u0131l ayr\u0131\u015ft\u0131r\u0131labilece\u011fini g\u00f6sterir. Ha\u015flako\u011flu\u2019na g\u00f6re sofist, karanl\u0131kta faaliyet g\u00f6steren, doksan\u0131n g\u00f6lgesinde ya\u015fayan bir fig\u00fcrd\u00fcr. Onunla m\u00fccadele etmek, yaln\u0131zca felsef\u00ee de\u011fil, ayn\u0131 zamanda etik ve ontolojik bir \u00e7abad\u0131r.<\/li>\n<\/ol>\n<p>&nbsp;<\/p>\n<ol>\n<li><strong> Purpose and Content of the Seminar<\/strong><br \/>\nThis seminar focuses on Plato\u2019s <em>Sophist<\/em> dialogue, examining the figure of the sophist, the nature of simulation, and the distinction between truth and appearance. Ha\u015flako\u011flu explores how Plato reinterprets Parmenides\u2019 strict dichotomy of being and non-being, proposing a third ontological domain. The sophist is framed as a manipulator of appearances, a constructor of pseudo-truth, whose use of <em>logos<\/em> reduces it to mythos and illusion.<\/li>\n<li><strong> Main Themes and Topics<\/strong><\/li>\n<\/ol>\n<ol start=\"3\">\n<li><strong>The Sophist: Definition and Methodological Deception<\/strong><br \/>\nThe sophist is a figure who substitutes the image of knowledge for knowledge itself. He deceives by mimicking philosophical discourse, offering illusions rather than truths. According to Plato, his intent disqualifies his method\u2014his aim is not truth but persuasion.<\/li>\n<li><strong>The Soul, Transformation, and Ethical Action<\/strong><br \/>\nFor Plato, philosophy is the transformation of the soul (<em>psukh\u0113<\/em>), not merely a theoretical enterprise. This transformation involves virtues\u2014courage, wisdom, temperance\u2014and is enacted through ethical conduct. Philosophy is thus a lived <em>exodus<\/em>, not an abstract exercise.<\/li>\n<li><strong>Doxa and the Limits of Thinking<\/strong><br \/>\n<em>Doxa<\/em> refers to belief restricted to appearance. In Plato, thinking is directed only toward what is. The sophist\u2019s illusion lies in presenting what is not (<em>meon<\/em>) as if it were, thus violating the ontological boundaries of thought.<\/li>\n<li><strong>Eidolon, Eikon, Phantasma: The Ontology of Appearances<\/strong><br \/>\nPlato distinguishes between <em>eikastik\u0113<\/em> (faithful imitation) and <em>phantastik\u0113<\/em> (illusionary mimicry), both subsumed under <em>eidolon<\/em>. This distinction is essential for understanding the sophist&#8217;s deceptive craft and the metaphysics of representation.<\/li>\n<li><strong>Logos into Mythos: The Sophist\u2019s Simulative Speech<\/strong><br \/>\nThe sophist transforms <em>logos<\/em> into <em>mythos<\/em>, draining it of truth and reducing it to rhetorical enchantment. His speech becomes a tool of seduction, not revelation, undermining the philosophical integrity of discourse.<\/li>\n<li><strong>Parmenides and the Being\u2013Non-Being Debate<\/strong><br \/>\nWhile Parmenides insists on a binary\u2014\u201ceither being or non-being\u201d\u2014Plato introduces a mediating domain via <em>doxa<\/em>. This third way allows for the sophist\u2019s existence, as one who operates between being and seeming.<\/li>\n<li><strong>Epistemological Crisis and the Fabrication of Falsehoods<\/strong><br \/>\nThe sophist produces false opinions and epistemic distortions. The root of this falsehood lies in treating the nonexistent as if it existed. In this sense, <em>doxa<\/em> becomes a form of ontological deception and a crisis of knowledge.<\/li>\n<li><strong> Conclusion<\/strong><br \/>\nThrough the <em>Sophist<\/em>, Plato reveals the sophist as a shadow-dweller who generates illusions rather than truth. Ha\u015flako\u011flu argues that confronting the sophist is not just a philosophical task but an ethical and ontological necessity. The seminar positions Platonic philosophy as a struggle against epistemic falsehood and a pursuit of truth that demands both intellectual rigor and moral clarity.<\/li>\n<\/ol>\n<p>&nbsp;<\/p>\n<p>&nbsp;<\/p>\n<p>&nbsp;<\/p>\n<p>&nbsp;<\/p>\n<p>&nbsp;<\/p>\n","protected":false},"excerpt":{"rendered":"<p>O\u011eUZ HA\u015eLAKO\u011eLU:PLATON, DEVLET 28. SEM\u0130NER \u00d6ZET\u0130 Seminerin Amac\u0131 ve \u0130\u00e7eri\u011fi [&hellip;]<\/p>\n","protected":false},"author":1,"featured_media":0,"parent":0,"menu_order":0,"comment_status":"closed","ping_status":"closed","template":"","meta":{"footnotes":""},"class_list":["post-4802","page","type-page","status-publish","hentry"],"jetpack_sharing_enabled":true,"_links":{"self":[{"href":"https:\/\/klasikdusunceokulu.com\/index.php\/wp-json\/wp\/v2\/pages\/4802","targetHints":{"allow":["GET"]}}],"collection":[{"href":"https:\/\/klasikdusunceokulu.com\/index.php\/wp-json\/wp\/v2\/pages"}],"about":[{"href":"https:\/\/klasikdusunceokulu.com\/index.php\/wp-json\/wp\/v2\/types\/page"}],"author":[{"embeddable":true,"href":"https:\/\/klasikdusunceokulu.com\/index.php\/wp-json\/wp\/v2\/users\/1"}],"replies":[{"embeddable":true,"href":"https:\/\/klasikdusunceokulu.com\/index.php\/wp-json\/wp\/v2\/comments?post=4802"}],"version-history":[{"count":1,"href":"https:\/\/klasikdusunceokulu.com\/index.php\/wp-json\/wp\/v2\/pages\/4802\/revisions"}],"predecessor-version":[{"id":4803,"href":"https:\/\/klasikdusunceokulu.com\/index.php\/wp-json\/wp\/v2\/pages\/4802\/revisions\/4803"}],"wp:attachment":[{"href":"https:\/\/klasikdusunceokulu.com\/index.php\/wp-json\/wp\/v2\/media?parent=4802"}],"curies":[{"name":"wp","href":"https:\/\/api.w.org\/{rel}","templated":true}]}}