{"id":4806,"date":"2025-04-24T00:17:01","date_gmt":"2025-04-23T21:17:01","guid":{"rendered":"https:\/\/klasikdusunceokulu.com\/?page_id=4806"},"modified":"2025-04-24T00:17:01","modified_gmt":"2025-04-23T21:17:01","slug":"oguz-haslakogluplaton-devlet-30-seminer-ozeti","status":"publish","type":"page","link":"https:\/\/klasikdusunceokulu.com\/index.php\/oguz-haslakogluplaton-devlet-30-seminer-ozeti\/","title":{"rendered":"O\u011eUZ HA\u015eLAKO\u011eLU:PLATON, DEVLET 30. SEM\u0130NER \u00d6ZET\u0130"},"content":{"rendered":"<p><strong>O\u011eUZ HA\u015eLAKO\u011eLU:PLATON, DEVLET 30. SEM\u0130NER \u00d6ZET\u0130<\/strong><\/p>\n<ol>\n<li><strong>Seminerin Amac\u0131 ve \u0130\u00e7eri\u011fi<\/strong><br \/>\nBu seminerde Ha\u015flako\u011flu, <em>Sofist<\/em> diyalo\u011funun merkezindeki temel ontolojik ayr\u0131mlar\u0131, \u00f6zellikle <em>meon<\/em> (var olmayan), <em>on<\/em> (var olan), <em>tavuton<\/em> (ayn\u0131), <em>tateron<\/em> (ba\u015fka\/farkl\u0131), <em>kinesis<\/em> (hareket), <em>stasis<\/em> (durgunluk), <em>eidos<\/em> ve <em>genos<\/em> gibi kavramlar \u00fczerinden analiz eder. Bu kavramlar\u0131n \u00e7eviri sorunlar\u0131na da de\u011finerek, Platon\u2019un diyalektik y\u00f6nteminin nas\u0131l i\u015fledi\u011fini ve bu y\u00f6ntemin filozof ile sofist ayr\u0131m\u0131n\u0131 nas\u0131l temellendirdi\u011fini tart\u0131\u015f\u0131r. Seminer, \u00f6zellikle <em>meon<\/em> kavram\u0131n\u0131n \u201cyokluk\u201d olarak \u00e7evrilmesinden do\u011fan ontolojik sorunlar\u0131 ve bu \u00e7eviri tercihlerinin Platon d\u00fc\u015f\u00fcncesine etkilerini vurgular.<\/li>\n<li><strong> Ana Temalar ve Ba\u015fl\u0131klar<\/strong><\/li>\n<\/ol>\n<ol>\n<li><strong>Metnin Sahnesi ve D\u00fc\u015f\u00fcnce Tiyatrosu<\/strong><br \/>\nPlaton\u2019un diyalo\u011fu yaln\u0131zca felsefi bir tart\u0131\u015fma de\u011fil, d\u00fc\u015f\u00fcncenin kendisini sahneleyen bir tiyatro olarak ele al\u0131n\u0131r. Ha\u015flako\u011flu, zihnin i\u015fleyi\u015f bi\u00e7imini bu sahneleme yoluyla g\u00f6r\u00fcn\u00fcr k\u0131ld\u0131\u011f\u0131n\u0131 savunur.<\/li>\n<li><strong>Meon ve Ontolojik Kriz<\/strong><br \/>\n<em>Meon<\/em>, Platon\u2019da \u201cvar olmayan\u201d anlam\u0131nda d\u00fc\u015f\u00fcn\u00fcl\u00fcrken, \u00e7evirilerde \u201cyokluk\u201d olarak kar\u015f\u0131lanmas\u0131 ontolojik bir \u00e7arp\u0131tma yarat\u0131r. Bu hata, Platon\u2019un Parmenides\u2019le kurdu\u011fu fark\u0131 silikle\u015ftirir. <em>Meon<\/em>, Platon\u2019un felsefesinde varl\u0131kla ili\u015fkilidir; varl\u0131k olmay\u0131\u015f bi\u00e7iminde bir varl\u0131k tarz\u0131d\u0131r.<\/li>\n<li><strong>Tavuton ve Tateron: \u00d6zde\u015flik ve Farkl\u0131l\u0131k<\/strong><br \/>\nPlaton\u2019un <em>tavuton<\/em> (ayn\u0131\/\u00f6zde\u015f) ve <em>tateron<\/em> (ba\u015fka\/farkl\u0131) kavramlar\u0131 aras\u0131ndaki ili\u015fki, cinslerin ve t\u00fcrlerin (genos\u2013eidos) ayr\u0131m\u0131nda belirleyicidir. Bu kavramlar modern dilde genellikle yeterince kar\u015f\u0131lanamaz; yanl\u0131\u015f \u00e7eviriler, metafizik yap\u0131y\u0131 bozar.<\/li>\n<li><strong>Diyalektike Metodos: Ontolojik Taksonomi<\/strong><br \/>\nPlaton\u2019un <em>diyalektik y\u00f6ntemi<\/em>, mahiyetleri tek tek ayr\u0131\u015ft\u0131rarak (<em>diairesis<\/em>) ve tek bir mahiyet alt\u0131nda toplayarak (<em>s\u00fcnegoge<\/em>) hakikate ula\u015fma yoludur. Bu y\u00f6ntem, yaln\u0131zca bilgi \u00fcretmek de\u011fil, ayn\u0131 zamanda varl\u0131\u011f\u0131 yap\u0131land\u0131rma i\u015flevi g\u00f6r\u00fcr.<\/li>\n<li><strong>Filozof\u2013Sofist Ayr\u0131m\u0131: G\u00f6r\u00fclmezli\u011fin Sebepleri<\/strong><br \/>\nSofist, karanl\u0131kta bar\u0131nd\u0131\u011f\u0131 i\u00e7in; filozof ise \u0131\u015f\u0131\u011f\u0131n par\u0131lt\u0131s\u0131nda g\u00f6z\u00fckmedi\u011fi i\u00e7in g\u00f6r\u00fclemezdir. Bu benzer g\u00f6r\u00fcn\u00fcrl\u00fck sorunu, onlar\u0131n \u00f6zsel farklar\u0131n\u0131 gizleyebilir. Ancak diyalektik y\u00f6ntem, bu farklar\u0131 ay\u0131ran ara\u00e7t\u0131r.<\/li>\n<li><strong>Ses, Harf ve Mahiyet \u0130li\u015fkisi<\/strong><br \/>\nPlaton\u2019un harfler (grammatike) ve m\u00fczik (harmonia) metaforlar\u0131 \u00fczerinden geli\u015ftirdi\u011fi cinslerin kar\u0131\u015fabilirli\u011fi ve uyumsuzlu\u011fu, <em>logos<\/em>un i\u00e7 yap\u0131s\u0131na dair bir \u00f6r\u00fcnt\u00fc sunar. T\u0131pk\u0131 sesli ve sessiz harflerin ili\u015fkisi gibi, varl\u0131k t\u00fcrleri de belirli uyumlar ve ge\u00e7i\u015flerle d\u00fczenlenir.<\/li>\n<li><strong>Heidegger ve Modern Yorumu Ele\u015ftirisi<\/strong><br \/>\nHa\u015flako\u011flu, Heidegger\u2019in Platon yorumuna ele\u015ftirel bir yakla\u015f\u0131m sunar. Ona g\u00f6re Heidegger, varl\u0131\u011f\u0131 d\u00fc\u015f\u00fcncenin konusu yapma \u00e7abas\u0131nda Platon\u2019un \u00f6ncesindeki d\u00fc\u015f\u00fcnceyi \u0131skalar ve <em>meon<\/em>un derinli\u011fini g\u00f6rmezden gelir.<\/li>\n<\/ol>\n<ol start=\"3\">\n<li><strong> Sonu\u00e7<\/strong><br \/>\nHa\u015flako\u011flu\u2019nun bu semineri, Platon\u2019un felsefesindeki <em>meon<\/em>, <em>eidos<\/em>, <em>diyalektik y\u00f6ntem<\/em> gibi kavramlar\u0131n hem \u00e7eviri hem de kavramsal d\u00fczeyde nas\u0131l yanl\u0131\u015f anla\u015f\u0131ld\u0131\u011f\u0131n\u0131 ele alarak; filozofyan\u0131n, Platon\u2019da varl\u0131kla do\u011frudan temas kurma \u00e7abas\u0131 oldu\u011funu ortaya koyar. Felsefe tarihi bu \u00e7er\u00e7evede yaln\u0131zca ge\u00e7mi\u015fin kronolojisi de\u011fil, varl\u0131k sorusunun bug\u00fcn yeniden sorulmas\u0131d\u0131r.<\/li>\n<\/ol>\n<p>&nbsp;<\/p>\n<ol>\n<li><strong> Purpose and Content of the Seminar<\/strong><br \/>\nThis seminar investigates Plato\u2019s <em>Sophist<\/em> through a detailed analysis of key ontological and epistemological concepts including <em>meon<\/em> (non-being), <em>on<\/em> (being), <em>tauton<\/em> (the same), <em>tateron<\/em> (the other), <em>kinesis<\/em> (motion), <em>stasis<\/em> (rest), <em>eidos<\/em>, and <em>genos<\/em>. Ha\u015flako\u011flu focuses on translation issues that have led to metaphysical misreadings\u2014especially the mistranslation of <em>meon<\/em> as &#8220;nothingness.&#8221; The seminar explores how Plato\u2019s dialectical method distinguishes the philosopher from the sophist and how conceptual misinterpretations obscure this crucial distinction.<\/li>\n<li><strong> Main Themes and Topics<\/strong><\/li>\n<\/ol>\n<ol>\n<li><strong>The Scene of the Text: Philosophy as Dramatic Thought<\/strong><br \/>\nPlato\u2019s dialogues are not mere discourses but theatrical stagings of thought itself. Ha\u015flako\u011flu interprets the <em>Sophist<\/em> as a space where philosophical structures are performed and unfolded dynamically in real time.<\/li>\n<li><strong>Meon and the Ontological Crisis<\/strong><br \/>\nContrary to common translations, <em>meon<\/em> does not mean \u201cnon-existence\u201d or \u201cnothingness.\u201d In Plato, <em>meon<\/em> signifies a mode of being related to non-being\u2014a presence in absence. Translating <em>meon<\/em> as &#8220;nothing&#8221; leads to the erasure of Plato\u2019s critical difference from Parmenides.<\/li>\n<li><strong>Tauton and Tateron: Identity and Difference<\/strong><br \/>\nThe relationship between <em>tauton<\/em> and <em>tateron<\/em> underlies the structure of genera (<em>genos<\/em>) and forms (<em>eidos<\/em>). Ha\u015flako\u011flu critiques how modern translations often obscure this ontological architecture by reducing rich distinctions to simplified binaries.<\/li>\n<li><strong>Dialectik\u0113 Methodos: Ontological Taxonomy<\/strong><br \/>\nPlato\u2019s dialectical method is not just an epistemic tool but an ontological one. Through <em>diairesis<\/em> (division) and <em>synag\u014dg\u0113<\/em> (collection), it classifies being and constructs knowledge, ultimately allowing philosophy to distinguish truth from illusion.<\/li>\n<li><strong>Philosopher vs. Sophist: The Visibility Paradox<\/strong><br \/>\nThe sophist hides in darkness; the philosopher is obscured by excessive light. Both are difficult to perceive, but for opposite reasons. The dialectical method, however, makes their essential difference intelligible.<\/li>\n<li><strong>Sound, Letter, and Ontological Structure<\/strong><br \/>\nDrawing on metaphors from grammar and music, Plato compares being to the combination of vowels and consonants. Like linguistic harmony, being is composed of compatible and incompatible elements\u2014a logic that structures both speech and ontology.<\/li>\n<li><strong>Critique of Heidegger and Modern Readings<\/strong><br \/>\nHa\u015flako\u011flu critiques Heidegger\u2019s interpretation of Plato, arguing that Heidegger ignores the complexity of <em>meon<\/em> and misrepresents Plato\u2019s ontological depth. Modern continental philosophy, he contends, often reduces Plato to a pre-Heideggerian shadow.<\/li>\n<\/ol>\n<ol start=\"3\">\n<li><strong> Conclusion<\/strong><br \/>\nThis seminar argues that Plato\u2019s metaphysics must be read through a careful engagement with the structure of <em>meon<\/em>, <em>eidos<\/em>, and dialectical method. Ha\u015flako\u011flu shows how misinterpretations\u2014especially through faulty translations\u2014lead to an erasure of philosophy\u2019s power to distinguish being from appearance. For Plato, philosophy is not merely academic inquiry, but the soul\u2019s struggle to name, articulate, and encounter being in its full depth.<\/li>\n<\/ol>\n<p>&nbsp;<\/p>\n<p>&nbsp;<\/p>\n","protected":false},"excerpt":{"rendered":"<p>O\u011eUZ HA\u015eLAKO\u011eLU:PLATON, DEVLET 30. SEM\u0130NER \u00d6ZET\u0130 Seminerin Amac\u0131 ve \u0130\u00e7eri\u011fi [&hellip;]<\/p>\n","protected":false},"author":1,"featured_media":0,"parent":0,"menu_order":0,"comment_status":"closed","ping_status":"closed","template":"","meta":{"footnotes":""},"class_list":["post-4806","page","type-page","status-publish","hentry"],"jetpack_sharing_enabled":true,"_links":{"self":[{"href":"https:\/\/klasikdusunceokulu.com\/index.php\/wp-json\/wp\/v2\/pages\/4806","targetHints":{"allow":["GET"]}}],"collection":[{"href":"https:\/\/klasikdusunceokulu.com\/index.php\/wp-json\/wp\/v2\/pages"}],"about":[{"href":"https:\/\/klasikdusunceokulu.com\/index.php\/wp-json\/wp\/v2\/types\/page"}],"author":[{"embeddable":true,"href":"https:\/\/klasikdusunceokulu.com\/index.php\/wp-json\/wp\/v2\/users\/1"}],"replies":[{"embeddable":true,"href":"https:\/\/klasikdusunceokulu.com\/index.php\/wp-json\/wp\/v2\/comments?post=4806"}],"version-history":[{"count":1,"href":"https:\/\/klasikdusunceokulu.com\/index.php\/wp-json\/wp\/v2\/pages\/4806\/revisions"}],"predecessor-version":[{"id":4807,"href":"https:\/\/klasikdusunceokulu.com\/index.php\/wp-json\/wp\/v2\/pages\/4806\/revisions\/4807"}],"wp:attachment":[{"href":"https:\/\/klasikdusunceokulu.com\/index.php\/wp-json\/wp\/v2\/media?parent=4806"}],"curies":[{"name":"wp","href":"https:\/\/api.w.org\/{rel}","templated":true}]}}