{"id":4829,"date":"2025-05-05T12:36:52","date_gmt":"2025-05-05T09:36:52","guid":{"rendered":"https:\/\/klasikdusunceokulu.com\/?page_id=4829"},"modified":"2025-05-05T12:36:52","modified_gmt":"2025-05-05T09:36:52","slug":"ayhan-citil-aristoteles-metafizik-okumalari-9-seminer-ozeti","status":"publish","type":"page","link":"https:\/\/klasikdusunceokulu.com\/index.php\/ayhan-citil-aristoteles-metafizik-okumalari-9-seminer-ozeti\/","title":{"rendered":"AYHAN \u00c7\u0130T\u0130L: AR\u0130STOTELES, METAF\u0130Z\u0130K OKUMALARI 9. SEM\u0130NER \u00d6ZET\u0130"},"content":{"rendered":"<p><strong>AYHAN \u00c7\u0130T\u0130L: AR\u0130STOTELES, METAF\u0130Z\u0130K OKUMALARI 9. SEM\u0130NER \u00d6ZET\u0130<\/strong><\/p>\n<p><strong>Ana Temalar:<\/strong><\/p>\n<ol>\n<li><strong>Seminerin Amac\u0131 ve \u0130\u00e7eri\u011fi<\/strong><br \/>\nBu seminer, etik sistemlerin ve geometrik temellerin metafizik yans\u0131malar\u0131n\u0131 derinle\u015ftirir. Ayhan \u00c7itil, Aristoteles\u2019in Platon\u2019un idealar kuram\u0131na y\u00f6nelik ele\u015ftirisini yeniden ele al\u0131r; \u00f6zellikle \u201c\u0130yi\u201d ya da \u201cBir\u201d gibi kavramlar\u0131n etik, bilimsel veya mant\u0131ksal kullan\u0131m\u0131 sorgulan\u0131r. Ahlaki realizm, evrenselcilik ve mutlak de\u011fer anlay\u0131\u015flar\u0131 ba\u011flam\u0131nda de\u011ferlerin \u201ckendinde varl\u0131k\u201da dayan\u0131p dayanmad\u0131\u011f\u0131 tart\u0131\u015f\u0131l\u0131r.<\/li>\n<li><strong>Ana Temalar ve Ba\u015fl\u0131klar<\/strong><\/li>\n<\/ol>\n<ol>\n<li><strong> Ahlak Felsefesi ve Metafizik Temellendirme<\/strong><br \/>\n\u00c7itil, ahlaki nihilizm, g\u00f6recelik ve evrenselcilik ayr\u0131m\u0131n\u0131 a\u00e7\u0131klar. Evrensel ahlak anlay\u0131\u015f\u0131n\u0131n Platoncu anlamda bir \u201ciyi ideas\u0131\u201dna muhta\u00e7 olmad\u0131\u011f\u0131n\u0131 ancak mutlak de\u011ferlerin \u201ckendinde varl\u0131k\u201d kavray\u0131\u015f\u0131na dayand\u0131\u011f\u0131n\u0131 savunur. Bu, <em>Phaidon<\/em>\u2019da Sokrates\u2019in ruhun \u00f6l\u00fcms\u00fczl\u00fc\u011f\u00fcn\u00fc savunurken kulland\u0131\u011f\u0131 metafizik dayanaklarla \u00f6rneklendirilir.<\/li>\n<li><strong> \u201cKendinde Varl\u0131k\u201d\u0131n Ontolojik \u00d6nemi<\/strong><br \/>\nSeminerde, hak, de\u011fer ve haysiyet gibi kavramlar\u0131n ancak a\u015fk\u0131n bir \u201ciyi\u201d ya da \u201cger\u00e7ek\u201dle kurulan zorunlu bir ili\u015fki \u00fczerinden temellendirilebilece\u011fi vurgulan\u0131r. Metafizik d\u00fczlemden kopar\u0131lan etik felsefenin semanti\u011fe indirgenece\u011fi ve realizmle ba\u011f\u0131n\u0131n zay\u0131flayaca\u011f\u0131 ifade edilir.<\/li>\n<li><strong> Geometrik Varl\u0131klar ve Aristoteles\u2019in Ele\u015ftirisi<\/strong><br \/>\nAristoteles\u2019in geometrik varl\u0131klar\u0131 (nokta, \u00e7izgi, y\u00fczey, cisim) Platoncu ideal say\u0131lara indirgeme giri\u015fimine y\u00f6nelik ele\u015ftirisi a\u00e7\u0131klan\u0131r. Say\u0131lar s\u0131ral\u0131 ili\u015fkilerle \u00e7al\u0131\u015f\u0131rken, geometrik varl\u0131klar simetrik yap\u0131larla anlam kazan\u0131r; bu fark, Aristoteles\u2019in kategorik ayr\u0131m \u0131srar\u0131n\u0131 destekler.<\/li>\n<li><strong> Nokta, \u00c7izgi ve Platon\u2019un Belirsizli\u011fi<\/strong><br \/>\nPlaton\u2019un noktay\u0131 bazen \u00e7izgi olarak ele almas\u0131, ontolojik tutars\u0131zl\u0131\u011fa yol a\u00e7ar. Aristoteles\u2019in ele\u015ftirisi, kavramlar\u0131n ait olduklar\u0131 kategorilere sad\u0131k kal\u0131nmas\u0131 gerekti\u011fi y\u00f6n\u00fcndedir.<\/li>\n<li><strong> Geometri ve Metafizik Kriz<\/strong><br \/>\n\u00c7itil, geometri \u00fczerine tart\u0131\u015fmalar\u0131, 19. y\u00fczy\u0131lda geli\u015fen \u00d6klid d\u0131\u015f\u0131 geometriler ba\u011flam\u0131nda geni\u015fletir. Platoncu ya da Aristoteles\u00e7i bir zeminde tek bir geometrinin zorunlu kabul\u00fc art\u0131k m\u00fcmk\u00fcn de\u011fildir.<\/li>\n<li><strong> \u00d6klid D\u0131\u015f\u0131 Geometrilerin Ortaya \u00c7\u0131k\u0131\u015f\u0131<\/strong><br \/>\nLobachevsky, Bolyai, Riemann ve Beltrami gibi isimlerin hiperbolik ve eliptik geometriler geli\u015ftirmesi, geometriye dayal\u0131 metafizik sistemlerin tekil ge\u00e7erlili\u011fini sarsar.<\/li>\n<li><strong> Geometri, Alg\u0131 ve Helmholtz Deneyleri<\/strong><br \/>\nHelmholtz\u2019un \u201cayna evren\u201d gibi d\u00fc\u015f\u00fcnce deneyleri, mek\u00e2n alg\u0131s\u0131n\u0131n farkl\u0131 geometrilerle uyumlu olabilece\u011fini g\u00f6sterir. Sert \u00f6l\u00e7\u00fcm ilkesi, mek\u00e2nsal alg\u0131n\u0131n teorik \u00f6nyarg\u0131larla \u015fekillendi\u011fini ve nesnel geometri varsay\u0131m\u0131n\u0131 zay\u0131flatt\u0131\u011f\u0131n\u0131 ortaya koyar.<\/li>\n<\/ol>\n<ol>\n<li><strong>Sonu\u00e7<\/strong><br \/>\nBu seminer, antik metafizik tart\u0131\u015fmalarla modern epistemolojik ve geometrik krizleri birle\u015ftirir. Geometrik \u00e7o\u011fulluk \u00fczerinden metafizik kesinli\u011fin \u00e7\u00f6k\u00fc\u015f\u00fc g\u00f6sterilirken, metafizik, etik ve matematik aras\u0131ndaki kesi\u015fim yeniden d\u00fc\u015f\u00fcn\u00fcl\u00fcr. Geometri metafizi\u011fi nas\u0131l kurar veya y\u0131kar sorusu, bir sonraki seminerin ana sorunsal\u0131 olacakt\u0131r.<\/li>\n<\/ol>\n<p>&nbsp;<\/p>\n<ol>\n<li><strong>Purpose and Content of the Seminar<\/strong><br \/>\nThis seminar deepens the discussion on the metaphysical implications of ethical systems and geometrical foundations. Ayhan \u00c7itil begins by revisiting Aristotle&#8217;s critique of Platonic Ideas, particularly focusing on whether metaphysical notions like \u201cthe Good\u201d or \u201cthe One\u201d have practical utility in ethics, science, or logic. The lecture transitions into a broader debate about moral realism, universalism, and absolutism, questioning if ethical values require a metaphysical grounding in &#8220;being-in-itself.&#8221;<\/li>\n<li><strong>Main Themes and Titles<\/strong><\/li>\n<\/ol>\n<ol>\n<li><strong> Moral Philosophy and Metaphysical Grounding<\/strong><br \/>\n\u00c7itil distinguishes between moral nihilism, relativism, and universalism. He explains that none of these require the Platonic idea of a self-subsistent good. However, absolute morality does necessitate a connection to \u201cbeing-in-itself.\u201d This is illustrated using Socrates\u2019 defense of the soul\u2019s immortality in <em>Phaedo<\/em>, highlighting how metaphysical beliefs shape ethical commitments.<\/li>\n<li><strong> Ontological Significance of \u201cBeing-in-Itself\u201d<\/strong><br \/>\nThe lecture explores how metaphysical concepts underpin the idea that values, rights, or dignity derive from a necessary relation with the Good or the Real. \u00c7itil argues that ignoring these metaphysical links reduces philosophy to mere semantics or anti-realism.<\/li>\n<li><strong> Geometrical Entities and Aristotelian Critique<\/strong><br \/>\nA central section of the seminar focuses on Aristotle\u2019s critique of the Platonic reduction of geometrical objects to ideal numbers. Aristotle challenges the reducibility of geometrical entities (lines, surfaces, solids) to abstract categories like numbers due to differing relational structures (e.g., symmetry vs. order).<\/li>\n<li><strong> Points, Lines, and Platonic Ambiguity<\/strong><br \/>\nThe lecture analyzes Aristotle\u2019s criticism that Plato treats points ambiguously\u2014not as entities but as indivisible lines\u2014thereby raising ontological problems. Aristotle insists on category-specific metaphysics that maintains structural distinctions.<\/li>\n<li><strong> Geometry and the Metaphysical Crisis<\/strong><br \/>\n\u00c7itil shows how the tension between Platonic and Aristotelian metaphysics culminates in the difficulty of grounding geometry. He anticipates the 19th-century revolution in non-Euclidean geometries, arguing that such developments problematize both Platonic metaphysics and Aristotelian realism.<\/li>\n<li><strong> The Rise of Non-Euclidean Geometries<\/strong><br \/>\nHe presents the work of Lobachevsky, Bolyai, Riemann, and Beltrami, who showed that alternate geometries (hyperbolic and elliptic) are internally consistent. This undermines metaphysical arguments that rely on Euclidean certainty and challenges the uniqueness of metaphysical systems grounded in geometric truths.<\/li>\n<li><strong> Geometry, Perception, and Helmholtz\u2019s Experiments<\/strong><br \/>\n\u00c7itil introduces Helmholtz&#8217;s thought experiments (e.g., the &#8220;mirror universe&#8221;) to argue that perception of space could be compatible with multiple geometric models. Helmholtz&#8217;s principle of &#8220;rigid measurement&#8221; further shows that spatial understanding is theory-laden, undermining metaphysical claims about geometry\u2019s objectivity.<\/li>\n<\/ol>\n<ol>\n<li><strong>Conclusion<\/strong><br \/>\nThis seminar constructs a bridge between ancient metaphysical disputes and modern epistemological and geometrical concerns. By tracking the collapse of metaphysical certainty through geometric pluralism, \u00c7itil signals a deep structural shift in how metaphysics, ethics, and mathematics intersect. The question of how geometry underpins or dismantles metaphysics remains central for the coming discussions.<\/li>\n<\/ol>\n<p>&nbsp;<\/p>\n","protected":false},"excerpt":{"rendered":"<p>AYHAN \u00c7\u0130T\u0130L: AR\u0130STOTELES, METAF\u0130Z\u0130K OKUMALARI 9. SEM\u0130NER \u00d6ZET\u0130 Ana Temalar: [&hellip;]<\/p>\n","protected":false},"author":1,"featured_media":0,"parent":0,"menu_order":0,"comment_status":"closed","ping_status":"closed","template":"","meta":{"footnotes":""},"class_list":["post-4829","page","type-page","status-publish","hentry"],"jetpack_sharing_enabled":true,"_links":{"self":[{"href":"https:\/\/klasikdusunceokulu.com\/index.php\/wp-json\/wp\/v2\/pages\/4829","targetHints":{"allow":["GET"]}}],"collection":[{"href":"https:\/\/klasikdusunceokulu.com\/index.php\/wp-json\/wp\/v2\/pages"}],"about":[{"href":"https:\/\/klasikdusunceokulu.com\/index.php\/wp-json\/wp\/v2\/types\/page"}],"author":[{"embeddable":true,"href":"https:\/\/klasikdusunceokulu.com\/index.php\/wp-json\/wp\/v2\/users\/1"}],"replies":[{"embeddable":true,"href":"https:\/\/klasikdusunceokulu.com\/index.php\/wp-json\/wp\/v2\/comments?post=4829"}],"version-history":[{"count":1,"href":"https:\/\/klasikdusunceokulu.com\/index.php\/wp-json\/wp\/v2\/pages\/4829\/revisions"}],"predecessor-version":[{"id":4830,"href":"https:\/\/klasikdusunceokulu.com\/index.php\/wp-json\/wp\/v2\/pages\/4829\/revisions\/4830"}],"wp:attachment":[{"href":"https:\/\/klasikdusunceokulu.com\/index.php\/wp-json\/wp\/v2\/media?parent=4829"}],"curies":[{"name":"wp","href":"https:\/\/api.w.org\/{rel}","templated":true}]}}