{"id":4849,"date":"2025-05-05T12:48:52","date_gmt":"2025-05-05T09:48:52","guid":{"rendered":"https:\/\/klasikdusunceokulu.com\/?page_id=4849"},"modified":"2025-05-05T12:48:52","modified_gmt":"2025-05-05T09:48:52","slug":"ayhan-citil-aristoteles-metafizik-okumalari-19-seminer-ozeti","status":"publish","type":"page","link":"https:\/\/klasikdusunceokulu.com\/index.php\/ayhan-citil-aristoteles-metafizik-okumalari-19-seminer-ozeti\/","title":{"rendered":"AYHAN \u00c7\u0130T\u0130L: AR\u0130STOTELES, METAF\u0130Z\u0130K OKUMALARI 19. SEM\u0130NER \u00d6ZET\u0130"},"content":{"rendered":"<p><strong>AYHAN \u00c7\u0130T\u0130L: AR\u0130STOTELES, METAF\u0130Z\u0130K OKUMALARI 19. SEM\u0130NER \u00d6ZET\u0130<\/strong><\/p>\n<ol>\n<li><strong> Seminerin Amac\u0131 ve \u0130\u00e7eri\u011fi<br \/>\n<\/strong>Bu seminer, Aristoteles\u2019in <em>Metafizik<\/em> adl\u0131 eserinin \u00fc\u00e7\u00fcnc\u00fc kitab\u0131na ge\u00e7i\u015fi i\u015faret eder ve metafizi\u011fin konusu, kapsam\u0131 ve ilkeleri \u00fczerine geli\u015ftirdi\u011fi 14 temel sorunun \u00e7\u00f6z\u00fcm\u00fcne odaklan\u0131r. Ayhan \u00c7itil, bu sorular\u0131 tematik k\u00fcmelere ay\u0131rarak t\u00f6z, neden, ilkeler, bilginin imk\u00e2n\u0131, bir ve varl\u0131k gibi temel kavramlar \u00e7er\u00e7evesinde felsefi tart\u0131\u015fmalar y\u00fcr\u00fct\u00fcr. Mant\u0131kla metafizik aras\u0131ndaki ili\u015fki de post\u00fcla, aksiyom, hipotez ve tan\u0131m gibi kavramlar \u00fczerinden analiz edilir.<\/li>\n<li><strong> Ana Temalar ve Ba\u015fl\u0131klar<\/strong><\/li>\n<\/ol>\n<ol>\n<li><strong>Metafizi\u011fin Birli\u011fi ve Kapsam\u0131<br \/>\n<\/strong>\u0130lk soru grubu, metafizi\u011fin t\u00fcm nedenleri ve t\u00f6zleri tek bir bilim olarak m\u0131, yoksa farkl\u0131 bilimler yoluyla m\u0131 ele almas\u0131 gerekti\u011fini tart\u0131\u015f\u0131r. \u00c7itil, Aristoteles\u2019in bu konuda ya\u015fad\u0131\u011f\u0131 metodolojik belirsizli\u011fe i\u015faret ederek, metafizi\u011fin konusunun net bi\u00e7imde tan\u0131mlanmas\u0131n\u0131n gereklili\u011fini vurgular.<\/li>\n<li><strong>Duyusal Olmayan T\u00f6zler ve Soyut Varl\u0131klar<br \/>\n<\/strong>Bu b\u00f6l\u00fcmde say\u0131lar, \u015fekiller ve cisimsiz varl\u0131klar\u0131n t\u00f6z olup olamayaca\u011f\u0131 sorgulan\u0131r. Aristoteles, matemati\u011fin kendine \u00f6zg\u00fc bir ontolojik alan\u0131 olup olmad\u0131\u011f\u0131n\u0131 sorar; \u00c7itil, bu sorular\u0131n metafizi\u011fin kapsam\u0131n\u0131 belirleme \u00e7abas\u0131na dayand\u0131\u011f\u0131n\u0131 g\u00f6sterir.<\/li>\n<li><strong>\u0130lkeler ve \u00d6\u011feler: Ontolojik Temel<br \/>\n<\/strong>\u00c7e\u015fitli sorular, ilkelerin t\u00fcrsel mi, bireysel mi yoksa \u00f6\u011fesel mi oldu\u011fu ve bunlar\u0131n potansiyel mi, akt\u00fcel mi kabul edilmesi gerekti\u011fini sorgular. \u00c7itil, bu tart\u0131\u015fmalar\u0131n Aristoteles\u2019in varl\u0131k yap\u0131s\u0131n\u0131 kurmak ad\u0131na y\u00fcr\u00fctt\u00fc\u011f\u00fc metafizik ara\u015ft\u0131rman\u0131n merkezinde yer ald\u0131\u011f\u0131n\u0131 belirtir.<\/li>\n<li><strong>Birlik ve T\u00fcmellik: \u201cBir\u201d ve \u201cVarl\u0131k\u201d\u0131n T\u00f6zl\u00fc\u011f\u00fc<br \/>\n<\/strong>Bu ba\u015fl\u0131kta \u201cbir\u201d ve \u201cvarl\u0131k\u201d kavramlar\u0131n\u0131n en y\u00fcksek cins olup olamayaca\u011f\u0131 tart\u0131\u015f\u0131l\u0131r. Aristoteles\u2019in bu kavramlar\u0131 t\u00fcm var olanlar\u0131 kapsayan anlamda d\u00fc\u015f\u00fcnd\u00fc\u011f\u00fc, fakat sonradan bu kavramlar\u0131n anlamca ortak (analogik) kullan\u0131ld\u0131\u011f\u0131n\u0131 savundu\u011fu a\u00e7\u0131klan\u0131r.<\/li>\n<li><strong>Epistemoloji ve Bilginin M\u00fcmk\u00fcnl\u00fc\u011f\u00fc<br \/>\n<\/strong>Aristoteles, bireylerin \u00e7oklu\u011fu ve \u00e7e\u015fitlili\u011fi kar\u015f\u0131s\u0131nda, evrensel ve zorunlu bilgiye nas\u0131l ula\u015f\u0131labilece\u011fini sorgular. \u00c7itil, bu sorular\u0131n \u00f6zler ve kategoriler olmadan bilginin kurulup kurulamayaca\u011f\u0131na dair modern epistemolojik tart\u0131\u015fmalara kap\u0131 aralad\u0131\u011f\u0131n\u0131 belirtir.<\/li>\n<li><strong>Mant\u0131ksal Yap\u0131lar ve Aksiyomatik Sistemler<br \/>\n<\/strong>Aristoteles\u2019in ilk ilkelere dair sorular\u0131n\u0131n, \u00e7a\u011fda\u015f mant\u0131ktaki post\u00fcla, aksiyom, hipotez ve tan\u0131m kavramlar\u0131yla nas\u0131l ili\u015fkilendirilebilece\u011fini tart\u0131\u015fan \u00c7itil, mant\u0131ksal sistemlerle metafizik yap\u0131lar aras\u0131ndaki yak\u0131nl\u0131\u011f\u0131 ortaya koyar.<\/li>\n<li><strong>Y\u00f6ntem ve Felsefede Soru Sorma Sanat\u0131<br \/>\n<\/strong>Felsefi y\u00f6ntemin temeli olarak soru sormak vurgulan\u0131r. \u00c7itil, Aristoteles\u2019in sorularla ba\u015flama ilkesini merkeze alarak, her felsefi sistemin kendisini kurmadan \u00f6nce \u00e7\u00f6zmeye \u00e7al\u0131\u015ft\u0131\u011f\u0131 problemleri a\u00e7\u0131k\u00e7a form\u00fcle etmesi gerekti\u011fini savunur.<\/li>\n<\/ol>\n<ol start=\"3\">\n<li><strong> Sonu\u00e7<br \/>\n<\/strong>Ayhan \u00c7itil bu seminerde, Aristoteles\u2019in metafizi\u011fe dair y\u00f6neltti\u011fi temel sorular\u0131n yaln\u0131zca tarihsel de\u011fil, ayn\u0131 zamanda sistematik olarak g\u00fcncelli\u011fini korudu\u011funu g\u00f6sterir. Bu sorular\u0131n, hem varl\u0131k hem bilgi d\u00fc\u015f\u00fcncesinin temellerini kurmaya devam etti\u011fini savunur. Felsefenin de\u011feri, yaln\u0131zca verdi\u011fi yan\u0131tlarda de\u011fil, ayn\u0131 zamanda sorular\u0131n kendisinde, yani d\u00fc\u015f\u00fcncenin yap\u0131s\u0131n\u0131 kuran sorgulama bi\u00e7iminde yatar.<\/li>\n<\/ol>\n<p><strong>\u00a0<\/strong><\/p>\n<ol>\n<li><strong> Purpose and Content of the Seminar<\/strong><br \/>\nThis seminar marks the transition to Aristotle\u2019s <em>Metaphysics<\/em>, Book III, and focuses on identifying the fundamental problems that metaphysics must address. Ayhan \u00c7itil guides the audience through Aristotle\u2019s list of fourteen core questions concerning the scope, subject matter, and principles of metaphysics. These questions\u2014ranging from the nature of substance and causality to the possibility of knowledge and the role of first principles\u2014are categorized into thematic clusters, emphasizing both methodological and ontological concerns. The seminar situates these problems within broader philosophical traditions, comparing Aristotle\u2019s positions with modern epistemology, logic, and science.<\/li>\n<li><strong> Main Themes and Topics<\/strong><\/li>\n<\/ol>\n<ol>\n<li><strong>The Scope and Unity of Metaphysics<\/strong><br \/>\nThe first group of questions addresses whether metaphysics investigates all causes, substances, and demonstrative principles under a single science or through multiple sciences. \u00c7itil emphasizes Aristotle\u2019s struggle with the unity of metaphysics and the necessity of defining its exact subject matter and methodological boundaries.<\/li>\n<li><strong>Non-Sensible Substances and Abstract Entities<\/strong><br \/>\nThis section explores whether entities like numbers, geometrical figures, or incorporeal beings qualify as substances. Aristotle, while questioning whether mathematics has its own ontological domain, leans toward excluding such entities from metaphysical substance.<\/li>\n<li><strong>First Principles and Elements: Ontological Foundations<\/strong><br \/>\nSeveral questions focus on whether principles are genera, individuals, or elements, and whether these principles are potential or actual. \u00c7itil explains that Aristotle interrogates the ontological status of principles as a way to determine the metaphysical structure of reality.<\/li>\n<li><strong>Unity and Universality: The \u201cOne\u201d and \u201cBeing\u201d as Substance<\/strong><br \/>\nThis theme investigates whether \u201cbeing\u201d and \u201cone\u201d are the highest genera and whether they can serve as the foundational elements of all that exists. The discussion anticipates Aristotle\u2019s eventual position that these terms function analogically rather than univocally.<\/li>\n<li><strong>Epistemological Concerns and the Possibility of Knowledge<\/strong><br \/>\nIn light of the multitude and particularity of individual beings, Aristotle raises the question of how knowledge\u2014understood as universal and necessary\u2014can arise. \u00c7itil shows how these questions lead into deeper epistemological problems, such as whether knowledge is possible without shared essences or categories.<\/li>\n<li><strong>Logical Structures and Axiomatic Systems<\/strong><br \/>\n\u00c7itil links Aristotle\u2019s questions about first principles to modern concerns about axioms, postulates, hypotheses, and definitions. Drawing on Euclidean geometry and mathematical logic, he shows how metaphysical inquiry intersects with the structure of formal reasoning.<\/li>\n<li><strong>Method and the Role of Questioning in Philosophy<\/strong><br \/>\nA major methodological point is that philosophy must begin by formulating genuine questions. Aristotle\u2019s view\u2014echoed by \u00c7itil\u2014is that no philosophical system can advance without first clarifying the problems it seeks to solve. Hence, the metaphysics of questioning becomes central to metaphysics itself.<\/li>\n<\/ol>\n<ol start=\"3\">\n<li><strong> Conclusion<\/strong><br \/>\nIn this comprehensive seminar, Ayhan \u00c7itil not only presents Aristotle\u2019s foundational metaphysical questions but also situates them within the broader history of philosophy and contemporary logical analysis. The seminar affirms that the value of metaphysical inquiry lies not only in its answers but also in its ability to ask enduring, structurally significant questions. Through this lens, metaphysics remains a live, evolving discipline anchored in the art of rigorous questioning.<\/li>\n<\/ol>\n<p>&nbsp;<\/p>\n","protected":false},"excerpt":{"rendered":"<p>AYHAN \u00c7\u0130T\u0130L: AR\u0130STOTELES, METAF\u0130Z\u0130K OKUMALARI 19. SEM\u0130NER \u00d6ZET\u0130 Seminerin Amac\u0131 [&hellip;]<\/p>\n","protected":false},"author":1,"featured_media":0,"parent":0,"menu_order":0,"comment_status":"closed","ping_status":"closed","template":"","meta":{"footnotes":""},"class_list":["post-4849","page","type-page","status-publish","hentry"],"jetpack_sharing_enabled":true,"_links":{"self":[{"href":"https:\/\/klasikdusunceokulu.com\/index.php\/wp-json\/wp\/v2\/pages\/4849","targetHints":{"allow":["GET"]}}],"collection":[{"href":"https:\/\/klasikdusunceokulu.com\/index.php\/wp-json\/wp\/v2\/pages"}],"about":[{"href":"https:\/\/klasikdusunceokulu.com\/index.php\/wp-json\/wp\/v2\/types\/page"}],"author":[{"embeddable":true,"href":"https:\/\/klasikdusunceokulu.com\/index.php\/wp-json\/wp\/v2\/users\/1"}],"replies":[{"embeddable":true,"href":"https:\/\/klasikdusunceokulu.com\/index.php\/wp-json\/wp\/v2\/comments?post=4849"}],"version-history":[{"count":1,"href":"https:\/\/klasikdusunceokulu.com\/index.php\/wp-json\/wp\/v2\/pages\/4849\/revisions"}],"predecessor-version":[{"id":4850,"href":"https:\/\/klasikdusunceokulu.com\/index.php\/wp-json\/wp\/v2\/pages\/4849\/revisions\/4850"}],"wp:attachment":[{"href":"https:\/\/klasikdusunceokulu.com\/index.php\/wp-json\/wp\/v2\/media?parent=4849"}],"curies":[{"name":"wp","href":"https:\/\/api.w.org\/{rel}","templated":true}]}}