{"id":4926,"date":"2025-05-05T13:37:09","date_gmt":"2025-05-05T10:37:09","guid":{"rendered":"https:\/\/klasikdusunceokulu.com\/?page_id=4926"},"modified":"2025-05-05T13:37:09","modified_gmt":"2025-05-05T10:37:09","slug":"ayhan-citil-aristoteles-metafizik-okumalari-57-seminer-ozeti","status":"publish","type":"page","link":"https:\/\/klasikdusunceokulu.com\/index.php\/ayhan-citil-aristoteles-metafizik-okumalari-57-seminer-ozeti\/","title":{"rendered":"AYHAN \u00c7\u0130T\u0130L: AR\u0130STOTELES, METAF\u0130Z\u0130K OKUMALARI 57. SEM\u0130NER \u00d6ZET\u0130"},"content":{"rendered":"<p><strong>AYHAN \u00c7\u0130T\u0130L: AR\u0130STOTELES, METAF\u0130Z\u0130K OKUMALARI 57. SEM\u0130NER \u00d6ZET\u0130<\/strong><\/p>\n<p><strong>Ana Temalar:<\/strong><\/p>\n<ol>\n<li><strong>Matematiksel Say\u0131lardan Ontolojik Say\u0131ya Ge\u00e7i\u015f<br \/>\n<\/strong>Seminer, Aristoteles\u2019in <em>Metafizik<\/em> XIII. kitab\u0131n\u0131n 6\u20138. b\u00f6l\u00fcmlerine odaklanarak, \u00f6zellikle \u201cidea say\u0131lar\u0131\u201dn\u0131n metafizik stat\u00fcs\u00fcn\u00fc tart\u0131\u015f\u0131r. Say\u0131lar\u0131n varl\u0131k ilkesine d\u00f6n\u00fc\u015f\u00fcp d\u00f6n\u00fc\u015femeyece\u011fi, \u00e7okluk sorununa nas\u0131l cevap verece\u011fi temel sorular olarak \u00f6ne \u00e7\u0131kar. Aristoteles\u2019in Platoncu ve Pisagorcu say\u0131 kuramlar\u0131na y\u00f6neltti\u011fi ele\u015ftiriler ayr\u0131nt\u0131l\u0131 bi\u00e7imde analiz edilir.<\/li>\n<li><strong>Say\u0131 Olu\u015fumuna Dair \u00dc\u00e7 Modelin Ele\u015ftirisi<br \/>\n<\/strong>Aristoteles, say\u0131n\u0131n olu\u015fumuna ili\u015fkin \u00fc\u00e7 temel modeli s\u0131ralar: (a) birimlerin heterojen ve toplanamaz oldu\u011fu model, (b) birimlerin homojen ve toplanabilir oldu\u011fu model, (c) karma model. Her \u00fc\u00e7 yakla\u015f\u0131m da ideal say\u0131lar\u0131n birli\u011fini ve \u00f6zg\u00fcnl\u00fc\u011f\u00fcn\u00fc a\u00e7\u0131klamada yetersiz kal\u0131r. \u00d6zellikle Platoncu anlay\u0131\u015ftaki \u201cideal say\u0131lar\u201d\u0131n bireysellik sorunu \u00f6ne \u00e7\u0131kar.<\/li>\n<li><strong>Birlik, D\u00fc\u015f\u00fcnme ve \u00c7okluk Problemi<br \/>\n<\/strong>Seminerde birlik, d\u00fc\u015f\u00fcnmenin ve dilin zorunlu ko\u015fulu olarak ele al\u0131n\u0131r; ancak birlik, ontolojik olarak \u00e7oklu\u011fu temellendirmeye yetmez. Aristoteles, birli\u011fin kavranabilirli\u011fi sa\u011flad\u0131\u011f\u0131n\u0131 ama \u00e7okluk i\u00e7in fark, ayr\u0131m ve bireyle\u015fmenin a\u00e7\u0131klanmas\u0131 gerekti\u011fini savunur.<\/li>\n<li><strong>Platon ve Pisagorculara Y\u00f6nelik Ontolojik \u0130tirazlar<br \/>\n<\/strong>Pisagorcular\u0131n say\u0131lar\u0131 fiziksel varl\u0131klar\u0131n temeli olarak g\u00f6rmesi, Aristoteles taraf\u0131ndan ele\u015ftirilir. Say\u0131lar\u0131n soyut ve maddesiz yap\u0131lar olarak fiziksel ger\u00e7ekli\u011fi a\u00e7\u0131klayamayaca\u011f\u0131; aralar\u0131ndaki ili\u015fkiyle fiziksel d\u00fczenin a\u00e7\u0131klanamayaca\u011f\u0131 ifade edilir.<\/li>\n<li><strong>Modern Fizikte Matematik ve Ontoloji Sorunu<br \/>\n<\/strong>Seminer, g\u00fcn\u00fcm\u00fczde fiziksel olgular\u0131n say\u0131sal modellerle a\u00e7\u0131klanmas\u0131 prati\u011fine de g\u00f6ndermede bulunur. Bu \u00e7er\u00e7evede matemati\u011fin hakikati mi a\u00e7\u0131\u011fa \u00e7\u0131kard\u0131\u011f\u0131, yoksa sadece g\u00f6zlemleri mi modelledi\u011fi sorgulan\u0131r. Say\u0131n\u0131n varl\u0131k kar\u015f\u0131s\u0131ndaki a\u00e7\u0131klay\u0131c\u0131l\u0131\u011f\u0131 yeniden tart\u0131\u015fmaya a\u00e7\u0131l\u0131r.<\/li>\n<li><strong>\u0130simler, Kimlik ve \u0130lahi D\u00fczen M\u00fcmk\u00fcnl\u00fc\u011f\u00fc<br \/>\n<\/strong>Say\u0131n\u0131n bir t\u00fcr \u201cisim verme\u201d bi\u00e7imi olup olmad\u0131\u011f\u0131 tart\u0131\u015f\u0131l\u0131r. Bu ba\u011flamda Cratylos diyalo\u011fundaki isim\u2013hakikat ili\u015fkisi \u00fczerinden, say\u0131lar\u0131n varl\u0131kla zorunlu mu yoksa ilahi takdirle mi ili\u015fkilendirildi\u011fi sorusu g\u00fcndeme gelir. Adc\u0131l\u0131k (nominalizm) ve ger\u00e7ek\u00e7ilik (realizm) tart\u0131\u015fmas\u0131 a\u00e7\u0131l\u0131r.<\/li>\n<li><strong>Bireyle\u015fme ve Birimlik Sorunu<br \/>\n<\/strong>Bir varl\u0131\u011f\u0131n birim olarak say\u0131labilir olmas\u0131, onun bireyli\u011finin a\u00e7\u0131k olmas\u0131yla m\u00fcmk\u00fcnd\u00fcr. Ancak Aristoteles\u2019e g\u00f6re canl\u0131 varl\u0131klar ba\u015fta olmak \u00fczere t\u00fcm t\u00f6zler, say\u0131lamayan bir birlik g\u00f6sterir. Say\u0131larla a\u00e7\u0131klanamayan birli\u011fin canl\u0131l\u0131kta zirveye \u00e7\u0131kt\u0131\u011f\u0131 savunulur.<\/li>\n<\/ol>\n<p><strong>Sonu\u00e7:<br \/>\n<\/strong>Bu seminer, say\u0131lar\u0131n ontolojik a\u00e7\u0131klay\u0131c\u0131l\u0131\u011f\u0131na y\u00f6nelik kapsaml\u0131 bir sorgulama sunar. Aristoteles\u2019in, matematiksel modellerin varl\u0131\u011f\u0131 a\u00e7\u0131klamadaki s\u0131n\u0131rlar\u0131na dair ele\u015ftirileri, hem klasik metafizi\u011fin derinli\u011fini hem de \u00e7a\u011fda\u015f bilim felsefesiyle olan gerilimlerini ortaya koyar. Takip eden seminerlerde \u00e7okluk, bireyle\u015fme ve \u00f6z gibi kavramlar\u0131n daha da derinle\u015ftirilmesi beklenmektedir.<\/p>\n<p><strong>\u00a0<\/strong><\/p>\n<ol>\n<li><strong> Purpose and Content of the Seminar<\/strong><br \/>\nThis seminar delves into Book XIII of Aristotle\u2019s <em>Metaphysics<\/em>, particularly chapters 6 through 8, focusing on the metaphysical status of numbers, especially &#8220;idea numbers,&#8221; and their ontological relevance in explaining multiplicity and the structure of reality. Ayhan \u00c7itil examines how Aristotle critically evaluates the Platonist and Pythagorean theories of numbers as principles of being, questioning the feasibility of such positions.<\/li>\n<li><strong> Main Themes and Headings<\/strong><\/li>\n<\/ol>\n<ol>\n<li><strong>Transition from Mathematical to Ontological Number Theories<\/strong><br \/>\nThe discussion transitions from earlier critiques of Platonic ideas to an examination of numbers as ontological entities. Aristotle questions whether numbers, as ideal or real substances, can account for the multiplicity in being, particularly criticizing their inability to serve as efficient causes.<\/li>\n<li><strong>Three Models of Number Construction<\/strong><br \/>\nAristotle outlines three possible conceptions of number formation: (a) units are entirely heterogeneous and cannot be summed, (b) units are homogeneous and additive, and (c) a hybrid model where some units are summable. He critiques all models, especially for their insufficiency in preserving the uniqueness and integrity of ideal numbers.<\/li>\n<li><strong>The Role of Unity and the Problem of Multiplicity<\/strong><br \/>\nThe seminar highlights how unity functions as a condition for thinkability and language, but not as a sufficient ontological principle. Multiplicity, Aristotle argues, cannot be derived merely from a principle of unity; thus, number theories must clarify the nature of difference and individuation.<\/li>\n<li><strong>Platonic and Pythagorean Positions Revisited<\/strong><br \/>\n\u00c7itil revisits Pythagorean claims that numbers are corporeal and can serve as the basis for physical realities. Aristotle challenges this by demanding clarity on how abstract, non-corporeal numbers could account for physical phenomena.<\/li>\n<li><strong>Modern Resonances and Mathematical Modeling of Reality<\/strong><br \/>\nThe seminar explores modern implications of this debate, including the mathematization of physical phenomena and the philosophical status of theoretical terms in physics. It raises questions about whether mathematics reveals ontological truths or simply models observable phenomena.<\/li>\n<li><strong>Names, Identity, and the Ad Possibility of a Divine Order<\/strong><br \/>\nDrawing on Cratylus and other dialogues, \u00c7itil considers whether the assignment of numbers (as names) to beings entails ontological necessity or divine convention. This leads into reflections on nominalism, realism, and divine naming.<\/li>\n<li><strong>The Problem of Individuation and Unity in Beings<\/strong><br \/>\nThe seminar closes by addressing how beings can be counted if their units are not summable. Aristotle\u2019s emphasis on \u201csubstance\u201d (ousia), particularly living beings, foregrounds the irreducibility of life and the limits of numerical ontology in accounting for living unity.<\/li>\n<\/ol>\n<ol start=\"3\">\n<li><strong> Conclusion<\/strong><br \/>\nThis seminar marks a deepening of metaphysical reflection on the nature of number, substance, and the foundation of reality. Aristotle\u2019s critique challenges both ancient and modern assumptions about the explanatory sufficiency of mathematical models, pushing toward a reconsideration of unity, identity, and the grounding of multiplicity. The upcoming sessions promise to explore these foundational questions further in light of both classical metaphysics and modern philosophy of science.<\/li>\n<\/ol>\n<p>&nbsp;<\/p>\n","protected":false},"excerpt":{"rendered":"<p>AYHAN \u00c7\u0130T\u0130L: AR\u0130STOTELES, METAF\u0130Z\u0130K OKUMALARI 57. SEM\u0130NER \u00d6ZET\u0130 Ana Temalar: [&hellip;]<\/p>\n","protected":false},"author":1,"featured_media":0,"parent":0,"menu_order":0,"comment_status":"closed","ping_status":"closed","template":"","meta":{"footnotes":""},"class_list":["post-4926","page","type-page","status-publish","hentry"],"jetpack_sharing_enabled":true,"_links":{"self":[{"href":"https:\/\/klasikdusunceokulu.com\/index.php\/wp-json\/wp\/v2\/pages\/4926","targetHints":{"allow":["GET"]}}],"collection":[{"href":"https:\/\/klasikdusunceokulu.com\/index.php\/wp-json\/wp\/v2\/pages"}],"about":[{"href":"https:\/\/klasikdusunceokulu.com\/index.php\/wp-json\/wp\/v2\/types\/page"}],"author":[{"embeddable":true,"href":"https:\/\/klasikdusunceokulu.com\/index.php\/wp-json\/wp\/v2\/users\/1"}],"replies":[{"embeddable":true,"href":"https:\/\/klasikdusunceokulu.com\/index.php\/wp-json\/wp\/v2\/comments?post=4926"}],"version-history":[{"count":1,"href":"https:\/\/klasikdusunceokulu.com\/index.php\/wp-json\/wp\/v2\/pages\/4926\/revisions"}],"predecessor-version":[{"id":4927,"href":"https:\/\/klasikdusunceokulu.com\/index.php\/wp-json\/wp\/v2\/pages\/4926\/revisions\/4927"}],"wp:attachment":[{"href":"https:\/\/klasikdusunceokulu.com\/index.php\/wp-json\/wp\/v2\/media?parent=4926"}],"curies":[{"name":"wp","href":"https:\/\/api.w.org\/{rel}","templated":true}]}}