{"id":4953,"date":"2025-05-05T15:40:59","date_gmt":"2025-05-05T12:40:59","guid":{"rendered":"https:\/\/klasikdusunceokulu.com\/?page_id=4953"},"modified":"2025-05-05T15:40:59","modified_gmt":"2025-05-05T12:40:59","slug":"ayhan-citil-kant-okumalarisaf-aklin-elestirisi-8-seminer-ozeti","status":"publish","type":"page","link":"https:\/\/klasikdusunceokulu.com\/index.php\/ayhan-citil-kant-okumalarisaf-aklin-elestirisi-8-seminer-ozeti\/","title":{"rendered":"AYHAN \u00c7\u0130T\u0130L: KANT OKUMALARI,SAF AKLIN ELE\u015eT\u0130R\u0130S\u0130 8. SEM\u0130NER \u00d6ZET\u0130"},"content":{"rendered":"<p><strong>AYHAN \u00c7\u0130T\u0130L: KANT OKUMALARI,SAF AKLIN ELE\u015eT\u0130R\u0130S\u0130 8. SEM\u0130NER \u00d6ZET\u0130<\/strong><\/p>\n<p>&nbsp;<\/p>\n","protected":false},"excerpt":{"rendered":"<p>AYHAN \u00c7\u0130T\u0130L: KANT OKUMALARI,SAF AKLIN ELE\u015eT\u0130R\u0130S\u0130 8. SEM\u0130NER \u00d6ZET\u0130 &nbsp;<\/p>\n","protected":false},"author":1,"featured_media":0,"parent":0,"menu_order":0,"comment_status":"closed","ping_status":"closed","template":"","meta":{"footnotes":""},"class_list":["post-4953","page","type-page","status-publish","hentry"],"jetpack_sharing_enabled":true,"_links":{"self":[{"href":"https:\/\/klasikdusunceokulu.com\/index.php\/wp-json\/wp\/v2\/pages\/4953","targetHints":{"allow":["GET"]}}],"collection":[{"href":"https:\/\/klasikdusunceokulu.com\/index.php\/wp-json\/wp\/v2\/pages"}],"about":[{"href":"https:\/\/klasikdusunceokulu.com\/index.php\/wp-json\/wp\/v2\/types\/page"}],"author":[{"embeddable":true,"href":"https:\/\/klasikdusunceokulu.com\/index.php\/wp-json\/wp\/v2\/users\/1"}],"replies":[{"embeddable":true,"href":"https:\/\/klasikdusunceokulu.com\/index.php\/wp-json\/wp\/v2\/comments?post=4953"}],"version-history":[{"count":1,"href":"https:\/\/klasikdusunceokulu.com\/index.php\/wp-json\/wp\/v2\/pages\/4953\/revisions"}],"predecessor-version":[{"id":4954,"href":"https:\/\/klasikdusunceokulu.com\/index.php\/wp-json\/wp\/v2\/pages\/4953\/revisions\/4954"}],"wp:attachment":[{"href":"https:\/\/klasikdusunceokulu.com\/index.php\/wp-json\/wp\/v2\/media?parent=4953"}],"curies":[{"name":"wp","href":"https:\/\/api.w.org\/{rel}","templated":true}]}}