{"id":5012,"date":"2025-05-08T15:52:30","date_gmt":"2025-05-08T12:52:30","guid":{"rendered":"https:\/\/klasikdusunceokulu.com\/?page_id=5012"},"modified":"2025-05-08T16:43:31","modified_gmt":"2025-05-08T13:43:31","slug":"ekrem-demirli-kelabazi-et-taarruf","status":"publish","type":"page","link":"https:\/\/klasikdusunceokulu.com\/index.php\/ekrem-demirli-kelabazi-et-taarruf\/","title":{"rendered":"Ekrem Demirli-Kel\u00e2b\u00e2z\u00ee, et-ta&#8217;arruf"},"content":{"rendered":"<p><a href=\"https:\/\/klasikdusunceokulu.com\/index.php\/ekrem-demirli-kelabazi-et-taarruf-1-seminer-ozeti\/\"><span style=\"color: #3b5163;\"><strong>EKREM DEM\u0130RL\u0130-KEL\u00c2B\u00c2Z\u00ce-et-TA&#8217;ARRUF 1. SEM\u0130NER \u00d6ZET\u0130<\/strong><\/span><\/a><\/p>\n<p><a href=\"https:\/\/klasikdusunceokulu.com\/index.php\/ekrem-demirli-kelabazi-et-taarruf-2-seminer-ozeti\/\"><span style=\"color: #3b5163;\"><strong>EKREM DEM\u0130RL\u0130-KEL\u00c2B\u00c2Z\u00ce-et-TA&#8217;ARRUF 2. SEM\u0130NER \u00d6ZET\u0130<\/strong><\/span><\/a><\/p>\n<p><a href=\"https:\/\/klasikdusunceokulu.com\/index.php\/ekrem-demirli-kelabazi-et-taarruf-3-seminer-ozeti\/\"><span style=\"color: #3b5163;\"><strong>EKREM DEM\u0130RL\u0130-KEL\u00c2B\u00c2Z\u00ce-et-TA&#8217;ARRUF 3. SEM\u0130NER \u00d6ZET\u0130<\/strong><\/span><\/a><\/p>\n<p><a href=\"https:\/\/klasikdusunceokulu.com\/index.php\/ekrem-demirli-kelabazi-et-taarruf-4-seminer-ozeti\/\"><span style=\"color: #3b5163;\"><strong>EKREM DEM\u0130RL\u0130-KEL\u00c2B\u00c2Z\u00ce-et-TA&#8217;ARRUF 4. SEM\u0130NER \u00d6ZET\u0130<\/strong><\/span><\/a><\/p>\n<p><a href=\"https:\/\/klasikdusunceokulu.com\/index.php\/ekrem-demirli-kelabazi-et-taarruf-5-seminer-ozeti\/\"><span style=\"color: #3b5163;\"><strong>EKREM DEM\u0130RL\u0130-KEL\u00c2B\u00c2Z\u00ce-et-TA&#8217;ARRUF 5. SEM\u0130NER \u00d6ZET\u0130<\/strong><\/span><\/a><\/p>\n<p><a href=\"https:\/\/klasikdusunceokulu.com\/index.php\/ekrem-demirli-kelabazi-et-taarruf-6-seminer-ozeti\/\"><span style=\"color: #3b5163;\"><strong>EKREM DEM\u0130RL\u0130-KEL\u00c2B\u00c2Z\u00ce-et-TA&#8217;ARRUF 6. SEM\u0130NER \u00d6ZET\u0130<\/strong><\/span><\/a><\/p>\n<p><a href=\"https:\/\/klasikdusunceokulu.com\/index.php\/ekrem-demirli-kelabazi-et-taarruf-7-seminer-ozeti\/\"><span style=\"color: #3b5163;\"><strong>EKREM DEM\u0130RL\u0130-KEL\u00c2B\u00c2Z\u00ce-et-TA&#8217;ARRUF 7. SEM\u0130NER \u00d6ZET\u0130<\/strong><\/span><\/a><\/p>\n<p><a href=\"https:\/\/klasikdusunceokulu.com\/index.php\/ekrem-demirli-kelabazi-et-taarruf-8-seminer-ozeti\/\"><span style=\"color: #3b5163;\"><strong>EKREM DEM\u0130RL\u0130-KEL\u00c2B\u00c2Z\u00ce-et-TA&#8217;ARRUF 8. SEM\u0130NER \u00d6ZET\u0130<\/strong><\/span><\/a><\/p>\n<p><a href=\"https:\/\/klasikdusunceokulu.com\/index.php\/ekrem-demirli-kelabazi-et-taarruf-9-seminer-ozeti\/\"><span style=\"color: #3b5163;\"><strong>EKREM DEM\u0130RL\u0130-KEL\u00c2B\u00c2Z\u00ce-et-TA&#8217;ARRUF 9. SEM\u0130NER \u00d6ZET\u0130<\/strong><\/span><\/a><\/p>\n<p><a href=\"https:\/\/klasikdusunceokulu.com\/index.php\/ekrem-demirli-kelabazi-et-taarruf-10-seminer-ozeti\/\"><span style=\"color: #3b5163;\"><strong>EKREM DEM\u0130RL\u0130-KEL\u00c2B\u00c2Z\u00ce-et-TA&#8217;ARRUF 10. SEM\u0130NER \u00d6ZET\u0130<\/strong><\/span><\/a><\/p>\n<p><a href=\"https:\/\/klasikdusunceokulu.com\/index.php\/ekrem-demirli-kelabazi-et-taarruf-11-seminer-ozeti\/\"><span style=\"color: #3b5163;\"><strong>EKREM DEM\u0130RL\u0130-KEL\u00c2B\u00c2Z\u00ce-et-TA&#8217;ARRUF 11. SEM\u0130NER \u00d6ZET\u0130<\/strong><\/span><\/a><\/p>\n<p><a href=\"https:\/\/klasikdusunceokulu.com\/index.php\/ekrem-demirli-kelabazi-et-taarruf-12-seminer-ozeti\/\"><span style=\"color: #3b5163;\"><strong>EKREM DEM\u0130RL\u0130-KEL\u00c2B\u00c2Z\u00ce-et-TA&#8217;ARRUF 12. SEM\u0130NER \u00d6ZET\u0130<\/strong><\/span><\/a><\/p>\n<p><a href=\"https:\/\/klasikdusunceokulu.com\/index.php\/ekrem-demirli-kelabazi-et-taarruf-13-seminer-ozeti\/\"><span style=\"color: #3b5163;\"><strong>EKREM DEM\u0130RL\u0130-KEL\u00c2B\u00c2Z\u00ce-et-TA&#8217;ARRUF 13. SEM\u0130NER \u00d6ZET\u0130<\/strong><\/span><\/a><\/p>\n","protected":false},"excerpt":{"rendered":"<p>EKREM DEM\u0130RL\u0130-KEL\u00c2B\u00c2Z\u00ce-et-TA&#8217;ARRUF 1. SEM\u0130NER \u00d6ZET\u0130 EKREM DEM\u0130RL\u0130-KEL\u00c2B\u00c2Z\u00ce-et-TA&#8217;ARRUF 2. SEM\u0130NER \u00d6ZET\u0130 [&hellip;]<\/p>\n","protected":false},"author":1,"featured_media":0,"parent":0,"menu_order":0,"comment_status":"closed","ping_status":"closed","template":"","meta":{"footnotes":""},"class_list":["post-5012","page","type-page","status-publish","hentry"],"jetpack_sharing_enabled":true,"_links":{"self":[{"href":"https:\/\/klasikdusunceokulu.com\/index.php\/wp-json\/wp\/v2\/pages\/5012","targetHints":{"allow":["GET"]}}],"collection":[{"href":"https:\/\/klasikdusunceokulu.com\/index.php\/wp-json\/wp\/v2\/pages"}],"about":[{"href":"https:\/\/klasikdusunceokulu.com\/index.php\/wp-json\/wp\/v2\/types\/page"}],"author":[{"embeddable":true,"href":"https:\/\/klasikdusunceokulu.com\/index.php\/wp-json\/wp\/v2\/users\/1"}],"replies":[{"embeddable":true,"href":"https:\/\/klasikdusunceokulu.com\/index.php\/wp-json\/wp\/v2\/comments?post=5012"}],"version-history":[{"count":5,"href":"https:\/\/klasikdusunceokulu.com\/index.php\/wp-json\/wp\/v2\/pages\/5012\/revisions"}],"predecessor-version":[{"id":5047,"href":"https:\/\/klasikdusunceokulu.com\/index.php\/wp-json\/wp\/v2\/pages\/5012\/revisions\/5047"}],"wp:attachment":[{"href":"https:\/\/klasikdusunceokulu.com\/index.php\/wp-json\/wp\/v2\/media?parent=5012"}],"curies":[{"name":"wp","href":"https:\/\/api.w.org\/{rel}","templated":true}]}}