{"id":5049,"date":"2025-05-08T17:11:33","date_gmt":"2025-05-08T14:11:33","guid":{"rendered":"https:\/\/klasikdusunceokulu.com\/?page_id=5049"},"modified":"2025-05-08T21:01:05","modified_gmt":"2025-05-08T18:01:05","slug":"ercan-alkan-kelabazi-et-taarruf","status":"publish","type":"page","link":"https:\/\/klasikdusunceokulu.com\/index.php\/ercan-alkan-kelabazi-et-taarruf\/","title":{"rendered":"Ercan Alkan-Kel\u00e2b\u00e2z\u00ee, et-ta&#8217;arruf"},"content":{"rendered":"<p><a href=\"https:\/\/klasikdusunceokulu.com\/index.php\/ercan-alkan-kelabazi-et-taarruf-1-seminer-ozeti\/\"><span style=\"color: #3b5163;\"><strong>ERCAN ALKAN-<\/strong><\/span><span style=\"color: #3b5163;\"><strong>KEL\u00c2B\u00c2Z\u00ce-et-TA&#8217;ARRUF 1. SEM\u0130NER \u00d6ZET\u0130<\/strong><\/span><\/a><\/p>\n<p><a href=\"https:\/\/klasikdusunceokulu.com\/index.php\/ercan-alkan-kelabazi-et-taarruf-2-seminer-ozeti\/\"><span style=\"color: #3b5163;\"><strong>ERCAN ALKAN-<\/strong><\/span><span style=\"color: #3b5163;\"><strong>KEL\u00c2B\u00c2Z\u00ce-et-TA&#8217;ARRUF 2. SEM\u0130NER \u00d6ZET\u0130<\/strong><\/span><\/a><\/p>\n<p><a href=\"https:\/\/klasikdusunceokulu.com\/index.php\/ercan-alkan-kelabazi-et-taarruf-3-seminer-ozeti\/\"><span style=\"color: #3b5163;\"><strong>ERCAN ALKAN-<\/strong><\/span><span style=\"color: #3b5163;\"><strong>KEL\u00c2B\u00c2Z\u00ce-et-TA&#8217;ARRUF 3. SEM\u0130NER \u00d6ZET\u0130<\/strong><\/span><\/a><\/p>\n","protected":false},"excerpt":{"rendered":"<p>ERCAN ALKAN-KEL\u00c2B\u00c2Z\u00ce-et-TA&#8217;ARRUF 1. SEM\u0130NER \u00d6ZET\u0130 ERCAN ALKAN-KEL\u00c2B\u00c2Z\u00ce-et-TA&#8217;ARRUF 2. SEM\u0130NER \u00d6ZET\u0130 [&hellip;]<\/p>\n","protected":false},"author":1,"featured_media":0,"parent":0,"menu_order":0,"comment_status":"closed","ping_status":"closed","template":"","meta":{"footnotes":""},"class_list":["post-5049","page","type-page","status-publish","hentry"],"jetpack_sharing_enabled":true,"_links":{"self":[{"href":"https:\/\/klasikdusunceokulu.com\/index.php\/wp-json\/wp\/v2\/pages\/5049","targetHints":{"allow":["GET"]}}],"collection":[{"href":"https:\/\/klasikdusunceokulu.com\/index.php\/wp-json\/wp\/v2\/pages"}],"about":[{"href":"https:\/\/klasikdusunceokulu.com\/index.php\/wp-json\/wp\/v2\/types\/page"}],"author":[{"embeddable":true,"href":"https:\/\/klasikdusunceokulu.com\/index.php\/wp-json\/wp\/v2\/users\/1"}],"replies":[{"embeddable":true,"href":"https:\/\/klasikdusunceokulu.com\/index.php\/wp-json\/wp\/v2\/comments?post=5049"}],"version-history":[{"count":3,"href":"https:\/\/klasikdusunceokulu.com\/index.php\/wp-json\/wp\/v2\/pages\/5049\/revisions"}],"predecessor-version":[{"id":5058,"href":"https:\/\/klasikdusunceokulu.com\/index.php\/wp-json\/wp\/v2\/pages\/5049\/revisions\/5058"}],"wp:attachment":[{"href":"https:\/\/klasikdusunceokulu.com\/index.php\/wp-json\/wp\/v2\/media?parent=5049"}],"curies":[{"name":"wp","href":"https:\/\/api.w.org\/{rel}","templated":true}]}}