{"id":5060,"date":"2025-05-09T12:23:09","date_gmt":"2025-05-09T09:23:09","guid":{"rendered":"https:\/\/klasikdusunceokulu.com\/?page_id=5060"},"modified":"2025-05-09T12:23:09","modified_gmt":"2025-05-09T09:23:09","slug":"h-bayram-baser-kelabazi-taarruf","status":"publish","type":"page","link":"https:\/\/klasikdusunceokulu.com\/index.php\/h-bayram-baser-kelabazi-taarruf\/","title":{"rendered":"H. Bayram Ba\u015fer, Kelabazi, Ta&#8217;arruf,"},"content":{"rendered":"<p><a href=\"https:\/\/klasikdusunceokulu.com\/index.php\/5062-2\/\"><span style=\"color: #3b5163;\"><strong>HACI BAYRAM BA\u015eER, KEL\u00c2B\u00c2Z\u00ce, et-TA&#8217;ARRUF 1. SEM\u0130NER \u00d6ZET\u0130<\/strong><\/span><\/a><\/p>\n<p><a href=\"https:\/\/klasikdusunceokulu.com\/index.php\/haci-bayram-baser-kelabazi-et-taarruf-2-seminer-ozeti\/\"><span style=\"color: #3b5163;\"><strong>HACI BAYRAM BA\u015eER, KEL\u00c2B\u00c2Z\u00ce, et-TA&#8217;ARRUF 2. SEM\u0130NER \u00d6ZET\u0130<\/strong><\/span><\/a><\/p>\n<p><a href=\"https:\/\/klasikdusunceokulu.com\/index.php\/haci-bayram-baser-kelabazi-et-taarruf-3-seminer-ozeti\/\"><span style=\"color: #3b5163;\"><strong>HACI BAYRAM BA\u015eER, KEL\u00c2B\u00c2Z\u00ce, et-TA&#8217;ARRUF 3. SEM\u0130NER \u00d6ZET\u0130<\/strong><\/span><\/a><\/p>\n","protected":false},"excerpt":{"rendered":"<p>HACI BAYRAM BA\u015eER, KEL\u00c2B\u00c2Z\u00ce, et-TA&#8217;ARRUF 1. SEM\u0130NER \u00d6ZET\u0130 HACI BAYRAM [&hellip;]<\/p>\n","protected":false},"author":1,"featured_media":0,"parent":0,"menu_order":0,"comment_status":"closed","ping_status":"closed","template":"","meta":{"footnotes":""},"class_list":["post-5060","page","type-page","status-publish","hentry"],"jetpack_sharing_enabled":true,"_links":{"self":[{"href":"https:\/\/klasikdusunceokulu.com\/index.php\/wp-json\/wp\/v2\/pages\/5060","targetHints":{"allow":["GET"]}}],"collection":[{"href":"https:\/\/klasikdusunceokulu.com\/index.php\/wp-json\/wp\/v2\/pages"}],"about":[{"href":"https:\/\/klasikdusunceokulu.com\/index.php\/wp-json\/wp\/v2\/types\/page"}],"author":[{"embeddable":true,"href":"https:\/\/klasikdusunceokulu.com\/index.php\/wp-json\/wp\/v2\/users\/1"}],"replies":[{"embeddable":true,"href":"https:\/\/klasikdusunceokulu.com\/index.php\/wp-json\/wp\/v2\/comments?post=5060"}],"version-history":[{"count":1,"href":"https:\/\/klasikdusunceokulu.com\/index.php\/wp-json\/wp\/v2\/pages\/5060\/revisions"}],"predecessor-version":[{"id":5069,"href":"https:\/\/klasikdusunceokulu.com\/index.php\/wp-json\/wp\/v2\/pages\/5060\/revisions\/5069"}],"wp:attachment":[{"href":"https:\/\/klasikdusunceokulu.com\/index.php\/wp-json\/wp\/v2\/media?parent=5060"}],"curies":[{"name":"wp","href":"https:\/\/api.w.org\/{rel}","templated":true}]}}