{"id":5071,"date":"2025-05-09T13:09:57","date_gmt":"2025-05-09T10:09:57","guid":{"rendered":"https:\/\/klasikdusunceokulu.com\/?page_id=5071"},"modified":"2025-05-09T13:09:57","modified_gmt":"2025-05-09T10:09:57","slug":"ekrem-demirli-ebu-talip-mekki-kutul-kulub-havatir-bahsi","status":"publish","type":"page","link":"https:\/\/klasikdusunceokulu.com\/index.php\/ekrem-demirli-ebu-talip-mekki-kutul-kulub-havatir-bahsi\/","title":{"rendered":"EKREM DEM\u0130RL\u0130, EB\u00db TAL\u00ceP MEKK\u00ce, K\u00dbT\u00dc&#8217;L-KUL\u00dbB: HAV\u00c2TIR BAHS\u0130"},"content":{"rendered":"<p><a href=\"https:\/\/klasikdusunceokulu.com\/index.php\/ekrem-demirli-ebu-talip-mekki-kutul-kulub-havatir-bahsi-1-seminer-ozeti\/\"><span style=\"color: #3b5163;\"><strong>EKREM DEM\u0130RL\u0130, EB\u00db TAL\u00ceP MEKK\u00ce, K\u00dbT\u00dc&#8217;L-KUL\u00dbB: HAV\u00c2TIR BAHS\u0130 1. SEM\u0130NER \u00d6ZET\u0130<\/strong><\/span><\/a><\/p>\n<p><a href=\"https:\/\/klasikdusunceokulu.com\/index.php\/ekrem-demirli-ebu-talip-mekki-kutul-kulub-havatir-bahsi-2-seminer-ozeti\/\"><span style=\"color: #3b5163;\"><strong>EKREM DEM\u0130RL\u0130, EB\u00db TAL\u00ceP MEKK\u00ce, K\u00dbT\u00dc&#8217;L-KUL\u00dbB: HAV\u00c2TIR BAHS\u0130 2. SEM\u0130NER \u00d6ZET\u0130<\/strong><\/span><\/a><\/p>\n","protected":false},"excerpt":{"rendered":"<p>EKREM DEM\u0130RL\u0130, EB\u00db TAL\u00ceP MEKK\u00ce, K\u00dbT\u00dc&#8217;L-KUL\u00dbB: HAV\u00c2TIR BAHS\u0130 1. SEM\u0130NER [&hellip;]<\/p>\n","protected":false},"author":1,"featured_media":0,"parent":0,"menu_order":0,"comment_status":"closed","ping_status":"closed","template":"","meta":{"footnotes":""},"class_list":["post-5071","page","type-page","status-publish","hentry"],"jetpack_sharing_enabled":true,"_links":{"self":[{"href":"https:\/\/klasikdusunceokulu.com\/index.php\/wp-json\/wp\/v2\/pages\/5071","targetHints":{"allow":["GET"]}}],"collection":[{"href":"https:\/\/klasikdusunceokulu.com\/index.php\/wp-json\/wp\/v2\/pages"}],"about":[{"href":"https:\/\/klasikdusunceokulu.com\/index.php\/wp-json\/wp\/v2\/types\/page"}],"author":[{"embeddable":true,"href":"https:\/\/klasikdusunceokulu.com\/index.php\/wp-json\/wp\/v2\/users\/1"}],"replies":[{"embeddable":true,"href":"https:\/\/klasikdusunceokulu.com\/index.php\/wp-json\/wp\/v2\/comments?post=5071"}],"version-history":[{"count":1,"href":"https:\/\/klasikdusunceokulu.com\/index.php\/wp-json\/wp\/v2\/pages\/5071\/revisions"}],"predecessor-version":[{"id":5076,"href":"https:\/\/klasikdusunceokulu.com\/index.php\/wp-json\/wp\/v2\/pages\/5071\/revisions\/5076"}],"wp:attachment":[{"href":"https:\/\/klasikdusunceokulu.com\/index.php\/wp-json\/wp\/v2\/media?parent=5071"}],"curies":[{"name":"wp","href":"https:\/\/api.w.org\/{rel}","templated":true}]}}