{"id":5140,"date":"2025-05-09T14:11:15","date_gmt":"2025-05-09T11:11:15","guid":{"rendered":"https:\/\/klasikdusunceokulu.com\/?page_id=5140"},"modified":"2025-05-09T14:55:43","modified_gmt":"2025-05-09T11:55:43","slug":"ekrem-demirlikuseyri-okumalari-30-seminer-ozeti","status":"publish","type":"page","link":"https:\/\/klasikdusunceokulu.com\/index.php\/ekrem-demirlikuseyri-okumalari-30-seminer-ozeti\/","title":{"rendered":"EKREM DEM\u0130RL\u0130,KU\u015eEYR\u0130 OKUMALARI 30. SEM\u0130NER \u00d6ZET\u0130"},"content":{"rendered":"<p><span style=\"color: #333333;\"><strong>EKREM DEM\u0130RL\u0130,KU\u015eEYR\u0130 OKUMALARI 30. SEM\u0130NER \u00d6ZET\u0130<\/strong><\/span><\/p>\n<p><strong>Seminerin Amac\u0131 ve \u0130\u00e7eri\u011fi<\/strong><\/p>\n<p>Bu seminer, tasavvufun merkez\u00ee kavramlar\u0131ndan biri olan &#8220;tevekk\u00fcl&#8221;\u00fc hem teorik hem tarihsel bir ba\u011flamda ele alarak, tevekk\u00fcl\u00fcn irade, r\u0131za ve teslimiyetle ili\u015fkisini a\u00e7\u0131klamay\u0131 ve \u00f6zellikle modern d\u00f6nemde tevekk\u00fcl\u00fcn yanl\u0131\u015f anla\u015f\u0131lmas\u0131 \u00fczerine ele\u015ftirel bir de\u011ferlendirme sunmay\u0131 ama\u00e7lamaktad\u0131r.<\/p>\n<p><strong>Ana Temalar ve Ba\u015fl\u0131klar<\/strong><\/p>\n<ol>\n<li><strong>Tevekk\u00fcl\u00fcn Anlam\u0131 ve Katmanlar\u0131<\/strong><\/li>\n<\/ol>\n<p>Demirli, tevekk\u00fcl\u00fcn sadece Allah\u2019a vekil tayin etmek de\u011fil, asl\u0131nda ilahi tasarrufun idraki oldu\u011funu belirtir. Tevekk\u00fcl, bir g\u00f6rev iadesi olarak, insana verilen emaneti tekrar Allah\u2019a b\u0131rakma s\u00fcreciyle tan\u0131mlan\u0131r. Bu ba\u011flamda iki kademeli bir tevekk\u00fcl anlay\u0131\u015f\u0131 sunar: \u00f6nce fiil\u00ee anlamda g\u00f6rev Allah\u2019a b\u0131rak\u0131l\u0131r, sonra ise zaten O\u2019nun tasarruf etti\u011fini idrak eden bir teslimiyet seviyesi ba\u015flar.<\/p>\n<ol start=\"2\">\n<li><strong>Tasavvufun Ba\u015flang\u0131c\u0131 ve Ak\u0131lla Tevekk\u00fcl\u00fcn Gerilimi<\/strong><\/li>\n<\/ol>\n<p>Tasavvufun tevekk\u00fclle birlikte \u015fekillendi\u011fi belirtilir. Akl\u0131n kar-zarar merkezli yap\u0131s\u0131na kar\u015f\u0131l\u0131k tasavvuf, kar ve zarar\u0131n Allah\u2019tan geldi\u011fini kabul ederek farkl\u0131 bir ontolojik d\u00fczlemde hareket eder. Bu y\u00f6n\u00fcyle tevekk\u00fcl, ak\u0131lla kurulan tedbir d\u00fc\u015f\u00fcncesine alternatif bir varl\u0131k anlay\u0131\u015f\u0131 sunar.<\/p>\n<ol start=\"3\">\n<li><strong>Tevekk\u00fcl\u00fcn Sosyoekonomik Yans\u0131malar\u0131 ve Ele\u015ftirisi<\/strong><\/li>\n<\/ol>\n<p>Tevekk\u00fcl\u00fcn tarihsel s\u00fcre\u00e7te \u00e7al\u0131\u015fma hayat\u0131 ve mai\u015fetle ili\u015fkisi tart\u0131\u015f\u0131l\u0131r. Erken d\u00f6nem sufilerde tevekk\u00fcl, ge\u00e7im kayg\u0131s\u0131n\u0131 ve \u00e7al\u0131\u015fmay\u0131 reddeden bir miskinli\u011fe evrilmi\u015f, bu da ticaretin me\u015fruiyetiyle ilgili tart\u0131\u015fmalara yol a\u00e7m\u0131\u015ft\u0131r. Demirli, modern M\u00fcsl\u00fcman entelekt\u00fcellerin tevekk\u00fcl\u00fc kalk\u0131nman\u0131n \u00f6n\u00fcndeki engel olarak g\u00f6rmelerini ele\u015ftirir; Akif ve \u0130kbal\u2019in bu tavr\u0131 indirgemeci ve s\u0131\u011f bir okuma olarak tan\u0131mlar.<\/p>\n<ol start=\"4\">\n<li><strong>Tevekk\u00fcl-R\u0131za-Teslimiyet \u0130li\u015fkisi<\/strong><\/li>\n<\/ol>\n<p>Tevekk\u00fcl, r\u0131za ve teslimiyet aras\u0131nda ayr\u0131m yap\u0131l\u0131r. R\u0131za, tevekk\u00fcl\u00fcn bir ad\u0131m \u00f6tesidir ve Allah\u2019\u0131n h\u00fckm\u00fcne raz\u0131 olmak anlam\u0131na gelir. \u0130slam\u2019\u0131n sosyolojik anlam\u0131yla s\u0131n\u0131rlanmas\u0131n\u0131n ard\u0131ndan tasavvuf, bu bo\u015flu\u011fu tevekk\u00fcl ve r\u0131za kavramlar\u0131yla doldurur. Demirli, bu kavramlar\u0131n kelime anlamlar\u0131n\u0131n zamanla nas\u0131l a\u015f\u0131nd\u0131\u011f\u0131n\u0131 ve terimsel anlamlar\u0131n nas\u0131l a\u015fa\u011f\u0131ya \u00e7ekildi\u011fini vurgular.<\/p>\n<ol start=\"5\">\n<li><strong>Hadis Yorumu: Deve Hadisi \u00dczerinden Tevekk\u00fcl\u00fcn Derinli\u011fi<\/strong><\/li>\n<\/ol>\n<p>&#8220;Deveni ba\u011fla ve tevekk\u00fcl et&#8221; hadisinin yanl\u0131\u015f yorumland\u0131\u011f\u0131n\u0131 belirten Demirli, burada ba\u011flanmas\u0131 gerekenin deve de\u011fil, tevekk\u00fcl edenin neye g\u00fcvendi\u011fi oldu\u011funu savunur. Bu ba\u011flamda tevhidin en b\u00fcy\u00fck rakibinin ki\u015finin kendi \u00f6zneli\u011fi oldu\u011fu vurgulan\u0131r.<\/p>\n<ol start=\"6\">\n<li><strong>Suf\u00eelerin Tevekk\u00fcl Uygulamalar\u0131na Ele\u015ftirel Yakla\u015f\u0131m<\/strong><\/li>\n<\/ol>\n<p>Dilencilik, biriktirme, ba\u015fkalar\u0131ndan isteme gibi davran\u0131\u015flar tevekk\u00fcl ile ili\u015fkilendirilir ve bu konulara y\u00f6nelik tasavvuf gelene\u011findeki tutars\u0131zl\u0131klar ele\u015ftirilir. Z\u00fcnn\u00fbn ve R\u00fczb\u00e2r\u00ee gibi isimlerin tevekk\u00fcl tan\u0131mlar\u0131 aktar\u0131larak bu anlay\u0131\u015flar\u0131n toplumsal hayata yans\u0131malar\u0131 tart\u0131\u015f\u0131l\u0131r.<\/p>\n<p><strong>Sonu\u00e7<\/strong><\/p>\n<p>Bu seminer, tevekk\u00fcl\u00fcn hem teorik hem pratik y\u00f6nleriyle ele al\u0131nmas\u0131 gerekti\u011fini, onun yaln\u0131zca bir miskinlik ya da \u00e7al\u0131\u015fma kar\u015f\u0131t\u0131 pasiflik de\u011fil; Allah\u2019\u0131n mutlak h\u00e2kimiyetini idrak etmeye dayal\u0131 derin bir irade teslimi oldu\u011funu ortaya koyar. Tevekk\u00fcl, sahih anlamda ancak r\u0131za ve teslimiyetle birlikte de\u011ferlendirildi\u011finde tasavvufun gayesine uygun bir anlay\u0131\u015f haline gelir.<\/p>\n<p>&nbsp;<\/p>\n<p><strong>Purpose and Content of the Seminar<\/strong><\/p>\n<p>This seminar focuses on the Sufi concept of tawakkul (trust in God), examining its theological depth, historical development, and its complex relationship with reason, satisfaction (ri\u1e0d\u0101), and surrender (tasl\u012bm). Demirli offers a critical evaluation of modern misinterpretations of tawakkul, presenting it not as fatalism, but as a conscious recognition of divine sovereignty.<\/p>\n<p><strong>Main Themes and Topics<\/strong><\/p>\n<ol>\n<li><strong>The Meaning and Layers of Tawakkul<\/strong><\/li>\n<\/ol>\n<p>Tawakkul is defined not as assigning God a task, but as returning a divine trust. Demirli outlines a two-layered understanding: first, surrendering responsibility to God in action; second, recognizing that God has always been in control\u2014thus embodying a deeper level of surrender.<\/p>\n<ol start=\"2\">\n<li><strong>Tawakkul vs. Reason and the Origins of Sufism<\/strong><\/li>\n<\/ol>\n<p>Sufism historically takes shape with tawakkul. While reason operates on cost-benefit logic, tawakkul presupposes that all outcomes derive from God. This creates an ontological tension between human planning and divine determination.<\/p>\n<ol start=\"3\">\n<li><strong>Socioeconomic Implications and Historical Criticism<\/strong><\/li>\n<\/ol>\n<p>In early Sufism, tawakkul often evolved into avoidance of work and reliance on others. This led to critiques linking it with laziness. Demirli responds to modern thinkers like Akif and Iqbal who reduce tawakkul to a developmental obstacle, calling their view simplistic and dismissive.<\/p>\n<ol start=\"4\">\n<li><strong>Tawakkul, Ri<\/strong><strong>\u1e0d<\/strong><strong>\u0101, and Tasl\u012bm<\/strong><\/li>\n<\/ol>\n<p>Tawakkul is contrasted with ri\u1e0d\u0101 (contentment) and tasl\u012bm (surrender). While tawakkul reflects trust in God\u2019s plan, ri\u1e0d\u0101 implies complete acceptance. Demirli critiques how these terms were semantically weakened over time, urging a return to their deeper spiritual meanings.<\/p>\n<ol start=\"5\">\n<li><strong>Hadith Interpretation: &#8220;Tie Your Camel and Trust in God&#8221;<\/strong><\/li>\n<\/ol>\n<p>Demirli argues this hadith is misread. It\u2019s not about tying a camel as a precaution, but about what the individual is truly relying upon. The deeper threat to taw\u1e25\u012bd is not the external world, but one\u2019s own ego and illusion of control.<\/p>\n<ol start=\"6\">\n<li><strong>Sufi Practices and Internal Contradictions<\/strong><\/li>\n<\/ol>\n<p>Some Sufi behaviors such as begging, hoarding, or soliciting are discussed critically. Citing Zunn\u016bn and Ruwaym\u2019s definitions, Demirli explores inconsistencies in Sufi interpretations of tawakkul and how these affect social practice.<\/p>\n<p><strong>Conclusion<\/strong><\/p>\n<p>This seminar portrays tawakkul not as passivity, but as an active realization of divine sovereignty. It becomes spiritually meaningful only when coupled with ri\u1e0d\u0101 and tasl\u012bm. Demirli insists that true tawakkul is an existential posture grounded in awareness of divine agency and a disciplined inward life.<\/p>\n<p>&nbsp;<\/p>\n","protected":false},"excerpt":{"rendered":"<p>EKREM DEM\u0130RL\u0130,KU\u015eEYR\u0130 OKUMALARI 30. SEM\u0130NER \u00d6ZET\u0130 Seminerin Amac\u0131 ve \u0130\u00e7eri\u011fi [&hellip;]<\/p>\n","protected":false},"author":1,"featured_media":0,"parent":0,"menu_order":0,"comment_status":"closed","ping_status":"closed","template":"","meta":{"footnotes":""},"class_list":["post-5140","page","type-page","status-publish","hentry"],"jetpack_sharing_enabled":true,"_links":{"self":[{"href":"https:\/\/klasikdusunceokulu.com\/index.php\/wp-json\/wp\/v2\/pages\/5140","targetHints":{"allow":["GET"]}}],"collection":[{"href":"https:\/\/klasikdusunceokulu.com\/index.php\/wp-json\/wp\/v2\/pages"}],"about":[{"href":"https:\/\/klasikdusunceokulu.com\/index.php\/wp-json\/wp\/v2\/types\/page"}],"author":[{"embeddable":true,"href":"https:\/\/klasikdusunceokulu.com\/index.php\/wp-json\/wp\/v2\/users\/1"}],"replies":[{"embeddable":true,"href":"https:\/\/klasikdusunceokulu.com\/index.php\/wp-json\/wp\/v2\/comments?post=5140"}],"version-history":[{"count":2,"href":"https:\/\/klasikdusunceokulu.com\/index.php\/wp-json\/wp\/v2\/pages\/5140\/revisions"}],"predecessor-version":[{"id":5189,"href":"https:\/\/klasikdusunceokulu.com\/index.php\/wp-json\/wp\/v2\/pages\/5140\/revisions\/5189"}],"wp:attachment":[{"href":"https:\/\/klasikdusunceokulu.com\/index.php\/wp-json\/wp\/v2\/media?parent=5140"}],"curies":[{"name":"wp","href":"https:\/\/api.w.org\/{rel}","templated":true}]}}