{"id":5222,"date":"2025-05-09T15:52:19","date_gmt":"2025-05-09T12:52:19","guid":{"rendered":"https:\/\/klasikdusunceokulu.com\/?page_id=5222"},"modified":"2025-05-09T16:04:50","modified_gmt":"2025-05-09T13:04:50","slug":"ekrem-demirligazzali-el-munkiz-mined-dalal","status":"publish","type":"page","link":"https:\/\/klasikdusunceokulu.com\/index.php\/ekrem-demirligazzali-el-munkiz-mined-dalal\/","title":{"rendered":"Ekrem Demirli:Gazz\u00e2l\u00ee, el-Munkiz mine\u2019d-dal\u00e2l"},"content":{"rendered":"<p><a href=\"https:\/\/klasikdusunceokulu.com\/index.php\/ekrem-demirli-gazzaliel-munkiz-mined-dalal-1-seminer-ozeti\/\"><span style=\"color: #3b5163;\"><strong>EKREM DEM\u0130RL\u0130: GAZZ\u00c2L\u00ce,el-MUNK\u0130Z M\u0130NE&#8217;D-DAL\u00c2L 1. SEM\u0130NER \u00d6ZET\u0130<\/strong><\/span><\/a><\/p>\n<p><a href=\"https:\/\/klasikdusunceokulu.com\/index.php\/ekrem-demirli-gazzaliel-munkiz-mined-dalal-2-seminer-ozeti\/\"><span style=\"color: #3b5163;\"><strong>EKREM DEM\u0130RL\u0130: GAZZ\u00c2L\u00ce,el-MUNK\u0130Z M\u0130NE&#8217;D-DAL\u00c2L 2. SEM\u0130NER \u00d6ZET\u0130<\/strong><\/span><\/a><\/p>\n<p><a href=\"https:\/\/klasikdusunceokulu.com\/index.php\/ekrem-demirli-gazzaliel-munkiz-mined-dalal-3-seminer-ozeti\/\"><span style=\"color: #3b5163;\"><strong>EKREM DEM\u0130RL\u0130: GAZZ\u00c2L\u00ce,el-MUNK\u0130Z M\u0130NE&#8217;D-DAL\u00c2L 3. SEM\u0130NER \u00d6ZET\u0130<\/strong><\/span><\/a><\/p>\n<p><a href=\"https:\/\/klasikdusunceokulu.com\/index.php\/ekrem-demirli-gazzaliel-munkiz-mined-dalal-4-seminer-ozeti\/\"><span style=\"color: #3b5163;\"><strong>EKREM DEM\u0130RL\u0130: GAZZ\u00c2L\u00ce,el-MUNK\u0130Z M\u0130NE&#8217;D-DAL\u00c2L 4. SEM\u0130NER \u00d6ZET\u0130<\/strong><\/span><\/a><\/p>\n<p><a href=\"https:\/\/klasikdusunceokulu.com\/index.php\/ekrem-demirli-gazzaliel-munkiz-mined-dalal-5-seminer-ozeti\/\"><span style=\"color: #3b5163;\"><strong>EKREM DEM\u0130RL\u0130: GAZZ\u00c2L\u00ce,el-MUNK\u0130Z M\u0130NE&#8217;D-DAL\u00c2L 5. SEM\u0130NER \u00d6ZET\u0130<\/strong><\/span><\/a><\/p>\n<p><a href=\"https:\/\/klasikdusunceokulu.com\/index.php\/ekrem-demirli-gazzaliel-munkiz-mined-dalal-6-seminer-ozeti\/\"><span style=\"color: #3b5163;\"><strong>EKREM DEM\u0130RL\u0130: GAZZ\u00c2L\u00ce,el-MUNK\u0130Z M\u0130NE&#8217;D-DAL\u00c2L 6. SEM\u0130NER \u00d6ZET\u0130<\/strong><\/span><\/a><\/p>\n<p><a href=\"https:\/\/klasikdusunceokulu.com\/index.php\/ekrem-demirli-gazzaliel-munkiz-mined-dalal-7-seminer-ozeti\/\"><span style=\"color: #3b5163;\"><strong>EKREM DEM\u0130RL\u0130: GAZZ\u00c2L\u00ce,el-MUNK\u0130Z M\u0130NE&#8217;D-DAL\u00c2L 7. SEM\u0130NER \u00d6ZET\u0130<\/strong><\/span><\/a><\/p>\n<p><a href=\"https:\/\/klasikdusunceokulu.com\/index.php\/ekrem-demirli-gazzaliel-munkiz-mined-dalal-8-seminer-ozeti\/\"><span style=\"color: #3b5163;\"><strong>EKREM DEM\u0130RL\u0130: GAZZ\u00c2L\u00ce,el-MUNK\u0130Z M\u0130NE&#8217;D-DAL\u00c2L 8. SEM\u0130NER \u00d6ZET\u0130<\/strong><\/span><\/a><\/p>\n<p><a href=\"https:\/\/klasikdusunceokulu.com\/index.php\/ekrem-demirli-gazzaliel-munkiz-mined-dalal-9-seminer-ozeti\/\"><span style=\"color: #3b5163;\"><strong>EKREM DEM\u0130RL\u0130: GAZZ\u00c2L\u00ce,el-MUNK\u0130Z M\u0130NE&#8217;D-DAL\u00c2L 9. SEM\u0130NER \u00d6ZET\u0130<\/strong><\/span><\/a><\/p>\n<p><a href=\"https:\/\/klasikdusunceokulu.com\/index.php\/ekrem-demirli-gazzaliel-munkiz-mined-dalal-10-seminer-ozeti\/\"><span style=\"color: #3b5163;\"><strong>EKREM DEM\u0130RL\u0130: GAZZ\u00c2L\u00ce,el-MUNK\u0130Z M\u0130NE&#8217;D-DAL\u00c2L 10. SEM\u0130NER \u00d6ZET\u0130<\/strong><\/span><\/a><\/p>\n","protected":false},"excerpt":{"rendered":"<p>EKREM DEM\u0130RL\u0130: GAZZ\u00c2L\u00ce,el-MUNK\u0130Z M\u0130NE&#8217;D-DAL\u00c2L 1. SEM\u0130NER \u00d6ZET\u0130 EKREM DEM\u0130RL\u0130: GAZZ\u00c2L\u00ce,el-MUNK\u0130Z [&hellip;]<\/p>\n","protected":false},"author":1,"featured_media":0,"parent":0,"menu_order":0,"comment_status":"closed","ping_status":"closed","template":"","meta":{"footnotes":""},"class_list":["post-5222","page","type-page","status-publish","hentry"],"jetpack_sharing_enabled":true,"_links":{"self":[{"href":"https:\/\/klasikdusunceokulu.com\/index.php\/wp-json\/wp\/v2\/pages\/5222","targetHints":{"allow":["GET"]}}],"collection":[{"href":"https:\/\/klasikdusunceokulu.com\/index.php\/wp-json\/wp\/v2\/pages"}],"about":[{"href":"https:\/\/klasikdusunceokulu.com\/index.php\/wp-json\/wp\/v2\/types\/page"}],"author":[{"embeddable":true,"href":"https:\/\/klasikdusunceokulu.com\/index.php\/wp-json\/wp\/v2\/users\/1"}],"replies":[{"embeddable":true,"href":"https:\/\/klasikdusunceokulu.com\/index.php\/wp-json\/wp\/v2\/comments?post=5222"}],"version-history":[{"count":3,"href":"https:\/\/klasikdusunceokulu.com\/index.php\/wp-json\/wp\/v2\/pages\/5222\/revisions"}],"predecessor-version":[{"id":5248,"href":"https:\/\/klasikdusunceokulu.com\/index.php\/wp-json\/wp\/v2\/pages\/5222\/revisions\/5248"}],"wp:attachment":[{"href":"https:\/\/klasikdusunceokulu.com\/index.php\/wp-json\/wp\/v2\/media?parent=5222"}],"curies":[{"name":"wp","href":"https:\/\/api.w.org\/{rel}","templated":true}]}}