{"id":5259,"date":"2025-05-09T17:55:15","date_gmt":"2025-05-09T14:55:15","guid":{"rendered":"https:\/\/klasikdusunceokulu.com\/?page_id=5259"},"modified":"2025-05-09T17:55:15","modified_gmt":"2025-05-09T14:55:15","slug":"ekrem-demirli-gazzali-miskatul-envar-4-seminer-ozeti","status":"publish","type":"page","link":"https:\/\/klasikdusunceokulu.com\/index.php\/ekrem-demirli-gazzali-miskatul-envar-4-seminer-ozeti\/","title":{"rendered":"EKREM DEM\u0130RL\u0130: GAZZ\u00c2L\u00ce, M\u0130\u015eK\u00c2T\u00dc&#8217;L-ENV\u00c2R 4. SEM\u0130NER \u00d6ZET\u0130"},"content":{"rendered":"<p><strong>EKREM DEM\u0130RL\u0130: GAZZ\u00c2L\u00ce, M\u0130\u015eK\u00c2T\u00dc&#8217;L-ENV\u00c2R 4. SEM\u0130NER \u00d6ZET\u0130<\/strong><\/p>\n<p><strong>Seminerin Amac\u0131 ve \u0130\u00e7eri\u011fi<\/strong><\/p>\n<p>Bu derste, Gazz\u00e2l\u00ee\u2019nin Mi\u015fk\u00e2t\u00fc\u2019l-env\u00e2r adl\u0131 eserindeki \u201cAllah g\u00f6klerin ve yerin nurudur\u201d ayeti \u00e7er\u00e7evesinde nur anlay\u0131\u015f\u0131 ve bu anlay\u0131\u015f\u0131n kozmoloji, ontoloji ve insan psikolojisine yans\u0131malar\u0131 detayl\u0131 \u015fekilde ele al\u0131nmaktad\u0131r. Dersin temel amac\u0131, Gazz\u00e2l\u00ee&#8217;nin metafizik sisteminde nurun mahiyetini, sud\u00fbr teorisiyle ili\u015fkisini, Ehl-i S\u00fcnnet&#8217;in yakla\u015f\u0131m\u0131yla kar\u015f\u0131la\u015ft\u0131rmal\u0131 bi\u00e7imde analiz etmek ve kel\u00e2m, felsefe ve tasavvuf gelenekleri aras\u0131ndaki d\u00fc\u015f\u00fcnsel gerilimleri ortaya koymakt\u0131r.<\/p>\n<p><strong>Ana temalar ve ba\u015fl\u0131klar<\/strong><\/p>\n<ol>\n<li><strong>Nur Ayetinin Yorumu ve Kozmik Yap\u0131<\/strong><\/li>\n<\/ol>\n<p>Gazz\u00e2l\u00ee, \u201cAllah g\u00f6klerin ve yerin nurudur\u201d ayetini iki a\u00e7\u0131dan ele al\u0131r: Kozmik d\u00fczenin a\u00e7\u0131klanmas\u0131 (m\u00fclk\u2013melek\u00fbt ili\u015fkisi) ve insan\u0131n kalbi\/m\u00fcd\u00fcrke d\u00fcnyas\u0131nda nurun tezah\u00fcr\u00fc. Buradan hareketle evrenin hem fizik\u00ee hem metafizik boyutlar\u0131 \u0131\u015f\u0131k temsili \u00fczerinden a\u00e7\u0131klan\u0131r.<\/p>\n<ol start=\"2\">\n<li><strong>Mutlak Nur ve Ontolojik Zorluklar<\/strong><\/li>\n<\/ol>\n<p>Gazz\u00e2l\u00ee\u2019nin Allah\u2019a \u201cmutlak nur\u201d demesi, metafiziksel g\u00fc\u00e7l\u00fckleri beraberinde getirir. Z\u00e2t ile s\u0131fat ayr\u0131m\u0131n\u0131n mu\u011flakla\u015ft\u0131\u011f\u0131 bu noktada, Ehl-i S\u00fcnnet\u2019in klasik tavr\u0131 olan mecaz\u00ee yakla\u015f\u0131m\u0131n aksine, Gazz\u00e2l\u00ee&#8217;nin yorumu do\u011frudan ontolojik tan\u0131mlamaya y\u00f6nelir ve bu yakla\u015f\u0131m, kel\u00e2m ile felsefenin \u00e7at\u0131\u015ft\u0131\u011f\u0131 alanlar\u0131 g\u00f6zler \u00f6n\u00fcne serer.<\/p>\n<ol start=\"3\">\n<li><strong>Sud\u00fbr Teorisi ve Ele\u015ftirisi<\/strong><\/li>\n<\/ol>\n<p>Sud\u00fbr teorisinin varl\u0131k anlay\u0131\u015f\u0131 hem cazip hem tehlikelidir. Gazz\u00e2l\u00ee bu teoriyi mecaz\u00ee anlamda faydal\u0131 bulurken, Ehl-i S\u00fcnnet\u2019in determinizm ele\u015ftirisine kat\u0131l\u0131r. Felsefenin Tanr\u0131\u2019ya yakla\u015f\u0131m\u0131nda zat-s\u0131fat ayr\u0131m\u0131n\u0131 ihmal etmesi, din\u00ee d\u00fc\u015f\u00fcncenin zeminini sarsar.<\/p>\n<ol start=\"4\">\n<li><strong>Kel\u00e2m, Felsefe ve Tasavvuf Aras\u0131ndaki Gerilim<\/strong><\/li>\n<\/ol>\n<p>Ehl-i S\u00fcnnet\u2019in &#8220;adet&#8221; ve &#8220;harikulade&#8221; kavramlar\u0131yla tabiat fikrini zay\u0131flatmas\u0131, filozoflar\u0131n determinizmine kar\u015f\u0131 bir alternatif sunar. Sud\u00fbrun yerine vesileci bir yaratma anlay\u0131\u015f\u0131 (halk) yerle\u015ftirilir. Bu da s\u0131fatlarla te\u015fekk\u00fcl eden Tanr\u0131 telakkisinin evrendeki nedenselli\u011fi iptal etmesine sebep olur.<\/p>\n<ol start=\"5\">\n<li><strong>Mikrokozmos\u2013Makrokozmos ve Nefis Teorisi<\/strong><\/li>\n<\/ol>\n<p>\u0130nsan\u0131n ruh\u00ee terbiyesi ile kozmos aras\u0131nda paralellik kurulur. Etv\u00e2r-\u0131 Seb\u2019a gelene\u011fiyle, insan\u0131n nefsini ar\u0131nd\u0131rmas\u0131, evrenin katmanlar\u0131n\u0131 a\u015fmakla \u00f6zde\u015fle\u015ftirilir. B\u00f6ylece \u201cher \u015fey her \u015feydedir\u201d ilkesiyle b\u00fct\u00fcnsel bir insan\u2013\u00e2lem ili\u015fkisi kurulur.<\/p>\n<ol start=\"6\">\n<li><strong>F\u0131trat, Ak\u0131l ve Ahl\u00e2k\u0131n Temellendirilmesi<\/strong><\/li>\n<\/ol>\n<p>Ehl-i S\u00fcnnet ve Mutezile aras\u0131nda f\u0131trat anlay\u0131\u015f\u0131 ba\u011flam\u0131nda ahl\u00e2k teorileri tart\u0131\u015f\u0131l\u0131r. Mutezile&#8217;nin sabit ve m\u00fc\u015fterek f\u0131trat kavram\u0131yla evrensel ahl\u00e2k ilkeleri geli\u015ftirilebilirken, Ehl-i S\u00fcnnet peygamberlik fikrine alan a\u00e7mak i\u00e7in f\u0131trat\u0131n i\u00e7eri\u011fini bo\u015falt\u0131r.<\/p>\n<p><strong>Sonu\u00e7<\/strong><\/p>\n<p>Bu ders, Gazz\u00e2l\u00ee\u2019nin nur anlay\u0131\u015f\u0131 etraf\u0131nda \u015fekillenen Tanr\u0131\u2013\u00e2lem\u2013insan ili\u015fkisini, sud\u00fbr teorisi, kel\u00e2m\u00ee yaratma anlay\u0131\u015f\u0131 ve tasavvuf\u00ee metafizik \u00e7er\u00e7evesinde \u00e7ok katmanl\u0131 bir \u015fekilde inceler. Nur metaforu, hem evrensel ontolojik bir ilke hem de bireysel i\u00e7 ayd\u0131nlanman\u0131n metafizi\u011fi olarak konumland\u0131r\u0131l\u0131r.<\/p>\n<p>&nbsp;<\/p>\n<p><strong>Purpose and Content of the Seminar<\/strong><\/p>\n<p>This seminar explores Ghaz\u0101l\u012b\u2019s interpretation of the verse \u201cAllah is the Light of the heavens and the earth\u201d in Mishk\u0101t al-Anw\u0101r, focusing on the metaphysical, cosmological, and psychological implications of the concept of light (n\u016br). The primary aim is to analyze how Ghaz\u0101l\u012b constructs a metaphysical framework around light, how it relates to the theory of emanation (\u1e63ud\u016br), and how it positions itself between theology (kal\u0101m), philosophy, and Sufism.<\/p>\n<p><strong>Main Themes and Headings<\/strong><\/p>\n<ol>\n<li><strong>Interpretation of the Light Verse and Cosmic Order<\/strong><\/li>\n<\/ol>\n<p>Ghaz\u0101l\u012b analyzes the Light Verse through two dimensions: the cosmic realm (the mulk\u2013malak\u016bt structure) and the internal world of human perception. Through these lenses, the physical and metaphysical layers of the universe are interpreted symbolically via the metaphor of light.<\/p>\n<ol start=\"2\">\n<li><strong>Absolute Light and Ontological Challenges<\/strong><\/li>\n<\/ol>\n<p>Calling God \u201cabsolute light\u201d raises metaphysical issues. Unlike the metaphorical approach of Sunn\u012b theology, Ghaz\u0101l\u012b adopts an ontological reading, thereby blurring the distinction between essence and attributes. This reveals tensions between theology and philosophy.<\/p>\n<ol start=\"3\">\n<li><strong>Theory of Emanation and Its Critique<\/strong><\/li>\n<\/ol>\n<p>While the emanation model is seen as elegant, Ghaz\u0101l\u012b remains critical of its deterministic implications. He appreciates it metaphorically but sides with the Ash\u02bfarite critique, which maintains divine freedom and rejects causal necessity between God and creation.<\/p>\n<ol start=\"4\">\n<li><strong>Tensions Between Kal\u0101m, Philosophy, and Sufism<\/strong><\/li>\n<\/ol>\n<p>The Ash\u02bfarite principle of \u02bf\u0101da (habitual causality) is positioned as a theological response to philosophical determinism. Ghaz\u0101l\u012b offers a view of creation that replaces emanation with divine volition (khalq), severing the causal chain between divine attributes and the world.<\/p>\n<ol start=\"5\">\n<li><strong>Microcosm\u2013Macrocosm and Soul Theory<\/strong><\/li>\n<\/ol>\n<p>A parallel is drawn between the cosmos and the human soul. Drawing on the tradition of the Seven Stations (etw\u0101r-i seb\u02bfa), human spiritual purification is likened to an ascent through cosmic layers. The principle \u201ceverything is in everything\u201d underscores a holistic view of human\u2013cosmic relations.<\/p>\n<ol start=\"6\">\n<li><strong>Nature, Intellect, and the Foundations of Morality<\/strong><\/li>\n<\/ol>\n<p>Theological debates between the Mu\u02bftazilites and Ash\u02bfarites regarding human nature (fi\u1e6dra) are revisited. The Mu\u02bftazilite view allows for objective moral principles, while Ash\u02bfarism preserves divine authority by keeping the content of fi\u1e6dra undefined, thereby emphasizing the necessity of revelation.<\/p>\n<p><strong>Conclusion<\/strong><\/p>\n<p>This seminar investigates Ghaz\u0101l\u012b\u2019s theology of light as a multifaceted framework for understanding God, the cosmos, and the soul. The Light metaphor is treated both as a universal ontological principle and as a mystical model for inner illumination. Ghaz\u0101l\u012b\u2019s unique integration of philosophical, theological, and Sufi insights positions him as a bridge between diverse intellectual traditions.<\/p>\n<p>&nbsp;<\/p>\n","protected":false},"excerpt":{"rendered":"<p>EKREM DEM\u0130RL\u0130: GAZZ\u00c2L\u00ce, M\u0130\u015eK\u00c2T\u00dc&#8217;L-ENV\u00c2R 4. SEM\u0130NER \u00d6ZET\u0130 Seminerin Amac\u0131 ve [&hellip;]<\/p>\n","protected":false},"author":1,"featured_media":0,"parent":0,"menu_order":0,"comment_status":"closed","ping_status":"closed","template":"","meta":{"footnotes":""},"class_list":["post-5259","page","type-page","status-publish","hentry"],"jetpack_sharing_enabled":true,"_links":{"self":[{"href":"https:\/\/klasikdusunceokulu.com\/index.php\/wp-json\/wp\/v2\/pages\/5259","targetHints":{"allow":["GET"]}}],"collection":[{"href":"https:\/\/klasikdusunceokulu.com\/index.php\/wp-json\/wp\/v2\/pages"}],"about":[{"href":"https:\/\/klasikdusunceokulu.com\/index.php\/wp-json\/wp\/v2\/types\/page"}],"author":[{"embeddable":true,"href":"https:\/\/klasikdusunceokulu.com\/index.php\/wp-json\/wp\/v2\/users\/1"}],"replies":[{"embeddable":true,"href":"https:\/\/klasikdusunceokulu.com\/index.php\/wp-json\/wp\/v2\/comments?post=5259"}],"version-history":[{"count":1,"href":"https:\/\/klasikdusunceokulu.com\/index.php\/wp-json\/wp\/v2\/pages\/5259\/revisions"}],"predecessor-version":[{"id":5260,"href":"https:\/\/klasikdusunceokulu.com\/index.php\/wp-json\/wp\/v2\/pages\/5259\/revisions\/5260"}],"wp:attachment":[{"href":"https:\/\/klasikdusunceokulu.com\/index.php\/wp-json\/wp\/v2\/media?parent=5259"}],"curies":[{"name":"wp","href":"https:\/\/api.w.org\/{rel}","templated":true}]}}