{"id":5268,"date":"2025-05-09T18:21:31","date_gmt":"2025-05-09T15:21:31","guid":{"rendered":"https:\/\/klasikdusunceokulu.com\/?page_id=5268"},"modified":"2025-05-09T18:21:31","modified_gmt":"2025-05-09T15:21:31","slug":"ekrem-demirli-ibn-tufeyl-hayy-bin-yakzan-okumalari","status":"publish","type":"page","link":"https:\/\/klasikdusunceokulu.com\/index.php\/ekrem-demirli-ibn-tufeyl-hayy-bin-yakzan-okumalari\/","title":{"rendered":"Ekrem Demirli, \u0130bn Tufeyl, Hayy bin Yakz\u00e2n Okumalar\u0131"},"content":{"rendered":"<p><a href=\"https:\/\/klasikdusunceokulu.com\/index.php\/ekrem-demirliibn-tufeylhayy-bin-yakzan-okumalari-1-seminer-ozeti\/\"><span style=\"color: #3b5163;\"><strong>EKREM DEM\u0130RL\u0130,\u0130BN TUFEYL,HAYY B\u0130N YAKZ\u00c2N OKUMALARI 1. SEM\u0130NER \u00d6ZET\u0130<\/strong><\/span><\/a><\/p>\n<p><a href=\"https:\/\/klasikdusunceokulu.com\/index.php\/ekrem-demirliibn-tufeylhayy-bin-yakzan-okumalari-2-seminer-ozeti\/\"><span style=\"color: #3b5163;\"><strong>EKREM DEM\u0130RL\u0130,\u0130BN TUFEYL,HAYY B\u0130N YAKZ\u00c2N OKUMALARI 2. SEM\u0130NER \u00d6ZET\u0130<\/strong><\/span><\/a><\/p>\n<p><a href=\"https:\/\/klasikdusunceokulu.com\/index.php\/ekrem-demirliibn-tufeylhayy-bin-yakzan-okumalari-3-seminer-ozeti\/\"><span style=\"color: #3b5163;\"><strong>EKREM DEM\u0130RL\u0130,\u0130BN TUFEYL,HAYY B\u0130N YAKZ\u00c2N OKUMALARI 3. SEM\u0130NER \u00d6ZET\u0130<\/strong><\/span><\/a><\/p>\n<p><a href=\"https:\/\/klasikdusunceokulu.com\/index.php\/ekrem-demirliibn-tufeylhayy-bin-yakzan-okumalari-4-seminer-ozeti\/\"><span style=\"color: #3b5163;\"><strong>EKREM DEM\u0130RL\u0130,\u0130BN TUFEYL,HAYY B\u0130N YAKZ\u00c2N OKUMALARI 4. SEM\u0130NER \u00d6ZET\u0130<\/strong><\/span><\/a><\/p>\n<p><a href=\"https:\/\/klasikdusunceokulu.com\/index.php\/ekrem-demirliibn-tufeylhayy-bin-yakzan-okumalari-5-seminer-ozeti\/\"><span style=\"color: #3b5163;\"><strong>EKREM DEM\u0130RL\u0130,\u0130BN TUFEYL,HAYY B\u0130N YAKZ\u00c2N OKUMALARI 5. SEM\u0130NER \u00d6ZET\u0130<\/strong><\/span><\/a><\/p>\n","protected":false},"excerpt":{"rendered":"<p>EKREM DEM\u0130RL\u0130,\u0130BN TUFEYL,HAYY B\u0130N YAKZ\u00c2N OKUMALARI 1. SEM\u0130NER \u00d6ZET\u0130 EKREM [&hellip;]<\/p>\n","protected":false},"author":1,"featured_media":0,"parent":0,"menu_order":0,"comment_status":"closed","ping_status":"closed","template":"","meta":{"footnotes":""},"class_list":["post-5268","page","type-page","status-publish","hentry"],"jetpack_sharing_enabled":true,"_links":{"self":[{"href":"https:\/\/klasikdusunceokulu.com\/index.php\/wp-json\/wp\/v2\/pages\/5268","targetHints":{"allow":["GET"]}}],"collection":[{"href":"https:\/\/klasikdusunceokulu.com\/index.php\/wp-json\/wp\/v2\/pages"}],"about":[{"href":"https:\/\/klasikdusunceokulu.com\/index.php\/wp-json\/wp\/v2\/types\/page"}],"author":[{"embeddable":true,"href":"https:\/\/klasikdusunceokulu.com\/index.php\/wp-json\/wp\/v2\/users\/1"}],"replies":[{"embeddable":true,"href":"https:\/\/klasikdusunceokulu.com\/index.php\/wp-json\/wp\/v2\/comments?post=5268"}],"version-history":[{"count":1,"href":"https:\/\/klasikdusunceokulu.com\/index.php\/wp-json\/wp\/v2\/pages\/5268\/revisions"}],"predecessor-version":[{"id":5279,"href":"https:\/\/klasikdusunceokulu.com\/index.php\/wp-json\/wp\/v2\/pages\/5268\/revisions\/5279"}],"wp:attachment":[{"href":"https:\/\/klasikdusunceokulu.com\/index.php\/wp-json\/wp\/v2\/media?parent=5268"}],"curies":[{"name":"wp","href":"https:\/\/api.w.org\/{rel}","templated":true}]}}