{"id":5605,"date":"2025-05-13T17:10:57","date_gmt":"2025-05-13T14:10:57","guid":{"rendered":"https:\/\/klasikdusunceokulu.com\/?page_id=5605"},"modified":"2025-05-13T17:10:57","modified_gmt":"2025-05-13T14:10:57","slug":"ekrem-demirli-fususul-hikem-okumalari-71-seminer-ozeti","status":"publish","type":"page","link":"https:\/\/klasikdusunceokulu.com\/index.php\/ekrem-demirli-fususul-hikem-okumalari-71-seminer-ozeti\/","title":{"rendered":"EKREM DEM\u0130RL\u0130, FUS\u00dbSU&#8217;L-H\u0130KEM OKUMALARI 71. SEM\u0130NER \u00d6ZET\u0130"},"content":{"rendered":"<p><strong>EKREM DEM\u0130RL\u0130, FUS\u00dbSU&#8217;L-H\u0130KEM OKUMALARI 71. SEM\u0130NER \u00d6ZET\u0130<\/strong><\/p>\n<p><strong>Dersin Amac\u0131 ve \u0130\u00e7eri\u011fi<\/strong><\/p>\n<p>Bu seminer, \u0130bn\u00fc\u2019l-Arab\u00ee\u2019nin Hazret-i M\u00fbs\u00e2\u2019ya dair b\u00f6l\u00fcmlerini yorumlayarak, H\u0131z\u0131r k\u0131ssas\u0131, Medyen k\u0131ssas\u0131 ve Firavun ile olan tart\u0131\u015fmalar \u00fczerinden ahlak, bilgi ve n\u00fcb\u00fcvvet-vilayet ili\u015fkilerini derinlemesine ele al\u0131r. Ekrem Demirli, M\u00fbs\u00e2\u2019n\u0131n ya\u015fad\u0131\u011f\u0131 olaylar\u0131n sadece bireysel bir tecr\u00fcbe de\u011fil, n\u00fcb\u00fcvvetin metafizik temelleriyle irtibatl\u0131 bir hakikat aray\u0131\u015f\u0131 oldu\u011funu vurgular. H\u0131z\u0131r ile M\u00fbs\u00e2 aras\u0131ndaki bilgi fark\u0131, peygamberli\u011fin ilke olarak neye dayand\u0131\u011f\u0131 ve metafizik bilginin do\u011fas\u0131, seminerin ana tart\u0131\u015fma eksenidir.<\/p>\n<p><strong>Ana Temalar<\/strong><\/p>\n<ol>\n<li><strong>M\u00fbs\u00e2\u2013H\u0131z\u0131r K\u0131ssas\u0131: Bilgi ve Ahlak Gerilimi<\/strong><\/li>\n<\/ol>\n<p>H\u0131z\u0131r\u2019\u0131n \u00fccretsiz duvar tamiri ve M\u00fbs\u00e2\u2019n\u0131n buna verdi\u011fi tepki \u00fczerinden, ahlak\u0131n sadece eylemde de\u011fil, eylemin hikmetinde de temellendi\u011fi vurgulan\u0131r. M\u00fbs\u00e2\u2019n\u0131n bu hikmeti sorgulamas\u0131, bir kusur de\u011fil, bilginin kayna\u011f\u0131n\u0131 anlama \u00e7abas\u0131d\u0131r.<\/p>\n<ol start=\"2\">\n<li><strong>Medyen K\u0131ssas\u0131 ve Kendini Tan\u0131ma<\/strong><\/li>\n<\/ol>\n<p>M\u00fbs\u00e2\u2019n\u0131n Medyen\u2019de yard\u0131m etti\u011fi iki k\u0131z \u00fczerinden, tasavvuf\u00ee ahlakta iyilik yapman\u0131n \u00f6z\u00fcne y\u00f6nelinir: \u0130yilik, kar\u015f\u0131l\u0131k beklemeksizin yap\u0131lan de\u011fil, ki\u015finin kendi muhta\u00e7l\u0131\u011f\u0131n\u0131 idrak etti\u011fi bir eylemdir. Bu yakla\u015f\u0131m, \u201cmin hayrin fakir\u201d ayetinin ontolojik anlam\u0131yla a\u00e7\u0131klan\u0131r.<\/p>\n<ol start=\"3\">\n<li><strong>N\u00fcb\u00fcvvet ve Vilayet \u0130li\u015fkisi<\/strong><\/li>\n<\/ol>\n<p>\u0130bn\u00fc\u2019l-Arab\u00ee\u2019ye g\u00f6re H\u0131z\u0131r veli dahi olsa, umum\u00ee risaleti olan M\u00fbs\u00e2\u2019ya tabi olmak zorundad\u0131r. Bu durum, n\u00fcb\u00fcvvetin \u015feriat ile ili\u015fkisini \u00f6ne \u00e7\u0131kararak tasavvufun peygambere ittiba esas\u0131 \u00fczerine kurulu oldu\u011funu g\u00f6sterir.<\/p>\n<ol start=\"4\">\n<li><strong>M\u00fbs\u00e2\u2013Firavun Diyalo\u011fu ve Tanr\u0131\u2019n\u0131n Mahiyeti<\/strong><\/li>\n<\/ol>\n<p>Firavun\u2019un \u201cRabbu\u2019l-\u00e2lem\u00een nedir?\u201d sorusu, Tanr\u0131\u2019n\u0131n mahiyetinin bilinip bilinemeyece\u011fi tart\u0131\u015fmas\u0131n\u0131 g\u00fcndeme getirir. M\u00fbs\u00e2\u2019n\u0131n fiiller \u00fczerinden verdi\u011fi cevap, Tanr\u0131\u2019n\u0131n z\u00e2t\u0131 yerine tecell\u00eeleri \u00fczerinden tan\u0131mlanabilece\u011fini g\u00f6sterir.<\/p>\n<ol start=\"5\">\n<li><strong>Bilginin \u0130ki Yolu: Vahiy ve Zevk<\/strong><\/li>\n<\/ol>\n<p>M\u00fbs\u00e2 ve H\u0131z\u0131r aras\u0131nda bilgi fark\u0131, biri vahiy, di\u011feri zevk (ke\u015ff) yoluyla elde edilen bilgi olarak ayr\u0131l\u0131r. Ancak \u0130bn\u00fc\u2019l-Arab\u00ee, hakikatin nihayetinde \u015feriat i\u00e7inde m\u00fcndemi\u00e7 oldu\u011funu ve H\u0131z\u0131r\u2019\u0131n hakikati de M\u00fbs\u00e2\u2019n\u0131n yolunda temsil etti\u011fini savunur.<\/p>\n<ol start=\"6\">\n<li><strong>Tasavvufun Metafizik Temeli: Cem ve Kaos<\/strong><\/li>\n<\/ol>\n<p>Tanr\u0131\u2013\u00e2lem ili\u015fkisinde ortaya \u00e7\u0131kan \u201ccem paradoksu\u201d, yani birlik i\u00e7inde \u00e7okluk, \u0130bn\u00fc\u2019l-Arab\u00ee\u2019nin vahdet-i v\u00fcc\u00fbd \u00f6\u011fretisinin temel sorunlar\u0131ndan biridir. Firavun\u2019un ul\u00fbhiyet iddias\u0131 da bu kaosun bir g\u00f6r\u00fcnt\u00fcs\u00fc olarak ele al\u0131n\u0131r.<\/p>\n<ol start=\"7\">\n<li><strong>Sihirbazlar\u0131n \u0130man\u0131 ve Bilginin S\u0131n\u0131r\u0131<\/strong><\/li>\n<\/ol>\n<p>Sihirbazlar, M\u00fbs\u00e2\u2019n\u0131n bir sihirbaz olmad\u0131\u011f\u0131n\u0131 sezmi\u015f fakat onun peygamber oldu\u011funu imanla \u00f6\u011frenmi\u015flerdir. Bu, hakikatin ak\u0131l ve tahayy\u00fcl s\u0131n\u0131rlar\u0131n\u0131 a\u015fan bir boyutta kavranabilece\u011fini g\u00f6sterir.<\/p>\n<p><strong>Sonu\u00e7<\/strong><\/p>\n<p>Bu seminer, M\u00fbs\u00e2\u2019n\u0131n k\u0131ssas\u0131 \u00fczerinden hem metafizik bilgi hem de ahlak anlay\u0131\u015f\u0131n\u0131n tasavvuf\u00ee \u00e7er\u00e7evede nas\u0131l yeniden yorumland\u0131\u011f\u0131n\u0131 ortaya koyar. \u015eeriat, velayet ve hakikat aras\u0131nda kurulan ba\u011flar; bilgi, davran\u0131\u015f ve iman ili\u015fkisini b\u00fct\u00fcnc\u00fcl bir yap\u0131ya d\u00f6n\u00fc\u015ft\u00fcrerek, n\u00fcb\u00fcvvetin sadece bir tebli\u011f de\u011fil, bir hakikat \u00f6\u011fretisi oldu\u011funu g\u00f6sterir.<\/p>\n<p>&nbsp;<\/p>\n<p>&nbsp;<\/p>\n<p><strong>Purpose and Content of the Seminar<\/strong><\/p>\n<p>This seminar analyzes the sections of Ibn al-\u02bfArab\u012b\u2019s Fus\u00fbsu\u2019l-Hikem related to Prophet M\u016bs\u0101, interpreting episodes such as the meeting with Khidr, the journey to Midian, and the confrontation with Pharaoh. Ekrem Demirli explores how these events are not just narrative elements but expressions of a deeper metaphysical journey. The discussion focuses on the nature of ethical action, the metaphysics of knowledge, and the relationship between prophecy (nubuwwa) and sainthood (wil\u0101ya), revealing a multi-layered reading of spiritual development.<\/p>\n<p><strong>Main Themes<\/strong><\/p>\n<ol>\n<li><strong>M\u016bs\u0101\u2013Khidr Narrative: The Tension of Knowledge and Ethics<\/strong><\/li>\n<\/ol>\n<p>The story of Khidr repairing a wall without payment and M\u016bs\u0101&#8217;s questioning is presented not as a fault, but as an epistemological inquiry. Demirli emphasizes that ethics in Sufism is not merely action but understanding the divine wisdom behind the act.<\/p>\n<ol start=\"2\">\n<li><strong>The Midian Episode and Self-Recognition<\/strong><\/li>\n<\/ol>\n<p>M\u016bs\u0101\u2019s aid to two women in Midian becomes a metaphor for self-awareness through ethical action. The Quranic phrase &#8220;min khayrin faq\u012br&#8221; (\u201cI am in need of any good You send\u201d) is interpreted ontologically, marking the moment where M\u016bs\u0101 recognizes his own poverty and dependence on divine grace.<\/p>\n<ol start=\"3\">\n<li><strong>Prophethood and Sainthood<\/strong><\/li>\n<\/ol>\n<p>According to Ibn al-\u02bfArab\u012b, even if Khidr is a prophet or saint, he must follow M\u016bs\u0101 due to the latter\u2019s universal legislation. This reinforces the Sufi notion that the path of truth must always be grounded in prophetic law (Shar\u012b\u02bfa).<\/p>\n<ol start=\"4\">\n<li><strong>Dialogue with Pharaoh and the Question of Divine Essence<\/strong><\/li>\n<\/ol>\n<p>Pharaoh\u2019s question \u201cWhat is the Lord of the worlds?\u201d leads to a philosophical inquiry into God\u2019s essence. M\u016bs\u0101\u2019s response, based on divine actions rather than essence, illustrates the limitation of human knowledge regarding the divine nature.<\/p>\n<ol start=\"5\">\n<li><strong>Two Modes of Knowledge: Revelation and Taste (Dh\u014dq)<\/strong><\/li>\n<\/ol>\n<p>The difference between M\u016bs\u0101 and Khidr reflects two epistemologies\u2014revelation and inner unveiling. Nevertheless, Ibn al-\u02bfArab\u012b asserts that all knowledge is ultimately rooted in the Shar\u012b\u02bfa, and Khidr\u2019s insights must be seen within M\u016bs\u0101\u2019s prophetic framework.<\/p>\n<ol start=\"6\">\n<li><strong>Metaphysical Foundations of Sufism: Unity and Chaos<\/strong><\/li>\n<\/ol>\n<p>The seminar introduces the idea of the &#8220;chaos of unity&#8221; (jam\u02bf), highlighting the paradox of divine unity manifesting through multiplicity. Pharaoh\u2019s claim to divinity is interpreted within this ontological tension, emphasizing the complex relation between the divine and the worldly.<\/p>\n<ol start=\"7\">\n<li><strong>Faith of the Magicians and the Limits of Knowledge<\/strong><\/li>\n<\/ol>\n<p>The magicians recognize that M\u016bs\u0101 is not a sorcerer, but their affirmation of his prophethood comes through faith, not reason. This distinction illustrates how truth in Sufism transcends intellectual verification and is accessible only through divine grace.<\/p>\n<p><strong>Conclusion<\/strong><\/p>\n<p>Through the figure of M\u016bs\u0101, this seminar explores the interconnectedness of law, metaphysics, and ethics in Sufi thought. By framing prophecy as both a source of knowledge and moral formation, Demirli presents Ibn al-\u02bfArab\u012b\u2019s vision of a tradition where truth is accessible only through adherence to revelation and spiritual insight.<\/p>\n","protected":false},"excerpt":{"rendered":"<p>EKREM DEM\u0130RL\u0130, FUS\u00dbSU&#8217;L-H\u0130KEM OKUMALARI 71. SEM\u0130NER \u00d6ZET\u0130 Dersin Amac\u0131 ve [&hellip;]<\/p>\n","protected":false},"author":1,"featured_media":0,"parent":0,"menu_order":0,"comment_status":"closed","ping_status":"closed","template":"","meta":{"footnotes":""},"class_list":["post-5605","page","type-page","status-publish","hentry"],"jetpack_sharing_enabled":true,"_links":{"self":[{"href":"https:\/\/klasikdusunceokulu.com\/index.php\/wp-json\/wp\/v2\/pages\/5605","targetHints":{"allow":["GET"]}}],"collection":[{"href":"https:\/\/klasikdusunceokulu.com\/index.php\/wp-json\/wp\/v2\/pages"}],"about":[{"href":"https:\/\/klasikdusunceokulu.com\/index.php\/wp-json\/wp\/v2\/types\/page"}],"author":[{"embeddable":true,"href":"https:\/\/klasikdusunceokulu.com\/index.php\/wp-json\/wp\/v2\/users\/1"}],"replies":[{"embeddable":true,"href":"https:\/\/klasikdusunceokulu.com\/index.php\/wp-json\/wp\/v2\/comments?post=5605"}],"version-history":[{"count":1,"href":"https:\/\/klasikdusunceokulu.com\/index.php\/wp-json\/wp\/v2\/pages\/5605\/revisions"}],"predecessor-version":[{"id":5606,"href":"https:\/\/klasikdusunceokulu.com\/index.php\/wp-json\/wp\/v2\/pages\/5605\/revisions\/5606"}],"wp:attachment":[{"href":"https:\/\/klasikdusunceokulu.com\/index.php\/wp-json\/wp\/v2\/media?parent=5605"}],"curies":[{"name":"wp","href":"https:\/\/api.w.org\/{rel}","templated":true}]}}