{"id":5724,"date":"2025-05-18T08:34:37","date_gmt":"2025-05-18T05:34:37","guid":{"rendered":"https:\/\/klasikdusunceokulu.com\/?page_id=5724"},"modified":"2025-05-18T08:52:15","modified_gmt":"2025-05-18T05:52:15","slug":"esref-altas-ragib-el-isfahani-ez-zeria","status":"publish","type":"page","link":"https:\/\/klasikdusunceokulu.com\/index.php\/esref-altas-ragib-el-isfahani-ez-zeria\/","title":{"rendered":"E\u015fref Alta\u015f: R\u00e2g\u0131b el-\u0130sfah\u00e2n\u00ee, ez-Zer\u00eea Okumalar\u0131"},"content":{"rendered":"<p><span style=\"color: #3b5163;\"><a style=\"color: #3b5163;\" href=\"https:\/\/klasikdusunceokulu.com\/index.php\/esref-altas-ragib-el-isfahani-ez-zeria-1-seminer-ozeti\/\"><strong>E\u015eREF ALTA\u015e: R\u00c2GIB el-\u0130SFAH\u00c2N\u00ce, ez-ZER\u00ceA OKUMALARI 1. SEM\u0130NER \u00d6ZET\u0130<\/strong><\/a><\/span><\/p>\n<p><span style=\"color: #3b5163;\"><a style=\"color: #3b5163;\" href=\"https:\/\/klasikdusunceokulu.com\/index.php\/esref-altas-ragib-el-isfahani-ez-zeria-okumalari-2-seminer-ozeti\/\"><strong>E\u015eREF ALTA\u015e: R\u00c2GIB el-\u0130SFAH\u00c2N\u00ce, ez-ZER\u00ceA OKUMALARI 2. SEM\u0130NER \u00d6ZET\u0130<\/strong><\/a><\/span><\/p>\n<p><span style=\"color: #3b5163;\"><a style=\"color: #3b5163;\" href=\"https:\/\/klasikdusunceokulu.com\/index.php\/esref-altas-ragib-el-isfahani-ez-zeria-okumalari-3-seminer-ozeti\/\"><strong>E\u015eREF ALTA\u015e: R\u00c2GIB el-\u0130SFAH\u00c2N\u00ce, ez-ZER\u00ceA OKUMALARI 3. SEM\u0130NER \u00d6ZET\u0130<\/strong><\/a><\/span><\/p>\n<p><span style=\"color: #3b5163;\"><a style=\"color: #3b5163;\" href=\"https:\/\/klasikdusunceokulu.com\/index.php\/esref-altas-ragib-el-isfahani-ez-zeria-okumalari-4-seminer-ozeti\/\"><strong>E\u015eREF ALTA\u015e: R\u00c2GIB el-\u0130SFAH\u00c2N\u00ce, ez-ZER\u00ceA OKUMALARI 4. SEM\u0130NER \u00d6ZET\u0130<\/strong><\/a><\/span><\/p>\n","protected":false},"excerpt":{"rendered":"<p>E\u015eREF ALTA\u015e: R\u00c2GIB el-\u0130SFAH\u00c2N\u00ce, ez-ZER\u00ceA OKUMALARI 1. SEM\u0130NER \u00d6ZET\u0130 E\u015eREF [&hellip;]<\/p>\n","protected":false},"author":1,"featured_media":0,"parent":0,"menu_order":0,"comment_status":"closed","ping_status":"closed","template":"","meta":{"footnotes":""},"class_list":["post-5724","page","type-page","status-publish","hentry"],"jetpack_sharing_enabled":true,"_links":{"self":[{"href":"https:\/\/klasikdusunceokulu.com\/index.php\/wp-json\/wp\/v2\/pages\/5724","targetHints":{"allow":["GET"]}}],"collection":[{"href":"https:\/\/klasikdusunceokulu.com\/index.php\/wp-json\/wp\/v2\/pages"}],"about":[{"href":"https:\/\/klasikdusunceokulu.com\/index.php\/wp-json\/wp\/v2\/types\/page"}],"author":[{"embeddable":true,"href":"https:\/\/klasikdusunceokulu.com\/index.php\/wp-json\/wp\/v2\/users\/1"}],"replies":[{"embeddable":true,"href":"https:\/\/klasikdusunceokulu.com\/index.php\/wp-json\/wp\/v2\/comments?post=5724"}],"version-history":[{"count":5,"href":"https:\/\/klasikdusunceokulu.com\/index.php\/wp-json\/wp\/v2\/pages\/5724\/revisions"}],"predecessor-version":[{"id":5751,"href":"https:\/\/klasikdusunceokulu.com\/index.php\/wp-json\/wp\/v2\/pages\/5724\/revisions\/5751"}],"wp:attachment":[{"href":"https:\/\/klasikdusunceokulu.com\/index.php\/wp-json\/wp\/v2\/media?parent=5724"}],"curies":[{"name":"wp","href":"https:\/\/api.w.org\/{rel}","templated":true}]}}