{"id":5739,"date":"2025-05-18T08:51:45","date_gmt":"2025-05-18T05:51:45","guid":{"rendered":"https:\/\/klasikdusunceokulu.com\/?page_id=5739"},"modified":"2025-05-18T08:51:45","modified_gmt":"2025-05-18T05:51:45","slug":"erman-goren-platon-kratylos","status":"publish","type":"page","link":"https:\/\/klasikdusunceokulu.com\/index.php\/erman-goren-platon-kratylos\/","title":{"rendered":"Erman G\u00f6ren: Platon, Kratylos"},"content":{"rendered":"<p><span style=\"color: #3b5163;\"><a style=\"color: #3b5163;\" href=\"https:\/\/klasikdusunceokulu.com\/index.php\/erman-goren-platonkratylos-1-seminer-ozeti\/\"><strong>ERMAN G\u00d6REN: PLATON,KRATYLOS 1. SEM\u0130NER \u00d6ZET\u0130<\/strong><\/a><\/span><\/p>\n<p><span style=\"color: #3b5163;\"><a style=\"color: #3b5163;\" href=\"https:\/\/klasikdusunceokulu.com\/index.php\/erman-goren-platonkratylos-2-seminer-ozeti\/\"><strong>ERMAN G\u00d6REN: PLATON,KRATYLOS 2. SEM\u0130NER \u00d6ZET\u0130<\/strong><\/a><\/span><\/p>\n<p><span style=\"color: #3b5163;\"><a style=\"color: #3b5163;\" href=\"https:\/\/klasikdusunceokulu.com\/index.php\/erman-goren-platonkratylos-3-seminer-ozeti\/\"><strong>ERMAN G\u00d6REN: PLATON,KRATYLOS 3. SEM\u0130NER \u00d6ZET\u0130<\/strong><\/a><\/span><\/p>\n<p><span style=\"color: #3b5163;\"><a style=\"color: #3b5163;\" href=\"https:\/\/klasikdusunceokulu.com\/index.php\/erman-goren-platonkratylos-4-seminer-ozeti\/\"><strong>ERMAN G\u00d6REN: PLATON,KRATYLOS 4. SEM\u0130NER \u00d6ZET\u0130<\/strong><\/a><\/span><\/p>\n<p><span style=\"color: #3b5163;\"><a style=\"color: #3b5163;\" href=\"https:\/\/klasikdusunceokulu.com\/index.php\/erman-goren-platonkratylos-5-seminer-ozeti\/\"><strong>ERMAN G\u00d6REN: PLATON,KRATYLOS 5. SEM\u0130NER \u00d6ZET\u0130<\/strong><\/a><\/span><\/p>\n<p>&nbsp;<\/p>\n","protected":false},"excerpt":{"rendered":"<p>ERMAN G\u00d6REN: PLATON,KRATYLOS 1. SEM\u0130NER \u00d6ZET\u0130 ERMAN G\u00d6REN: PLATON,KRATYLOS 2. [&hellip;]<\/p>\n","protected":false},"author":1,"featured_media":0,"parent":0,"menu_order":0,"comment_status":"closed","ping_status":"closed","template":"","meta":{"footnotes":""},"class_list":["post-5739","page","type-page","status-publish","hentry"],"jetpack_sharing_enabled":true,"_links":{"self":[{"href":"https:\/\/klasikdusunceokulu.com\/index.php\/wp-json\/wp\/v2\/pages\/5739","targetHints":{"allow":["GET"]}}],"collection":[{"href":"https:\/\/klasikdusunceokulu.com\/index.php\/wp-json\/wp\/v2\/pages"}],"about":[{"href":"https:\/\/klasikdusunceokulu.com\/index.php\/wp-json\/wp\/v2\/types\/page"}],"author":[{"embeddable":true,"href":"https:\/\/klasikdusunceokulu.com\/index.php\/wp-json\/wp\/v2\/users\/1"}],"replies":[{"embeddable":true,"href":"https:\/\/klasikdusunceokulu.com\/index.php\/wp-json\/wp\/v2\/comments?post=5739"}],"version-history":[{"count":1,"href":"https:\/\/klasikdusunceokulu.com\/index.php\/wp-json\/wp\/v2\/pages\/5739\/revisions"}],"predecessor-version":[{"id":5750,"href":"https:\/\/klasikdusunceokulu.com\/index.php\/wp-json\/wp\/v2\/pages\/5739\/revisions\/5750"}],"wp:attachment":[{"href":"https:\/\/klasikdusunceokulu.com\/index.php\/wp-json\/wp\/v2\/media?parent=5739"}],"curies":[{"name":"wp","href":"https:\/\/api.w.org\/{rel}","templated":true}]}}