{"id":5756,"date":"2025-05-18T09:06:00","date_gmt":"2025-05-18T06:06:00","guid":{"rendered":"https:\/\/klasikdusunceokulu.com\/?page_id=5756"},"modified":"2025-05-18T09:06:00","modified_gmt":"2025-05-18T06:06:00","slug":"esref-altas-ebheri-isaguci","status":"publish","type":"page","link":"https:\/\/klasikdusunceokulu.com\/index.php\/esref-altas-ebheri-isaguci\/","title":{"rendered":"E\u015fref Alta\u015f: Ebheri, \u0130saguci"},"content":{"rendered":"<p><span style=\"color: #3b5163;\"><a style=\"color: #3b5163;\" href=\"https:\/\/klasikdusunceokulu.com\/index.php\/esref-altas-ebheri-isaguci-1-seminer-ozeti\/\"><strong>E\u015eREF ALTA\u015e: EBHER\u0130, \u0130SAGUC\u0130 1. SEM\u0130NER \u00d6ZET\u0130<\/strong><\/a><\/span><\/p>\n<p><span style=\"color: #3b5163;\"><a style=\"color: #3b5163;\" href=\"https:\/\/klasikdusunceokulu.com\/index.php\/esref-altas-ebheri-isaguci-2-seminer-ozeti\/\"><strong>E\u015eREF ALTA\u015e: EBHER\u0130, \u0130SAGUC\u0130 2. SEM\u0130NER \u00d6ZET\u0130<\/strong><\/a><\/span><\/p>\n<p><span style=\"color: #3b5163;\"><a style=\"color: #3b5163;\" href=\"https:\/\/klasikdusunceokulu.com\/index.php\/esref-altas-ebheri-isaguci-3-seminer-ozeti\/\"><strong>E\u015eREF ALTA\u015e: EBHER\u0130, \u0130SAGUC\u0130 3. SEM\u0130NER \u00d6ZET\u0130<\/strong><\/a><\/span><\/p>\n<p>&nbsp;<\/p>\n","protected":false},"excerpt":{"rendered":"<p>E\u015eREF ALTA\u015e: EBHER\u0130, \u0130SAGUC\u0130 1. SEM\u0130NER \u00d6ZET\u0130 E\u015eREF ALTA\u015e: EBHER\u0130, [&hellip;]<\/p>\n","protected":false},"author":1,"featured_media":0,"parent":0,"menu_order":0,"comment_status":"closed","ping_status":"closed","template":"","meta":{"footnotes":""},"class_list":["post-5756","page","type-page","status-publish","hentry"],"jetpack_sharing_enabled":true,"_links":{"self":[{"href":"https:\/\/klasikdusunceokulu.com\/index.php\/wp-json\/wp\/v2\/pages\/5756","targetHints":{"allow":["GET"]}}],"collection":[{"href":"https:\/\/klasikdusunceokulu.com\/index.php\/wp-json\/wp\/v2\/pages"}],"about":[{"href":"https:\/\/klasikdusunceokulu.com\/index.php\/wp-json\/wp\/v2\/types\/page"}],"author":[{"embeddable":true,"href":"https:\/\/klasikdusunceokulu.com\/index.php\/wp-json\/wp\/v2\/users\/1"}],"replies":[{"embeddable":true,"href":"https:\/\/klasikdusunceokulu.com\/index.php\/wp-json\/wp\/v2\/comments?post=5756"}],"version-history":[{"count":1,"href":"https:\/\/klasikdusunceokulu.com\/index.php\/wp-json\/wp\/v2\/pages\/5756\/revisions"}],"predecessor-version":[{"id":5763,"href":"https:\/\/klasikdusunceokulu.com\/index.php\/wp-json\/wp\/v2\/pages\/5756\/revisions\/5763"}],"wp:attachment":[{"href":"https:\/\/klasikdusunceokulu.com\/index.php\/wp-json\/wp\/v2\/media?parent=5756"}],"curies":[{"name":"wp","href":"https:\/\/api.w.org\/{rel}","templated":true}]}}