{"id":5886,"date":"2025-05-19T16:40:36","date_gmt":"2025-05-19T13:40:36","guid":{"rendered":"https:\/\/klasikdusunceokulu.com\/?page_id=5886"},"modified":"2025-05-19T16:40:36","modified_gmt":"2025-05-19T13:40:36","slug":"esref-altas-razi-okumalari-muhassal-45-seminer-ozeti","status":"publish","type":"page","link":"https:\/\/klasikdusunceokulu.com\/index.php\/esref-altas-razi-okumalari-muhassal-45-seminer-ozeti\/","title":{"rendered":"E\u015eREF ALTA\u015e, R\u00c2Z\u0130 OKUMALARI: MUHASSAL 45. SEM\u0130NER \u00d6ZET\u0130"},"content":{"rendered":"<p><strong>E\u015eREF ALTA\u015e, R\u00c2Z\u0130 OKUMALARI: MUHASSAL 45. SEM\u0130NER \u00d6ZET\u0130<\/strong><\/p>\n<p><strong>Dersin Amac\u0131 ve \u0130\u00e7eri\u011fi<\/strong><\/p>\n<p>Bu seminerde Fahreddin er-R\u00e2z\u00ee\u2019nin el-Mu\u1e25a\u1e63\u1e63al adl\u0131 eserinde yer alan z\u00e2t ile s\u00fcb\u00fbt\u00ee s\u0131fatlar aras\u0131ndaki ili\u015fki tart\u0131\u015fmas\u0131 ele al\u0131nm\u0131\u015ft\u0131r. Seminer, \u00f6zellikle Allah\u2019\u0131n ilim, kudret, irade gibi s\u00fcb\u00fbt\u00ee s\u0131fatlar\u0131n\u0131n z\u00e2ttan ayr\u0131 olup olmad\u0131\u011f\u0131, bu s\u0131fatlar\u0131n \u201chal\u201d mi yoksa \u201cs\u0131fat\u201d m\u0131 oldu\u011fu gibi klasik kel\u00e2m tart\u0131\u015fmalar\u0131n\u0131 merkeze al\u0131r. E\u015f\u2019ar\u00eeler, Mutezile, \u015ei\u00eeler ve filozoflar\u0131n konuya dair yakla\u015f\u0131mlar\u0131 sistematik bi\u00e7imde kar\u015f\u0131la\u015ft\u0131r\u0131lm\u0131\u015f, deist ve muatt\u0131la e\u011filimli yakla\u015f\u0131mlar\u0131n itikad\u00ee ve ahl\u00e2k\u00ee sonu\u00e7lar\u0131 irdelenmi\u015ftir.<\/p>\n<p><strong>Ana Temalar<\/strong><\/p>\n<ol>\n<li><strong>Z\u00e2ttan Ayr\u0131 Birer S\u0131fat Var m\u0131d\u0131r?<\/strong><\/li>\n<\/ol>\n<p>Tart\u0131\u015fma, Allah Te\u00e2l\u00e2\u2019n\u0131n \u201cz\u00e2t\u0131yla \u00e2lim, z\u00e2t\u0131yla kad\u00eer\u201d oldu\u011fu s\u00f6yleminin s\u0131fatlar\u0131 gereksiz k\u0131l\u0131p k\u0131lmad\u0131\u011f\u0131 sorusuna odaklan\u0131r. Mutezile ve filozoflar, s\u0131fatlar\u0131 z\u00e2ta eklenen ikinci anlamlar olarak reddederken, E\u015f\u2019ar\u00eeler bu s\u0131fatlar\u0131 z\u00e2t\u0131n d\u0131\u015f\u0131nda, fakat onunla kaim ezel\u00ee s\u0131fatlar olarak kabul eder.<\/p>\n<ol start=\"2\">\n<li><strong>Hal\u2013S\u0131fat Ayr\u0131m\u0131 ve Kavramsal \u00c7\u00f6z\u00fcmlemeler<\/strong><\/li>\n<\/ol>\n<p>R\u00e2z\u00ee, \u201chal\u201d ve \u201cs\u0131fat\u201d ayr\u0131m\u0131n\u0131 tart\u0131\u015farak E\u015f\u2019ar\u00ee gelenekte Gaz\u00e2l\u00ee, Mutezile\u2019de Ebu Ali ve Ebu Ha\u015fim gibi isimlerin farkl\u0131 pozisyonlar\u0131n\u0131 de\u011ferlendirir. Hal kavram\u0131n\u0131n bilinebilirli\u011fi, z\u00e2t ile ili\u015fkisi ve kadim varl\u0131klar\u0131n \u00e7o\u011falmas\u0131 (taadd\u00fcd\u00fc kudem\u00e2) meselesi ba\u011flam\u0131nda ele al\u0131n\u0131r. \u0130mam R\u00e2z\u00ee, s\u0131fatlar\u0131n ilave oldu\u011fu kadar anlaml\u0131 da olduklar\u0131n\u0131 ve z\u00e2t d\u0131\u015f\u0131nda d\u00fc\u015f\u00fcn\u00fclmeleri gerekti\u011fini savunur.<\/p>\n<ol start=\"3\">\n<li><strong>Filozoflar\u0131n Bilgi Anlay\u0131\u015f\u0131 ve Ele\u015ftirisi<\/strong><\/li>\n<\/ol>\n<p>\u0130bn S\u00een\u00e2\u2019n\u0131n bilgi anlay\u0131\u015f\u0131 \u2013 bilginin bilende bilinene e\u015fit bir suret olmas\u0131 \u2013 tart\u0131\u015f\u0131l\u0131r. Bu anlay\u0131\u015f, Tanr\u0131\u2019da \u00e7o\u011falma (kesret) do\u011furabilece\u011fi i\u00e7in E\u015f\u2019ar\u00eelerce ele\u015ftirilir. R\u00e2z\u00ee, bilgiyi z\u00e2ta i\u00e7kin de\u011fil, z\u00e2ttan ayr\u0131 bir anlam olarak konumland\u0131r\u0131r.<\/p>\n<ol start=\"4\">\n<li><strong>Z\u00e2t-S\u0131fat Ayr\u0131m\u0131nda Tevhid ve Tenzih Dengesi<\/strong><\/li>\n<\/ol>\n<p>Seminerde, z\u00e2t ile s\u0131fatlar\u0131n ayr\u0131 kabul edilmesinin tevhid anlay\u0131\u015f\u0131na zarar verip vermedi\u011fi, Hristiyanl\u0131k\u2019taki teslis inanc\u0131 ile \u0130sl\u00e2m tevhidi aras\u0131nda nas\u0131l bir ayr\u0131m yap\u0131ld\u0131\u011f\u0131 de\u011ferlendirilir. Allah\u2019\u0131n fail-i muhtar olmas\u0131, yani \u00f6zg\u00fcr ve belirleyici iradeye sahip olmas\u0131, s\u0131fatlar\u0131n varl\u0131\u011f\u0131yla m\u00fcmk\u00fcn g\u00f6r\u00fcl\u00fcr.<\/p>\n<ol start=\"5\">\n<li><strong>Kadim Bilgi, Hadis Bilgi ve \u0130lah\u00ee Zihin Meselesi<\/strong><\/li>\n<\/ol>\n<p>\u0130lmin kadim bir s\u0131fat olup olmad\u0131\u011f\u0131, Allah\u2019\u0131n bilgisinin mahl\u00fbk bilgisine benzerli\u011finin do\u011furaca\u011f\u0131 sorunlar, sonsuz bilgi fikri ve sonsuz suretlerin Tanr\u0131\u2019da bulunup bulunamayaca\u011f\u0131 tart\u0131\u015f\u0131l\u0131r. R\u00e2z\u00ee, bu tart\u0131\u015fmalar \u00fczerinden kel\u00e2m\u00ee gelenekteki k\u0131dem\u2013hud\u00fbs ayr\u0131m\u0131na sad\u0131k kal\u0131r.<\/p>\n<p><strong>Sonu\u00e7<\/strong><\/p>\n<p>Bu seminer, z\u00e2t ile s\u0131fatlar aras\u0131ndaki ili\u015fkiyi, klasik kel\u00e2m ve felsefe gelene\u011fi i\u00e7indeki t\u00fcm y\u00f6nleriyle tart\u0131\u015farak, \u0130sl\u00e2m d\u00fc\u015f\u00fcncesinde Tanr\u0131 tasavvurunun nas\u0131l \u015fekillendi\u011fini g\u00f6sterir. R\u00e2z\u00ee\u2019nin y\u00f6ntemi, farkl\u0131 ekoller aras\u0131nda ayr\u0131\u015fma noktalar\u0131n\u0131 kavramsal a\u00e7\u0131kl\u0131kla ortaya koyarken, E\u015f\u2019ar\u00ee yakla\u015f\u0131m\u0131n rasyonel temellerini g\u00fc\u00e7lendirmeyi hedefler. Bu tart\u0131\u015fma, bir sonraki seminerde \u201ctekv\u00een s\u0131fat\u0131\u201d ekseninde devam edecektir.<\/p>\n<p>&nbsp;<\/p>\n<p><strong>Seminar Purpose and Content<\/strong><\/p>\n<p>This seminar addresses the foundational theological question of how God\u2019s essence (dh\u0101t) relates to His affirmative (thub\u016bt\u012b) attributes such as knowledge (\u02bfilm), power (qudra), and will (ir\u0101da), as discussed by Fakhr al-D\u012bn al-R\u0101z\u012b in al-Mu\u1e25a\u1e63\u1e63al. The seminar examines whether these attributes are truly distinct from the divine essence or merely conceptual constructs. Through a comparative analysis of Ash\u02bfarite, Mu\u02bftazilite, Sh\u012b\u02bf\u012b, and philosophical perspectives, R\u0101z\u012b probes the metaphysical implications of divine simplicity, the risk of multiplicity, and the coherence of divine agency. The discussion also explores broader theological consequences, including responses to deism and critiques of anthropomorphic theology.<\/p>\n<p><strong>Key Themes<\/strong><\/p>\n<ol>\n<li><strong>Are the Attributes Distinct from the Divine Essence?<\/strong><\/li>\n<\/ol>\n<p>The core debate is whether attributes like knowledge and power are truly additional to the divine essence or reducible to it. Philosophers and Mu\u02bftazilites tend to negate additional attributes to preserve divine simplicity, while Ash\u02bfarites uphold them as eternal and co-existent with the essence without violating divine unity.<\/p>\n<ol start=\"2\">\n<li><strong>The Distinction Between Sif\u0101t and A<\/strong><strong>\u1e25<\/strong><strong>w\u0101l (Attributes and Modes)<\/strong><\/li>\n<\/ol>\n<p>R\u0101z\u012b examines the distinction between sif\u0101t and a\u1e25w\u0101l, focusing on the views of al-Ghaz\u0101l\u012b, Ab\u016b H\u0101shim, and Ab\u016b \u02bfAl\u012b al-Jubb\u0101\u02be\u012b. The epistemic status of \u1e25\u0101l (mode\/state) is debated\u2014whether it is knowable in itself or only through its effects. R\u0101z\u012b ultimately argues that meaningful theological discourse requires recognizing these attributes as real and intelligible additions to the essence.<\/p>\n<ol start=\"3\">\n<li><strong>Critique of Philosophical Theories of Knowledge<\/strong><\/li>\n<\/ol>\n<p>Philosophers like Ibn S\u012bn\u0101 define knowledge as a form imprinted on the knower, implying multiplicity in the divine mind. R\u0101z\u012b critiques this view for violating divine unity and prefers a conception in which knowledge is an attribute co-existing with the essence rather than an emanated multiplicity of forms.<\/p>\n<ol start=\"4\">\n<li><strong>Balancing Divine Unity and Agency<\/strong><\/li>\n<\/ol>\n<p>The seminar explores the implications of denying distinct attributes: either reducing God to an abstract monad disconnected from the world or collapsing into deistic or mu\u02bfa\u1e6d\u1e6dila (attribute-denying) positions. R\u0101z\u012b defends the necessity of attributes for explaining divine interaction, such as hearing, seeing, and willing, which preserve both transcendence and immanence.<\/p>\n<ol start=\"5\">\n<li><strong>Eternal vs. Created Knowledge and the Divine Mind<\/strong><\/li>\n<\/ol>\n<p>The problem of infinite knowledge and divine multiplicity is explored through objections to the eternity of knowledge. R\u0101z\u012b responds by affirming that while God&#8217;s knowledge encompasses all particulars, this does not entail internal multiplicity or division, as the attributes are unified with the essence but conceptually distinguishable.<\/p>\n<p><strong>Conclusion<\/strong><\/p>\n<p>This seminar provides a deep theological and philosophical inquiry into the nature of divine attributes and their relation to God\u2019s essence. R\u0101z\u012b defends the Ash\u02bfarite position by emphasizing the rational coherence of distinct yet eternal attributes. The discussion sets the stage for the following seminar, which will explore the debated status of the takw\u012bn (origination) attribute and its role in divine action.<\/p>\n","protected":false},"excerpt":{"rendered":"<p>E\u015eREF ALTA\u015e, R\u00c2Z\u0130 OKUMALARI: MUHASSAL 45. SEM\u0130NER \u00d6ZET\u0130 Dersin Amac\u0131 [&hellip;]<\/p>\n","protected":false},"author":1,"featured_media":0,"parent":0,"menu_order":0,"comment_status":"closed","ping_status":"closed","template":"","meta":{"footnotes":""},"class_list":["post-5886","page","type-page","status-publish","hentry"],"jetpack_sharing_enabled":true,"_links":{"self":[{"href":"https:\/\/klasikdusunceokulu.com\/index.php\/wp-json\/wp\/v2\/pages\/5886","targetHints":{"allow":["GET"]}}],"collection":[{"href":"https:\/\/klasikdusunceokulu.com\/index.php\/wp-json\/wp\/v2\/pages"}],"about":[{"href":"https:\/\/klasikdusunceokulu.com\/index.php\/wp-json\/wp\/v2\/types\/page"}],"author":[{"embeddable":true,"href":"https:\/\/klasikdusunceokulu.com\/index.php\/wp-json\/wp\/v2\/users\/1"}],"replies":[{"embeddable":true,"href":"https:\/\/klasikdusunceokulu.com\/index.php\/wp-json\/wp\/v2\/comments?post=5886"}],"version-history":[{"count":1,"href":"https:\/\/klasikdusunceokulu.com\/index.php\/wp-json\/wp\/v2\/pages\/5886\/revisions"}],"predecessor-version":[{"id":5887,"href":"https:\/\/klasikdusunceokulu.com\/index.php\/wp-json\/wp\/v2\/pages\/5886\/revisions\/5887"}],"wp:attachment":[{"href":"https:\/\/klasikdusunceokulu.com\/index.php\/wp-json\/wp\/v2\/media?parent=5886"}],"curies":[{"name":"wp","href":"https:\/\/api.w.org\/{rel}","templated":true}]}}