{"id":5889,"date":"2025-05-20T11:37:13","date_gmt":"2025-05-20T08:37:13","guid":{"rendered":"https:\/\/klasikdusunceokulu.com\/?page_id=5889"},"modified":"2025-05-20T11:37:13","modified_gmt":"2025-05-20T08:37:13","slug":"esref-altas-razi-okumalari-muhassal-46-seminer-ozeti","status":"publish","type":"page","link":"https:\/\/klasikdusunceokulu.com\/index.php\/esref-altas-razi-okumalari-muhassal-46-seminer-ozeti\/","title":{"rendered":"E\u015eREF ALTA\u015e, R\u00c2Z\u0130 OKUMALARI: MUHASSAL 46. SEM\u0130NER \u00d6ZET\u0130"},"content":{"rendered":"<p><strong>E\u015eREF ALTA\u015e, R\u00c2Z\u0130 OKUMALARI: MUHASSAL 46. SEM\u0130NER \u00d6ZET\u0130<\/strong><\/p>\n<p><strong>Dersin Amac\u0131 ve \u0130\u00e7eri\u011fi<\/strong><\/p>\n<p>Bu seminerde Fahreddin er-R\u00e2z\u00ee\u2019nin s\u0131fatlar bahsinde ele ald\u0131\u011f\u0131 \u201ckel\u00e2m s\u0131fat\u0131\u201d, \u201cAllah\u2019\u0131n haberinin do\u011frulu\u011fu\u201d, \u201ctekv\u00een s\u0131fat\u0131\u201d ve \u201cAllah\u2019\u0131n zat\u0131n\u0131n bilinebilirli\u011fi\u201d gibi detayl\u0131 meseleler incelenmi\u015ftir. R\u00e2z\u00ee\u2019nin Hanef\u00ee ve E\u015f\u2018ar\u00ee gelenekler aras\u0131ndaki farklar\u0131 de\u011ferlendirdi\u011fi bu seminerde, kelam s\u0131fat\u0131n\u0131n birli\u011fi, yalan\u0131n Allah\u2019a nisbet edilemeyece\u011fi, tekv\u00een s\u0131fat\u0131n\u0131n gereklili\u011fi ve Allah\u2019\u0131n hakikatinin bilinemeyece\u011fi tart\u0131\u015fmalar\u0131 \u00e7ok y\u00f6nl\u00fc bir \u015fekilde ele al\u0131nm\u0131\u015ft\u0131r.<\/p>\n<p><strong>Ana Temalar<\/strong><\/p>\n<ol>\n<li><strong>Kelam S\u0131fat\u0131n\u0131n Birli\u011fi ve Haber Olmas\u0131<\/strong><\/li>\n<\/ol>\n<p>R\u00e2z\u00ee, kelam s\u0131fat\u0131n\u0131n asl\u0131n\u0131n haberden ibaret oldu\u011funu, emir, nehiy ve nida gibi ifadelerin de sonu\u00e7ta m\u00fckellefin sorumlulu\u011funu bildiren birer haber oldu\u011funu savunur. B\u00f6ylece kelam\u0131n \u00f6z\u00fcnde birli\u011fini ve haberci yap\u0131s\u0131n\u0131 korudu\u011funu belirtir.<\/p>\n<ol start=\"2\">\n<li><strong>Allah\u2019\u0131n Haberinin Do\u011frulu\u011fu ve Yalan \u0130snad\u0131<\/strong><\/li>\n<\/ol>\n<p>Mutezile, Allah\u2019\u0131n yalan s\u00f6ylemesinin \u00e7irkin oldu\u011funu ve Allah\u2019tan \u00e7irkinin sad\u0131r olmayaca\u011f\u0131n\u0131 ileri s\u00fcrerken, Ehl-i s\u00fcnnet bu gerek\u00e7eyi reddeder. R\u00e2z\u00ee, Allah\u2019\u0131n yalan s\u00f6ylemesinin imk\u00e2ns\u0131z oldu\u011funu, \u00e7\u00fcnk\u00fc yalan\u0131n bir eksiklik oldu\u011funu ve Allah\u2019\u0131n b\u00fct\u00fcn eksikliklerden m\u00fcnezzeh oldu\u011funu tenzih\u00ee s\u0131fatlarla temellendirir.<\/p>\n<ol start=\"3\">\n<li><strong>Nefs\u00ee Kelam ve Bilgi-Do\u011fruluk \u0130li\u015fkisi<\/strong><\/li>\n<\/ol>\n<p>R\u00e2z\u00ee, Allah\u2019\u0131n kendi zat\u0131nda bulunan kelam\u0131n\u0131n do\u011fru oldu\u011funu, \u00e7\u00fcnk\u00fc kelam\u0131n zat\u00ee bilgiye dayand\u0131\u011f\u0131n\u0131 ve de\u011fi\u015fmez oldu\u011funu belirtir. Ancak d\u0131\u015fa aktar\u0131lan laf\u0131zlar\u0131n do\u011frulu\u011fu, nefs\u00ee kelamdan ayr\u0131 d\u00fc\u015f\u00fcn\u00fclebilir. Bu ayr\u0131m, Allah\u2019\u0131n hakikate uygun bildirmesi ile sim\u00fclasyon ihtimali aras\u0131ndaki fark\u0131 ortaya koyar.<\/p>\n<ol start=\"4\">\n<li><strong>Tekv\u00een S\u0131fat\u0131 Tart\u0131\u015fmas\u0131: Hanef\u00ee\u2013E\u015f\u2018ar\u00ee Fark\u0131<\/strong><\/li>\n<\/ol>\n<p>Tekv\u00een s\u0131fat\u0131n\u0131n ezel\u00ee bir s\u0131fat olup olmad\u0131\u011f\u0131, kudretle ayn\u0131 m\u0131 farkl\u0131 m\u0131 oldu\u011fu, kudretin fiile yeterli olup olmad\u0131\u011f\u0131 gibi meseleler R\u00e2z\u00ee taraf\u0131ndan tart\u0131\u015f\u0131l\u0131r. Hanef\u00eeler, yaratma fiilinin bir s\u0131fat olan tekv\u00eenle ger\u00e7ekle\u015fti\u011fini savunurken, E\u015f\u2018ar\u00eeler kudretin yeterli oldu\u011funu \u00f6ne s\u00fcrer. R\u00e2z\u00ee, kudretin nesnenin varl\u0131\u011f\u0131nda do\u011frudan m\u00fcessir olmad\u0131\u011f\u0131n\u0131 iddia ederek Hanef\u00eelerin g\u00f6r\u00fc\u015f\u00fcn\u00fc ele\u015ftirir.<\/p>\n<ol start=\"5\">\n<li><strong>Allah\u2019\u0131n Zat\u0131n\u0131n Bilinip Bilinemeyece\u011fi<\/strong><\/li>\n<\/ol>\n<p>Seminerin son k\u0131sm\u0131nda Allah\u2019\u0131n zat\u0131n\u0131n bilinip bilinemeyece\u011fi sorunu ele al\u0131n\u0131r. R\u00e2z\u00ee\u2019ye g\u00f6re E\u015f\u2018ar\u00eeler zat\u0131n bilinebilece\u011fini savunsa da bu bilgi tam bir hakikat bilgisi de\u011fildir. Gaz\u00e2l\u00ee ve D\u0131r\u00e2r b. Amr gibi d\u00fc\u015f\u00fcn\u00fcrler, yaln\u0131zca selb\u00ee s\u0131fatlar\u0131n ve genel varl\u0131k bilgisinin m\u00fcmk\u00fcn oldu\u011funu savunur. Bu yakla\u015f\u0131m, hakikatin bilinemeyece\u011fi ama varl\u0131\u011f\u0131n\u0131n bilinebilir oldu\u011fu fikrini \u00f6ne \u00e7\u0131kar\u0131r.<\/p>\n<p><strong>Sonu\u00e7<\/strong><\/p>\n<p>Bu seminer, kelam\u00ee s\u0131fat teorisinin temel sorunlar\u0131n\u0131 ve Hanef\u00ee-E\u015f\u2018ar\u00ee ayr\u0131m\u0131n\u0131 derinlemesine tart\u0131\u015farak, \u00f6zellikle Allah\u2019\u0131n kelam\u0131, iradesi, fiilleri ve zat\u0131na dair bilginin imkanlar\u0131n\u0131 felsef\u00ee ve teolojik a\u00e7\u0131lardan de\u011ferlendirir. R\u00e2z\u00ee\u2019nin bu meselelerdeki \u00e7\u00f6z\u00fcm \u00f6nerileri, klasik kelam gelene\u011fi i\u00e7indeki \u00f6zg\u00fcn konumunu peki\u015ftirir.<\/p>\n<p>&nbsp;<\/p>\n<p><strong>Seminar Purpose and Content<\/strong><\/p>\n<p>This seminar explores advanced theological discussions in Fakhr al-D\u012bn al-R\u0101z\u012b\u2019s al-Mu\u1e25a\u1e63\u1e63al, focusing on intricate questions surrounding divine attributes. Central issues include the unity of God&#8217;s speech (kal\u0101m), the truthfulness of divine communication, the nature and necessity of the attribute of takw\u012bn (origination), and the epistemological possibility of knowing God&#8217;s essence. The session aims to contrast the perspectives of Ash\u02bfar\u012b and \u1e24anaf\u012b schools while investigating the philosophical depth of these concepts within classical kal\u0101m.<\/p>\n<p><strong>Key Themes<\/strong><\/p>\n<ol>\n<li><strong>Unity of the Kal\u0101m Attribute<\/strong><\/li>\n<\/ol>\n<p>R\u0101z\u012b argues that divine speech is essentially declarative and thus unified. He maintains that commands, prohibitions, and interrogatives ultimately convey information about reward or punishment, thus reducing all forms of speech to a type of informative proposition (\u1e25aber), emphasizing the oneness of the kal\u0101m attribute.<\/p>\n<ol start=\"2\">\n<li><strong>Divine Truthfulness and the Impossibility of Lying<\/strong><\/li>\n<\/ol>\n<p>Mu\u02bftazilites claim that lying is inherently evil and therefore impossible for God. R\u0101z\u012b, rejecting their ethical premise, argues instead from a theological principle of divine perfection: lying is a deficiency, and deficiency is impossible for God. Thus, God cannot lie, not because of ethical obligation, but because of ontological perfection.<\/p>\n<ol start=\"3\">\n<li><strong>Nafs\u012b Kal\u0101m and the Possibility of Simulation<\/strong><\/li>\n<\/ol>\n<p>R\u0101z\u012b explores the relationship between God&#8217;s internal speech (nafs\u012b kal\u0101m) and the external expressions (laf\u1e93\u012b kal\u0101m). He affirms that God\u2019s internal word is necessarily truthful due to its unchanging nature, yet raises questions about whether the externalized, revealed expressions necessarily match this inner truth, thereby addressing epistemological concerns about deception and simulation.<\/p>\n<ol start=\"4\">\n<li><strong>The Takw\u012bn Debate: <\/strong><strong>\u1e24<\/strong><strong>anaf\u012b vs. Ash<\/strong><strong>\u02bf<\/strong><strong>ar<\/strong><strong>\u012b<\/strong><strong> Views<\/strong><\/li>\n<\/ol>\n<p>A central topic is whether takw\u012bn, the act of origination, is a distinct eternal attribute or reducible to divine power (qudra). \u1e24anaf\u012bs posit takw\u012bn as a necessary additional attribute responsible for actualizing creation, while Ash\u02bfar\u012bs assert that qudra, in conjunction with ir\u0101da (will), is sufficient. R\u0101z\u012b evaluates these views by analyzing whether any new attribute is required beyond power and will to explain the emergence of contingent entities.<\/p>\n<ol start=\"5\">\n<li><strong>Epistemic Access to God&#8217;s Essence<\/strong><\/li>\n<\/ol>\n<p>R\u0101z\u012b discusses whether the divine essence (dh\u0101t) can be known. While some thinkers like Ghaz\u0101l\u012b and Dhir\u0101r b. \u02bfAmr deny such knowledge, arguing we can only know what God is not (via negativa), others claim that God\u2019s existence and essence are identical, thus implying knowability. R\u0101z\u012b highlights the distinction between knowing that God exists and comprehending His essence.<\/p>\n<p><strong>Conclusion<\/strong><\/p>\n<p>This seminar provides a thorough philosophical and theological examination of issues concerning divine speech, creation, and knowledge of God. By scrutinizing the doctrines of both \u1e24anaf\u012b and Ash\u02bfar\u012b traditions, and raising subtle epistemological challenges, R\u0101z\u012b emerges as a rigorous thinker deeply invested in the coherence of classical Islamic theology.<\/p>\n","protected":false},"excerpt":{"rendered":"<p>E\u015eREF ALTA\u015e, R\u00c2Z\u0130 OKUMALARI: MUHASSAL 46. SEM\u0130NER \u00d6ZET\u0130 Dersin Amac\u0131 [&hellip;]<\/p>\n","protected":false},"author":1,"featured_media":0,"parent":0,"menu_order":0,"comment_status":"closed","ping_status":"closed","template":"","meta":{"footnotes":""},"class_list":["post-5889","page","type-page","status-publish","hentry"],"jetpack_sharing_enabled":true,"_links":{"self":[{"href":"https:\/\/klasikdusunceokulu.com\/index.php\/wp-json\/wp\/v2\/pages\/5889","targetHints":{"allow":["GET"]}}],"collection":[{"href":"https:\/\/klasikdusunceokulu.com\/index.php\/wp-json\/wp\/v2\/pages"}],"about":[{"href":"https:\/\/klasikdusunceokulu.com\/index.php\/wp-json\/wp\/v2\/types\/page"}],"author":[{"embeddable":true,"href":"https:\/\/klasikdusunceokulu.com\/index.php\/wp-json\/wp\/v2\/users\/1"}],"replies":[{"embeddable":true,"href":"https:\/\/klasikdusunceokulu.com\/index.php\/wp-json\/wp\/v2\/comments?post=5889"}],"version-history":[{"count":1,"href":"https:\/\/klasikdusunceokulu.com\/index.php\/wp-json\/wp\/v2\/pages\/5889\/revisions"}],"predecessor-version":[{"id":5890,"href":"https:\/\/klasikdusunceokulu.com\/index.php\/wp-json\/wp\/v2\/pages\/5889\/revisions\/5890"}],"wp:attachment":[{"href":"https:\/\/klasikdusunceokulu.com\/index.php\/wp-json\/wp\/v2\/media?parent=5889"}],"curies":[{"name":"wp","href":"https:\/\/api.w.org\/{rel}","templated":true}]}}