{"id":5891,"date":"2025-05-20T11:39:05","date_gmt":"2025-05-20T08:39:05","guid":{"rendered":"https:\/\/klasikdusunceokulu.com\/?page_id=5891"},"modified":"2025-05-20T11:39:05","modified_gmt":"2025-05-20T08:39:05","slug":"esref-altas-razi-okumalari-muhassal-47-seminer-ozeti","status":"publish","type":"page","link":"https:\/\/klasikdusunceokulu.com\/index.php\/esref-altas-razi-okumalari-muhassal-47-seminer-ozeti\/","title":{"rendered":"E\u015eREF ALTA\u015e, R\u00c2Z\u0130 OKUMALARI: MUHASSAL 47. SEM\u0130NER \u00d6ZET\u0130"},"content":{"rendered":"<p><strong>E\u015eREF ALTA\u015e, R\u00c2Z\u0130 OKUMALARI: MUHASSAL 47. SEM\u0130NER \u00d6ZET\u0130<\/strong><\/p>\n<p><strong>Dersin Amac\u0131 ve \u0130\u00e7eri\u011fi<\/strong><\/p>\n<p>Bu seminer, Fahreddin er-R\u00e2z\u00ee\u2019nin el-Mu\u1e25a\u1e63\u1e63al adl\u0131 eserindeki \u201cru\u2019yetullah\u201d (Allah\u2019\u0131n ahirette g\u00f6r\u00fcl\u00fcp g\u00f6r\u00fclemeyece\u011fi) konusunu felsef\u00ee, kel\u00e2m\u00ee ve dilsel boyutlar\u0131yla tart\u0131\u015fmaktad\u0131r. R\u00e2z\u00ee, Ehl-i S\u00fcnnet\u2019in Allah\u2019\u0131n mek\u00e2n ve y\u00f6n gibi madd\u00ee \u00f6zelliklerden m\u00fcnezzeh bir \u015fekilde g\u00f6r\u00fclebilece\u011fi tezini savunurken; Mutezile, Kerr\u00e2miyye, M\u00fc\u015febbihe ve filozoflar\u0131n bu konudaki kar\u015f\u0131t g\u00f6r\u00fc\u015flerini ele\u015ftirerek delillerini de\u011ferlendirmektedir. Tart\u0131\u015fmalar, g\u00f6rme teorileri, mecaz ve hakikat ayr\u0131mlar\u0131, sem\u2018\u00ee ve akl\u00ee deliller gibi \u00e7ok katmanl\u0131 bir d\u00fczlemde y\u00fcr\u00fct\u00fclmektedir.<\/p>\n<p><strong>Ana Temalar<\/strong><\/p>\n<ol>\n<li><strong>G\u00f6rmenin Mahiyeti ve Kavramsal Ayr\u0131mlar<\/strong><\/li>\n<\/ol>\n<p>R\u00e2z\u00ee, \u201cg\u00f6rme\u201dden ne kastedildi\u011fini sorgular. E\u011fer \u201cel-ke\u015ff\u00fc\u2019t-t\u00e2m\u201d (tam a\u00e7\u0131lma) anlam\u0131nda ise bu, ahirette herkes i\u00e7in m\u00fcmk\u00fcnd\u00fcr. Ancak cisman\u00ee bir g\u00f6rme kastediliyorsa bunun Allah i\u00e7in imk\u00e2ns\u0131z oldu\u011funu, \u00e7\u00fcnk\u00fc g\u00f6rme i\u00e7in madd\u00ee \u015fartlar gerekti\u011fini ve bunlar\u0131n Allah hakk\u0131nda ge\u00e7ersiz oldu\u011funu vurgular.<\/p>\n<ol start=\"2\">\n<li><strong>G\u00f6rme Teorileri ve \u0130mk\u00e2ns\u0131zl\u0131k Tart\u0131\u015fmalar\u0131<\/strong><\/li>\n<\/ol>\n<p>G\u00f6rme teorileri \u00fc\u00e7e ayr\u0131l\u0131r: g\u00f6zde intiba, g\u00f6zden \u00e7\u0131kan \u0131\u015f\u0131n ve ortam teorisi. R\u00e2z\u00ee, bu teorilerin hi\u00e7birinin Allah\u2019\u0131n g\u00f6r\u00fclmesini a\u00e7\u0131klayamayaca\u011f\u0131n\u0131, \u00e7\u00fcnk\u00fc bu t\u00fcr fizik\u00ee vas\u0131flar\u0131n Tanr\u0131 i\u00e7in ge\u00e7erli olamayaca\u011f\u0131n\u0131 belirtir. Bu nedenle, Allah\u2019\u0131n g\u00f6r\u00fclmesini a\u00e7\u0131klamak i\u00e7in bu teorilerin d\u0131\u015f\u0131nda \u00fc\u00e7\u00fcnc\u00fc bir anlam teklif edilmelidir.<\/p>\n<ol start=\"3\">\n<li><strong>Akl\u00ee Delillerin Ele\u015ftirisi<\/strong><\/li>\n<\/ol>\n<p>E\u015f\u2018ar\u00eelerin \u201cvarl\u0131k g\u00f6r\u00fclmenin illetidir\u201d \u015feklindeki deliline kar\u015f\u0131 R\u00e2z\u00ee, Allah\u2019\u0131n varl\u0131\u011f\u0131n\u0131n insan varl\u0131\u011f\u0131ndan ontolojik olarak farkl\u0131 oldu\u011funu, dolay\u0131s\u0131yla \u201cgaibin \u015fahide k\u0131yas\u0131\u201dn\u0131n i\u015flemedi\u011fini savunur. Ayr\u0131ca, varl\u0131k gibi soyut bir kavram\u0131n g\u00f6rme i\u00e7in illet olamayaca\u011f\u0131n\u0131 ve imk\u00e2n\u0131n yokluk t\u00fcr\u00fcnden bir durum oldu\u011fu i\u00e7in illet say\u0131lmamas\u0131 gerekti\u011fini ileri s\u00fcrer.<\/p>\n<ol start=\"4\">\n<li><strong>Nakl\u00ee Deliller ve Yorumlar\u0131<\/strong><\/li>\n<\/ol>\n<p>Hz. M\u00fbs\u00e2\u2019n\u0131n \u201cRabbim kendini bana g\u00f6ster\u201d talebi, A\u2018r\u00e2f 143. ayeti ve K\u0131y\u00e2met S\u00fbresi\u2019ndeki \u201cRablerine bakan par\u0131ldayan y\u00fczler\u201d ifadesi, Ehl-i S\u00fcnnet\u2019in temel delilleridir. R\u00e2z\u00ee, bu ayetleri mecazdan uzak, do\u011frudan \u201cg\u00f6rme\u201d anlam\u0131nda yorumlar ve ayetlerin semantik yap\u0131s\u0131n\u0131 detayl\u0131 bi\u00e7imde inceler. Mutezile ise bu ayetleri \u201cbeklemek\u201d veya \u201cnimeti g\u00f6zlemek\u201d \u015feklinde tevil eder.<\/p>\n<ol start=\"5\">\n<li><strong>Mutezile\u2019nin Delilleri ve R\u00e2z\u00ee\u2019nin Yan\u0131tlar\u0131<\/strong><\/li>\n<\/ol>\n<p>Mutezile\u2019nin \u201cAllah g\u00f6zle idrak edilemez\u201d (L\u00e2 tudrikuh\u00fc\u2019l-ebs\u00e2r) ayetini literal alarak, ru\u2019yeti reddetmesi R\u00e2z\u00ee taraf\u0131ndan kapsaml\u0131 bi\u00e7imde ele\u015ftirilir. Ona g\u00f6re ayetteki \u201cidrak\u201d, t\u00fcm y\u00f6nleriyle ku\u015fatmay\u0131 kasteder; bu m\u00fcmk\u00fcn olmasa da \u201cg\u00f6rme\u201d m\u00fcmk\u00fcnd\u00fcr. Ayr\u0131ca, g\u00f6rmenin d\u00fcnyadaki \u015fartlar\u0131n\u0131n ahirette ge\u00e7erli olmayabilece\u011fi vurgulan\u0131r.<\/p>\n<p><strong>Sonu\u00e7<\/strong><\/p>\n<p>Bu seminerde R\u00e2z\u00ee, Ehl-i S\u00fcnnet\u2019in ru\u2019yetullah anlay\u0131\u015f\u0131n\u0131 hem akl\u00ee hem de nakl\u00ee temellerle savunmakta, ancak akl\u00ee delillerin s\u0131n\u0131rl\u0131l\u0131klar\u0131n\u0131 da d\u00fcr\u00fcst\u00e7e ortaya koymaktad\u0131r. Son tahlilde, ru\u2019yetullah meselesinde nakl\u00ee delillerin esas al\u0131nmas\u0131 gerekti\u011fi vurgulan\u0131r. Seminer, klasik kel\u00e2mda Tanr\u0131&#8217;n\u0131n g\u00f6r\u00fclebilirli\u011fine dair tart\u0131\u015fman\u0131n derinli\u011fini ve zenginli\u011fini ortaya koyar.<\/p>\n<p>&nbsp;<\/p>\n<p><strong>Seminar Purpose and Content<\/strong><\/p>\n<p>This seminar analyzes the classical theological debate on ru\u2019yat All\u0101h\u2014the possibility of seeing God in the afterlife\u2014as presented by Fakhr al-D\u012bn al-R\u0101z\u012b in al-Mu\u1e25a\u1e63\u1e63al. R\u0101z\u012b examines this issue from theological, philosophical, and linguistic perspectives, addressing objections from the Mu\u02bftazilites, Karr\u0101miyya, Mushabbihah, and philosophers. He defends the Sunni position that God can be seen without spatial or corporeal limitations, arguing for a non-physical, non-modal vision in the hereafter based primarily on transmitted (sam\u02bf\u012b) evidence.<\/p>\n<p><strong>Key Themes<\/strong><\/p>\n<ol>\n<li><strong>The Nature of Vision and Semantic Distinctions<\/strong><\/li>\n<\/ol>\n<p>R\u0101z\u012b first clarifies what is meant by \u201cseeing.\u201d If it refers to complete spiritual unveiling (al-kashf al-t\u0101m), then it is broadly possible in the hereafter. If it implies physical vision requiring spatial direction and sensory conditions, then it would be impossible for God, who transcends all such physical attributes.<\/p>\n<ol start=\"2\">\n<li><strong>Theories of Vision and the Inapplicability to God<\/strong><\/li>\n<\/ol>\n<p>Three classical theories of vision are reviewed: impression on the eye, emission of rays from the eye, and medium-based reflection. R\u0101z\u012b shows that none of these apply to God, as they require physical conditions inconsistent with divine transcendence. Therefore, he proposes that vision of God must be understood in a different, sui generis manner.<\/p>\n<ol start=\"3\">\n<li><strong>Critique of Rational Proofs<\/strong><\/li>\n<\/ol>\n<p>R\u0101z\u012b questions the Ash\u02bfarite argument that existence alone suffices for visibility. He emphasizes that God\u2019s mode of existence differs ontologically from created beings and that analogical reasoning based on creatures (qiy\u0101s al-gh\u0101\u02beib \u02bfal\u0101 al-sh\u0101hid) is flawed. He also challenges the idea that possibility (imk\u0101n) itself can be a sufficient cause for vision.<\/p>\n<ol start=\"4\">\n<li><strong>Scriptural Evidences and Interpretative Disputes<\/strong><\/li>\n<\/ol>\n<p>Key verses include Moses\u2019s request to see God (A\u02bfr\u0101f 7:143) and the phrase \u201cfaces gazing at their Lord\u201d (Qiy\u0101ma 75:23). R\u0101z\u012b interprets these literally as references to actual vision, while Mu\u02bftazilites read them metaphorically\u2014as longing or expectation. R\u0101z\u012b examines the semantics and contextual cues to argue for the plain, non-figurative meaning of vision.<\/p>\n<ol start=\"5\">\n<li><strong>Mu<\/strong><strong>\u02bf<\/strong><strong>tazilite Arguments and R<\/strong><strong>\u0101<\/strong><strong>z<\/strong><strong>\u012b\u2019<\/strong><strong>s Responses<\/strong><\/li>\n<\/ol>\n<p>The Mu\u02bftazilites invoke the verse \u201cSight does not grasp Him\u201d (l\u0101 tudrikuhu al-ab\u1e63\u0101r, An\u02bf\u0101m 6:103) to deny vision of God. R\u0101z\u012b counters that idrak here refers to total comprehension, not mere perception. He insists that God&#8217;s visibility is not subject to worldly constraints and affirms that the conditions for seeing in the hereafter may differ fundamentally from those in the temporal world.<\/p>\n<p><strong>Conclusion<\/strong><\/p>\n<p>This seminar presents R\u0101z\u012b\u2019s nuanced defense of the Sunni doctrine of ru\u2019yat All\u0101h, balancing rational critiques with a firm reliance on revealed texts. While acknowledging the limitations of philosophical reasoning, R\u0101z\u012b upholds the possibility of seeing God in the hereafter as a matter of scriptural truth rather than demonstrable logic. The discussion exemplifies the depth and complexity of classical kal\u0101m on divine transcendence and eschatology.<\/p>\n","protected":false},"excerpt":{"rendered":"<p>E\u015eREF ALTA\u015e, R\u00c2Z\u0130 OKUMALARI: MUHASSAL 47. SEM\u0130NER \u00d6ZET\u0130 Dersin Amac\u0131 [&hellip;]<\/p>\n","protected":false},"author":1,"featured_media":0,"parent":0,"menu_order":0,"comment_status":"closed","ping_status":"closed","template":"","meta":{"footnotes":""},"class_list":["post-5891","page","type-page","status-publish","hentry"],"jetpack_sharing_enabled":true,"_links":{"self":[{"href":"https:\/\/klasikdusunceokulu.com\/index.php\/wp-json\/wp\/v2\/pages\/5891","targetHints":{"allow":["GET"]}}],"collection":[{"href":"https:\/\/klasikdusunceokulu.com\/index.php\/wp-json\/wp\/v2\/pages"}],"about":[{"href":"https:\/\/klasikdusunceokulu.com\/index.php\/wp-json\/wp\/v2\/types\/page"}],"author":[{"embeddable":true,"href":"https:\/\/klasikdusunceokulu.com\/index.php\/wp-json\/wp\/v2\/users\/1"}],"replies":[{"embeddable":true,"href":"https:\/\/klasikdusunceokulu.com\/index.php\/wp-json\/wp\/v2\/comments?post=5891"}],"version-history":[{"count":1,"href":"https:\/\/klasikdusunceokulu.com\/index.php\/wp-json\/wp\/v2\/pages\/5891\/revisions"}],"predecessor-version":[{"id":5892,"href":"https:\/\/klasikdusunceokulu.com\/index.php\/wp-json\/wp\/v2\/pages\/5891\/revisions\/5892"}],"wp:attachment":[{"href":"https:\/\/klasikdusunceokulu.com\/index.php\/wp-json\/wp\/v2\/media?parent=5891"}],"curies":[{"name":"wp","href":"https:\/\/api.w.org\/{rel}","templated":true}]}}