{"id":5952,"date":"2025-05-21T14:00:19","date_gmt":"2025-05-21T11:00:19","guid":{"rendered":"https:\/\/klasikdusunceokulu.com\/?page_id=5952"},"modified":"2025-05-21T14:00:19","modified_gmt":"2025-05-21T11:00:19","slug":"mehmet-ozturan-ebheri-isaguci","status":"publish","type":"page","link":"https:\/\/klasikdusunceokulu.com\/index.php\/mehmet-ozturan-ebheri-isaguci\/","title":{"rendered":"Mehmet \u00d6zturan: Ebheri, \u0130saguci"},"content":{"rendered":"<p><strong>MEHMET \u00d6ZTURAN: EBHER\u0130, \u0130SAGUC\u0130 1. SEM\u0130NER \u00d6ZET\u0130<\/strong><\/p>\n<p><strong>MEHMET \u00d6ZTURAN: EBHER\u0130, \u0130SAGUC\u0130 2. SEM\u0130NER \u00d6ZET\u0130<\/strong><\/p>\n<p><strong>MEHMET \u00d6ZTURAN: EBHER\u0130, \u0130SAGUC\u0130 3. SEM\u0130NER \u00d6ZET\u0130<\/strong><\/p>\n","protected":false},"excerpt":{"rendered":"<p>MEHMET \u00d6ZTURAN: EBHER\u0130, \u0130SAGUC\u0130 1. SEM\u0130NER \u00d6ZET\u0130 MEHMET \u00d6ZTURAN: EBHER\u0130, [&hellip;]<\/p>\n","protected":false},"author":1,"featured_media":0,"parent":0,"menu_order":0,"comment_status":"closed","ping_status":"closed","template":"","meta":{"footnotes":""},"class_list":["post-5952","page","type-page","status-publish","hentry"],"jetpack_sharing_enabled":true,"_links":{"self":[{"href":"https:\/\/klasikdusunceokulu.com\/index.php\/wp-json\/wp\/v2\/pages\/5952","targetHints":{"allow":["GET"]}}],"collection":[{"href":"https:\/\/klasikdusunceokulu.com\/index.php\/wp-json\/wp\/v2\/pages"}],"about":[{"href":"https:\/\/klasikdusunceokulu.com\/index.php\/wp-json\/wp\/v2\/types\/page"}],"author":[{"embeddable":true,"href":"https:\/\/klasikdusunceokulu.com\/index.php\/wp-json\/wp\/v2\/users\/1"}],"replies":[{"embeddable":true,"href":"https:\/\/klasikdusunceokulu.com\/index.php\/wp-json\/wp\/v2\/comments?post=5952"}],"version-history":[{"count":1,"href":"https:\/\/klasikdusunceokulu.com\/index.php\/wp-json\/wp\/v2\/pages\/5952\/revisions"}],"predecessor-version":[{"id":5953,"href":"https:\/\/klasikdusunceokulu.com\/index.php\/wp-json\/wp\/v2\/pages\/5952\/revisions\/5953"}],"wp:attachment":[{"href":"https:\/\/klasikdusunceokulu.com\/index.php\/wp-json\/wp\/v2\/media?parent=5952"}],"curies":[{"name":"wp","href":"https:\/\/api.w.org\/{rel}","templated":true}]}}