{"id":6047,"date":"2025-06-03T16:46:04","date_gmt":"2025-06-03T13:46:04","guid":{"rendered":"https:\/\/klasikdusunceokulu.com\/?page_id=6047"},"modified":"2025-06-03T16:46:04","modified_gmt":"2025-06-03T13:46:04","slug":"abdurrahim-kozali-el-muvafakat-56-seminer-ozeti","status":"publish","type":"page","link":"https:\/\/klasikdusunceokulu.com\/index.php\/abdurrahim-kozali-el-muvafakat-56-seminer-ozeti\/","title":{"rendered":"ABDURRAH\u0130M KOZALI: el-MUV\u00c2FAK\u00c2T 56. SEM\u0130NER \u00d6ZET\u0130"},"content":{"rendered":"<p><span style=\"color: #000000;\"><strong>ABDURRAH\u0130M KOZALI: el-MUV\u00c2FAK\u00c2T 56. SEM\u0130NER \u00d6ZET\u0130<\/strong><\/span><\/p>\n<p><span style=\"color: #000000;\"><strong>Ana Temalar:<\/strong><\/span><\/p>\n<p><span style=\"color: #000000;\"><strong>Amr (Emir) Kavram\u0131n\u0131n Tan\u0131m\u0131 ve Yorum \u00c7er\u00e7evesi<\/strong><\/span><br \/>\n<span style=\"color: #000000;\">56. seminerde, \u015e\u00e2t\u0131b\u00ee\u2019nin \u201cemir\u201d kavram\u0131na yakla\u015f\u0131m\u0131 ele al\u0131n\u0131r. Emir, \u015fer\u2018\u00ee ba\u011flay\u0131c\u0131l\u0131\u011f\u0131 olan bir fiil talebidir; ancak bu fiilin hangi \u00e7er\u00e7evede yorumlanmas\u0131 gerekti\u011fi \u00f6nemli bir tart\u0131\u015fmad\u0131r. \u015e\u00e2t\u0131b\u00ee\u2019ye g\u00f6re, emir yaln\u0131zca lafz\u00ee bir talep de\u011fildir; <strong>maksat, ba\u011flam ve \u00f6rf<\/strong> gibi unsurlarla birlikte de\u011ferlendirilmelidir.<\/span><\/p>\n<p><span style=\"color: #000000;\"><strong>Emrin H\u00fck\u00fcm Do\u011furmas\u0131 i\u00e7in \u015eartlar<\/strong><\/span><br \/>\n<span style=\"color: #000000;\">\u015e\u00e2t\u0131b\u00ee, bir emrin h\u00fck\u00fcm do\u011furabilmesi i\u00e7in \u015fu \u015fartlar\u0131 \u00f6ne \u00e7\u0131kar:<\/span><\/p>\n<ul>\n<li><span style=\"color: #000000;\"><strong>Fiil i\u00e7in ger\u00e7ek bir ihtiya\u00e7 bulunmal\u0131<\/strong>, yani maslahatla ba\u011flant\u0131s\u0131 olmal\u0131.<\/span><\/li>\n<li><span style=\"color: #000000;\">Emir, <strong>teklif\u00ee y\u00fck\u00fcml\u00fcl\u00fck do\u011furmal\u0131<\/strong>; sadece haber verme ya da y\u00f6nlendirme niteli\u011fi ta\u015f\u0131mamal\u0131.<\/span><\/li>\n<li><span style=\"color: #000000;\">Lafz\u0131n yap\u0131s\u0131 kadar, <strong>\u015f\u00e2ri\u2018in murad\u0131<\/strong> ve metnin i\u00e7indeki konumland\u0131rma da g\u00f6z \u00f6n\u00fcnde bulundurulmal\u0131.<\/span><\/li>\n<\/ul>\n<p><span style=\"color: #000000;\"><strong>Emir ile Y\u00f6nlendirme (\u0130r\u015fad) Aras\u0131ndaki Fark<\/strong><\/span><br \/>\n<span style=\"color: #000000;\">Baz\u0131 emirler, zahirde y\u00fck\u00fcml\u00fcl\u00fck bildirse de asl\u0131nda sadece ir\u015fad\u00ee niteliktedir. \u00d6rne\u011fin, &#8220;Bor\u00e7lar\u0131n\u0131z\u0131 yaz\u0131n&#8221; ayeti bir emir gibi g\u00f6r\u00fcnse de uygulama d\u00fczeyinde ba\u011flay\u0131c\u0131 de\u011fil, <strong>d\u00fczenleyici ve maslahat temelli bir tavsiye<\/strong> olabilir. \u015e\u00e2t\u0131b\u00ee, bu t\u00fcr durumlarda lafz\u00ee ifadeye de\u011fil, <strong>ba\u011flam\u0131n verdi\u011fi manaya g\u00f6re hareket edilmesi<\/strong> gerekti\u011fini savunur.<\/span><\/p>\n<p><span style=\"color: #000000;\"><strong>Emrin Del\u00e2let Dereceleri ve A\u00e7\u0131kl\u0131k-Kapal\u0131l\u0131k Meselesi<\/strong><\/span><br \/>\n<span style=\"color: #000000;\">\u015e\u00e2t\u0131b\u00ee, emrin del\u00e2let derecesini de kategorize eder:<\/span><\/p>\n<ul>\n<li><span style=\"color: #000000;\">Baz\u0131 emirler a\u00e7\u0131k ve do\u011frudan y\u00fck\u00fcml\u00fcl\u00fck ifade ederken,<\/span><\/li>\n<li><span style=\"color: #000000;\">Di\u011ferleri yoruma a\u00e7\u0131k, ba\u011flama g\u00f6re farkl\u0131 anlamlar do\u011furabilir.<\/span><br \/>\n<span style=\"color: #000000;\">Bu noktada <strong>k\u00fcll\u00ee kaideler<\/strong> ve <strong>mak\u00e2s\u0131d ilkeleri<\/strong>, lafz\u0131n s\u0131n\u0131rlar\u0131n\u0131 belirlemede \u00f6nemli \u00f6l\u00e7\u00fctlerdir.<\/span><\/li>\n<\/ul>\n<p><span style=\"color: #000000;\"><strong>Emrin S\u00fcreklili\u011fi ve Tekerr\u00fcr\u00fc<\/strong><\/span><br \/>\n<span style=\"color: #000000;\">Seminerde, \u201cemir tek seferlik midir yoksa tekrar m\u0131 gerektirir?\u201d sorusu da ele al\u0131n\u0131r. \u015e\u00e2t\u0131b\u00ee, ba\u011flama ve \u00f6rfe g\u00f6re de\u011ferlendirilen emirlerin <strong>devaml\u0131l\u0131k ta\u015f\u0131yabilece\u011fini<\/strong>, ancak bu durumun mutlak de\u011fil, <strong>\u015fartlara ba\u011fl\u0131 olarak de\u011fi\u015fken<\/strong> oldu\u011funu ifade eder.<\/span><\/p>\n<p><span style=\"color: #000000;\"><strong>Sonu\u00e7:<\/strong><\/span><\/p>\n<p><span style=\"color: #000000;\">56. seminerde \u015e\u00e2t\u0131b\u00ee\u2019nin emir kavram\u0131na getirdi\u011fi yorumcu ve maksat temelli yakla\u015f\u0131m dikkat \u00e7ekmektedir. Ona g\u00f6re emir, yaln\u0131zca lafz\u00ee yap\u0131s\u0131yla de\u011fil; ba\u011flam, maslahat, \u015f\u00e2ri\u2018in niyeti ve \u00f6rf gibi unsurlarla birlikte ele al\u0131nmal\u0131d\u0131r. Bu yorumcu yakla\u015f\u0131m, \u0130slam hukuk metodolojisinde \u015fekilci okuman\u0131n \u00f6tesine ge\u00e7erek, <strong>hukukun ama\u00e7lar\u0131na (mak\u00e2s\u0131d)<\/strong> uygun b\u00fct\u00fcnc\u00fcl bir anlay\u0131\u015f geli\u015ftirmeyi ama\u00e7lar.<\/span><\/p>\n<p>&nbsp;<\/p>\n<p>&nbsp;<\/p>\n<p><span style=\"color: #000000;\"><strong>Main Themes:<\/strong><\/span><\/p>\n<p><span style=\"color: #000000;\"><strong>The Concept and Interpretive Framework of \u201cCommand\u201d (Amr)<\/strong><\/span><br \/>\n<span style=\"color: #000000;\">This seminar examines Sh\u0101\u1e6dib\u012b\u2019s treatment of <em>amr<\/em> (command) within Islamic legal theory. A command is defined as a binding legal request directed toward an action. However, Sh\u0101\u1e6dib\u012b emphasizes that a command must not be interpreted solely through its <strong>linguistic form<\/strong>, but must also take into account <strong>context, intent (maq\u1e63ad), and customary practice (<\/strong><strong>\u02bfurf)<\/strong>.<\/span><\/p>\n<p><span style=\"color: #000000;\"><strong>Conditions for a Command to Generate Legal Rulings<\/strong><\/span><br \/>\n<span style=\"color: #000000;\">For a command to have legal authority (<em>takl\u012bf<\/em>), several criteria must be fulfilled:<\/span><\/p>\n<ul>\n<li><span style=\"color: #000000;\">The commanded act must fulfill a <strong>genuine need or interest<\/strong> (<em>ma\u1e63la<\/em><em>\u1e25a<\/em>).<\/span><\/li>\n<li><span style=\"color: #000000;\">The command must <strong>imply legal obligation<\/strong>, not merely information or advice.<\/span><\/li>\n<li><span style=\"color: #000000;\">Interpretation must consider not only wording, but also the <strong>legislator\u2019s intent<\/strong> and the <strong>structural placement<\/strong> of the command in the text.<\/span><\/li>\n<\/ul>\n<p><span style=\"color: #000000;\"><strong>Distinction Between Command and Guidance (Irsh\u0101d)<\/strong><\/span><br \/>\n<span style=\"color: #000000;\">Not all commands are legally binding. Some, though framed as commands, function as <strong>advisory or regulative<\/strong> statements. For example, the Qur\u2019anic verse \u201cRecord your debts\u201d appears imperative, but is generally interpreted as <strong>non-binding guidance<\/strong> rooted in promoting order and benefit. For Sh\u0101\u1e6dib\u012b, <strong>contextual meaning overrides formal expression<\/strong> in determining obligation.<\/span><\/p>\n<p><span style=\"color: #000000;\"><strong>Degrees of Indicative Strength and Ambiguity in Commands<\/strong><\/span><br \/>\n<span style=\"color: #000000;\">Sh\u0101\u1e6dib\u012b classifies commands by their <strong>degree of clarity<\/strong>:<\/span><\/p>\n<ul>\n<li><span style=\"color: #000000;\">Some are explicit and clearly imply obligation.<\/span><\/li>\n<li><span style=\"color: #000000;\">Others are <strong>ambiguous<\/strong> and require contextual or legal principle-based interpretation.<\/span><br \/>\n<span style=\"color: #000000;\">Here, the role of <strong>universal legal maxims<\/strong> (<em>kull\u012b qaw\u0101<\/em><em>\u02bfid<\/em>) and <strong>objectives of the Shar\u012b<\/strong><strong>\u02bfa (maq<\/strong><strong>\u0101\u1e63id)<\/strong> becomes central in delineating boundaries of interpretation.<\/span><\/li>\n<\/ul>\n<p><span style=\"color: #000000;\"><strong>Is a Command Repetitive or One-Time Only?<\/strong><\/span><br \/>\n<span style=\"color: #000000;\">The seminar also addresses whether a command implies <strong>single execution or repetition<\/strong>. Sh\u0101\u1e6dib\u012b contends that this depends on <strong>context and social custom (<\/strong><strong>\u02bfurf)<\/strong>. Some commands are naturally ongoing (e.g., prayers), while others are situational and thus <strong>non-repetitive unless explicitly stated<\/strong>.<\/span><\/p>\n<p><span style=\"color: #000000;\"><strong>Conclusion:<\/strong><\/span><\/p>\n<p><span style=\"color: #000000;\">The 56th seminar showcases Sh\u0101\u1e6dib\u012b\u2019s <strong>purpose-driven and interpretive approach<\/strong> to legal commands. He maintains that a command should not be interpreted solely on linguistic grounds but must integrate <strong>context, benefit, legislative intent, and custom<\/strong>. This holistic method reflects a shift from formalism toward a <strong>maq\u0101\u1e63id-centered legal theory<\/strong>, aiming to uphold the higher objectives of Islamic law.<\/span><\/p>\n<p>&nbsp;<\/p>\n","protected":false},"excerpt":{"rendered":"<p>ABDURRAH\u0130M KOZALI: el-MUV\u00c2FAK\u00c2T 56. SEM\u0130NER \u00d6ZET\u0130 Ana Temalar: Amr (Emir) [&hellip;]<\/p>\n","protected":false},"author":1,"featured_media":0,"parent":0,"menu_order":0,"comment_status":"closed","ping_status":"closed","template":"","meta":{"footnotes":""},"class_list":["post-6047","page","type-page","status-publish","hentry"],"jetpack_sharing_enabled":true,"_links":{"self":[{"href":"https:\/\/klasikdusunceokulu.com\/index.php\/wp-json\/wp\/v2\/pages\/6047","targetHints":{"allow":["GET"]}}],"collection":[{"href":"https:\/\/klasikdusunceokulu.com\/index.php\/wp-json\/wp\/v2\/pages"}],"about":[{"href":"https:\/\/klasikdusunceokulu.com\/index.php\/wp-json\/wp\/v2\/types\/page"}],"author":[{"embeddable":true,"href":"https:\/\/klasikdusunceokulu.com\/index.php\/wp-json\/wp\/v2\/users\/1"}],"replies":[{"embeddable":true,"href":"https:\/\/klasikdusunceokulu.com\/index.php\/wp-json\/wp\/v2\/comments?post=6047"}],"version-history":[{"count":1,"href":"https:\/\/klasikdusunceokulu.com\/index.php\/wp-json\/wp\/v2\/pages\/6047\/revisions"}],"predecessor-version":[{"id":6048,"href":"https:\/\/klasikdusunceokulu.com\/index.php\/wp-json\/wp\/v2\/pages\/6047\/revisions\/6048"}],"wp:attachment":[{"href":"https:\/\/klasikdusunceokulu.com\/index.php\/wp-json\/wp\/v2\/media?parent=6047"}],"curies":[{"name":"wp","href":"https:\/\/api.w.org\/{rel}","templated":true}]}}