{"id":6079,"date":"2025-06-04T12:24:16","date_gmt":"2025-06-04T09:24:16","guid":{"rendered":"https:\/\/klasikdusunceokulu.com\/?page_id=6079"},"modified":"2025-06-04T12:24:16","modified_gmt":"2025-06-04T09:24:16","slug":"omer-turker-el-medinetul-fazila-8-seminer-ozeti","status":"publish","type":"page","link":"https:\/\/klasikdusunceokulu.com\/index.php\/omer-turker-el-medinetul-fazila-8-seminer-ozeti\/","title":{"rendered":"\u00d6MER T\u00dcRKER: el-MED\u00ceNET\u00dc\u2019L-F\u00c2ZILA 8. SEM\u0130NER \u00d6ZET\u0130"},"content":{"rendered":"<p><span style=\"color: #000000;\"><strong>\u00d6MER T\u00dcRKER: el-MED\u00ceNET\u00dc\u2019L-F\u00c2ZILA 8. SEM\u0130NER \u00d6ZET\u0130<\/strong><\/span><\/p>\n<p><span style=\"color: #000000;\"><strong>Ana Temalar ve Ba\u015fl\u0131klar:<\/strong><\/span><\/p>\n<ol>\n<li><span style=\"color: #000000;\"><strong> Makul\u00e2t\u0131n (Akledilirlerin) Tasnifi ve \u0130nsan\u0131n Akli Kapasitesi<\/strong><\/span><br \/>\n<span style=\"color: #000000;\">F\u00e2r\u00e2b\u00ee, akledilirleri ikiye ay\u0131r\u0131r:<\/span><\/li>\n<\/ol>\n<ul>\n<li><span style=\"color: #000000;\">Zaten akledilir olanlar (ayr\u0131k ak\u0131llar gibi)<\/span><\/li>\n<li><span style=\"color: #000000;\">Potansiyel olarak akledilir olanlar (ta\u015f, bitki, insan gibi fiziksel varl\u0131klar)<\/span><br \/>\n<span style=\"color: #000000;\">\u0130nsan nefsinin ba\u015flang\u0131\u00e7 hali, hem potansiyel ak\u0131l hem de potansiyel akledilirlik halidir.<\/span><\/li>\n<\/ul>\n<ol start=\"2\">\n<li><span style=\"color: #000000;\"><strong> Akl\u0131n Merhaleleri<\/strong><\/span><br \/>\n<span style=\"color: #000000;\">F\u00e2r\u00e2b\u00ee\u2019ye g\u00f6re ak\u0131l geli\u015fim s\u00fcrecinde \u015fu a\u015famalardan ge\u00e7er:<\/span><\/li>\n<\/ol>\n<ul>\n<li><span style=\"color: #000000;\"><strong>Hey\u00fbl\u00e2n\u00ee ak\u0131l:<\/strong> Hi\u00e7bir bilgisi olmayan ilk durum<\/span><\/li>\n<li><span style=\"color: #000000;\"><strong>Meleke h\u00e2lindeki ak\u0131l:<\/strong> Birinci ilkelerle donanm\u0131\u015f, \u00f6\u011frenmeye haz\u0131r h\u00e2l<\/span><\/li>\n<li><span style=\"color: #000000;\"><strong>Fiil h\u00e2lindeki ak\u0131l:<\/strong> D\u00fc\u015f\u00fcnme yetisiyle bilgiyi ger\u00e7ekle\u015ftiren h\u00e2l<\/span><\/li>\n<li><span style=\"color: #000000;\"><strong>M\u00fcstef\u00e2d ak\u0131l:<\/strong> En yetkin ve kal\u0131c\u0131 bilgi d\u00fczeyi<\/span><\/li>\n<li><span style=\"color: #000000;\"><strong>Mukaddes ak\u0131l:<\/strong> Do\u011fu\u015ftan g\u00fc\u00e7l\u00fc yetenekle donat\u0131lm\u0131\u015f, kolayl\u0131kla hakikate ula\u015fan yap\u0131 (peygamberlik temas\u0131)<\/span><\/li>\n<\/ul>\n<ol start=\"3\">\n<li><span style=\"color: #000000;\"><strong> Faal Akl\u0131n Rol\u00fc<\/strong><\/span><br \/>\n<span style=\"color: #000000;\">Faal ak\u0131l, G\u00fcne\u015f\u2019in g\u00f6rme i\u015flemine olan katk\u0131s\u0131 gibi, insan akl\u0131n\u0131n bilgiyi kavramas\u0131na imk\u00e2n verir. Akledilir olan\u0131 ayd\u0131nlat\u0131r; bu sayede insan akl\u0131 hem kendisini hem de d\u0131\u015f d\u00fcnyay\u0131 bilme yetisi kazan\u0131r. Faal ak\u0131l olmadan, potansiyel ak\u0131l fiile d\u00f6n\u00fc\u015femez.<\/span><\/li>\n<li><span style=\"color: #000000;\"><strong> Birinci Ak\u0131lsallar ve Pratik Ak\u0131l<\/strong><\/span><br \/>\n<span style=\"color: #000000;\">\u0130nsan akl\u0131 baz\u0131 temel do\u011frularla do\u011far: \u00f6rne\u011fin \u201cb\u00fct\u00fcn par\u00e7as\u0131ndan b\u00fcy\u00fckt\u00fcr.\u201d Bu ilkeler \u00fc\u00e7e ayr\u0131l\u0131r:<\/span><\/li>\n<\/ol>\n<ul>\n<li><span style=\"color: #000000;\">Sanatlar\u0131n ilkeleri<\/span><\/li>\n<li><span style=\"color: #000000;\">Ahlak\u00ee ilkeler (iyi-k\u00f6t\u00fc)<\/span><\/li>\n<li><span style=\"color: #000000;\">Metafizik ilkeler (varl\u0131k, birlik gibi)<\/span><br \/>\n<span style=\"color: #000000;\">Bunlar d\u00fc\u015f\u00fcncenin temeli oldu\u011fu kadar, eylemin de \u00f6l\u00e7\u00fcs\u00fcd\u00fcr.<\/span><\/li>\n<\/ul>\n<ol start=\"5\">\n<li><span style=\"color: #000000;\"><strong> Akl\u0131n, \u0130radenin ve Ahlak\u00ee Eylemin \u0130li\u015fkisi<\/strong><\/span><br \/>\n<span style=\"color: #000000;\">F\u00e2r\u00e2b\u00ee, irade (<em>ir\u00e2de<\/em>) ile se\u00e7me (<em>ihtiy\u00e2r<\/em>) aras\u0131nda fark g\u00f6r\u00fcr. Ger\u00e7ek ahlak\u00ee fiil, akl\u0131n arzuya y\u00f6n vermesiyle ortaya \u00e7\u0131kar. Sadece hazza veya \u00f6fkeye dayal\u0131 davran\u0131\u015flar etik de\u011fer ta\u015f\u0131maz. Ahlak erdemi, akl\u00ee tercihin istikrarl\u0131 bir al\u0131\u015fkanl\u0131k h\u00e2line gelmesidir.<\/span><\/li>\n<li><span style=\"color: #000000;\"><strong> Mutluluk ve Nefsin Beden D\u0131\u015f\u0131l\u0131\u011f\u0131<\/strong><\/span><br \/>\n<span style=\"color: #000000;\">Ger\u00e7ek mutluluk, nefsin bedenden ba\u011f\u0131ms\u0131z bir cevher h\u00e2line gelip, ayr\u0131k ak\u0131llar d\u00fcnyas\u0131nda yer almas\u0131yla elde edilir. Bu mutluluk ba\u015fka bir \u015fey i\u00e7in de\u011fil, bizatihi kendisi i\u00e7in istenir. Akl\u00ee tek\u00e2m\u00fcl\u00fcn nihai meyvesidir.<\/span><\/li>\n<\/ol>\n<p><span style=\"color: #000000;\"><strong>Sonu\u00e7:<\/strong><\/span><\/p>\n<p><span style=\"color: #000000;\">8.seminer, F\u00e2r\u00e2b\u00ee\u2019nin ak\u0131l, ahl\u00e2k ve mutluluk kavramlar\u0131n\u0131 derinlemesine analiz eder. \u0130nsan akl\u0131, faal akl\u0131n deste\u011fiyle potansiyelden fiile ge\u00e7erek, erdemli ya\u015fam ve hakiki bilgiye ula\u015f\u0131r. Mutluluk, ruhun akl\u00ee y\u00f6n\u00fcn\u00fcn tam ger\u00e7ekle\u015fmesidir ve yaln\u0131zca d\u00fc\u015f\u00fcnsel de\u011fil, ayn\u0131 zamanda varolu\u015fsal bir kurtulu\u015f anlam\u0131 ta\u015f\u0131r.<\/span><\/p>\n<p>&nbsp;<\/p>\n<p><span style=\"color: #000000;\"><strong>Main Themes and Headings:<\/strong><\/span><\/p>\n<ol>\n<li><span style=\"color: #000000;\"><strong> Classification of Intelligibles and Human Rational Capacity<\/strong><\/span><br \/>\n<span style=\"color: #000000;\">F\u0101r\u0101b\u012b classifies intelligibles into two main types: (1) actual intelligibles that are already intelligible and need no abstraction (e.g., separate substances), and (2) potential intelligibles (e.g., physical beings like stones, plants, humans) that require intellectual processing. The human soul, in its initial state, is both potential intellect (<em>\u02bfaql bi-l-quwwa<\/em>) and potential intelligible.<\/span><\/li>\n<li><span style=\"color: #000000;\"><strong> The Stages of the Human Intellect<\/strong><\/span><br \/>\n<span style=\"color: #000000;\">F\u0101r\u0101b\u012b outlines a hierarchy of intellectual development:<\/span><\/li>\n<\/ol>\n<ul>\n<li><span style=\"color: #000000;\"><strong>Potential Intellect (Hay\u016bl\u0101n\u012b Intellect):<\/strong> Lacks actual knowledge.<\/span><\/li>\n<li><span style=\"color: #000000;\"><strong>Habitual Intellect (bi-l-malaka):<\/strong> Formed through first principles and primary intelligibles.<\/span><\/li>\n<li><span style=\"color: #000000;\"><strong>Actual Intellect (bi-l-fi<\/strong><strong>\u02bfl):<\/strong> Comprehends intelligibles through actual thinking.<\/span><\/li>\n<li><span style=\"color: #000000;\"><strong>Acquired Intellect (al-<\/strong><strong>\u02bfaql al-mustaf<\/strong><strong>\u0101d):<\/strong> Highest human intellectual state.<\/span><\/li>\n<li><span style=\"color: #000000;\"><strong>Sacred Intellect (<\/strong><strong>\u02bfaql quds<\/strong><strong>\u012b):<\/strong> A metaphysical disposition reached effortlessly, akin to prophetic insight.<\/span><\/li>\n<\/ul>\n<ol start=\"3\">\n<li><span style=\"color: #000000;\"><strong> Role of the Active Intellect (<\/strong><strong>\u02bfAql al-F<\/strong><strong>\u0101<\/strong><strong>\u02bfil)<\/strong><\/span><br \/>\n<span style=\"color: #000000;\">F\u0101r\u0101b\u012b compares the Active Intellect to the sun, which enables the eye (the human soul) to see. Without its &#8220;illumination&#8221; (emanation or <em>fay<\/em><em>\u1e0d<\/em>), the potential intellect cannot become actual. The Active Intellect enables the soul to recognize intelligibles, itself, and its own source.<\/span><\/li>\n<li><span style=\"color: #000000;\"><strong> Primary Intelligibles and Practical Reason<\/strong><\/span><br \/>\n<span style=\"color: #000000;\">Human minds are naturally endowed with certain innate principles (e.g., \u201cthe whole is greater than the part\u201d). F\u0101r\u0101b\u012b categorizes these into three: (a) principles of practical skills, (b) ethical principles (good and evil), and (c) theoretical or metaphysical principles (e.g., existence, unity).<\/span><\/li>\n<li><span style=\"color: #000000;\"><strong> Reason, Will, and Ethical Agency<\/strong><\/span><br \/>\n<span style=\"color: #000000;\">F\u0101r\u0101b\u012b distinguishes between <em>ir\u0101da<\/em> (will) and <em>ikhtiy\u0101r<\/em> (deliberate choice). True ethical agency (<em>ikhtiy\u0101r<\/em>) emerges when the intellect governs desires and actions. Actions driven solely by instinct or desire lack genuine ethical value. Virtues are stable dispositions in the soul that lead to true happiness (<em>sa<\/em><em>\u02bf<\/em><em>\u0101da<\/em>).<\/span><\/li>\n<li><span style=\"color: #000000;\"><strong> Happiness and the Soul\u2019s Independence<\/strong><\/span><br \/>\n<span style=\"color: #000000;\">Ultimate happiness arises when the soul reaches a state of being that is independent of the body. This occurs when the soul becomes a separate substance, dwelling among immaterial intellects. Such happiness is an end in itself, not a means to another goal.<\/span><\/li>\n<\/ol>\n<p><span style=\"color: #000000;\"><strong>Conclusion:<\/strong><\/span><\/p>\n<p><span style=\"color: #000000;\">This seminar delves into F\u0101r\u0101b\u012b\u2019s deep metaphysical psychology, articulating how human rationality matures from potential to actuality through intellectual and moral cultivation. With the help of the Active Intellect, the soul ascends toward true happiness by acquiring virtues and knowledge. Happiness, in this view, is not merely emotional satisfaction but the actualization of the soul\u2019s rational and immaterial nature.<\/span><\/p>\n<p>&nbsp;<\/p>\n<p>&nbsp;<\/p>\n","protected":false},"excerpt":{"rendered":"<p>\u00d6MER T\u00dcRKER: el-MED\u00ceNET\u00dc\u2019L-F\u00c2ZILA 8. SEM\u0130NER \u00d6ZET\u0130 Ana Temalar ve Ba\u015fl\u0131klar: [&hellip;]<\/p>\n","protected":false},"author":1,"featured_media":0,"parent":0,"menu_order":0,"comment_status":"closed","ping_status":"closed","template":"","meta":{"footnotes":""},"class_list":["post-6079","page","type-page","status-publish","hentry"],"jetpack_sharing_enabled":true,"_links":{"self":[{"href":"https:\/\/klasikdusunceokulu.com\/index.php\/wp-json\/wp\/v2\/pages\/6079","targetHints":{"allow":["GET"]}}],"collection":[{"href":"https:\/\/klasikdusunceokulu.com\/index.php\/wp-json\/wp\/v2\/pages"}],"about":[{"href":"https:\/\/klasikdusunceokulu.com\/index.php\/wp-json\/wp\/v2\/types\/page"}],"author":[{"embeddable":true,"href":"https:\/\/klasikdusunceokulu.com\/index.php\/wp-json\/wp\/v2\/users\/1"}],"replies":[{"embeddable":true,"href":"https:\/\/klasikdusunceokulu.com\/index.php\/wp-json\/wp\/v2\/comments?post=6079"}],"version-history":[{"count":1,"href":"https:\/\/klasikdusunceokulu.com\/index.php\/wp-json\/wp\/v2\/pages\/6079\/revisions"}],"predecessor-version":[{"id":6080,"href":"https:\/\/klasikdusunceokulu.com\/index.php\/wp-json\/wp\/v2\/pages\/6079\/revisions\/6080"}],"wp:attachment":[{"href":"https:\/\/klasikdusunceokulu.com\/index.php\/wp-json\/wp\/v2\/media?parent=6079"}],"curies":[{"name":"wp","href":"https:\/\/api.w.org\/{rel}","templated":true}]}}