{"id":6197,"date":"2025-06-21T13:07:27","date_gmt":"2025-06-21T10:07:27","guid":{"rendered":"https:\/\/klasikdusunceokulu.com\/?page_id=6197"},"modified":"2025-06-21T13:21:05","modified_gmt":"2025-06-21T10:21:05","slug":"esref-altas-ibn-haldun-mukaddime","status":"publish","type":"page","link":"https:\/\/klasikdusunceokulu.com\/index.php\/esref-altas-ibn-haldun-mukaddime\/","title":{"rendered":"E\u015fref Alta\u015f: \u0130bn Haldun, Mukaddime"},"content":{"rendered":"<p><a href=\"https:\/\/klasikdusunceokulu.com\/index.php\/esref-altas-ibn-haldun-mukaddime-1-seminer-ozeti\/\"><span style=\"color: #3b5163;\"><strong>E\u015eREF ALTA\u015e: \u0130BN HALDUN, MUKADD\u0130ME 1. SEM\u0130NER \u00d6ZET\u0130<\/strong><\/span><\/a><\/p>\n<p><a href=\"https:\/\/klasikdusunceokulu.com\/index.php\/esref-altas-ibn-haldun-mukaddime-2-seminer-ozeti\/\"><span style=\"color: #3b5163;\"><strong>E\u015eREF ALTA\u015e: \u0130BN HALDUN, MUKADD\u0130ME 2. SEM\u0130NER \u00d6ZET\u0130<\/strong><\/span><\/a><\/p>\n<p><a href=\"https:\/\/klasikdusunceokulu.com\/index.php\/esref-altas-ibn-haldun-mukaddime-3-seminer-ozeti\/\"><span style=\"color: #3b5163;\"><strong>E\u015eREF ALTA\u015e: \u0130BN HALDUN, MUKADD\u0130ME 3. SEM\u0130NER \u00d6ZET\u0130<\/strong><\/span><\/a><\/p>\n","protected":false},"excerpt":{"rendered":"<p>E\u015eREF ALTA\u015e: \u0130BN HALDUN, MUKADD\u0130ME 1. SEM\u0130NER \u00d6ZET\u0130 E\u015eREF ALTA\u015e: [&hellip;]<\/p>\n","protected":false},"author":1,"featured_media":0,"parent":0,"menu_order":0,"comment_status":"closed","ping_status":"closed","template":"","meta":{"footnotes":""},"class_list":["post-6197","page","type-page","status-publish","hentry"],"jetpack_sharing_enabled":true,"_links":{"self":[{"href":"https:\/\/klasikdusunceokulu.com\/index.php\/wp-json\/wp\/v2\/pages\/6197","targetHints":{"allow":["GET"]}}],"collection":[{"href":"https:\/\/klasikdusunceokulu.com\/index.php\/wp-json\/wp\/v2\/pages"}],"about":[{"href":"https:\/\/klasikdusunceokulu.com\/index.php\/wp-json\/wp\/v2\/types\/page"}],"author":[{"embeddable":true,"href":"https:\/\/klasikdusunceokulu.com\/index.php\/wp-json\/wp\/v2\/users\/1"}],"replies":[{"embeddable":true,"href":"https:\/\/klasikdusunceokulu.com\/index.php\/wp-json\/wp\/v2\/comments?post=6197"}],"version-history":[{"count":3,"href":"https:\/\/klasikdusunceokulu.com\/index.php\/wp-json\/wp\/v2\/pages\/6197\/revisions"}],"predecessor-version":[{"id":6209,"href":"https:\/\/klasikdusunceokulu.com\/index.php\/wp-json\/wp\/v2\/pages\/6197\/revisions\/6209"}],"wp:attachment":[{"href":"https:\/\/klasikdusunceokulu.com\/index.php\/wp-json\/wp\/v2\/media?parent=6197"}],"curies":[{"name":"wp","href":"https:\/\/api.w.org\/{rel}","templated":true}]}}