{"id":6210,"date":"2025-06-21T13:26:37","date_gmt":"2025-06-21T10:26:37","guid":{"rendered":"https:\/\/klasikdusunceokulu.com\/?page_id=6210"},"modified":"2025-06-21T13:26:53","modified_gmt":"2025-06-21T10:26:53","slug":"mehmet-akif-kayapinar-ibn-haldun-mukaddime-1-seminer-ozeti","status":"publish","type":"page","link":"https:\/\/klasikdusunceokulu.com\/index.php\/mehmet-akif-kayapinar-ibn-haldun-mukaddime-1-seminer-ozeti\/","title":{"rendered":"MEHMET AK\u0130F KAYAPINAR: \u0130BN HALDUN, MUKADD\u0130ME 1. SEM\u0130NER \u00d6ZET\u0130"},"content":{"rendered":"<p><span style=\"color: #000000;\"><strong>MEHMET AK\u0130F KAYAPINAR: \u0130BN HALDUN, MUKADD\u0130ME 1. SEM\u0130NER \u00d6ZET\u0130<\/strong><\/span><\/p>\n<p><span style=\"color: #000000;\"><strong>Dersin Amac\u0131 ve \u0130\u00e7eri\u011fi<\/strong><\/span><\/p>\n<p><span style=\"color: #000000;\">Bu seminer, \u0130bn Haldun\u2019un Mukaddime adl\u0131 eserine giri\u015f mahiyetinde olup, hem klasik metin kavram\u0131n\u0131 hem de Mukaddime\u2019nin \u0130slam d\u00fc\u015f\u00fcnce gelene\u011findeki yerini tart\u0131\u015farak serinin zeminini olu\u015fturmaktad\u0131r. Mehmet Akif Kayap\u0131nar, \u201cklasik\u201d metinlerin tan\u0131m\u0131, i\u015flevi ve medeniyetlerle ili\u015fkisini a\u00e7\u0131klarken, Mukaddime\u2019nin hem \u0130slam d\u00fc\u015f\u00fcncesi hem de d\u00fcnya d\u00fc\u015f\u00fcnce tarihi a\u00e7\u0131s\u0131ndan neden \u00f6nemli bir klasik oldu\u011funu ortaya koyar.<\/span><\/p>\n<p><span style=\"color: #000000;\"><strong>Ana Temalar<\/strong><\/span><\/p>\n<ol>\n<li><span style=\"color: #000000;\"><strong>Klasik Metin Kavram\u0131 ve Medeniyetle \u0130li\u015fkisi<\/strong><\/span><\/li>\n<\/ol>\n<p><span style=\"color: #000000;\">Klasikler; bir yandan kendi toplumunun zamansal ve mek\u00e2nsal ihtiya\u00e7lar\u0131na yan\u0131t verirken, di\u011fer yandan dini ve evrensel de\u011ferleri bir arada ta\u015f\u0131yan \u00fc\u00e7ayakl\u0131 bir yap\u0131 olarak tan\u0131mlan\u0131r. Bu metinler, medeniyetlerin s\u00fcreklili\u011fini sa\u011flayan ta\u015f\u0131y\u0131c\u0131 s\u00fctunlar olarak g\u00f6r\u00fcl\u00fcr.<\/span><\/p>\n<ol start=\"2\">\n<li><span style=\"color: #000000;\"><strong>Mukaddime\u2019nin Klasikle\u015fme S\u00fcreci ve Evrensel Niteli\u011fi<\/strong><\/span><\/li>\n<\/ol>\n<p><span style=\"color: #000000;\">\u0130bn Haldun\u2019un Mukaddime\u2019si, yaln\u0131zca \u0130slam medeniyeti i\u00e7in de\u011fil, Bat\u0131 d\u00fc\u015f\u00fcncesi i\u00e7in de \u00f6nem ta\u015f\u0131m\u0131\u015f ve 19. y\u00fczy\u0131ldan itibaren d\u00fcnya klasiklerine dahil olmu\u015ftur. Bu s\u00fcre\u00e7te oryantalist ve \u0130slam d\u00fcnyas\u0131 kaynakl\u0131 farkl\u0131 okuma bi\u00e7imleri geli\u015fmi\u015ftir.<\/span><\/p>\n<ol start=\"3\">\n<li><span style=\"color: #000000;\"><strong>Paradigmatik ve Pragmatik Okumalar<\/strong><\/span><\/li>\n<\/ol>\n<p><span style=\"color: #000000;\">\u0130bn Haldun\u2019un modern mi, pre-modern mi oldu\u011fu tart\u0131\u015fmalar\u0131 paradigmatik okumalarla de\u011ferlendirilir. Bir k\u0131s\u0131m Bat\u0131l\u0131 akademisyen onu \u201c\u0130slam i\u00e7indeki \u0130slam olmayan\u201d bir fig\u00fcr gibi sunarken, Hamilton Gibb gibi d\u00fc\u015f\u00fcn\u00fcrler ise onun M\u00fcsl\u00fcmanl\u0131\u011f\u0131n\u0131 ve gelenekle ba\u011f\u0131n\u0131 vurgular. Bu tart\u0131\u015fmalar\u0131n Mukaddime\u2019nin d\u00fc\u015f\u00fcnce tarihindeki yerini belirlemeye y\u00f6nelik oldu\u011fu ifade edilir.<\/span><\/p>\n<ol start=\"4\">\n<li><span style=\"color: #000000;\"><strong>Mukaddime\u2019nin \u0130slam D\u00fc\u015f\u00fcncesindeki Yeri<\/strong><\/span><\/li>\n<\/ol>\n<p><span style=\"color: #000000;\">\u0130slam siyaset d\u00fc\u015f\u00fcncesinde d\u00f6rt ana yakla\u015f\u0131m (f\u0131kh\u00ee-kel\u00e2m\u00ee, felsef\u00ee, edeb gelene\u011fi ve ampirik) tan\u0131t\u0131l\u0131r. \u0130bn Haldun\u2019un yakla\u015f\u0131m\u0131 bu d\u00f6rd\u00fcnc\u00fc yol olarak tarif edilir. Di\u011fer geleneklerden farkl\u0131 olarak onun yakla\u015f\u0131m\u0131 betimleyici, tarih\u00ee g\u00f6zleme dayal\u0131 ve yap\u0131salc\u0131d\u0131r.<\/span><\/p>\n<ol start=\"5\">\n<li><span style=\"color: #000000;\"><strong>\u0130bn Haldun\u2019un Y\u00f6ntemi ve Yakla\u015f\u0131m\u0131<\/strong><\/span><\/li>\n<\/ol>\n<p><span style=\"color: #000000;\">\u0130bn Haldun\u2019un y\u00f6ntemi, deneysel g\u00f6zleme ve yap\u0131sal \u00e7\u00f6z\u00fcmlemeye dayal\u0131d\u0131r. Disiplinleraras\u0131 yakla\u015f\u0131m\u0131, tarihsel olaylar\u0131 d\u00f6ng\u00fcsel bir bi\u00e7imde ele almas\u0131 ve bireyden ziyade yap\u0131lar\u0131 esas almas\u0131, onu hem \u00f6zg\u00fcn hem de paradigmatik bir alternatif sunan bir d\u00fc\u015f\u00fcn\u00fcr haline getirir.<\/span><\/p>\n<ol start=\"6\">\n<li><span style=\"color: #000000;\"><strong>Modern Bilimlerle \u0130li\u015fkisi ve Ele\u015ftirel De\u011ferlendirme<\/strong><\/span><\/li>\n<\/ol>\n<p><span style=\"color: #000000;\">\u0130bn Haldun\u2019un fikirleri modern toplum bilimleriyle kar\u015f\u0131la\u015ft\u0131r\u0131ld\u0131\u011f\u0131nda hem \u00f6nc\u00fc hem de alternatif bir zemin sundu\u011fu g\u00f6r\u00fcl\u00fcr. Ancak bu \u00f6nc\u00fcl\u00fck onun modern paradigmalara indirgenmesini gerektirmez. Kayap\u0131nar, \u0130bn Haldun\u2019un modern veya pre-modern olarak de\u011fil, \u201cnon-modern\u201d olarak konumland\u0131r\u0131lmas\u0131 gerekti\u011fini savunur.<\/span><\/p>\n<p><span style=\"color: #000000;\"><strong>Sonu\u00e7<\/strong><\/span><\/p>\n<p><span style=\"color: #000000;\">Bu seminer, Mukaddime\u2019nin yaln\u0131zca klasik bir metin de\u011fil, ayn\u0131 zamanda modern toplum bilimlerine alternatif bir yakla\u015f\u0131m sunan \u00f6zg\u00fcn bir eser oldu\u011funu ortaya koyar. \u0130bn Haldun\u2019un y\u00f6ntemi, \u0130slam d\u00fc\u015f\u00fcncesi i\u00e7inde oldu\u011fu kadar evrensel d\u00fc\u015f\u00fcnce tarihi i\u00e7inde de derin bir tart\u0131\u015fma alan\u0131 olu\u015fturur. Bu a\u00e7\u0131l\u0131\u015f semineri, serinin sonraki dersleri i\u00e7in sa\u011flam bir teorik ve kavramsal temel sa\u011flar.<\/span><\/p>\n<p>&nbsp;<\/p>\n<p>&nbsp;<\/p>\n<p><span style=\"color: #000000;\"><strong>Purpose and Content of the Seminar<\/strong><\/span><\/p>\n<p><span style=\"color: #000000;\">This seminar serves as an introductory session to Ibn Khald\u016bn\u2019s Muqaddima, offering a theoretical foundation by discussing what constitutes a \u201cclassical\u201d text and why the Muqaddima holds a unique place within both Islamic and global intellectual history. Mehmet Akif Kayap\u0131nar contextualizes Ibn Khald\u016bn\u2019s work by exploring the characteristics of classical texts and analyzing various approaches to interpreting the Muqaddima, particularly in relation to paradigmatic and pragmatic readings.<\/span><\/p>\n<p><span style=\"color: #000000;\"><strong>Key Themes<\/strong><\/span><\/p>\n<ol>\n<li><span style=\"color: #000000;\"><strong>Definition of a Classical Text and Its Relationship to Civilization<\/strong><\/span><\/li>\n<\/ol>\n<p><span style=\"color: #000000;\">A classical text is described as having a threefold function: it responds to the social and historical needs of its time, embodies the worldview of its civilization, and engages with the broader human intellectual tradition. Classical texts serve as structural pillars sustaining the continuity of a civilization.<\/span><\/p>\n<ol start=\"2\">\n<li><span style=\"color: #000000;\"><strong>The Muqaddima as a Classical Work of Universal Value<\/strong><\/span><\/li>\n<\/ol>\n<p><span style=\"color: #000000;\">Ibn Khald\u016bn\u2019s Muqaddima is recognized not only as a cornerstone of Islamic intellectual heritage but also as a major contribution to world thought. From the 19th century onward, it has gained attention globally, including through orientalist and academic engagement.<\/span><\/p>\n<ol start=\"3\">\n<li><span style=\"color: #000000;\"><strong>Paradigmatic vs. Pragmatic Readings<\/strong><\/span><\/li>\n<\/ol>\n<p><span style=\"color: #000000;\">Debates about whether Ibn Khald\u016bn is \u201cmodern\u201d or \u201cpre-modern\u201d reflect paradigmatic approaches. Some Western scholars depict him as an anomaly within Islamic tradition, while others (e.g., Hamilton Gibb) emphasize his rootedness in Islamic culture. These debates aim to position Ibn Khald\u016bn within broader intellectual history.<\/span><\/p>\n<ol start=\"4\">\n<li><span style=\"color: #000000;\"><strong>Ibn Khald\u016bn\u2019s Place in Islamic Thought<\/strong><\/span><\/li>\n<\/ol>\n<p><span style=\"color: #000000;\">Islamic political thought is categorized into four streams: legal-theological (fiqh\u2013kal\u0101m), philosophical, literary (adab), and empirical-descriptive. Ibn Khald\u016bn\u2019s work is classified as the fourth approach, offering a structural and observational model distinct from the normative frameworks of earlier traditions.<\/span><\/p>\n<ol start=\"5\">\n<li><span style=\"color: #000000;\"><strong>Ibn Khald\u016bn\u2019s Method and Intellectual Approach<\/strong><\/span><\/li>\n<\/ol>\n<p><span style=\"color: #000000;\">Ibn Khald\u016bn employs a multidisciplinary and structuralist methodology based on historical observation and cyclical patterns. His focus on systems over individuals and his analytical use of \u02bfumr\u0101n (civilization) mark a shift from normative to descriptive social science.<\/span><\/p>\n<ol start=\"6\">\n<li><span style=\"color: #000000;\"><strong>Relation to Modern Sciences and Critical Evaluation<\/strong><\/span><\/li>\n<\/ol>\n<p><span style=\"color: #000000;\">Although often portrayed as a precursor to modern sociology or historiography, Ibn Khald\u016bn\u2019s thought does not fit neatly into modern or pre-modern categories. Kayap\u0131nar proposes the label \u201cnon-modern\u201d to describe his unique position as both an alternative and a precursor to contemporary thought systems.<\/span><\/p>\n<p><span style=\"color: #000000;\"><strong>Conclusion<\/strong><\/span><\/p>\n<p><span style=\"color: #000000;\">This opening seminar positions the Muqaddima not only as a classical text within Islamic civilization but also as a distinctive intellectual response to social and historical crises. Ibn Khald\u016bn\u2019s method offers a powerful alternative to modern paradigms, and his interdisciplinary, structural approach remains relevant to both historical and contemporary analysis. The session establishes a conceptual and theoretical base for the seminars that follow.<\/span><\/p>\n<p>&nbsp;<\/p>\n<p>&nbsp;<\/p>\n<p>&nbsp;<\/p>\n<p>&nbsp;<\/p>\n<p>&nbsp;<\/p>\n<p>&nbsp;<\/p>\n<p>&nbsp;<\/p>\n","protected":false},"excerpt":{"rendered":"<p>MEHMET AK\u0130F KAYAPINAR: \u0130BN HALDUN, MUKADD\u0130ME 1. SEM\u0130NER \u00d6ZET\u0130 Dersin [&hellip;]<\/p>\n","protected":false},"author":1,"featured_media":0,"parent":0,"menu_order":0,"comment_status":"closed","ping_status":"closed","template":"","meta":{"footnotes":""},"class_list":["post-6210","page","type-page","status-publish","hentry"],"jetpack_sharing_enabled":true,"_links":{"self":[{"href":"https:\/\/klasikdusunceokulu.com\/index.php\/wp-json\/wp\/v2\/pages\/6210","targetHints":{"allow":["GET"]}}],"collection":[{"href":"https:\/\/klasikdusunceokulu.com\/index.php\/wp-json\/wp\/v2\/pages"}],"about":[{"href":"https:\/\/klasikdusunceokulu.com\/index.php\/wp-json\/wp\/v2\/types\/page"}],"author":[{"embeddable":true,"href":"https:\/\/klasikdusunceokulu.com\/index.php\/wp-json\/wp\/v2\/users\/1"}],"replies":[{"embeddable":true,"href":"https:\/\/klasikdusunceokulu.com\/index.php\/wp-json\/wp\/v2\/comments?post=6210"}],"version-history":[{"count":1,"href":"https:\/\/klasikdusunceokulu.com\/index.php\/wp-json\/wp\/v2\/pages\/6210\/revisions"}],"predecessor-version":[{"id":6213,"href":"https:\/\/klasikdusunceokulu.com\/index.php\/wp-json\/wp\/v2\/pages\/6210\/revisions\/6213"}],"wp:attachment":[{"href":"https:\/\/klasikdusunceokulu.com\/index.php\/wp-json\/wp\/v2\/media?parent=6210"}],"curies":[{"name":"wp","href":"https:\/\/api.w.org\/{rel}","templated":true}]}}