{"id":6211,"date":"2025-06-21T13:25:24","date_gmt":"2025-06-21T10:25:24","guid":{"rendered":"https:\/\/klasikdusunceokulu.com\/?page_id=6211"},"modified":"2025-06-21T14:24:00","modified_gmt":"2025-06-21T11:24:00","slug":"6211-2","status":"publish","type":"page","link":"https:\/\/klasikdusunceokulu.com\/index.php\/6211-2\/","title":{"rendered":"MEHMET AK\u0130F KAYAPINAR: \u0130BN HALDUN, MUKADD\u0130ME"},"content":{"rendered":"<p><a href=\"https:\/\/klasikdusunceokulu.com\/index.php\/mehmet-akif-kayapinar-ibn-haldun-mukaddime-1-seminer-ozeti\/\"><span style=\"color: #3b5163;\"><strong>MEHMET AK\u0130F KAYAPINAR: \u0130BN HALDUN, MUKADD\u0130ME 1. SEM\u0130NER \u00d6ZET\u0130<\/strong><\/span><\/a><\/p>\n<p><a href=\"https:\/\/klasikdusunceokulu.com\/index.php\/mehmet-akif-kayapinar-ibn-haldun-mukaddime-2-seminer-ozeti\/\"><span style=\"color: #3b5163;\"><strong>MEHMET AK\u0130F KAYAPINAR: \u0130BN HALDUN, MUKADD\u0130ME 2. SEM\u0130NER \u00d6ZET\u0130<\/strong><\/span><\/a><\/p>\n<p><a href=\"https:\/\/klasikdusunceokulu.com\/index.php\/mehmet-akif-kayapinar-ibn-haldun-mukaddime-3-seminer-ozeti\/\"><span style=\"color: #3b5163;\"><strong>MEHMET AK\u0130F KAYAPINAR: \u0130BN HALDUN, MUKADD\u0130ME 3. SEM\u0130NER \u00d6ZET\u0130<\/strong><\/span><\/a><\/p>\n<p><a href=\"https:\/\/klasikdusunceokulu.com\/index.php\/mehmet-akif-kayapinar-ibn-haldun-mukaddime-4-seminer-ozeti\/\"><span style=\"color: #3b5163;\"><strong>MEHMET AK\u0130F KAYAPINAR: \u0130BN HALDUN, MUKADD\u0130ME 4. SEM\u0130NER \u00d6ZET\u0130<\/strong><\/span><\/a><\/p>\n<p><a href=\"https:\/\/klasikdusunceokulu.com\/index.php\/mehmet-akif-kayapinar-ibn-haldun-mukaddime-5-seminer-ozeti\/\"><span style=\"color: #3b5163;\"><strong>MEHMET AK\u0130F KAYAPINAR: \u0130BN HALDUN, MUKADD\u0130ME 5. SEM\u0130NER \u00d6ZET\u0130<\/strong><\/span><\/a><\/p>\n<p><a href=\"https:\/\/klasikdusunceokulu.com\/index.php\/mehmet-akif-kayapinar-ibn-haldun-mukaddime-6-seminer-ozeti\/\"><span style=\"color: #3b5163;\"><strong>MEHMET AK\u0130F KAYAPINAR: \u0130BN HALDUN, MUKADD\u0130ME 6. SEM\u0130NER \u00d6ZET\u0130<\/strong><\/span><\/a><\/p>\n<p><a href=\"https:\/\/klasikdusunceokulu.com\/index.php\/mehmet-akif-kayapinar-ibn-haldun-mukaddime-7-seminer-ozeti\/\"><span style=\"color: #3b5163;\"><strong>MEHMET AK\u0130F KAYAPINAR: \u0130BN HALDUN, MUKADD\u0130ME 7. SEM\u0130NER \u00d6ZET\u0130<\/strong><\/span><\/a><\/p>\n<p><a href=\"https:\/\/klasikdusunceokulu.com\/index.php\/mehmet-akif-kayapinar-ibn-haldun-mukaddime-8-seminer-ozeti\/\"><span style=\"color: #3b5163;\"><strong>MEHMET AK\u0130F KAYAPINAR: \u0130BN HALDUN, MUKADD\u0130ME 8. SEM\u0130NER \u00d6ZET\u0130<\/strong><\/span><\/a><\/p>\n<p><a href=\"https:\/\/klasikdusunceokulu.com\/index.php\/mehmet-akif-kayapinar-ibn-haldun-mukaddime-9-seminer-ozeti\/\"><span style=\"color: #3b5163;\"><strong>MEHMET AK\u0130F KAYAPINAR: \u0130BN HALDUN, MUKADD\u0130ME 9. SEM\u0130NER \u00d6ZET\u0130<\/strong><\/span><\/a><\/p>\n<p><a href=\"https:\/\/klasikdusunceokulu.com\/index.php\/mehmet-akif-kayapinar-ibn-haldun-mukaddime-10-seminer-ozeti\/\"><span style=\"color: #3b5163;\"><strong>MEHMET AK\u0130F KAYAPINAR: \u0130BN HALDUN, MUKADD\u0130ME 10. SEM\u0130NER \u00d6ZET\u0130<\/strong><\/span><\/a><\/p>\n<p><a href=\"https:\/\/klasikdusunceokulu.com\/index.php\/mehmet-akif-kayapinar-ibn-haldun-mukaddime-11-seminer-ozeti\/\"><span style=\"color: #3b5163;\"><strong>MEHMET AK\u0130F KAYAPINAR: \u0130BN HALDUN, MUKADD\u0130ME 11. SEM\u0130NER \u00d6ZET\u0130<\/strong><\/span><\/a><\/p>\n<p><a href=\"https:\/\/klasikdusunceokulu.com\/index.php\/mehmet-akif-kayapinar-ibn-haldun-mukaddime-12-seminer-ozeti\/\"><span style=\"color: #3b5163;\"><strong>MEHMET AK\u0130F KAYAPINAR: \u0130BN HALDUN, MUKADD\u0130ME 12. SEM\u0130NER \u00d6ZET\u0130<\/strong><\/span><\/a><\/p>\n<p><a href=\"https:\/\/klasikdusunceokulu.com\/index.php\/mehmet-akif-kayapinar-ibn-haldun-mukaddime-13-seminer-ozeti\/\"><span style=\"color: #3b5163;\"><strong>MEHMET AK\u0130F KAYAPINAR: \u0130BN HALDUN, MUKADD\u0130ME 13. SEM\u0130NER \u00d6ZET\u0130<\/strong><\/span><\/a><\/p>\n<p><a href=\"https:\/\/klasikdusunceokulu.com\/index.php\/mehmet-akif-kayapinar-ibn-haldun-mukaddime-14-seminer-ozeti\/\"><span style=\"color: #3b5163;\"><strong>MEHMET AK\u0130F KAYAPINAR: \u0130BN HALDUN, MUKADD\u0130ME 14. SEM\u0130NER \u00d6ZET\u0130<\/strong><\/span><\/a><\/p>\n<p><a href=\"https:\/\/klasikdusunceokulu.com\/index.php\/mehmet-akif-kayapinar-ibn-haldun-mukaddime-15-seminer-ozeti\/\"><span style=\"color: #3b5163;\"><strong>MEHMET AK\u0130F KAYAPINAR: \u0130BN HALDUN, MUKADD\u0130ME 15. SEM\u0130NER \u00d6ZET\u0130<\/strong><\/span><\/a><\/p>\n<p><a href=\"https:\/\/klasikdusunceokulu.com\/index.php\/mehmet-akif-kayapinar-ibn-haldun-mukaddime-16-seminer-ozeti\/\"><span style=\"color: #3b5163;\"><strong>MEHMET AK\u0130F KAYAPINAR: \u0130BN HALDUN, MUKADD\u0130ME 16. SEM\u0130NER \u00d6ZET\u0130<\/strong><\/span><\/a><\/p>\n<p><a href=\"https:\/\/klasikdusunceokulu.com\/index.php\/mehmet-akif-kayapinar-ibn-haldun-mukaddime-17-seminer-ozeti\/\"><span style=\"color: #3b5163;\"><strong>MEHMET AK\u0130F KAYAPINAR: \u0130BN HALDUN, MUKADD\u0130ME 17. SEM\u0130NER \u00d6ZET\u0130<\/strong><\/span><\/a><\/p>\n<p><a href=\"https:\/\/klasikdusunceokulu.com\/index.php\/mehmet-akif-kayapinar-ibn-haldun-mukaddime-18-seminer-ozeti\/\"><span style=\"color: #3b5163;\"><strong>MEHMET AK\u0130F KAYAPINAR: \u0130BN HALDUN, MUKADD\u0130ME 18. SEM\u0130NER \u00d6ZET\u0130<\/strong><\/span><\/a><\/p>\n<p><a href=\"https:\/\/klasikdusunceokulu.com\/index.php\/mehmet-akif-kayapinar-ibn-haldun-mukaddime-19-seminer-ozeti\/\"><span style=\"color: #3b5163;\"><strong>MEHMET AK\u0130F KAYAPINAR: \u0130BN HALDUN, MUKADD\u0130ME 19. SEM\u0130NER \u00d6ZET\u0130<\/strong><\/span><\/a><\/p>\n<p><a href=\"https:\/\/klasikdusunceokulu.com\/index.php\/mehmet-akif-kayapinar-ibn-haldun-mukaddime-20-seminer-ozeti\/\"><span style=\"color: #3b5163;\"><strong>MEHMET AK\u0130F KAYAPINAR: \u0130BN HALDUN, MUKADD\u0130ME 20. SEM\u0130NER \u00d6ZET\u0130<\/strong><\/span><\/a><\/p>\n<p><a href=\"https:\/\/klasikdusunceokulu.com\/index.php\/mehmet-akif-kayapinar-ibn-haldun-mukaddime-21-seminer-ozeti\/\"><span style=\"color: #3b5163;\"><strong>MEHMET AK\u0130F KAYAPINAR: \u0130BN HALDUN, MUKADD\u0130ME 21. SEM\u0130NER \u00d6ZET\u0130<\/strong><\/span><\/a><\/p>\n<p><a href=\"https:\/\/klasikdusunceokulu.com\/index.php\/mehmet-akif-kayapinar-ibn-haldun-mukaddime-22-seminer-ozeti\/\"><span style=\"color: #3b5163;\"><strong>MEHMET AK\u0130F KAYAPINAR: \u0130BN HALDUN, MUKADD\u0130ME 22. SEM\u0130NER \u00d6ZET\u0130<\/strong><\/span><\/a><\/p>\n<p><a href=\"https:\/\/klasikdusunceokulu.com\/index.php\/mehmet-akif-kayapinar-ibn-haldun-mukaddime-23-seminer-ozeti\/\"><span style=\"color: #3b5163;\"><strong>MEHMET AK\u0130F KAYAPINAR: \u0130BN HALDUN, MUKADD\u0130ME 23. SEM\u0130NER \u00d6ZET\u0130<\/strong><\/span><\/a><\/p>\n<p><a href=\"https:\/\/klasikdusunceokulu.com\/index.php\/mehmet-akif-kayapinar-ibn-haldun-mukaddime-24-seminer-ozeti\/\"><span style=\"color: #3b5163;\"><strong>MEHMET AK\u0130F KAYAPINAR: \u0130BN HALDUN, MUKADD\u0130ME 24. SEM\u0130NER \u00d6ZET\u0130<\/strong><\/span><\/a><\/p>\n<p><a href=\"https:\/\/klasikdusunceokulu.com\/index.php\/mehmet-akif-kayapinar-ibn-haldun-mukaddime-25-seminer-ozeti\/\"><span style=\"color: #3b5163;\"><strong>MEHMET AK\u0130F KAYAPINAR: \u0130BN HALDUN, MUKADD\u0130ME 25. SEM\u0130NER \u00d6ZET\u0130<\/strong><\/span><\/a><\/p>\n<p><a href=\"https:\/\/klasikdusunceokulu.com\/index.php\/mehmet-akif-kayapinar-ibn-haldun-mukaddime-26-seminer-ozeti\/\"><span style=\"color: #3b5163;\"><strong>MEHMET AK\u0130F KAYAPINAR: \u0130BN HALDUN, MUKADD\u0130ME 26. SEM\u0130NER \u00d6ZET\u0130<\/strong><\/span><\/a><\/p>\n<p>&nbsp;<\/p>\n","protected":false},"excerpt":{"rendered":"<p>MEHMET AK\u0130F KAYAPINAR: \u0130BN HALDUN, MUKADD\u0130ME 1. SEM\u0130NER \u00d6ZET\u0130 MEHMET [&hellip;]<\/p>\n","protected":false},"author":1,"featured_media":0,"parent":0,"menu_order":0,"comment_status":"closed","ping_status":"closed","template":"","meta":{"footnotes":""},"class_list":["post-6211","page","type-page","status-publish","hentry"],"jetpack_sharing_enabled":true,"_links":{"self":[{"href":"https:\/\/klasikdusunceokulu.com\/index.php\/wp-json\/wp\/v2\/pages\/6211","targetHints":{"allow":["GET"]}}],"collection":[{"href":"https:\/\/klasikdusunceokulu.com\/index.php\/wp-json\/wp\/v2\/pages"}],"about":[{"href":"https:\/\/klasikdusunceokulu.com\/index.php\/wp-json\/wp\/v2\/types\/page"}],"author":[{"embeddable":true,"href":"https:\/\/klasikdusunceokulu.com\/index.php\/wp-json\/wp\/v2\/users\/1"}],"replies":[{"embeddable":true,"href":"https:\/\/klasikdusunceokulu.com\/index.php\/wp-json\/wp\/v2\/comments?post=6211"}],"version-history":[{"count":3,"href":"https:\/\/klasikdusunceokulu.com\/index.php\/wp-json\/wp\/v2\/pages\/6211\/revisions"}],"predecessor-version":[{"id":6265,"href":"https:\/\/klasikdusunceokulu.com\/index.php\/wp-json\/wp\/v2\/pages\/6211\/revisions\/6265"}],"wp:attachment":[{"href":"https:\/\/klasikdusunceokulu.com\/index.php\/wp-json\/wp\/v2\/media?parent=6211"}],"curies":[{"name":"wp","href":"https:\/\/api.w.org\/{rel}","templated":true}]}}