{"id":6216,"date":"2025-06-21T13:30:23","date_gmt":"2025-06-21T10:30:23","guid":{"rendered":"https:\/\/klasikdusunceokulu.com\/?page_id=6216"},"modified":"2025-06-21T13:30:23","modified_gmt":"2025-06-21T10:30:23","slug":"mehmet-akif-kayapinar-ibn-haldun-mukaddime-3-seminer-ozeti","status":"publish","type":"page","link":"https:\/\/klasikdusunceokulu.com\/index.php\/mehmet-akif-kayapinar-ibn-haldun-mukaddime-3-seminer-ozeti\/","title":{"rendered":"MEHMET AK\u0130F KAYAPINAR: \u0130BN HALDUN, MUKADD\u0130ME 3. SEM\u0130NER \u00d6ZET\u0130"},"content":{"rendered":"<p><span style=\"color: #000000;\"><strong>MEHMET AK\u0130F KAYAPINAR: \u0130BN HALDUN, MUKADD\u0130ME 3. SEM\u0130NER \u00d6ZET\u0130<\/strong><\/span><\/p>\n<p><span style=\"color: #000000;\"><strong>Dersin Amac\u0131 ve \u0130\u00e7eri\u011fi<\/strong><\/span><\/p>\n<p><span style=\"color: #000000;\">Bu seminer, \u0130bn Haldun\u2019un Mukaddime adl\u0131 eserinin metinsel okumalar\u0131na fiilen ba\u015flanan ilk derstir. Mehmet Akif Kayap\u0131nar, \u00f6nceki iki seminerde sundu\u011fu tarihsel, kavramsal ve d\u00fc\u015f\u00fcnsel arka plan\u0131 bu derste uygulamaya ge\u00e7irerek, Mukaddime\u2019nin \u00f6ns\u00f6z\u00fcn\u00fc analiz eder. Seminerin amac\u0131, \u0130bn Haldun\u2019un tarih ilmini felsef\u00ee bir bilim (hikmet) olarak nas\u0131l yeniden tan\u0131mlad\u0131\u011f\u0131n\u0131 ve klasik tarih\u00e7ilikten hangi y\u00f6nleriyle ayr\u0131ld\u0131\u011f\u0131n\u0131 ortaya koymakt\u0131r.<\/span><\/p>\n<p><span style=\"color: #000000;\"><strong>Ana Temalar<\/strong><\/span><\/p>\n<ol>\n<li><span style=\"color: #000000;\"><strong>D\u00fc\u015f\u00fcncenin Cevap Verme Niteli\u011fi ve Ba\u011flam Gereklili\u011fi<\/strong><\/span><\/li>\n<\/ol>\n<p><span style=\"color: #000000;\">\u0130bn Haldun\u2019un d\u00fc\u015f\u00fcncesi bir \u201csorun\u201da verilen \u201ccevap\u201d olarak konumland\u0131r\u0131l\u0131r. Medeniyetin \u00e7\u00f6k\u00fc\u015f\u00fcne tan\u0131kl\u0131k eden bir d\u00f6nemde, onun d\u00fc\u015f\u00fcnsel \u00e7abas\u0131, tarihsel ve siyasal \u00e7\u00f6z\u00fclmeyi anlamland\u0131rma gayretidir. Bu bak\u0131\u015fla d\u00fc\u015f\u00fcncenin ba\u011flams\u0131z olamayaca\u011f\u0131 vurgulan\u0131r.<\/span><\/p>\n<ol start=\"2\">\n<li><span style=\"color: #000000;\"><strong>Zahir\u00ee ve Bat\u0131n\u00ee Tarih Anlay\u0131\u015f\u0131<\/strong><\/span><\/li>\n<\/ol>\n<p><span style=\"color: #000000;\">\u0130bn Haldun, geleneksel tarih yaz\u0131m\u0131n\u0131n yaln\u0131zca olaylar\u0131 s\u0131ralayan, y\u00fczeysel (zahir\u00ee) bir anlay\u0131\u015fa sahip oldu\u011funu; oysa tarihin hakikatini ancak d\u00fc\u015f\u00fcnce (nazar) ve tahkik (sorgulama ve ispat) ile anla\u015f\u0131labilece\u011fini savunur. Bu \u00e7er\u00e7evede tarih, felsef\u00ee ilimler kategorisinde de\u011ferlendirilir.<\/span><\/p>\n<ol start=\"3\">\n<li><span style=\"color: #000000;\"><strong>Hikmet (Felsefe) Olarak Tarih<\/strong><\/span><\/li>\n<\/ol>\n<p><span style=\"color: #000000;\">Tarihin nazar ve tahkik esas\u0131na dayanmas\u0131, onu hikmet (felsefe) s\u0131n\u0131f\u0131na dahil eder. Kayap\u0131nar, bu noktada \u201chikmet\u201d kavram\u0131n\u0131n Kur\u2019an\u2019daki ve \u0130sl\u00e2m\u00ee ilimler i\u00e7indeki anlamlar\u0131n\u0131 de\u011ferlendirir; ayr\u0131ca \u0130bn Haldun\u2019un yakla\u015f\u0131m\u0131n\u0131 Grek d\u00fc\u015f\u00fcncesiyle ili\u015fkilendiren yorumlar\u0131 tart\u0131\u015f\u0131r.<\/span><\/p>\n<ol start=\"4\">\n<li><span style=\"color: #000000;\"><strong>Ele\u015ftirel Tarih Anlay\u0131\u015f\u0131 ve Taklit Sorunu<\/strong><\/span><\/li>\n<\/ol>\n<p><span style=\"color: #000000;\">\u0130bn Haldun, \u00f6ncekilerin tarih\u00e7ili\u011fini ele\u015ftirerek taklit\u00e7i tarih anlay\u0131\u015f\u0131n\u0131 reddeder. Olaylar\u0131 neden-sonu\u00e7 ili\u015fkisi i\u00e7inde de\u011ferlendirmeyen tarih anlay\u0131\u015flar\u0131n\u0131, metodolojik zaaflar\u0131 nedeniyle ele\u015ftirir. Umr\u00e2n kavram\u0131, do\u011fru bilgiye ula\u015fmada temel kriterlerden biri olarak tan\u0131t\u0131l\u0131r.<\/span><\/p>\n<ol start=\"5\">\n<li><span style=\"color: #000000;\"><strong>Tarihin Anlam\u0131 ve Felsefesi: D\u00f6ng\u00fcsellik ve Kaideler<\/strong><\/span><\/li>\n<\/ol>\n<p><span style=\"color: #000000;\">\u0130bn Haldun, tarihsel olaylar\u0131n ard\u0131nda ilah\u00ee bir d\u00fczen oldu\u011funu ve bu olaylar\u0131n belli kurallara (kaidelere) t\u00e2bi oldu\u011funu savunur. Ancak bu d\u00fczen, modern ilerlemeci tarih anlay\u0131\u015f\u0131n\u0131n aksine, devr\u00eedir. Bu, onu Spengler ve Toynbee gibi d\u00f6ng\u00fcsel tarih anlay\u0131\u015flar\u0131yla yak\u0131nla\u015ft\u0131r\u0131r.<\/span><\/p>\n<ol start=\"6\">\n<li><span style=\"color: #000000;\"><strong>Toplum Bilimlerinin Do\u011fu\u015fu ve Tarih\u00ee \u00d6ng\u00f6r\u00fc<\/strong><\/span><\/li>\n<\/ol>\n<p><span style=\"color: #000000;\">\u0130bn Haldun\u2019un kurdu\u011fu tarih teorisi, ge\u00e7mi\u015fi a\u00e7\u0131klama, \u015fimdiyi anlama ve gelece\u011fi \u00f6ng\u00f6rme potansiyeli ta\u015f\u0131r. Bu y\u00f6n\u00fcyle onun yakla\u015f\u0131m\u0131, modern toplum bilimlerinin metodolojik temelleriyle benzerlik g\u00f6sterir. Ancak, onun modeli teleolojik (ama\u00e7l\u0131) de\u011fil; zamana, mek\u00e2na ve d\u00f6n\u00fc\u015f\u00fcme a\u00e7\u0131k bir modeldir.<\/span><\/p>\n<p><span style=\"color: #000000;\"><strong>Sonu\u00e7<\/strong><\/span><\/p>\n<p><span style=\"color: #000000;\">Bu seminer, \u0130bn Haldun\u2019un tarih anlay\u0131\u015f\u0131n\u0131 klasik anlat\u0131dan ay\u0131ran epistemolojik ve metodolojik farkl\u0131l\u0131klar\u0131 vurgular. Nazar ve tahkik merkezli yakla\u015f\u0131m\u0131, onu sadece bir tarih\u00e7i de\u011fil, bir tarih filozofu olarak da \u00f6ne \u00e7\u0131kar\u0131r. Umr\u00e2n, asabiyet, de\u011fi\u015fim, devlet ve d\u00fczen kavramlar\u0131 etraf\u0131nda \u015fekillenen bu yakla\u015f\u0131m, sonraki seminerlerde ayr\u0131nt\u0131l\u0131 bi\u00e7imde i\u015flenecektir.<\/span><\/p>\n<p>&nbsp;<\/p>\n<p><span style=\"color: #000000;\"><strong>Purpose and Content of the Seminar<\/strong><\/span><\/p>\n<p><span style=\"color: #000000;\">This seminar marks the beginning of direct textual engagement with Ibn Khald\u016bn\u2019s Muqaddima. Building upon the historical, conceptual, and intellectual groundwork laid in the first two sessions, Mehmet Akif Kayap\u0131nar initiates a close reading of the preface. The seminar aims to reveal how Ibn Khald\u016bn redefines history as a philosophical science (\u1e25ikma) and distinguishes his approach from classical historiography through a methodological and epistemological critique.<\/span><\/p>\n<p><span style=\"color: #000000;\"><strong>Key Themes<\/strong><\/span><\/p>\n<ol>\n<li><span style=\"color: #000000;\"><strong>Thought as Response and the Necessity of Context<\/strong><\/span><\/li>\n<\/ol>\n<p><span style=\"color: #000000;\">Ibn Khald\u016bn\u2019s intellectual output is presented as a response to a civilizational crisis. His thought is shaped by the political and social disintegration of his time, highlighting that ideas do not emerge in a vacuum but as contextual responses to pressing problems.<\/span><\/p>\n<ol start=\"2\">\n<li><span style=\"color: #000000;\"><strong>The Distinction Between Superficial and Analytical History<\/strong><\/span><\/li>\n<\/ol>\n<p><span style=\"color: #000000;\">He criticizes traditional historiography for being superficial (\u1e93\u0101hir\u012b), merely recounting events without deeper inquiry. True historical understanding, according to Ibn Khald\u016bn, requires rational investigation (na\u1e93ar) and verification (ta\u1e25q\u012bq), making history a subject of philosophical inquiry.<\/span><\/p>\n<ol start=\"3\">\n<li><span style=\"color: #000000;\"><strong>History as a Form of Wisdom (<\/strong><strong>\u1e24<\/strong><strong>ikma)<\/strong><\/span><\/li>\n<\/ol>\n<p><span style=\"color: #000000;\">The seminar explores Ibn Khald\u016bn\u2019s classification of history among the philosophical sciences due to its reliance on reason and causality. The concept of \u1e25ikma is examined both in its Qur&#8217;anic context and within the broader Islamic intellectual tradition, with comparisons drawn to Greek philosophical models.<\/span><\/p>\n<ol start=\"4\">\n<li><span style=\"color: #000000;\"><strong>Critical Approach and the Problem of Imitation<\/strong><\/span><\/li>\n<\/ol>\n<p><span style=\"color: #000000;\">Ibn Khald\u016bn rejects the uncritical imitation (taql\u012bd) of earlier historians. He critiques their failure to evaluate events through cause-and-effect reasoning and emphasizes the necessity of new methodological standards, including the concept of \u02bfumr\u0101n as a criterion for sound historical knowledge.<\/span><\/p>\n<ol start=\"5\">\n<li><span style=\"color: #000000;\"><strong>The Meaning and Philosophy of History: Cyclicality and Laws<\/strong><\/span><\/li>\n<\/ol>\n<p><span style=\"color: #000000;\">Ibn Khald\u016bn asserts that history follows divine laws and patterns, but unlike modern linear-progressivist models, he envisions a cyclical process. This places him in intellectual proximity to thinkers like Oswald Spengler and Arnold Toynbee who also advocate cyclical theories of civilization.<\/span><\/p>\n<ol start=\"6\">\n<li><span style=\"color: #000000;\"><strong>The Birth of the Social Sciences and Historical Forecasting<\/strong><\/span><\/li>\n<\/ol>\n<p><span style=\"color: #000000;\">His theory of history is not limited to explaining the past\u2014it is capable of interpreting the present and projecting the future. In this way, Ibn Khald\u016bn prefigures modern social science methodology, though his approach remains open-ended, context-sensitive, and non-teleological.<\/span><\/p>\n<p><span style=\"color: #000000;\"><strong>Conclusion<\/strong><\/span><\/p>\n<p><span style=\"color: #000000;\">This seminar highlights Ibn Khald\u016bn\u2019s departure from classical narrative historiography by establishing an epistemologically and methodologically distinct vision. His emphasis on rational inquiry (na\u1e93ar) and critical verification (ta\u1e25q\u012bq) marks him not only as a historian but as a philosopher of history. Concepts such as \u02bfumr\u0101n, \u02bfa\u1e63abiyya, transformation, and statehood will be explored in greater depth in subsequent sessions.<\/span><\/p>\n","protected":false},"excerpt":{"rendered":"<p>MEHMET AK\u0130F KAYAPINAR: \u0130BN HALDUN, MUKADD\u0130ME 3. SEM\u0130NER \u00d6ZET\u0130 Dersin [&hellip;]<\/p>\n","protected":false},"author":1,"featured_media":0,"parent":0,"menu_order":0,"comment_status":"closed","ping_status":"closed","template":"","meta":{"footnotes":""},"class_list":["post-6216","page","type-page","status-publish","hentry"],"jetpack_sharing_enabled":true,"_links":{"self":[{"href":"https:\/\/klasikdusunceokulu.com\/index.php\/wp-json\/wp\/v2\/pages\/6216","targetHints":{"allow":["GET"]}}],"collection":[{"href":"https:\/\/klasikdusunceokulu.com\/index.php\/wp-json\/wp\/v2\/pages"}],"about":[{"href":"https:\/\/klasikdusunceokulu.com\/index.php\/wp-json\/wp\/v2\/types\/page"}],"author":[{"embeddable":true,"href":"https:\/\/klasikdusunceokulu.com\/index.php\/wp-json\/wp\/v2\/users\/1"}],"replies":[{"embeddable":true,"href":"https:\/\/klasikdusunceokulu.com\/index.php\/wp-json\/wp\/v2\/comments?post=6216"}],"version-history":[{"count":1,"href":"https:\/\/klasikdusunceokulu.com\/index.php\/wp-json\/wp\/v2\/pages\/6216\/revisions"}],"predecessor-version":[{"id":6217,"href":"https:\/\/klasikdusunceokulu.com\/index.php\/wp-json\/wp\/v2\/pages\/6216\/revisions\/6217"}],"wp:attachment":[{"href":"https:\/\/klasikdusunceokulu.com\/index.php\/wp-json\/wp\/v2\/media?parent=6216"}],"curies":[{"name":"wp","href":"https:\/\/api.w.org\/{rel}","templated":true}]}}