{"id":6220,"date":"2025-06-21T13:33:15","date_gmt":"2025-06-21T10:33:15","guid":{"rendered":"https:\/\/klasikdusunceokulu.com\/?page_id=6220"},"modified":"2025-06-21T13:33:15","modified_gmt":"2025-06-21T10:33:15","slug":"mehmet-akif-kayapinar-ibn-haldun-mukaddime-5-seminer-ozeti","status":"publish","type":"page","link":"https:\/\/klasikdusunceokulu.com\/index.php\/mehmet-akif-kayapinar-ibn-haldun-mukaddime-5-seminer-ozeti\/","title":{"rendered":"MEHMET AK\u0130F KAYAPINAR: \u0130BN HALDUN, MUKADD\u0130ME 5. SEM\u0130NER \u00d6ZET\u0130"},"content":{"rendered":"<p><span style=\"color: #000000;\"><strong>MEHMET AK\u0130F KAYAPINAR: \u0130BN HALDUN, MUKADD\u0130ME 5. SEM\u0130NER \u00d6ZET\u0130<\/strong><\/span><\/p>\n<p><span style=\"color: #000000;\"><strong>Dersin Amac\u0131 ve \u0130\u00e7eri\u011fi<\/strong><\/span><\/p>\n<p><span style=\"color: #000000;\">Bu seminer, \u0130bn Haldun\u2019un Mukaddime adl\u0131 eserinde tarih yaz\u0131c\u0131l\u0131\u011f\u0131n\u0131n y\u00f6ntemine dair getirdi\u011fi ele\u015ftirilerin i\u015flendi\u011fi b\u00f6l\u00fcme odaklan\u0131r. Mehmet Akif Kayap\u0131nar, \u0130bn Haldun\u2019un nakle dayal\u0131 tarih\u00e7ili\u011fe kar\u015f\u0131 rasyonel de\u011ferlendirme, toplumsal yap\u0131 bilgisi ve umran anlay\u0131\u015f\u0131na dayal\u0131 bir tarih metodolojisi \u00f6nerdi\u011fini vurgular. Seminer, ge\u00e7mi\u015f tarih\u00e7ilerin d\u00fc\u015ft\u00fc\u011f\u00fc hatal\u0131 nakiller \u00fczerinden, tarihsel bilginin nas\u0131l ak\u0131lla test edilmesi gerekti\u011fini \u00f6rnekleriyle birlikte inceler.<\/span><\/p>\n<p><span style=\"color: #000000;\"><strong>Ana Temalar<\/strong><\/span><\/p>\n<ol>\n<li><span style=\"color: #000000;\"><strong>Nakil Merkezli Tarih\u00e7ili\u011fe Ele\u015ftiri<\/strong><\/span><\/li>\n<\/ol>\n<p><span style=\"color: #000000;\">\u0130bn Haldun, yaln\u0131zca rivayete dayal\u0131 tarih\u00e7ili\u011fi yeterli g\u00f6rmez; insan anlay\u0131\u015f\u0131n\u0131n s\u0131n\u0131rl\u0131l\u0131\u011f\u0131 ve s\u00f6zl\u00fc aktar\u0131m\u0131n zay\u0131fl\u0131\u011f\u0131 nedeniyle tarih\u00ee rivayetlerin sorgulanmas\u0131 gerekti\u011fini savunur. Aktar\u0131lan haberlerin, siyas\u00ee d\u00fczen, toplumsal yap\u0131 ve ak\u0131l ilkeleriyle kar\u015f\u0131la\u015ft\u0131r\u0131lmas\u0131 gerekti\u011fini belirtir.<\/span><\/p>\n<ol start=\"2\">\n<li><span style=\"color: #000000;\"><strong>Tarih\u00ee Uydurma ve Abart\u0131lara \u00d6rnekler<\/strong><\/span><\/li>\n<\/ol>\n<p><span style=\"color: #000000;\">\u0130srailo\u011fullar\u0131\u2019n\u0131n \u00e7\u00f6lde 600 bin askerle y\u00fcr\u00fcmesi, H\u00eemyer\u00ee krallar\u0131n\u0131n hayal\u00ee fetihleri, efsanev\u00ee \u0130rem \u015fehri ya da H\u00e2r\u00fbn Re\u015f\u00eed d\u00f6nemindeki Bermek\u00eeler anlat\u0131s\u0131 gibi \u00f6rneklerde \u0130bn Haldun, akla ve sosyolojiye ayk\u0131r\u0131l\u0131klar\u0131 g\u00f6sterir. Her \u00f6rnekte tarihsel k\u0131ymetin ak\u0131l s\u00fczgecinden ge\u00e7irilmesi gerekti\u011fi vurgulan\u0131r.<\/span><\/p>\n<ol start=\"3\">\n<li><span style=\"color: #000000;\"><strong>Siyasal ve Ahl\u00e2k\u00ee Ger\u00e7ekli\u011fin Korunmas\u0131<\/strong><\/span><\/li>\n<\/ol>\n<p><span style=\"color: #000000;\">Baz\u0131 tarih anlat\u0131lar\u0131nda Abb\u00e2s\u00ee saray\u0131 gibi yerlerdeki ahl\u00e2k d\u0131\u015f\u0131 davran\u0131\u015flara ili\u015fkin rivayetlerin toplumsal yap\u0131yla uyumsuz oldu\u011funu ileri s\u00fcrer. Ona g\u00f6re ilk \u0130slam toplumunun bedev\u00ee yap\u0131s\u0131, bu t\u00fcr hik\u00e2yeleri \u00e7\u00fcr\u00fctmek i\u00e7in yeterlidir.<\/span><\/p>\n<ol start=\"4\">\n<li><span style=\"color: #000000;\"><strong>Nesep, Asalet ve Me\u015fruiyet<\/strong><\/span><\/li>\n<\/ol>\n<p><span style=\"color: #000000;\">F\u00e2t\u0131m\u00eeler ve \u0130dr\u00ees\u00eeler gibi soylar\u0131 tart\u0131\u015fmal\u0131 hanedanl\u0131klar\u0131n me\u015fruiyeti tart\u0131\u015f\u0131l\u0131rken, \u0130bn Haldun bu iddialar\u0131 reddeder. Bir hanedan\u0131n halkta kar\u015f\u0131l\u0131k bulmas\u0131 ve g\u00fc\u00e7l\u00fc bir iktidar kurabilmesi, onlar\u0131n neseben asil kabul edilmeleri i\u00e7in yeterlidir.<\/span><\/p>\n<ol start=\"5\">\n<li><span style=\"color: #000000;\"><strong>Tarih Felsefesi: De\u011fi\u015fim, Al\u0131\u015fkanl\u0131k ve Toplumsal Evrim<\/strong><\/span><\/li>\n<\/ol>\n<p><span style=\"color: #000000;\">Toplumlar\u0131n ve iktidarlar\u0131n zamanla de\u011fi\u015fti\u011fini vurgulayan \u0130bn Haldun, bug\u00fcn\u00fcn de\u011ferleriyle ge\u00e7mi\u015fi yarg\u0131laman\u0131n yan\u0131lt\u0131c\u0131 olaca\u011f\u0131n\u0131 belirtir. Baz\u0131 durumlarda k\u0131yas m\u00fcmk\u00fcnd\u00fcr; ancak \u00e7o\u011fu kez tarihsel s\u00fcreklilik kesintiye u\u011fram\u0131\u015ft\u0131r.<\/span><\/p>\n<ol start=\"6\">\n<li><span style=\"color: #000000;\"><strong>Mesleklerin D\u00f6n\u00fc\u015f\u00fcm\u00fc ve Sosyal Alg\u0131<\/strong><\/span><\/li>\n<\/ol>\n<p><span style=\"color: #000000;\">\u00d6\u011fretmenlik ve kad\u0131l\u0131k gibi mesleklerin zaman i\u00e7inde toplumsal konumlar\u0131n\u0131n de\u011fi\u015fti\u011fi, eskiden asillerin \u00fcstlendi\u011fi bu g\u00f6revlerin zamanla uzmanl\u0131k alanlar\u0131na d\u00f6n\u00fc\u015ft\u00fc\u011f\u00fc anlat\u0131l\u0131r. Bu d\u00f6n\u00fc\u015f\u00fcm, tarih\u00ee aktar\u0131mlarda yap\u0131lan yanl\u0131\u015f anlamalar\u0131 da a\u00e7\u0131klar.<\/span><\/p>\n<p><span style=\"color: #000000;\"><strong>Sonu\u00e7<\/strong><\/span><\/p>\n<p><span style=\"color: #000000;\">Bu seminer, \u0130bn Haldun\u2019un tarih anlay\u0131\u015f\u0131n\u0131n ak\u0131lc\u0131, ele\u015ftirel ve sosyolojik temellerini ortaya koyar. Tarihi, mitolojik anlat\u0131lardan ar\u0131nd\u0131rarak bir nazar\u00ee ilme d\u00f6n\u00fc\u015ft\u00fcren bu yakla\u015f\u0131m, g\u00fc\u00e7, nesep ve toplumsal me\u015fruiyet aras\u0131ndaki ili\u015fkiye dair derinlikli bir model sunar. Aktar\u0131lan her bilgi, ak\u0131l, g\u00f6zlem ve toplumsal ger\u00e7eklikle s\u0131nanmal\u0131; tarih yaln\u0131zca anlat\u0131 de\u011fil, tahlil ve de\u011ferlendirme s\u00fcreci olarak ele al\u0131nmal\u0131d\u0131r.<\/span><\/p>\n<p>&nbsp;<\/p>\n<p><span style=\"color: #000000;\"><strong>Purpose and Content of the Seminar<\/strong><\/span><\/p>\n<p><span style=\"color: #000000;\">This seminar continues the close reading of Ibn Khald\u016bn\u2019s Muqaddima, focusing on the chapter that critiques historical methodology and the errors of past historians. Mehmet Akif Kayap\u0131nar highlights Ibn Khald\u016bn\u2019s insistence that sound historiography must go beyond mere transmission (naql) and instead be anchored in rational evaluation, knowledge of sociopolitical dynamics, and the nature of civilization (\u02bfumr\u0101n). The seminar systematically explores examples of historical misjudgments and misreporting, illustrating Ibn Khald\u016bn\u2019s rational and critical approach to history.<\/span><\/p>\n<p><span style=\"color: #000000;\"><strong>Key Themes<\/strong><\/span><\/p>\n<ol>\n<li><span style=\"color: #000000;\"><strong>Critique of Naql-Based Historiography<\/strong><\/span><\/li>\n<\/ol>\n<p><span style=\"color: #000000;\">Ibn Khald\u016bn challenges the validity of purely transmitted historical narratives, arguing that differences in human understanding and the limitations of oral transmission compromise accuracy. He advocates for corroborating reports using political principles, the nature of societies, and comparative reasoning.<\/span><\/p>\n<ol start=\"2\">\n<li><span style=\"color: #000000;\"><strong>Examples of Historical Misreporting<\/strong><\/span><\/li>\n<\/ol>\n<p><span style=\"color: #000000;\">The seminar examines several legendary or exaggerated accounts rejected by Ibn Khald\u016bn. These include the inflated army size of the Israelites in the desert, the exaggerated conquests of the Himyarite kings, the mythological city of Iram, and the narrative surrounding the downfall of the Barmakids during H\u0101r\u016bn al-Rash\u012bd\u2019s reign. Each case is evaluated through the lens of plausibility, sociopolitical norms, and rational scrutiny.<\/span><\/p>\n<ol start=\"3\">\n<li><span style=\"color: #000000;\"><strong>Sociopolitical Context and Moral Critique<\/strong><\/span><\/li>\n<\/ol>\n<p><span style=\"color: #000000;\">Ibn Khald\u016bn questions the moral and cultural plausibility of widely accepted stories, such as accusations of illicit relationships in the Abbasid court or tales of drunkenness among pious rulers. He asserts that such accounts contradict the moral ethos of early Islamic society and the bedouin foundations of early statehood.<\/span><\/p>\n<ol start=\"4\">\n<li><span style=\"color: #000000;\"><strong>Nobility, Lineage, and Public Trust<\/strong><\/span><\/li>\n<\/ol>\n<p><span style=\"color: #000000;\">The significance of lineage (nasab) in sociopolitical legitimacy is emphasized. Ibn Khald\u016bn defends the lineage of the F\u0101\u1e6dimids and Idr\u012bsids against claims of illegitimacy, arguing that popular support and the ability to establish enduring states testify to the public\u2019s trust in their noble descent.<\/span><\/p>\n<ol start=\"5\">\n<li><span style=\"color: #000000;\"><strong>Philosophy of History: Change, Habit, and Social Evolution<\/strong><\/span><\/li>\n<\/ol>\n<p><span style=\"color: #000000;\">Ibn Khald\u016bn explores how political authority and social customs evolve over time. He warns against anachronistic judgments and emphasizes the need to understand historical change in ethics, norms, and institutions. He differentiates between moments where analogy with the present is valid and others where historical discontinuity must be recognized.<\/span><\/p>\n<ol start=\"6\">\n<li><span style=\"color: #000000;\"><strong>Knowledge Professions and Social Perception<\/strong><\/span><\/li>\n<\/ol>\n<p><span style=\"color: #000000;\">The seminar concludes with Ibn Khald\u016bn\u2019s reflections on the transformation of professions like teaching and judiciary. He traces how these roles, once held by noble tribal leaders, became technical crafts over time\u2014often misunderstood by later generations projecting contemporary assumptions onto the past.<\/span><\/p>\n<p><span style=\"color: #000000;\"><strong>Conclusion<\/strong><\/span><\/p>\n<p><span style=\"color: #000000;\">This seminar illustrates Ibn Khald\u016bn\u2019s methodological rigor in historical analysis. By integrating rational scrutiny, social theory, and empirical plausibility, Ibn Khald\u016bn elevates history from folklore to philosophical science. His emphasis on the interplay between power, lineage, and public trust offers a timeless framework for evaluating historical narratives and their credibility.<\/span><\/p>\n","protected":false},"excerpt":{"rendered":"<p>MEHMET AK\u0130F KAYAPINAR: \u0130BN HALDUN, MUKADD\u0130ME 5. SEM\u0130NER \u00d6ZET\u0130 Dersin [&hellip;]<\/p>\n","protected":false},"author":1,"featured_media":0,"parent":0,"menu_order":0,"comment_status":"closed","ping_status":"closed","template":"","meta":{"footnotes":""},"class_list":["post-6220","page","type-page","status-publish","hentry"],"jetpack_sharing_enabled":true,"_links":{"self":[{"href":"https:\/\/klasikdusunceokulu.com\/index.php\/wp-json\/wp\/v2\/pages\/6220","targetHints":{"allow":["GET"]}}],"collection":[{"href":"https:\/\/klasikdusunceokulu.com\/index.php\/wp-json\/wp\/v2\/pages"}],"about":[{"href":"https:\/\/klasikdusunceokulu.com\/index.php\/wp-json\/wp\/v2\/types\/page"}],"author":[{"embeddable":true,"href":"https:\/\/klasikdusunceokulu.com\/index.php\/wp-json\/wp\/v2\/users\/1"}],"replies":[{"embeddable":true,"href":"https:\/\/klasikdusunceokulu.com\/index.php\/wp-json\/wp\/v2\/comments?post=6220"}],"version-history":[{"count":1,"href":"https:\/\/klasikdusunceokulu.com\/index.php\/wp-json\/wp\/v2\/pages\/6220\/revisions"}],"predecessor-version":[{"id":6221,"href":"https:\/\/klasikdusunceokulu.com\/index.php\/wp-json\/wp\/v2\/pages\/6220\/revisions\/6221"}],"wp:attachment":[{"href":"https:\/\/klasikdusunceokulu.com\/index.php\/wp-json\/wp\/v2\/media?parent=6220"}],"curies":[{"name":"wp","href":"https:\/\/api.w.org\/{rel}","templated":true}]}}