{"id":6222,"date":"2025-06-21T13:33:55","date_gmt":"2025-06-21T10:33:55","guid":{"rendered":"https:\/\/klasikdusunceokulu.com\/?page_id=6222"},"modified":"2025-06-21T13:33:55","modified_gmt":"2025-06-21T10:33:55","slug":"mehmet-akif-kayapinar-ibn-haldun-mukaddime-6-seminer-ozeti","status":"publish","type":"page","link":"https:\/\/klasikdusunceokulu.com\/index.php\/mehmet-akif-kayapinar-ibn-haldun-mukaddime-6-seminer-ozeti\/","title":{"rendered":"MEHMET AK\u0130F KAYAPINAR: \u0130BN HALDUN, MUKADD\u0130ME 6. SEM\u0130NER \u00d6ZET\u0130"},"content":{"rendered":"<p><span style=\"color: #000000;\"><strong>MEHMET AK\u0130F KAYAPINAR: \u0130BN HALDUN, MUKADD\u0130ME 6. SEM\u0130NER \u00d6ZET\u0130<\/strong><\/span><\/p>\n<p><span style=\"color: #000000;\"><strong>Dersin Amac\u0131 ve \u0130\u00e7eri\u011fi<\/strong><\/span><\/p>\n<p><span style=\"color: #000000;\">Bu seminer, \u0130bn Haldun\u2019un Kit\u00e2bu\u2019l-\u02bf\u0130ber adl\u0131 eserinin giri\u015f kitab\u0131 olan Mukaddimenin esas i\u00e7eri\u011fine giri\u015f yap\u0131lacak olan ilk derstir. Mehmet Akif Kayap\u0131nar, daha \u00f6nceki \u00f6ns\u00f6z ve metodoloji tart\u0131\u015fmalar\u0131ndan sonra bu derste hem \u0130bn Haldun\u2019un tarih anlay\u0131\u015f\u0131n\u0131 hem de &#8220;umran&#8221; kavram\u0131n\u0131 merkeze alarak tarih felsefesinin zemini \u00fczerine yo\u011funla\u015f\u0131r. Seminerin temel amac\u0131, \u0130bn Haldun\u2019un tarihsel \u00e7\u00f6z\u00fcmlemesini sa\u011flayan kavramsal \u00f6rg\u00fcy\u00fc ortaya koymak ve umran kavram\u0131 etraf\u0131nda \u015fekillenen \u00f6zg\u00fcn toplum anlay\u0131\u015f\u0131n\u0131 anlamakt\u0131r.<\/span><\/p>\n<p><span style=\"color: #000000;\"><strong>Ana Temalar<\/strong><\/span><\/p>\n<ol>\n<li><span style=\"color: #000000;\"><strong>\u0130bn Haldun\u2019un Tarih Yaz\u0131m\u0131nda Mes\u00fbd\u00ee ile Diyalog<\/strong><\/span><\/li>\n<\/ol>\n<p><span style=\"color: #000000;\">\u0130bn Haldun, tarih\u00e7i Mes\u00fbd\u00ee\u2019nin Do\u011fu \u0130slam d\u00fcnyas\u0131na dair g\u00f6zlemlerini ve yakla\u015f\u0131m\u0131n\u0131 de\u011ferlendirerek Bat\u0131 \u0130slam d\u00fcnyas\u0131 (Ma\u011frip) i\u00e7in benzer bir tarihsel anlat\u0131n\u0131n gereklili\u011fine vurgu yapar. Bu b\u00f6l\u00fcmde veba salg\u0131n\u0131, sosyal \u00e7\u00f6k\u00fc\u015f ve devletin zay\u0131flamas\u0131 ba\u011flam\u0131nda tarihsel d\u00f6n\u00fc\u015f\u00fcm\u00fcn g\u00f6zlemleri sunulur.<\/span><\/p>\n<ol start=\"2\">\n<li><span style=\"color: #000000;\"><strong>\u0130nhitat Kavram\u0131 ve \u0130sl\u00e2m D\u00fc\u015f\u00fcncesindeki Tepkiler<\/strong><\/span><\/li>\n<\/ol>\n<p><span style=\"color: #000000;\">y\u00fczy\u0131ldan itibaren ba\u015flayan b\u00fcy\u00fck kriz (Mo\u011fol istilalar\u0131, Ha\u00e7l\u0131 Seferleri, veba) \u0130bn Haldun\u2019un \u201cinhitat\u201d (\u00e7\u00f6k\u00fc\u015f) kavram\u0131 \u00fczerinden bir meydan okuma olarak ele al\u0131n\u0131r. Bu buhrana kar\u015f\u0131 verilen tepkiler; tasavvuf\u00ee i\u00e7e d\u00f6n\u00fc\u015f, kaynaklara r\u00fccu ve hadis ilminin canlanmas\u0131 gibi kolektif entelekt\u00fcel y\u00f6nelimler \u00fczerinden de\u011ferlendirilir.<\/span><\/p>\n<ol start=\"3\">\n<li><span style=\"color: #000000;\"><strong>Modern Toplum Bilimleri ile \u0130bn Haldun\u2019un Kar\u015f\u0131la\u015ft\u0131rmas\u0131<\/strong><\/span><\/li>\n<\/ol>\n<p><span style=\"color: #000000;\">Modern sosyolojinin birey merkezli ve evrenselci yap\u0131s\u0131 ile \u0130bn Haldun\u2019un tarihsel-zamansal ve kolektif temelli yakla\u015f\u0131m\u0131 kar\u015f\u0131la\u015ft\u0131r\u0131l\u0131r. \u201cBireyci evrenselcilik\u201de kar\u015f\u0131l\u0131k \u201cevrensel tikelcilik\u201d olarak tan\u0131mlanan \u0130bn Halduncu modelin, tarihsel ba\u011flamlara duyarl\u0131l\u0131\u011f\u0131 vurgulan\u0131r.<\/span><\/p>\n<ol start=\"4\">\n<li><span style=\"color: #000000;\"><strong>Umran Kavram\u0131n\u0131n \u00c7ok Katmanl\u0131l\u0131\u011f\u0131<\/strong><\/span><\/li>\n<\/ol>\n<p><span style=\"color: #000000;\">\u0130bn Haldun\u2019un en temel kavram\u0131 olan \u201cumran\u201d, klasik bay\u0131nd\u0131rl\u0131k anlam\u0131n\u0131n \u00f6tesine ta\u015f\u0131narak zaman ve mek\u00e2n boyutu i\u00e7eren, insan topluluklar\u0131n\u0131n \u00f6rg\u00fctlenme bi\u00e7imlerini, ge\u00e7im yollar\u0131n\u0131, \u00fcretim tarzlar\u0131n\u0131, bilgi ve sanatlar\u0131n\u0131 kapsayan dinamik bir s\u00fcreci tan\u0131mlar. Umran\u0131n be\u015feri varl\u0131kla ili\u015fkisi, yap\u0131-birey etkile\u015fimi i\u00e7inde modellenir.<\/span><\/p>\n<ol start=\"5\">\n<li><span style=\"color: #000000;\"><strong>Umran\u0131n Teknik Tan\u0131m\u0131 ve Kavramsal Derinli\u011fi<\/strong><\/span><\/li>\n<\/ol>\n<p><span style=\"color: #000000;\">Seminerde Muhsin Mehdi gibi modern yorumcular\u0131n tan\u0131mlar\u0131na ba\u015fvurularak umran\u0131n, toplumlar\u0131n zamanla geli\u015fen kurumsal yap\u0131lar\u0131n\u0131n ve k\u00fclt\u00fcrel formlar\u0131n\u0131n b\u00fct\u00fcnc\u00fcl ifadesi oldu\u011fu aktar\u0131l\u0131r. Kavram, medeniyet, k\u00fclt\u00fcr ve toplum gibi Bat\u0131 dillerindeki kar\u015f\u0131l\u0131klar\u0131yla kar\u015f\u0131la\u015ft\u0131rmal\u0131 bi\u00e7imde analiz edilir.<\/span><\/p>\n<ol start=\"6\">\n<li><span style=\"color: #000000;\"><strong>Tarihin Hakikati Olarak Umran<\/strong><\/span><\/li>\n<\/ol>\n<p><span style=\"color: #000000;\">\u0130bn Haldun\u2019a g\u00f6re tarihin ger\u00e7ek nesnesi, insan cemiyetinin geli\u015fim s\u00fcreci olarak umrand\u0131r. Vah\u015filik, ehlile\u015fme, asabiyet, devlet, sanatlar gibi unsurlar umran\u0131n arazlar\u0131d\u0131r. Tarih, bu d\u00f6n\u00fc\u015f\u00fcmlerin bilgisidir.<\/span><\/p>\n<p><span style=\"color: #000000;\"><strong>Sonu\u00e7<\/strong><\/span><\/p>\n<p><span style=\"color: #000000;\">Bu seminer, \u0130bn Haldun\u2019un tarih felsefesinin kavramsal temelini atan bir ba\u015flang\u0131\u00e7t\u0131r. Umran kavram\u0131 \u00fczerinden yap\u0131lan \u00e7\u00f6z\u00fcmleme, \u0130bn Haldun\u2019un toplumsal s\u00fcre\u00e7lere dair \u00e7ok katmanl\u0131, zamansal ve mek\u00e2nsal duyarl\u0131l\u0131\u011f\u0131 olan yakla\u015f\u0131m\u0131n\u0131 ortaya koyar. Seminerin sonunda \u0130bn Haldun\u2019un modeli, hem evrensel a\u00e7\u0131klamalardan hem de mutlak tarihselcilikten ka\u00e7an \u00f6zg\u00fcn bir toplumbilimsel imkan olarak belirginle\u015fir.<\/span><\/p>\n<p>&nbsp;<\/p>\n<p><span style=\"color: #000000;\"><strong>Purpose and Content of the Seminar<\/strong><\/span><\/p>\n<p><span style=\"color: #000000;\">This seminar marks the first in-depth engagement with the main content of Ibn Khald\u016bn\u2019s Muqaddima, the introductory volume of his Kit\u0101b al-\u02bfIbar. Building on previous sessions on the preface and methodological framework, Mehmet Akif Kayap\u0131nar focuses here on Ibn Khald\u016bn\u2019s philosophy of history, particularly his conception of \u02bfumr\u0101n (civilization). The aim is to uncover the conceptual structure underpinning Ibn Khald\u016bn\u2019s historical analysis and to understand his unique sociological vision grounded in the idea of \u02bfumr\u0101n.<\/span><\/p>\n<p><span style=\"color: #000000;\"><strong>Key Themes<\/strong><\/span><\/p>\n<ol>\n<li><span style=\"color: #000000;\"><strong>Dialogue with al-Mas<\/strong><strong>\u02bf<\/strong><strong>\u016b<\/strong><strong>d<\/strong><strong>\u012b<\/strong><strong> in Historical Writing<\/strong><\/span><\/li>\n<\/ol>\n<p><span style=\"color: #000000;\">Ibn Khald\u016bn responds to the Eastern Islamic historiography of al-Mas\u02bf\u016bd\u012b by emphasizing the need for a similar account for the Western Islamic world (the Maghrib). This section includes reflections on events such as plague, social collapse, and state decline as indicators of historical transformation.<\/span><\/p>\n<ol start=\"2\">\n<li><span style=\"color: #000000;\"><strong>The Concept of Decline (In<\/strong><strong>\u1e25<\/strong><strong>i<\/strong><strong>\u1e6d<\/strong><strong>\u0101<\/strong><strong>\u1e6d<\/strong><strong>) and Intellectual Responses in Islam<\/strong><\/span><\/li>\n<\/ol>\n<p><span style=\"color: #000000;\">The major crises that began in the 13th century\u2014Mongol invasions, Crusades, and plagues\u2014are interpreted through the lens of in\u1e25i\u1e6d\u0101\u1e6d (decline). The seminar discusses how Islamic thought responded to these upheavals via spiritual inwardness (\u1e62\u016bfism), a return to scriptural sources, and a renewed focus on \u1e25ad\u012bth scholarship.<\/span><\/p>\n<ol start=\"3\">\n<li><span style=\"color: #000000;\"><strong>Comparison with Modern Social Sciences<\/strong><\/span><\/li>\n<\/ol>\n<p><span style=\"color: #000000;\">Ibn Khald\u016bn\u2019s time-bound, collective, and context-sensitive model is contrasted with modern sociology\u2019s individualist and universalist orientation. His approach is characterized as \u201cuniversal particularism,\u201d in contrast to the modern \u201cindividualist universalism,\u201d highlighting his historical sensitivity and sociological depth.<\/span><\/p>\n<ol start=\"4\">\n<li><span style=\"color: #000000;\"><strong>The Multilayered Nature of <\/strong><strong>\u02bf<\/strong><strong>Umr<\/strong><strong>\u0101<\/strong><strong>n<\/strong><\/span><\/li>\n<\/ol>\n<p><span style=\"color: #000000;\">Far beyond the classical sense of construction or prosperity, Ibn Khald\u016bn\u2019s concept of \u02bfumr\u0101n includes dimensions of space and time, modes of livelihood, social organization, knowledge systems, and artistic production. It maps the dynamic structure of human collectives and models the relationship between structure and agency.<\/span><\/p>\n<ol start=\"5\">\n<li><span style=\"color: #000000;\"><strong>Technical and Conceptual Depth of <\/strong><strong>\u02bf<\/strong><strong>Umr<\/strong><strong>\u0101<\/strong><strong>n<\/strong><\/span><\/li>\n<\/ol>\n<p><span style=\"color: #000000;\">Drawing on modern scholars like Muhsin Mahdi, the seminar elaborates \u02bfumr\u0101n as the comprehensive expression of a society\u2019s evolving institutional and cultural forms. Comparative analysis is made with Western concepts such as \u201ccivilization,\u201d \u201cculture,\u201d and \u201csociety.\u201d<\/span><\/p>\n<ol start=\"6\">\n<li><span style=\"color: #000000;\"><strong>History\u2019s True Object: <\/strong><strong>\u02bf<\/strong><strong>Umr<\/strong><strong>\u0101<\/strong><strong>n<\/strong><\/span><\/li>\n<\/ol>\n<p><span style=\"color: #000000;\">For Ibn Khald\u016bn, the real object of history is the developmental trajectory of human society. Elements such as tribalism, urbanization, political power, and the arts are all considered a\u02bfr\u0101\u1e0d (accidents) of \u02bfumr\u0101n. Thus, history is the knowledge of these transformations.<\/span><\/p>\n<p><span style=\"color: #000000;\"><strong>Conclusion<\/strong><\/span><\/p>\n<p><span style=\"color: #000000;\">This seminar lays the conceptual groundwork for Ibn Khald\u016bn\u2019s philosophy of history. Through a detailed analysis of \u02bfumr\u0101n, Kayap\u0131nar highlights Ibn Khald\u016bn\u2019s nuanced and layered approach to social processes. By avoiding both abstract universalism and rigid historicism, Ibn Khald\u016bn emerges as a unique figure in the tradition of historical and social analysis.<\/span><\/p>\n","protected":false},"excerpt":{"rendered":"<p>MEHMET AK\u0130F KAYAPINAR: \u0130BN HALDUN, MUKADD\u0130ME 6. SEM\u0130NER \u00d6ZET\u0130 Dersin [&hellip;]<\/p>\n","protected":false},"author":1,"featured_media":0,"parent":0,"menu_order":0,"comment_status":"closed","ping_status":"closed","template":"","meta":{"footnotes":""},"class_list":["post-6222","page","type-page","status-publish","hentry"],"jetpack_sharing_enabled":true,"_links":{"self":[{"href":"https:\/\/klasikdusunceokulu.com\/index.php\/wp-json\/wp\/v2\/pages\/6222","targetHints":{"allow":["GET"]}}],"collection":[{"href":"https:\/\/klasikdusunceokulu.com\/index.php\/wp-json\/wp\/v2\/pages"}],"about":[{"href":"https:\/\/klasikdusunceokulu.com\/index.php\/wp-json\/wp\/v2\/types\/page"}],"author":[{"embeddable":true,"href":"https:\/\/klasikdusunceokulu.com\/index.php\/wp-json\/wp\/v2\/users\/1"}],"replies":[{"embeddable":true,"href":"https:\/\/klasikdusunceokulu.com\/index.php\/wp-json\/wp\/v2\/comments?post=6222"}],"version-history":[{"count":1,"href":"https:\/\/klasikdusunceokulu.com\/index.php\/wp-json\/wp\/v2\/pages\/6222\/revisions"}],"predecessor-version":[{"id":6223,"href":"https:\/\/klasikdusunceokulu.com\/index.php\/wp-json\/wp\/v2\/pages\/6222\/revisions\/6223"}],"wp:attachment":[{"href":"https:\/\/klasikdusunceokulu.com\/index.php\/wp-json\/wp\/v2\/media?parent=6222"}],"curies":[{"name":"wp","href":"https:\/\/api.w.org\/{rel}","templated":true}]}}