{"id":6224,"date":"2025-06-21T13:35:09","date_gmt":"2025-06-21T10:35:09","guid":{"rendered":"https:\/\/klasikdusunceokulu.com\/?page_id=6224"},"modified":"2025-06-21T13:35:09","modified_gmt":"2025-06-21T10:35:09","slug":"mehmet-akif-kayapinar-ibn-haldun-mukaddime-7-seminer-ozeti","status":"publish","type":"page","link":"https:\/\/klasikdusunceokulu.com\/index.php\/mehmet-akif-kayapinar-ibn-haldun-mukaddime-7-seminer-ozeti\/","title":{"rendered":"MEHMET AK\u0130F KAYAPINAR: \u0130BN HALDUN, MUKADD\u0130ME 7. SEM\u0130NER \u00d6ZET\u0130"},"content":{"rendered":"<p><span style=\"color: #000000;\"><strong>MEHMET AK\u0130F KAYAPINAR: \u0130BN HALDUN, MUKADD\u0130ME 7. SEM\u0130NER \u00d6ZET\u0130<\/strong><\/span><\/p>\n<p><span style=\"color: #000000;\"><strong>Dersin Amac\u0131 ve \u0130\u00e7eri\u011fi<\/strong><\/span><\/p>\n<p><span style=\"color: #000000;\">Bu seminer, \u0130bn Haldun\u2019un tarih teorisinin merkezinde yer alan umran (medeniyet\/toplum) kavram\u0131n\u0131 analiz ederek, bu kavram\u0131n tarihsel ve sosyolojik \u00e7\u00f6z\u00fcmlemede nas\u0131l kurucu bir bilimsel birime d\u00f6n\u00fc\u015ft\u00fc\u011f\u00fcn\u00fc ortaya koyar. Mehmet Akif Kayap\u0131nar, \u0130bn Haldun\u2019un geleneksel tarih yaz\u0131c\u0131l\u0131\u011f\u0131ndan koparak ilm\u00fc\u2019l-umran ad\u0131n\u0131 verdi\u011fi yeni bir ilmi nas\u0131l kurdu\u011funu, bu ilmin y\u00f6ntemsel temellerini ve epistemolojik ayr\u0131mlar\u0131n\u0131 \u00f6rnekler \u00fczerinden tart\u0131\u015f\u0131r.<\/span><\/p>\n<p><span style=\"color: #000000;\"><strong>Ana Temalar<\/strong><\/span><\/p>\n<ol>\n<li><span style=\"color: #000000;\"><strong>Umran Kavram\u0131n\u0131n Analitik Birime D\u00f6n\u00fc\u015fmesi<\/strong><\/span><\/li>\n<\/ol>\n<p><span style=\"color: #000000;\">\u0130bn Haldun, klasik anlamda co\u011fraf\u00ee ya da mimar\u00ee bir ifade olan umran\u0131 zaman boyutu kazand\u0131rarak sosyal, siyasal, ekonomik ve k\u00fclt\u00fcrel ili\u015fkiler b\u00fct\u00fcn\u00fcn\u00fc ifade eden kurucu bir kavrama d\u00f6n\u00fc\u015ft\u00fcr\u00fcr. Umran; \u00fcretim, \u00f6rg\u00fctlenme, sanat, ahlak ve bilgi d\u00fczenlerinin zamansal seyrini i\u00e7eren dinamik bir yap\u0131d\u0131r.<\/span><\/p>\n<ol start=\"2\">\n<li><span style=\"color: #000000;\"><strong>Ele\u015ftirel Y\u00f6ntem: Nakil \u00d6tesi Bir Tarih\u00e7ilik<\/strong><\/span><\/li>\n<\/ol>\n<p><span style=\"color: #000000;\">\u0130bn Haldun, yaln\u0131zca rivayetlere (nakillere) dayanan tarih\u00e7ili\u011fi yetersiz bulur. Hadis usul\u00fcndeki cerh-ta\u2018dil metodu tarih i\u00e7in yeterli de\u011fildir; tarihsel haberler umran\u0131n do\u011fas\u0131, akl\u0131n ilkeleri ve toplumsal yasalar \u00fczerinden s\u0131nanmal\u0131d\u0131r.<\/span><\/p>\n<ol start=\"3\">\n<li><span style=\"color: #000000;\"><strong>Efsanelerin Ak\u0131l ve Tecr\u00fcbe ile Reddi<\/strong><\/span><\/li>\n<\/ol>\n<p><span style=\"color: #000000;\">Bak\u0131rdan yap\u0131lm\u0131\u015f \u015fehirler, dev ku\u015flar, abart\u0131l\u0131 saraylar gibi mucizevi anlat\u0131lar, \u0130bn Haldun\u2019a g\u00f6re akl\u00ee, deneysel ve sosyolojik yasalarla \u00e7eli\u015fti\u011fi i\u00e7in reddedilmelidir. Tarih, bu t\u00fcr hayal\u00ee unsurlardan ar\u0131nd\u0131r\u0131lmal\u0131 ve imk\u00e2n\u2013vuku temelli analizle yap\u0131lmal\u0131d\u0131r.<\/span><\/p>\n<ol start=\"4\">\n<li><span style=\"color: #000000;\"><strong>Epistemolojik Ayr\u0131m: \u0130n\u015fa\u00ee ve \u0130hbar\u00ee Bilgi<\/strong><\/span><\/li>\n<\/ol>\n<p><span style=\"color: #000000;\">Dinde yer alan normatif (in\u015fa\u00ee) h\u00fck\u00fcmler, g\u00fcvenilir ravilerle sabit olabilir; ancak tarihsel bilgi ihbar\u00eedir ve do\u011frulu\u011fu ancak olas\u0131l\u0131k, ak\u0131l ve tecr\u00fcbe ile s\u0131nanabilir. Bu ayr\u0131m, ilm\u00fc\u2019l-umran\u0131n ba\u011f\u0131ms\u0131z bir rasyonel bilgi alan\u0131 oldu\u011funu g\u00f6sterir.<\/span><\/p>\n<ol start=\"5\">\n<li><span style=\"color: #000000;\"><strong>\u0130lm\u00fc\u2019l-Umran: Yeni Bir Bilimsel Disiplin<\/strong><\/span><\/li>\n<\/ol>\n<p><span style=\"color: #000000;\">\u0130bn Haldun, ilm\u00fc\u2019l-umran\u0131 ba\u011f\u0131ms\u0131z bir ilim olarak tan\u0131mlar. Bu ilmin konusu toplum, y\u00f6ntemi toplumsal yasalar\u0131n tespiti, amac\u0131 tarih\u00ee haberlerin do\u011frulu\u011funu test etmek, faydas\u0131 ise bilgi g\u00fcvenli\u011fini sa\u011flamakt\u0131r. Bu disiplin, ne retorik ne de klasik siyaset felsefesiyle \u00f6zde\u015fle\u015ftirilebilir; modern sosyolojiyle benzerlikler ta\u015f\u0131sa da ona indirgenemez.<\/span><\/p>\n<ol start=\"6\">\n<li><span style=\"color: #000000;\"><strong>Siyaset ve Adalet \u0130li\u015fkisi: Adalet Dairesi<\/strong><\/span><\/li>\n<\/ol>\n<p><span style=\"color: #000000;\">Seminerin sonunda \u0130bn Haldun\u2019un adalet, siyaset ve toplum ili\u015fkisi \u201cadalet dairesi\u201d \u00fczerinden analiz edilir. Bu motif, \u0130slam, \u0130ran ve Aristoteles gelene\u011finde ortak olup; \u0130bn Haldun bunu toplumsal d\u00fczenin devam\u0131, devletin me\u015fruiyeti ve umran\u0131n korunmas\u0131 i\u00e7in temel ilke olarak sunar.<\/span><\/p>\n<p><span style=\"color: #000000;\"><strong>Sonu\u00e7<\/strong><\/span><\/p>\n<p><span style=\"color: #000000;\">Bu seminer, \u0130bn Haldun\u2019un umran kavram\u0131 etraf\u0131nda in\u015fa etti\u011fi tarih teorisini, yaln\u0131zca ele\u015ftirel bir tarih\u00e7ili\u011fin de\u011fil, ayn\u0131 zamanda ba\u011f\u0131ms\u0131z ve rasyonel bir toplum bilim anlay\u0131\u015f\u0131n\u0131n ba\u015flang\u0131c\u0131 olarak yorumlar. \u0130bn Haldun\u2019un ilm\u00fc\u2019l-umran\u0131, sosyal olaylara dair yap\u0131sal, ak\u0131lc\u0131 ve deneysel bir yakla\u015f\u0131m geli\u015ftirir. B\u00f6ylece tarih, ge\u00e7mi\u015fin anlat\u0131m\u0131 de\u011fil; toplumsal ger\u00e7ekli\u011fin yasalar\u0131n\u0131 ke\u015ffetme \u00e7abas\u0131 haline gelir.<\/span><\/p>\n<p>&nbsp;<\/p>\n<p><span style=\"color: #000000;\"><strong>Purpose and Content of the Seminar<\/strong><\/span><\/p>\n<p><span style=\"color: #000000;\">This seminar delves into Ibn Khald\u016bn\u2019s conception of \u02bfumr\u0101n (civilization), establishing it as the foundational analytical unit in his theory of history. Mehmet Akif Kayap\u0131nar examines how Ibn Khald\u016bn departs from traditional historical methodologies by introducing a critical and philosophical approach grounded in the internal laws of society and the nature of human organization. The session also investigates the epistemological basis of historical judgment and introduces the idea of \u02bfilm al-\u02bfumr\u0101n (science of civilization) as a distinct, autonomous science.<\/span><\/p>\n<p><span style=\"color: #000000;\"><strong>Key Themes<\/strong><\/span><\/p>\n<ol>\n<li><span style=\"color: #000000;\"><strong>The Concept of <\/strong><strong>\u02bf<\/strong><strong>Umr<\/strong><strong>\u0101<\/strong><strong>n as an Analytical Unit<\/strong><\/span><\/li>\n<\/ol>\n<p><span style=\"color: #000000;\">Ibn Khald\u016bn transforms \u02bfumr\u0101n from its conventional geographic and architectural usage into a dynamic, temporal concept encompassing human organization, production, institutions, ethics, knowledge, and art. He adds a temporal dimension, turning it into a comprehensive category for interpreting historical and social transformation.<\/span><\/p>\n<ol start=\"2\">\n<li><span style=\"color: #000000;\"><strong>Critical Method: Beyond Transmission (Naql)<\/strong><\/span><\/li>\n<\/ol>\n<p><span style=\"color: #000000;\">Ibn Khald\u016bn critiques the reliance on naql (oral transmission) and the insufficiency of hadith sciences&#8217; jar\u1e25 wa-ta\u02bfd\u012bl methods for verifying historical reports. Instead, he insists on evaluating reports through the lens of societal laws, plausibility, and conformity with the nature of \u02bfumr\u0101n.<\/span><\/p>\n<ol start=\"3\">\n<li><span style=\"color: #000000;\"><strong>Examples of Historical Myths and Their Refutations<\/strong><\/span><\/li>\n<\/ol>\n<p><span style=\"color: #000000;\">The seminar analyzes Ibn Khald\u016bn\u2019s dismissal of legendary accounts (e.g., cities of copper, miraculous birds, exaggerated architecture) as violations of the laws of nature, social customs, and rationality. These cases demonstrate how historical validity must be grounded in experience, logic, and the nature of social development.<\/span><\/p>\n<ol start=\"4\">\n<li><span style=\"color: #000000;\"><strong>Epistemological Distinction: Insh\u0101<\/strong><strong>\u02be<\/strong><strong>\u012b<\/strong><strong> Ikhb<\/strong><strong>\u0101<\/strong><strong>r<\/strong><strong>\u012b<\/strong><strong> Propositions<\/strong><\/span><\/li>\n<\/ol>\n<p><span style=\"color: #000000;\">A major philosophical distinction is drawn between normative (insh\u0101\u02be\u012b) and descriptive (ikhb\u0101r\u012b) judgments. Religious law may rely on the integrity of transmitters, but historical knowledge requires an analysis of possibility and empirical reality\u2014placing \u02bfilm al-\u02bfumr\u0101n in the realm of rational, testable inquiry.<\/span><\/p>\n<ol start=\"5\">\n<li><span style=\"color: #000000;\"><strong>\u02bf<\/strong><strong>Ilm al-<\/strong><strong>\u02bf<\/strong><strong>Umr<\/strong><strong>\u0101<\/strong><strong>n as a New Science<\/strong><\/span><\/li>\n<\/ol>\n<p><span style=\"color: #000000;\">Ibn Khald\u016bn systematically defines \u02bfilm al-\u02bfumr\u0101n as a distinct science with its own subject (human society), method (study of social laws), objectives (truth in historical reporting), and benefits (epistemic clarity). This science is positioned apart from rhetoric and political philosophy, and compared to sociology in modern terms, though not reduced to it.<\/span><\/p>\n<ol start=\"6\">\n<li><span style=\"color: #000000;\"><strong>Comparative Political Thought and the Circle of Justice<\/strong><\/span><\/li>\n<\/ol>\n<p><span style=\"color: #000000;\">The seminar discusses the \u201ccircle of justice\u201d motif found in Islamic, Persian, and Aristotelian thought. Ibn Khald\u016bn situates this within his broader theory of state and civilization, arguing that justice sustains governance, which sustains order, which in turn supports civilization. Historical continuity and political structure are shown to rest upon ethical legitimacy.<\/span><\/p>\n<p><span style=\"color: #000000;\"><strong>Conclusion<\/strong><\/span><\/p>\n<p><span style=\"color: #000000;\">This seminar marks a major turning point in the series by formally introducing \u02bfilm al-\u02bfumr\u0101n as a science that transcends both rhetoric and classical political theory. Ibn Khald\u016bn\u2019s rational methodology, critical historiography, and structural analysis establish a rigorous framework for understanding social dynamics. His insights into epistemology, methodology, and historical causality prefigure key themes in modern social science.<\/span><\/p>\n","protected":false},"excerpt":{"rendered":"<p>MEHMET AK\u0130F KAYAPINAR: \u0130BN HALDUN, MUKADD\u0130ME 7. SEM\u0130NER \u00d6ZET\u0130 Dersin [&hellip;]<\/p>\n","protected":false},"author":1,"featured_media":0,"parent":0,"menu_order":0,"comment_status":"closed","ping_status":"closed","template":"","meta":{"footnotes":""},"class_list":["post-6224","page","type-page","status-publish","hentry"],"jetpack_sharing_enabled":true,"_links":{"self":[{"href":"https:\/\/klasikdusunceokulu.com\/index.php\/wp-json\/wp\/v2\/pages\/6224","targetHints":{"allow":["GET"]}}],"collection":[{"href":"https:\/\/klasikdusunceokulu.com\/index.php\/wp-json\/wp\/v2\/pages"}],"about":[{"href":"https:\/\/klasikdusunceokulu.com\/index.php\/wp-json\/wp\/v2\/types\/page"}],"author":[{"embeddable":true,"href":"https:\/\/klasikdusunceokulu.com\/index.php\/wp-json\/wp\/v2\/users\/1"}],"replies":[{"embeddable":true,"href":"https:\/\/klasikdusunceokulu.com\/index.php\/wp-json\/wp\/v2\/comments?post=6224"}],"version-history":[{"count":1,"href":"https:\/\/klasikdusunceokulu.com\/index.php\/wp-json\/wp\/v2\/pages\/6224\/revisions"}],"predecessor-version":[{"id":6225,"href":"https:\/\/klasikdusunceokulu.com\/index.php\/wp-json\/wp\/v2\/pages\/6224\/revisions\/6225"}],"wp:attachment":[{"href":"https:\/\/klasikdusunceokulu.com\/index.php\/wp-json\/wp\/v2\/media?parent=6224"}],"curies":[{"name":"wp","href":"https:\/\/api.w.org\/{rel}","templated":true}]}}