{"id":6226,"date":"2025-06-21T13:36:01","date_gmt":"2025-06-21T10:36:01","guid":{"rendered":"https:\/\/klasikdusunceokulu.com\/?page_id=6226"},"modified":"2025-06-21T13:36:01","modified_gmt":"2025-06-21T10:36:01","slug":"mehmet-akif-kayapinar-ibn-haldun-mukaddime-8-seminer-ozeti","status":"publish","type":"page","link":"https:\/\/klasikdusunceokulu.com\/index.php\/mehmet-akif-kayapinar-ibn-haldun-mukaddime-8-seminer-ozeti\/","title":{"rendered":"MEHMET AK\u0130F KAYAPINAR: \u0130BN HALDUN, MUKADD\u0130ME 8. SEM\u0130NER \u00d6ZET\u0130"},"content":{"rendered":"<p><span style=\"color: #000000;\"><strong>MEHMET AK\u0130F KAYAPINAR: \u0130BN HALDUN, MUKADD\u0130ME 8. SEM\u0130NER \u00d6ZET\u0130<\/strong><\/span><\/p>\n<p><span style=\"color: #000000;\"><strong>Dersin Amac\u0131 ve \u0130\u00e7eri\u011fi<\/strong><\/span><\/p>\n<p><span style=\"color: #000000;\">Bu seminer, \u0130bn Haldun\u2019un Mukaddime eserinin giri\u015f k\u0131sm\u0131n\u0131 tamamlayarak as\u0131l metnin birinci b\u00f6l\u00fcm\u00fcne ge\u00e7i\u015f yapar. Mehmet Akif Kayap\u0131nar, umran kavram\u0131n\u0131n tan\u0131m\u0131, umran\u0131n b\u00f6l\u00fcmleri (bedev\u00ee ve hadar\u00ee) ve insan\u0131n toplum kurucu \u00f6zelliklerini a\u00e7\u0131klayarak tarihsel geli\u015fmenin ilmi bir temele oturtulmas\u0131n\u0131 sa\u011flar. Ayr\u0131ca, insan\u0131n i\u00e7tima\u00ee bir varl\u0131k olma zorunlulu\u011funa dair klasik d\u00fc\u015f\u00fcnceyle \u0130bn Haldun\u2019un yakla\u015f\u0131m\u0131 kar\u015f\u0131la\u015ft\u0131r\u0131l\u0131r ve modern kavramlarla ili\u015fkilendirilir.<\/span><\/p>\n<p><span style=\"color: #000000;\"><strong>Ana Temalar<\/strong><\/span><\/p>\n<ol>\n<li><span style=\"color: #000000;\"><strong>Umran\u0131n Tan\u0131m\u0131 ve A\u015famalar\u0131<\/strong><\/span><\/li>\n<\/ol>\n<p><span style=\"color: #000000;\">\u0130bn Haldun\u2019a g\u00f6re umran, insan topluluklar\u0131n\u0131n birlikte ya\u015fam bi\u00e7imidir ve bu ikiye ayr\u0131l\u0131r: bedev\u00ee umran (\u00e7\u00f6l, k\u0131rsal) ve hadar\u00ee umran (\u015fehir). Umran\u0131n bu bi\u00e7imleri \u00fcretim, \u00f6rg\u00fctlenme ve k\u00fclt\u00fcrel geli\u015fim a\u00e7\u0131s\u0131ndan farkl\u0131 \u00f6zellikler ta\u015f\u0131r. Bu yap\u0131lar\u0131n s\u0131ral\u0131 ve zorunlu a\u015famalar oldu\u011fu vurgulan\u0131r.<\/span><\/p>\n<ol start=\"2\">\n<li><span style=\"color: #000000;\"><strong>\u0130lm\u00fc\u2019l-Umran\u0131n Bilimsel Stat\u00fcs\u00fc ve Disipliner Yap\u0131s\u0131<\/strong><\/span><\/li>\n<\/ol>\n<p><span style=\"color: #000000;\">\u0130bn Haldun, tarihin ele al\u0131n\u0131\u015f bi\u00e7imini ele\u015ftirerek yaln\u0131zca nakle dayal\u0131 y\u00f6ntemlerin yetersizli\u011fini ortaya koyar. Umran\u0131n do\u011fas\u0131n\u0131 bilen bir tarih\u00e7inin hakikate ula\u015fabilece\u011fini savunur ve ilm\u00fc\u2019l-umran ad\u0131n\u0131 verdi\u011fi yeni bir ilim \u00f6nerir. Bu ilmin konusu, ilkeleri ve amac\u0131 klasik mant\u0131k \u00e7er\u00e7evesinde tan\u0131mlan\u0131r.<\/span><\/p>\n<ol start=\"3\">\n<li><span style=\"color: #000000;\"><strong>\u0130nsan Tabiat\u0131n\u0131n Toplumsall\u0131\u011f\u0131 ve \u0130\u00e7tima Zorunlulu\u011fu<\/strong><\/span><\/li>\n<\/ol>\n<p><span style=\"color: #000000;\">Beslenme ve savunma gibi temel ihtiya\u00e7lar\u0131n birey taraf\u0131ndan tek ba\u015f\u0131na kar\u015f\u0131lanamamas\u0131, insanlar\u0131n topluluk h\u00e2linde ya\u015famas\u0131n\u0131 zorunlu k\u0131lar. \u0130bn Haldun, insan\u0131n bu eksik ve muhta\u00e7 yarat\u0131l\u0131\u015f\u0131 sebebiyle bir araya gelmek zorunda oldu\u011funu vurgular. Bu zorunluluk toplumsal d\u00fczenin (m\u00fclk) ortaya \u00e7\u0131kmas\u0131n\u0131 da gerekli k\u0131lar.<\/span><\/p>\n<ol start=\"4\">\n<li><span style=\"color: #000000;\"><strong>M\u00fclk ve Egemenlik \u0130li\u015fkisi<\/strong><\/span><\/li>\n<\/ol>\n<p><span style=\"color: #000000;\">\u0130bn Haldun\u2019a g\u00f6re m\u00fclk, insanlar\u0131 birbirine zarar vermekten al\u0131koyacak \u00fcst otoritenin ad\u0131d\u0131r. Modern anlamda egemenlikten farkl\u0131 olarak m\u00fclk, hukuki normlar\u0131n kayna\u011f\u0131 de\u011fil; g\u00fcc\u00fcn, asabiyetin ve fiziksel d\u00fczenin \u00fcr\u00fcn\u00fcd\u00fcr. Bu ba\u011flamda m\u00fclk, teknik anlamda modern egemenlik teorileriyle k\u0131yaslanarak a\u00e7\u0131klan\u0131r.<\/span><\/p>\n<ol start=\"5\">\n<li><span style=\"color: #000000;\"><strong>Filozoflar\u0131n \u201c\u0130nsan Medenidir\u201d S\u00f6z\u00fcne Ele\u015ftirel Bak\u0131\u015f<\/strong><\/span><\/li>\n<\/ol>\n<p><span style=\"color: #000000;\">\u0130bn Haldun, filozoflar\u0131n insan\u0131 \u201ctabiat\u0131 icab\u0131 meden\u00ee\u201d olarak tan\u0131mlamas\u0131n\u0131, Aristoteles\u2019in politik hayvan kavram\u0131 \u00e7er\u00e7evesinde a\u00e7\u0131klar ancak bu yakla\u015f\u0131m\u0131 sadele\u015ftirir. Farab\u00ee ve Aristo gibi filozoflar\u0131n aksine, \u0130bn Haldun\u2019a g\u00f6re insan\u0131n toplumsalla\u015fmas\u0131 erdem i\u00e7in de\u011fil, zorunlu ihtiya\u00e7lar\u0131 kar\u015f\u0131lamak i\u00e7indir.<\/span><\/p>\n<ol start=\"6\">\n<li><span style=\"color: #000000;\"><strong>\u0130nsan, Ak\u0131l ve Erdem \u0130li\u015fkisi<\/strong><\/span><\/li>\n<\/ol>\n<p><span style=\"color: #000000;\">\u0130bn Haldun insan\u0131n en ay\u0131rt edici vasf\u0131n\u0131n ak\u0131l oldu\u011funu belirtir; ancak bu akl\u0131n amac\u0131, filozoflar\u0131n iddia etti\u011fi gibi erdemli bir ya\u015fam de\u011fil, ge\u00e7im ve g\u00fcvenli\u011fin sa\u011flanmas\u0131d\u0131r. Bu y\u00f6n\u00fcyle \u0130bn Haldun\u2019un insan ve toplum anlay\u0131\u015f\u0131, klasik filozoflardan farkl\u0131, daha realist ve i\u015flevselci bir temelde \u015fekillenir.<\/span><\/p>\n<p><span style=\"color: #000000;\"><strong>Sonu\u00e7<\/strong><\/span><\/p>\n<p><span style=\"color: #000000;\">Bu seminer, Mukaddime\u2019nin kavramsal temelini ve sistemati\u011fini kurar. Umran kavram\u0131 etraf\u0131nda \u015fekillenen yap\u0131lar, sadece tarih\u00ee de\u011fil ayn\u0131 zamanda sosyolojik ve siyasal bir a\u00e7\u0131klama sunar. \u0130bn Haldun\u2019un toplumu ve devleti a\u00e7\u0131klarken kulland\u0131\u011f\u0131 y\u00f6ntem, hem geleneksel d\u00fc\u015f\u00fcnceye hem de modern yakla\u015f\u0131mlara ele\u015ftirel bir alternatif sunar.<\/span><\/p>\n<p>&nbsp;<\/p>\n<p><span style=\"color: #000000;\"><strong>Purpose and Content of the Seminar<\/strong><\/span><\/p>\n<p><span style=\"color: #000000;\">This seminar marks the transition from the introductory chapters of Ibn Khald\u016bn\u2019s Muqaddima to its first main section. Mehmet Akif Kayap\u0131nar explores Ibn Khald\u016bn\u2019s foundational concept of \u02bfumr\u0101n (civilization), its bifurcation into Bedouin and urban forms, and the inherent social nature of human beings. The session situates these ideas within both classical and modern contexts, highlighting Ibn Khald\u016bn\u2019s unique contributions to the philosophy of society and state.<\/span><\/p>\n<p><span style=\"color: #000000;\"><strong>Key Themes<\/strong><\/span><\/p>\n<ol>\n<li><span style=\"color: #000000;\"><strong>Definition and Stages of <\/strong><strong>\u02bf<\/strong><strong>Umr<\/strong><strong>\u0101<\/strong><strong>n<\/strong><\/span><\/li>\n<\/ol>\n<p><span style=\"color: #000000;\">Ibn Khald\u016bn divides \u02bfumr\u0101n into two stages: Bedouin (badaw\u012b) and urban (\u1e25a\u1e0dar\u012b) civilization. These represent necessary and successive phases in the evolution of human society, distinguished by their modes of production, organization, and cultural development.<\/span><\/p>\n<ol start=\"2\">\n<li><span style=\"color: #000000;\"><strong>Scientific Status and Disciplinary Structure of <\/strong><strong>\u02bf<\/strong><strong>Ilm al-<\/strong><strong>\u02bf<\/strong><strong>Umr<\/strong><strong>\u0101<\/strong><strong>n<\/strong><\/span><\/li>\n<\/ol>\n<p><span style=\"color: #000000;\">Ibn Khald\u016bn critiques history based solely on transmitted reports and proposes \u02bfilm al-\u02bfumr\u0101n as a new science grounded in rational analysis. This discipline has its own subject matter (society), principles (social laws), and purpose (discerning truth in historical narratives), framed within a logical and systematic structure.<\/span><\/p>\n<ol start=\"3\">\n<li><span style=\"color: #000000;\"><strong>Human Nature and the Necessity of Social Life<\/strong><\/span><\/li>\n<\/ol>\n<p><span style=\"color: #000000;\">Humans, by nature, cannot meet their basic needs\u2014like food and defense\u2014alone. Therefore, Ibn Khald\u016bn argues that social organization is not a moral preference but a biological necessity. This inherent deficiency compels humans to form communities and political structures.<\/span><\/p>\n<ol start=\"4\">\n<li><span style=\"color: #000000;\"><strong>Mulk and the Foundation of Political Authority<\/strong><\/span><\/li>\n<\/ol>\n<p><span style=\"color: #000000;\">Mulk refers to the political authority that ensures internal order by preventing aggression among people. Unlike modern conceptions of sovereignty, mulk is not a legal construct but an outcome of group solidarity (\u02bfa\u1e63abiyya), force, and social necessity. This notion is compared with modern theories of political legitimacy.<\/span><\/p>\n<ol start=\"5\">\n<li><span style=\"color: #000000;\"><strong>A Critical View on the Philosophers\u2019 Definition of Man<\/strong><\/span><\/li>\n<\/ol>\n<p><span style=\"color: #000000;\">Ibn Khald\u016bn engages with the classical view that \u201cman is naturally political\u201d (Aristotle) or \u201ccivil by nature\u201d (F\u0101r\u0101b\u012b). He reinterprets these claims, arguing that human socialization arises not from a pursuit of virtue but from the need for subsistence and survival.<\/span><\/p>\n<ol start=\"6\">\n<li><span style=\"color: #000000;\"><strong>Reason and Human Distinctiveness<\/strong><\/span><\/li>\n<\/ol>\n<p><span style=\"color: #000000;\">While Ibn Khald\u016bn affirms that intellect is what sets humans apart, he sees its primary function not as the pursuit of ethical ideals but as the means to secure material life. This pragmatic stance marks a departure from the idealist moral frameworks of classical philosophy.<\/span><\/p>\n<p><span style=\"color: #000000;\"><strong>Conclusion<\/strong><\/span><\/p>\n<p><span style=\"color: #000000;\">This seminar solidifies the conceptual and structural framework of the Muqaddima. Ibn Khald\u016bn\u2019s use of \u02bfumr\u0101n as a tool to analyze the formation of society and state offers both a critique of traditional metaphysical models and an alternative to modern theories of political and social organization. His rational, necessity-based view of human society lays the foundation for a science of civilization that remains strikingly original and enduringly relevant.<\/span><\/p>\n<p>&nbsp;<\/p>\n","protected":false},"excerpt":{"rendered":"<p>MEHMET AK\u0130F KAYAPINAR: \u0130BN HALDUN, MUKADD\u0130ME 8. SEM\u0130NER \u00d6ZET\u0130 Dersin [&hellip;]<\/p>\n","protected":false},"author":1,"featured_media":0,"parent":0,"menu_order":0,"comment_status":"closed","ping_status":"closed","template":"","meta":{"footnotes":""},"class_list":["post-6226","page","type-page","status-publish","hentry"],"jetpack_sharing_enabled":true,"_links":{"self":[{"href":"https:\/\/klasikdusunceokulu.com\/index.php\/wp-json\/wp\/v2\/pages\/6226","targetHints":{"allow":["GET"]}}],"collection":[{"href":"https:\/\/klasikdusunceokulu.com\/index.php\/wp-json\/wp\/v2\/pages"}],"about":[{"href":"https:\/\/klasikdusunceokulu.com\/index.php\/wp-json\/wp\/v2\/types\/page"}],"author":[{"embeddable":true,"href":"https:\/\/klasikdusunceokulu.com\/index.php\/wp-json\/wp\/v2\/users\/1"}],"replies":[{"embeddable":true,"href":"https:\/\/klasikdusunceokulu.com\/index.php\/wp-json\/wp\/v2\/comments?post=6226"}],"version-history":[{"count":1,"href":"https:\/\/klasikdusunceokulu.com\/index.php\/wp-json\/wp\/v2\/pages\/6226\/revisions"}],"predecessor-version":[{"id":6227,"href":"https:\/\/klasikdusunceokulu.com\/index.php\/wp-json\/wp\/v2\/pages\/6226\/revisions\/6227"}],"wp:attachment":[{"href":"https:\/\/klasikdusunceokulu.com\/index.php\/wp-json\/wp\/v2\/media?parent=6226"}],"curies":[{"name":"wp","href":"https:\/\/api.w.org\/{rel}","templated":true}]}}