{"id":6230,"date":"2025-06-21T13:40:14","date_gmt":"2025-06-21T10:40:14","guid":{"rendered":"https:\/\/klasikdusunceokulu.com\/?page_id=6230"},"modified":"2025-06-21T13:40:14","modified_gmt":"2025-06-21T10:40:14","slug":"mehmet-akif-kayapinar-ibn-haldun-mukaddime-10-seminer-ozeti","status":"publish","type":"page","link":"https:\/\/klasikdusunceokulu.com\/index.php\/mehmet-akif-kayapinar-ibn-haldun-mukaddime-10-seminer-ozeti\/","title":{"rendered":"MEHMET AK\u0130F KAYAPINAR: \u0130BN HALDUN, MUKADD\u0130ME 10. SEM\u0130NER \u00d6ZET\u0130"},"content":{"rendered":"<p><span style=\"color: #000000;\"><strong>MEHMET AK\u0130F KAYAPINAR: \u0130BN HALDUN, MUKADD\u0130ME 10. SEM\u0130NER \u00d6ZET\u0130<\/strong><\/span><\/p>\n<p><strong>Dersin Amac\u0131 ve \u0130\u00e7eri\u011fi<\/strong><\/p>\n<p>Bu seminer, \u0130bn Haldun\u2019un Mukaddime\u2019sinde yer alan \u201cilm\u00fc\u2019l-umr\u00e2n\u201d\u0131n temel \u00f6nc\u00fcllerinden \u00fc\u00e7\u00fcnc\u00fc, d\u00f6rd\u00fcnc\u00fc ve be\u015finci olanlar\u0131 \u00fczerine yo\u011funla\u015f\u0131r. Mehmet Akif Kayap\u0131nar, bu \u00f6nc\u00fclleri merkeze alarak, co\u011frafyan\u0131n insan\u0131n fiziksel ve psikolojik yap\u0131s\u0131 \u00fczerindeki etkilerini, renk, beden ve mizac\u0131n nas\u0131l \u015fekillendi\u011fini, ayr\u0131ca refah ve yoksullu\u011fun ahlak ve karakter \u00fczerindeki d\u00f6n\u00fc\u015ft\u00fcr\u00fcc\u00fc g\u00fcc\u00fcn\u00fc a\u00e7\u0131klar. Bu \u00e7er\u00e7evede \u0130bn Haldun\u2019un \u0131rk\u00e7\u0131 yorumlardan nas\u0131l ayr\u0131ld\u0131\u011f\u0131 ve \u00e7evresel determinizmi nas\u0131l i\u015fledi\u011fi detayland\u0131r\u0131l\u0131r.<\/p>\n<p><strong>Ana Temalar<\/strong><\/p>\n<ol>\n<li><strong>\u00dc\u00e7\u00fcnc\u00fc \u00d6n\u00e7\u00fcl: \u0130klim ve Fiziksel Yap\u0131 \u0130li\u015fkisi<\/strong><\/li>\n<\/ol>\n<p>\u0130bn Haldun\u2019a g\u00f6re iklim insan\u0131n fiziksel g\u00f6r\u00fcn\u00fcm\u00fcn\u00fc do\u011frudan etkiler. D\u00f6rd\u00fcnc\u00fc iklim ku\u015fa\u011f\u0131 mutedildir ve burada ya\u015fayanlar\u0131n hem fiziksel hem toplumsal yap\u0131lar\u0131 daha dengelidir. Zenci veya Slav halklar\u0131n\u0131n ten rengi gibi farkl\u0131l\u0131klar ise H\u00e2m\u2019\u0131n bedduas\u0131 gibi mitlerle de\u011fil, do\u011frudan g\u00fcne\u015f \u0131\u015f\u0131\u011f\u0131 ve iklimsel etkilerle a\u00e7\u0131klan\u0131r. Bu yakla\u015f\u0131m, d\u00f6nemin \u0131rk temelli a\u00e7\u0131klamalar\u0131na kar\u015f\u0131 ciddi bir ele\u015ftiridir.<\/p>\n<ol start=\"2\">\n<li><strong>D\u00f6rd\u00fcnc\u00fc \u00d6n\u00e7\u00fcl: \u0130klim ve Psikolojik-Mizaci Etkiler<\/strong><\/li>\n<\/ol>\n<p>Hararetin fazla oldu\u011fu b\u00f6lgelerde ya\u015fayanlar (\u00f6r. Sudanl\u0131lar) genellikle daha ne\u015feli, hafifme\u015frep ve aceleci olurken; so\u011fuk b\u00f6lgelerdeki insanlar daha h\u00fcz\u00fcnl\u00fc ve i\u00e7e d\u00f6n\u00fck \u00f6zellikler ta\u015f\u0131r. Bu farkl\u0131l\u0131klar\u0131n, hayvani ve nefsani ruhun iklimsel ko\u015fullarla nas\u0131l \u015fekillendi\u011fine dair klasik felsefe ve t\u0131p (\u00f6r. Galen, \u0130bn S\u00een\u00e2) referanslar\u0131yla a\u00e7\u0131klanmas\u0131 dikkat \u00e7ekicidir.<\/p>\n<ol start=\"3\">\n<li><strong>Be\u015finci \u00d6n\u00e7\u00fcl: Refah\u2013Yoksulluk ve Ahlak \u0130li\u015fkisi<\/strong><\/li>\n<\/ol>\n<p>\u0130bn Haldun\u2019a g\u00f6re a\u015f\u0131r\u0131 bolluk, bedenin ve zihnin gev\u015femesine, gaflet ve zay\u0131fl\u0131\u011fa neden olurken; k\u0131tl\u0131k ve sade ya\u015fam bedenleri ve karakterleri olgunla\u015ft\u0131r\u0131r. \u00d6zellikle Bedev\u00eeler daha sa\u011fl\u0131kl\u0131, zeki, ahlaki ve dini a\u00e7\u0131dan daha g\u00fc\u00e7l\u00fc bireylerdir. Bu yakla\u015f\u0131m, din\u00ee-ahlaki ya\u015famla ekonomik refah aras\u0131ndaki ters orant\u0131l\u0131 ili\u015fkiye dayan\u0131r.<\/p>\n<ol start=\"4\">\n<li><strong>Beslenme Al\u0131\u015fkanl\u0131klar\u0131n\u0131n Psikolojik ve Bedensel Etkisi<\/strong><\/li>\n<\/ol>\n<p>Yeme i\u00e7me bi\u00e7imi sadece fiziksel de\u011fil, ayn\u0131 zamanda zihinsel ve dini hayat\u0131 da etkiler. Terbiye edilmi\u015f g\u0131dalar\u0131n etkisiyle \u015fehir halk\u0131 daha k\u0131r\u0131lgan hale gelirken, sade ve sert g\u0131dalarla beslenen k\u0131rsal halk daha diren\u00e7li ve zihinsel olarak a\u00e7\u0131kt\u0131r. Bu g\u00f6r\u00fc\u015fler, klasik t\u0131bb\u0131n mizac teorileriyle uyumludur.<\/p>\n<ol start=\"5\">\n<li><strong>\u0130kinci Tabiat ve Al\u0131\u015fkanl\u0131klar\u0131n Rol\u00fc<\/strong><\/li>\n<\/ol>\n<p>\u0130nsanlar\u0131n do\u011fu\u015ftan gelen f\u0131tratlar\u0131 kadar, zamanla edindikleri al\u0131\u015fkanl\u0131klar (adetler, ikinci tabiat) da ki\u015filiklerini belirler. A\u00e7l\u0131\u011fa ya da k\u0131tl\u0131\u011fa al\u0131\u015fm\u0131\u015f bir birey daha diren\u00e7li olur. Bu d\u00fc\u015f\u00fcnce, \u0130bn Haldun\u2019un sosyolojik yakla\u015f\u0131m\u0131n\u0131 \u015fekillendiren temel ta\u015flardan biridir.<\/p>\n<p><strong>Sonu\u00e7<\/strong><\/p>\n<p>Bu seminer, \u0130bn Haldun\u2019un co\u011frafya, iklim, beslenme ve toplumsal yap\u0131 aras\u0131ndaki ili\u015fkileri nas\u0131l b\u00fct\u00fcnc\u00fcl ve nedensel bir sistemde ele ald\u0131\u011f\u0131n\u0131 g\u00f6sterir. Irksal mitleri reddeden, \u00e7evresel etkileri merkeze alan bu model, insan davran\u0131\u015f\u0131n\u0131 a\u00e7\u0131klamada d\u00f6neminin \u00f6tesine ge\u00e7er. \u00d6zellikle ahlak, zihin ve beden aras\u0131ndaki uyumun co\u011frafi ve sosyoekonomik ba\u011flamlarla nas\u0131l ili\u015fkilendirildi\u011fi, \u0130bn Haldun\u2019un tarihselci d\u00fc\u015f\u00fcnce sisteminin temelini olu\u015fturur.<\/p>\n<p>&nbsp;<\/p>\n<p>&nbsp;<\/p>\n<p><strong>Purpose and Content of the Seminar<\/strong><\/p>\n<p>This seminar focuses on the third, fourth, and fifth premises of Ibn Khald\u016bn\u2019s science of civilization (\u02bfilm al-\u02bfumr\u0101n), exploring the relationships between geography, physical appearance, temperament, and ethical character. Mehmet Akif Kayap\u0131nar explains how climate, economic conditions, and dietary habits shape human disposition, while distinguishing Ibn Khald\u016bn\u2019s position from racial determinism and placing it within the framework of environmental and sociological analysis.<\/p>\n<p><strong>Key Themes<\/strong><\/p>\n<ol>\n<li><strong>Third Premise: Climate and Physical Constitution<\/strong><\/li>\n<\/ol>\n<p>Ibn Khald\u016bn argues that climate directly influences human physical features. For instance, people living in temperate (fourth) climate zones exhibit bodily balance, while the dark skin of Africans or pale features of Slavs are attributed to solar exposure and environment\u2014not mythic or racial narratives like the curse of Ham. This stance marks a significant departure from the racialized explanations common in premodern discourse.<\/p>\n<ol start=\"2\">\n<li><strong>Fourth Premise: Climate and Temperament<\/strong><\/li>\n<\/ol>\n<p>Inhabitants of hot regions (e.g., Sudan) tend to be cheerful and impulsive, while those in cold climates are more melancholic and inward. These distinctions are explained through classical theories of temperament (e.g., Galen, Avicenna), showing how environmental conditions shape not only the body but also the soul\u2019s affective and behavioral tendencies.<\/p>\n<ol start=\"3\">\n<li><strong>Fifth Premise: Wealth, Poverty, and Moral Character<\/strong><\/li>\n<\/ol>\n<p>According to Ibn Khald\u016bn, excessive wealth leads to moral and physical decay, fostering laziness and forgetfulness. In contrast, scarcity cultivates strength, resilience, and piety. Bedouins, living austere lives, are seen as healthier, smarter, and more morally upright than their urban counterparts. Thus, Ibn Khald\u016bn suggests a reverse relationship between material abundance and ethical integrity.<\/p>\n<ol start=\"4\">\n<li><strong>Diet and Its Psychological Impact<\/strong><\/li>\n<\/ol>\n<p>Food is not only physical nourishment\u2014it also shapes psychological and spiritual character. Those who consume refined and luxurious foods become physically and morally fragile, whereas those who eat coarse, simple foods develop stronger constitutions and clearer minds. This idea reflects classical medical doctrines based on temperament theory.<\/p>\n<ol start=\"5\">\n<li><strong>Second Nature and Habitual Conditioning<\/strong><\/li>\n<\/ol>\n<p>Beyond innate disposition (fi\u1e6drah), Ibn Khald\u016bn emphasizes the power of second nature\u2014the acquired traits formed through habitual experience. People accustomed to deprivation, for instance, develop greater endurance. This reflects a sociological vision where environment and habit are primary forces in shaping human character.<\/p>\n<p><strong>Conclusion<\/strong><\/p>\n<p>This seminar highlights how Ibn Khald\u016bn integrates geography, climate, diet, and socioeconomic conditions into a unified explanatory model of human behavior and social structure. Rejecting racial myths in favor of environmental causality, he constructs a dynamic framework that anticipates modern sociological thought. His analysis of the interplay between mind, body, ethics, and material conditions forms a key foundation for his broader theory of civilizational development.<\/p>\n","protected":false},"excerpt":{"rendered":"<p>MEHMET AK\u0130F KAYAPINAR: \u0130BN HALDUN, MUKADD\u0130ME 10. SEM\u0130NER \u00d6ZET\u0130 Dersin [&hellip;]<\/p>\n","protected":false},"author":1,"featured_media":0,"parent":0,"menu_order":0,"comment_status":"closed","ping_status":"closed","template":"","meta":{"footnotes":""},"class_list":["post-6230","page","type-page","status-publish","hentry"],"jetpack_sharing_enabled":true,"_links":{"self":[{"href":"https:\/\/klasikdusunceokulu.com\/index.php\/wp-json\/wp\/v2\/pages\/6230","targetHints":{"allow":["GET"]}}],"collection":[{"href":"https:\/\/klasikdusunceokulu.com\/index.php\/wp-json\/wp\/v2\/pages"}],"about":[{"href":"https:\/\/klasikdusunceokulu.com\/index.php\/wp-json\/wp\/v2\/types\/page"}],"author":[{"embeddable":true,"href":"https:\/\/klasikdusunceokulu.com\/index.php\/wp-json\/wp\/v2\/users\/1"}],"replies":[{"embeddable":true,"href":"https:\/\/klasikdusunceokulu.com\/index.php\/wp-json\/wp\/v2\/comments?post=6230"}],"version-history":[{"count":1,"href":"https:\/\/klasikdusunceokulu.com\/index.php\/wp-json\/wp\/v2\/pages\/6230\/revisions"}],"predecessor-version":[{"id":6231,"href":"https:\/\/klasikdusunceokulu.com\/index.php\/wp-json\/wp\/v2\/pages\/6230\/revisions\/6231"}],"wp:attachment":[{"href":"https:\/\/klasikdusunceokulu.com\/index.php\/wp-json\/wp\/v2\/media?parent=6230"}],"curies":[{"name":"wp","href":"https:\/\/api.w.org\/{rel}","templated":true}]}}