{"id":6232,"date":"2025-06-21T13:45:42","date_gmt":"2025-06-21T10:45:42","guid":{"rendered":"https:\/\/klasikdusunceokulu.com\/?page_id=6232"},"modified":"2025-06-21T13:45:42","modified_gmt":"2025-06-21T10:45:42","slug":"mehmet-akif-kayapinar-ibn-haldun-mukaddime-11-seminer-ozeti","status":"publish","type":"page","link":"https:\/\/klasikdusunceokulu.com\/index.php\/mehmet-akif-kayapinar-ibn-haldun-mukaddime-11-seminer-ozeti\/","title":{"rendered":"MEHMET AK\u0130F KAYAPINAR: \u0130BN HALDUN, MUKADD\u0130ME 11. SEM\u0130NER \u00d6ZET\u0130"},"content":{"rendered":"<p><span style=\"color: #000000;\"><strong>MEHMET AK\u0130F KAYAPINAR: \u0130BN HALDUN, MUKADD\u0130ME 11. SEM\u0130NER \u00d6ZET\u0130<\/strong><\/span><\/p>\n<p><strong>Dersin Amac\u0131 ve \u0130\u00e7eri\u011fi<\/strong><\/p>\n<p>Bu seminer, \u0130bn Haldun\u2019un ilm\u00fc\u2019l-umr\u00e2n\u0131n alt\u0131nc\u0131 \u00f6nc\u00fcl\u00fcne odaklan\u0131r ve gayb\u00ee bilginin s\u0131n\u0131rlar\u0131, n\u00fcb\u00fcvvetin mahiyeti, mucize, keramet ve filozoflar\u0131n iddialar\u0131 ba\u011flam\u0131nda bilgi kuram\u0131 tart\u0131\u015f\u0131l\u0131r. Mehmet Akif Kayap\u0131nar, bu b\u00f6l\u00fcm\u00fcn y\u00f6ntemsel anlam\u0131n\u0131 vurgulayarak \u0130bn Haldun\u2019un metafizik bilgiye dair \u00e7izdi\u011fi s\u0131n\u0131rlar\u0131, n\u00fcb\u00fcvvetin epistemolojik temelleriyle birlikte a\u00e7\u0131klar.<\/p>\n<p><strong>Ana Temalar<\/strong><\/p>\n<ol>\n<li><strong>Alt\u0131nc\u0131 \u00d6nc\u00fcl\u00fcn Ba\u011flam\u0131 ve Gerek\u00e7esi<\/strong><\/li>\n<\/ol>\n<p>\u0130lk be\u015f \u00f6nc\u00fcl toplumun olu\u015fumu, iklimin fiziksel ve ahlaki etkileri, refah ve yoksullu\u011fun tesiri gibi umranla do\u011frudan ili\u015fkiliyken, alt\u0131nc\u0131 \u00f6nc\u00fcl gayb bilgisiyle ilgilidir. Bu durum ele\u015ftirilmi\u015f olsa da \u0130bn Haldun bu ba\u015fl\u0131\u011f\u0131 hem toplumsal ihtiya\u00e7 hem de yayg\u0131n inan\u00e7lar ba\u011flam\u0131nda savunur.<\/p>\n<ol start=\"2\">\n<li><strong>N\u00fcb\u00fcvvetin Bilgi Kuramsal Temeli<\/strong><\/li>\n<\/ol>\n<p>N\u00fcb\u00fcvvetin kayna\u011f\u0131n\u0131n yaln\u0131zca Allah oldu\u011fu, peygamberlerin gayb\u0131 Allah\u2019\u0131n bildirmesiyle \u00f6\u011frendi\u011fi ve bu bilginin do\u011frulu\u011funun zaruri oldu\u011fu vurgulan\u0131r. Vahyin nas\u0131l geldi\u011fi, peygamberin ald\u0131\u011f\u0131 ruhi haller ve bu bilgilerin nas\u0131l \u00f6\u011frenildi\u011fi detayland\u0131r\u0131l\u0131r.<\/p>\n<ol start=\"3\">\n<li><strong>Peygamberlik Alametleri<\/strong><\/li>\n<\/ol>\n<p>Vahiy alma, y\u00fcksek ahlak, insanlar\u0131 do\u011frulu\u011fa davet etme, asalet ve sosyal itibara sahip olma, mucize g\u00f6sterebilme gibi alametler n\u00fcb\u00fcvvetin do\u011frulu\u011funun delilleri olarak sunulur. Heraklius-Ebu S\u00fcfyan diyalo\u011fu gibi rivayetlerle bu \u00f6zellikler temellendirilir.<\/p>\n<ol start=\"4\">\n<li><strong>Mucize, Keramet ve Sihir Ayr\u0131mlar\u0131<\/strong><\/li>\n<\/ol>\n<p>Mucize, peygamberin do\u011frulu\u011funu ispat eden ve Allah\u2019\u0131n kudretiyle meydana gelen ola\u011fan\u00fcst\u00fc hadiselerdir. Keramet velilere mahsustur, tahaddi (meydan okuma) i\u00e7ermez. Filozoflar mucizeyi peygamberin do\u011fal yetisi olarak g\u00f6r\u00fcrken, kelamc\u0131lar bunun sadece Allah\u2019a nispet edilebilece\u011fini savunur.<\/p>\n<ol start=\"5\">\n<li><strong>Filozoflar\u0131n Yakla\u015f\u0131m\u0131 ve \u0130bn Haldun\u2019un Tavr\u0131<\/strong><\/li>\n<\/ol>\n<p>Filozoflara g\u00f6re mucize peygamberin mizac\u0131ndan kaynaklan\u0131r; do\u011frudan onun fiilidir. \u0130bn Haldun ise bu g\u00f6r\u00fc\u015fe k\u0131smen yak\u0131n olmakla birlikte metafizik alana dair iddialar\u0131n s\u0131n\u0131rland\u0131r\u0131lmas\u0131 gerekti\u011fini savunur ve y\u00f6nteme dair temkinli bir tutum sergiler.<\/p>\n<ol start=\"6\">\n<li><strong>Kur\u2019an\u2019\u0131n Mucizevi Konumu<\/strong><\/li>\n<\/ol>\n<p>Kur\u2019an, Hz. Peygamber\u2019in en b\u00fcy\u00fck mucizesidir. Hem delil hem de dava konusu olan bu metin, bizzat mucizenin kendisidir. Vahyi metluv (laf\u0131zl\u0131 vahiy) olarak telakki edilmesi ve kelime kelime korunmas\u0131 y\u00f6n\u00fcyle di\u011fer kutsal kitaplardan ayr\u0131l\u0131r.<\/p>\n<ol start=\"7\">\n<li><strong>Kozmolojik Tertip ve N\u00fcb\u00fcvvet Ba\u011flant\u0131s\u0131<\/strong><\/li>\n<\/ol>\n<p>Klasik kozmoloji (Aristo, Batlamyus, Farabi, \u0130bn Sina) \u00fczerinden ayalt\u0131 ve ay\u00fcst\u00fc \u00e2lem ili\u015fkisi \u00e7izilir. N\u00fcb\u00fcvvetin bu tertip i\u00e7erisinde nas\u0131l m\u00fcmk\u00fcn oldu\u011fu, melekut \u00e2lemiyle nas\u0131l bir ittisal kurdu\u011fu a\u00e7\u0131klan\u0131r.<\/p>\n<p><strong>Sonu\u00e7<\/strong><\/p>\n<p>Bu seminer, \u0130bn Haldun\u2019un epistemolojik s\u0131n\u0131rlar\u0131 nas\u0131l \u00e7izdi\u011fini ve gayb\u00ee bilginin yaln\u0131zca n\u00fcb\u00fcvvetle m\u00fcmk\u00fcn oldu\u011funu ortaya koyar. N\u00fcb\u00fcvvetin insanl\u0131k tarihinde \u00fcstlendi\u011fi bilgi-arac\u0131l\u0131k rol\u00fc, Kur\u2019an\u2019\u0131n merkezi konumu ve kozmik tertip \u00e7er\u00e7evesinde sistematik olarak de\u011ferlendirilir. \u0130bn Haldun\u2019un y\u00f6nteme dayal\u0131 yakla\u015f\u0131m\u0131, felsefe ve kelam aras\u0131nda \u00f6zg\u00fcn bir duru\u015f sergiler.<\/p>\n<p>&nbsp;<\/p>\n<p><strong>Purpose and Content of the Seminar<\/strong><\/p>\n<p>This seminar addresses the sixth premise of Ibn Khald\u016bn\u2019s \u02bfIlm al-\u02bfUmr\u0101n (Science of Civilization), shifting focus from the sociopolitical and economic principles of human society to metaphysical knowledge. Mehmet Akif Kayap\u0131nar explores the epistemological and theological foundations of prophecy, the boundaries of unseen (ghayb) knowledge, and the differentiation between miracle, kar\u0101ma (saintly miracle), and magical acts. The seminar also contextualizes Ibn Khald\u016bn\u2019s views in relation to philosophical and kal\u0101m traditions.<\/p>\n<p><strong>Key Themes<\/strong><\/p>\n<ol>\n<li><strong>Justifying the Sixth Premise<\/strong><\/li>\n<\/ol>\n<p>Unlike the first five premises\u2014rooted in climate, poverty, wealth, and sociopolitical order\u2014the sixth premise addresses metaphysical knowledge. Though seemingly disconnected from social theory, Ibn Khald\u016bn defends its inclusion due to the prevalence of metaphysical claims and society\u2019s need to discern legitimate sources of knowledge.<\/p>\n<ol start=\"2\">\n<li><strong>Epistemological Basis of Prophethood<\/strong><\/li>\n<\/ol>\n<p>Prophetic knowledge, according to Ibn Khald\u016bn, originates solely from God, delivered to prophets through revelation. This knowledge is not acquired but divinely granted and carries absolute certainty. The seminar outlines the spiritual states and inner experiences through which revelation is received.<\/p>\n<ol start=\"3\">\n<li><strong>Signs and Indicators of Prophethood<\/strong><\/li>\n<\/ol>\n<p>Ibn Khald\u016bn lists key indicators: receiving revelation, moral excellence, social influence, noble lineage, and the ability to perform miracles. These are presented not only as theological doctrines but as socially observable patterns, as illustrated by historical accounts such as the Heraclius\u2013Ab\u016b Sufy\u0101n dialogue.<\/p>\n<ol start=\"4\">\n<li><strong>Distinctions between Miracle, Kar\u0101ma, and Magic<\/strong><\/li>\n<\/ol>\n<p>A miracle (mu\u02bfjiza) is an extraordinary act that validates a prophet\u2019s truth. A kar\u0101ma is a supernatural occurrence attributed to a saint but lacks the challenge component (ta\u1e25add\u012b). Philosophers, however, regard miracles as emanating from the prophet\u2019s natural disposition, while theologians assert that only God performs miracles through prophets.<\/p>\n<ol start=\"5\">\n<li><strong>Ibn Khald\u016bn\u2019s Position on Philosophical Views<\/strong><\/li>\n<\/ol>\n<p>While acknowledging some philosophical explanations, Ibn Khald\u016bn critiques the idea that miracles arise from human temperament. He emphasizes that metaphysical claims must remain within methodological limits, avoiding speculative overreach.<\/p>\n<ol start=\"6\">\n<li><strong>The Qur\u2019an as the Greatest Miracle<\/strong><\/li>\n<\/ol>\n<p>For Ibn Khald\u016bn, the Qur\u2019an is both the proof and the subject of the prophetic claim. As a revealed, verbally preserved text, it surpasses other scriptures and serves as the central miracle of Islam. Its linguistic and structural inimitability underscores its divine origin.<\/p>\n<ol start=\"7\">\n<li><strong>Cosmology and the Possibility of Prophethood<\/strong><\/li>\n<\/ol>\n<p>Using Aristotelian and Ptolemaic cosmology, Ibn Khald\u016bn explains the hierarchical structure of the universe\u2014sublunar and supralunar realms\u2014and how prophecy constitutes a unique connection to the spiritual world. He situates prophecy within this framework as a metaphysical bridge.<\/p>\n<p><strong>Conclusion<\/strong><\/p>\n<p>This seminar articulates how Ibn Khald\u016bn defines the boundaries of legitimate metaphysical knowledge. Prophethood is positioned as the only epistemologically sound access to the unseen, grounded in divine will and rational verification. Ibn Khald\u016bn\u2019s integration of philosophical reasoning with theological restraint offers a unique synthesis of kal\u0101m and metaphysical realism, forming a methodologically coherent foundation for his science of civilization.<\/p>\n<p>&nbsp;<\/p>\n","protected":false},"excerpt":{"rendered":"<p>MEHMET AK\u0130F KAYAPINAR: \u0130BN HALDUN, MUKADD\u0130ME 11. SEM\u0130NER \u00d6ZET\u0130 Dersin [&hellip;]<\/p>\n","protected":false},"author":1,"featured_media":0,"parent":0,"menu_order":0,"comment_status":"closed","ping_status":"closed","template":"","meta":{"footnotes":""},"class_list":["post-6232","page","type-page","status-publish","hentry"],"jetpack_sharing_enabled":true,"_links":{"self":[{"href":"https:\/\/klasikdusunceokulu.com\/index.php\/wp-json\/wp\/v2\/pages\/6232","targetHints":{"allow":["GET"]}}],"collection":[{"href":"https:\/\/klasikdusunceokulu.com\/index.php\/wp-json\/wp\/v2\/pages"}],"about":[{"href":"https:\/\/klasikdusunceokulu.com\/index.php\/wp-json\/wp\/v2\/types\/page"}],"author":[{"embeddable":true,"href":"https:\/\/klasikdusunceokulu.com\/index.php\/wp-json\/wp\/v2\/users\/1"}],"replies":[{"embeddable":true,"href":"https:\/\/klasikdusunceokulu.com\/index.php\/wp-json\/wp\/v2\/comments?post=6232"}],"version-history":[{"count":1,"href":"https:\/\/klasikdusunceokulu.com\/index.php\/wp-json\/wp\/v2\/pages\/6232\/revisions"}],"predecessor-version":[{"id":6233,"href":"https:\/\/klasikdusunceokulu.com\/index.php\/wp-json\/wp\/v2\/pages\/6232\/revisions\/6233"}],"wp:attachment":[{"href":"https:\/\/klasikdusunceokulu.com\/index.php\/wp-json\/wp\/v2\/media?parent=6232"}],"curies":[{"name":"wp","href":"https:\/\/api.w.org\/{rel}","templated":true}]}}