{"id":6234,"date":"2025-06-21T13:50:59","date_gmt":"2025-06-21T10:50:59","guid":{"rendered":"https:\/\/klasikdusunceokulu.com\/?page_id=6234"},"modified":"2025-06-21T13:50:59","modified_gmt":"2025-06-21T10:50:59","slug":"mehmet-akif-kayapinar-ibn-haldun-mukaddime-12-seminer-ozeti","status":"publish","type":"page","link":"https:\/\/klasikdusunceokulu.com\/index.php\/mehmet-akif-kayapinar-ibn-haldun-mukaddime-12-seminer-ozeti\/","title":{"rendered":"MEHMET AK\u0130F KAYAPINAR: \u0130BN HALDUN, MUKADD\u0130ME 12. SEM\u0130NER \u00d6ZET\u0130"},"content":{"rendered":"<p><span style=\"color: #000000;\"><strong>MEHMET AK\u0130F KAYAPINAR: \u0130BN HALDUN, MUKADD\u0130ME 12. SEM\u0130NER \u00d6ZET\u0130<\/strong><\/span><\/p>\n<p><span style=\"color: #000000;\"><strong>Dersin Amac\u0131 ve \u0130\u00e7eri\u011fi<\/strong><\/span><\/p>\n<p><span style=\"color: #000000;\">Bu seminer, \u0130bn Haldun\u2019un ilm\u00fc\u2019l-umr\u00e2n teorisinin alt\u0131nc\u0131 ilkesine odaklanarak onun metafizik ve epistemolojik \u00e7er\u00e7evesini inceler. Mehmet Akif Kayap\u0131nar, \u00f6zellikle gayb\u00ee bilgi, n\u00fcb\u00fcvvet, r\u00fcya, ke\u015ff, keramet ve kehanet gibi konular \u00fczerinden \u0130bn Haldun\u2019un bilgi kuram\u0131 ve varl\u0131k anlay\u0131\u015f\u0131n\u0131 tart\u0131\u015f\u0131r. Seminerin amac\u0131, insan\u0131n gayb \u00e2lemiyle ili\u015fkisinin s\u0131n\u0131rlar\u0131n\u0131 belirlemek ve bu s\u0131n\u0131rlaman\u0131n y\u00f6ntemsel gerek\u00e7elerini ortaya koymakt\u0131r.<\/span><\/p>\n<p><span style=\"color: #000000;\"><strong>Ana Temalar<\/strong><\/span><\/p>\n<ol>\n<li><span style=\"color: #000000;\"><strong>\u00dc\u00e7 \u00c2lem Tasnifi ve Ontolojik Hiyerar\u015fi<\/strong><\/span><\/li>\n<\/ol>\n<p><span style=\"color: #000000;\">\u0130bn Haldun\u2019a g\u00f6re varl\u0131k \u00fc\u00e7 \u00e2lemden olu\u015fur: hiss\u00ee \u00e2lem (duyularla kavranan), nefs \u00e2lemi (zihinsel-idrak\u00ee), ve gayb \u00e2lemi (melek\u00fbt). Gayb \u00e2lemine dair bilgi, yaln\u0131zca sad\u0131k r\u00fcya ve vahiyle elde edilebilir. Bu tasnif, insan\u0131n bilgi s\u0131n\u0131rlar\u0131n\u0131 metafizik bir zeminle belirler.<\/span><\/p>\n<ol start=\"2\">\n<li><span style=\"color: #000000;\"><strong>N\u00fcb\u00fcvvetin Akli ve F\u0131tr\u00ee Temeli<\/strong><\/span><\/li>\n<\/ol>\n<p><span style=\"color: #000000;\">\u0130bn Haldun, peygamberlik yetisinin, Allah taraf\u0131ndan verilen \u00f6zel bir f\u0131trat oldu\u011funu savunur. Bitki-hayvan-insan zincirindeki ge\u00e7i\u015flilik \u00fczerinden n\u00fcb\u00fcvvetin felsefi temellerini kurar. N\u00fcb\u00fcvvet, do\u011frudan gayb \u00e2lemine ittisali m\u00fcmk\u00fcn k\u0131lan istisnai bir idrak yetisidir.<\/span><\/p>\n<ol start=\"3\">\n<li><span style=\"color: #000000;\"><strong>R\u00fcya, Ke\u015ff ve Keramet Aras\u0131ndaki Ayr\u0131mlar<\/strong><\/span><\/li>\n<\/ol>\n<p><span style=\"color: #000000;\">Sad\u0131k r\u00fcya, n\u00fcb\u00fcvvetin c\u00fczlerinden biri olarak g\u00f6r\u00fcl\u00fcrken, ke\u015ff ve keramet, \u00f6zellikle s\u00fbf\u00ee tecr\u00fcbeye dayal\u0131 gayb\u00ee bilgilerdir. Bunlar hakiki bilgiye de\u011fil, sezgiye dayal\u0131, \u00e7o\u011fu zaman dolayl\u0131 ve sembolik anlamlar ta\u015f\u0131yan verilerdir. Bunlar \u00fczerinden kesin bilgi \u00fcretilemez.<\/span><\/p>\n<ol start=\"4\">\n<li><span style=\"color: #000000;\"><strong>Kehanet ve Sihir: Y\u00f6ntemsel Reddiyeler<\/strong><\/span><\/li>\n<\/ol>\n<p><span style=\"color: #000000;\">\u0130bn Haldun, kahinlerin, sihirbazlar\u0131n ve gayb\u00ee iddiada bulunan riyazet ehlinin bilgilerini metodolojik olarak reddeder. Bu yollar bazen do\u011fru sonu\u00e7lara ula\u015fsa da, sistematik, g\u00fcvenilir ve burh\u00e2n\u00ee bilgi \u00fcretimi a\u00e7\u0131s\u0131ndan ge\u00e7ersiz kabul edilir.<\/span><\/p>\n<ol start=\"5\">\n<li><span style=\"color: #000000;\"><strong>S\u00fbf\u00eeli\u011fin Gayb\u00ee Tecr\u00fcbeye Yakla\u015f\u0131m\u0131<\/strong><\/span><\/li>\n<\/ol>\n<p><span style=\"color: #000000;\">S\u00fbf\u00eeler keramet gibi ola\u011fan\u00fcst\u00fcl\u00fckleri ama\u00e7lamaz, as\u0131l hedefleri Allah\u2019a y\u00f6nelmektir. Keramet, bu y\u00f6neli\u015fin yan \u00fcr\u00fcn\u00fc olarak g\u00f6r\u00fcl\u00fcr. Bu durum, s\u00fbf\u00eeleri di\u011fer gayb\u00ee iddia sahiplerinden ay\u0131r\u0131r ve niyet temelli bir yakla\u015f\u0131m sunar.<\/span><\/p>\n<ol start=\"6\">\n<li><span style=\"color: #000000;\"><strong>Buhl\u00fcl ve Delilik Ayr\u0131m\u0131<\/strong><\/span><\/li>\n<\/ol>\n<p><span style=\"color: #000000;\">\u0130bn Haldun, ak\u0131l melekesi yerinde olmayan baz\u0131 ki\u015filerin (buhl\u00fcller) gayb\u00ee bilgiye ula\u015fabilece\u011fini ancak bu bilginin f\u0131tr\u00ee ve istisnai oldu\u011funu savunur. Delilik ise bu s\u0131n\u0131fa girmez; \u00e7\u00fcnk\u00fc delilikte nefsin temel idrak yetisi kaybolmu\u015ftur.<\/span><\/p>\n<p><span style=\"color: #000000;\"><strong>Sonu\u00e7<\/strong><\/span><\/p>\n<p><span style=\"color: #000000;\">Bu seminer, \u0130bn Haldun\u2019un gayb \u00e2lemine dair bilgi anlay\u0131\u015f\u0131n\u0131 sistematik bi\u00e7imde ortaya koyar. Vahiy d\u0131\u015f\u0131nda kalan gayb\u00ee iddia yollar\u0131 temkinle de\u011ferlendirilir ve ilm\u00fc\u2019l-umr\u00e2n\u2019\u0131n s\u0131n\u0131rlar\u0131 belirlenir. B\u00f6ylece \u0130bn Haldun, bilgi teorisinde hem rasyonel hem de metafizik temellerle \u00f6r\u00fcl\u00fc bir \u00e7er\u00e7eve kurar. Bu yakla\u015f\u0131m, hem din\u00ee tecr\u00fcbenin anlamland\u0131r\u0131lmas\u0131nda hem de tarihsel bilgi \u00fcretiminde \u00f6zg\u00fcn bir metodoloji sunar.<\/span><\/p>\n<p>&nbsp;<\/p>\n<p><span style=\"color: #000000;\"><strong>Purpose and Content of the Seminar<\/strong><\/span><\/p>\n<p><span style=\"color: #000000;\">This seminar marks the transition from the introductory chapters of Ibn Khald\u016bn\u2019s Muqaddima to its first main section. Mehmet Akif Kayap\u0131nar explores Ibn Khald\u016bn\u2019s foundational concept of \u02bfumr\u0101n (civilization), its bifurcation into Bedouin and urban forms, and the inherent social nature of human beings. The session situates these ideas within both classical and modern contexts, highlighting Ibn Khald\u016bn\u2019s unique contributions to the philosophy of society and state.<\/span><\/p>\n<p><span style=\"color: #000000;\"><strong>Key Themes<\/strong><\/span><\/p>\n<ol>\n<li><span style=\"color: #000000;\"><strong>Definition and Stages of <\/strong><strong>\u02bf<\/strong><strong>Umr<\/strong><strong>\u0101<\/strong><strong>n<\/strong><\/span><\/li>\n<\/ol>\n<p><span style=\"color: #000000;\">Ibn Khald\u016bn divides \u02bfumr\u0101n into two stages: Bedouin (badaw\u012b) and urban (\u1e25a\u1e0dar\u012b) civilization. These represent necessary and successive phases in the evolution of human society, distinguished by their modes of production, organization, and cultural development.<\/span><\/p>\n<ol start=\"2\">\n<li><span style=\"color: #000000;\"><strong>Scientific Status and Disciplinary Structure of <\/strong><strong>\u02bf<\/strong><strong>Ilm al-<\/strong><strong>\u02bf<\/strong><strong>Umr<\/strong><strong>\u0101<\/strong><strong>n<\/strong><\/span><\/li>\n<\/ol>\n<p><span style=\"color: #000000;\">Ibn Khald\u016bn critiques history based solely on transmitted reports and proposes \u02bfilm al-\u02bfumr\u0101n as a new science grounded in rational analysis. This discipline has its own subject matter (society), principles (social laws), and purpose (discerning truth in historical narratives), framed within a logical and systematic structure.<\/span><\/p>\n<ol start=\"3\">\n<li><span style=\"color: #000000;\"><strong>Human Nature and the Necessity of Social Life<\/strong><\/span><\/li>\n<\/ol>\n<p><span style=\"color: #000000;\">Humans, by nature, cannot meet their basic needs\u2014like food and defense\u2014alone. Therefore, Ibn Khald\u016bn argues that social organization is not a moral preference but a biological necessity. This inherent deficiency compels humans to form communities and political structures.<\/span><\/p>\n<ol start=\"4\">\n<li><span style=\"color: #000000;\"><strong>Mulk and the Foundation of Political Authority<\/strong><\/span><\/li>\n<\/ol>\n<p><span style=\"color: #000000;\">Mulk refers to the political authority that ensures internal order by preventing aggression among people. Unlike modern conceptions of sovereignty, mulk is not a legal construct but an outcome of group solidarity (\u02bfa\u1e63abiyya), force, and social necessity. This notion is compared with modern theories of political legitimacy.<\/span><\/p>\n<ol start=\"5\">\n<li><span style=\"color: #000000;\"><strong>A Critical View on the Philosophers\u2019 Definition of Man<\/strong><\/span><\/li>\n<\/ol>\n<p><span style=\"color: #000000;\">Ibn Khald\u016bn engages with the classical view that \u201cman is naturally political\u201d (Aristotle) or \u201ccivil by nature\u201d (F\u0101r\u0101b\u012b). He reinterprets these claims, arguing that human socialization arises not from a pursuit of virtue but from the need for subsistence and survival.<\/span><\/p>\n<ol start=\"6\">\n<li><span style=\"color: #000000;\"><strong>Reason and Human Distinctiveness<\/strong><\/span><\/li>\n<\/ol>\n<p><span style=\"color: #000000;\">While Ibn Khald\u016bn affirms that intellect is what sets humans apart, he sees its primary function not as the pursuit of ethical ideals but as the means to secure material life. This pragmatic stance marks a departure from the idealist moral frameworks of classical philosophy.<\/span><\/p>\n<p><span style=\"color: #000000;\"><strong>Conclusion<\/strong><\/span><\/p>\n<p><span style=\"color: #000000;\">This seminar solidifies the conceptual and structural framework of the Muqaddima. Ibn Khald\u016bn\u2019s use of \u02bfumr\u0101n as a tool to analyze the formation of society and state offers both a critique of traditional metaphysical models and an alternative to modern theories of political and social organization. His rational, necessity-based view of human society lays the foundation for a science of civilization that remains strikingly original and enduringly relevant.<\/span><\/p>\n","protected":false},"excerpt":{"rendered":"<p>MEHMET AK\u0130F KAYAPINAR: \u0130BN HALDUN, MUKADD\u0130ME 12. SEM\u0130NER \u00d6ZET\u0130 Dersin [&hellip;]<\/p>\n","protected":false},"author":1,"featured_media":0,"parent":0,"menu_order":0,"comment_status":"closed","ping_status":"closed","template":"","meta":{"footnotes":""},"class_list":["post-6234","page","type-page","status-publish","hentry"],"jetpack_sharing_enabled":true,"_links":{"self":[{"href":"https:\/\/klasikdusunceokulu.com\/index.php\/wp-json\/wp\/v2\/pages\/6234","targetHints":{"allow":["GET"]}}],"collection":[{"href":"https:\/\/klasikdusunceokulu.com\/index.php\/wp-json\/wp\/v2\/pages"}],"about":[{"href":"https:\/\/klasikdusunceokulu.com\/index.php\/wp-json\/wp\/v2\/types\/page"}],"author":[{"embeddable":true,"href":"https:\/\/klasikdusunceokulu.com\/index.php\/wp-json\/wp\/v2\/users\/1"}],"replies":[{"embeddable":true,"href":"https:\/\/klasikdusunceokulu.com\/index.php\/wp-json\/wp\/v2\/comments?post=6234"}],"version-history":[{"count":1,"href":"https:\/\/klasikdusunceokulu.com\/index.php\/wp-json\/wp\/v2\/pages\/6234\/revisions"}],"predecessor-version":[{"id":6235,"href":"https:\/\/klasikdusunceokulu.com\/index.php\/wp-json\/wp\/v2\/pages\/6234\/revisions\/6235"}],"wp:attachment":[{"href":"https:\/\/klasikdusunceokulu.com\/index.php\/wp-json\/wp\/v2\/media?parent=6234"}],"curies":[{"name":"wp","href":"https:\/\/api.w.org\/{rel}","templated":true}]}}